{"id":815,"date":"2015-12-23T05:21:17","date_gmt":"2015-12-23T03:21:17","guid":{"rendered":"https:\/\/jesus-is-muslim.net\/fr\/?page_id=815"},"modified":"2017-12-27T22:14:58","modified_gmt":"2017-12-27T20:14:58","slug":"a-jesus-vraiment-dit-il-soit-dieu","status":"publish","type":"page","link":"https:\/\/jesus-is-muslim.net\/fr\/accueil\/jesus\/a-jesus-vraiment-dit-il-soit-dieu\/","title":{"rendered":"A-J\u00e9sus Vraiment Dit qu\u2019il est Dieu?"},"content":{"rendered":"<style>\n#toc {background: #f9f9f9 none repeat scroll 0 0;\n    border: 1px solid #aaa;\n    font-size: 95%;\n    display: table;\n    margin-bottom: 1em;\n    padding: 10px;\n    width: auto;}\n.toc_title {font-size:20px; text-align:center;}<\/style>\n<p>J\u00e9sus n\u2019a jamais dit \u00abJe suis Dieu\u00bb ou \u00abJe suis la 2e personne dans la trinit\u00e9\u00bb ou \u00abJe suis un humain et Dieu\u00bb, mais comme montr\u00e9 auparavant, <a href=\"https:\/\/jesus-is-muslim.net\/fr\/index.php\/jesus-dit-je-ne-suis-pas-dieu\/\">J\u00e9sus a clairement dit qu\u2019il n&rsquo;est pas Dieu<\/a>. Les Chr\u00e9tiens disent que J\u00e9sus a d\u00e9clar\u00e9 sa divinit\u00e9 dans beaucoup des versets. En fait, J\u00e9sus n\u2019a jamais dit qu\u2019il est Dieu explicitement, mais ces versets \u00e9taient des conclusions faites par les Chr\u00e9tiens. En examinant ces versets, on trouve que J\u00e9sus ne veut pas dire qu\u2019il est Dieu. Dans cet article, on examinera les citations de J\u00e9sus seulement car personne ne conna\u00eet J\u00e9sus plus que J\u00e9sus lui-m\u00eame, et si J\u00e9sus lui- m\u00eame dit pas qu\u2019il est Dieu, pourquoi accepter les comptes des autres personnes?<\/p>\n<div id=\"toc\">\n<p class=\"toc_title\"> <strong>Sommaire:<\/strong><\/p>\n<ol>\n<li><a href=\"#h1\">Jean 8:58 Avant qu\u2019Abraham fut, je suis<\/a><\/li>\n<li><a href=\"#h2\">Jean 10:30 Moi et le P\u00e8re nous sommes un<\/a><\/li>\n<li><a href=\"#h3\">Jean 10:38 le P\u00e8re est en moi et je suis dans le P\u00e8re<\/a><\/li>\n<li><a href=\"#h4\">Jean 14:9 Celui qui m\u2019a vu a vu le P\u00e8re<\/a><\/li>\n<li><a href=\"#h5\">La Parole \u00e9tait Dieu<\/a><\/li>\n<li><a href=\"#h6\">J\u00e9sus est le chemin, la v\u00e9rit\u00e9 et la vie<\/a><\/li>\n<li><a href=\"#h7\">J\u00e9sus Pardonne les P\u00e9ch\u00e9s<\/a><\/li>\n<li><a href=\"#h9\">Thomas appelle J\u00e9sus comme: \u00ab Mon Dieu et mon Seigneur \u00bb<\/a><\/li>\n<li><a href=\"#h8\">\u00c9sa\u00efe 9:6<\/a><\/li>\n<\/ol>\n<\/div>\n<p><a href=\"https:\/\/jesus-is-muslim.net\/wp-content\/uploads\/2015\/12\/Les-Chretiens-suivent-les-enseignments-de-Jesus-ou-ceux-de-leglise.png\" rel=\"attachment wp-att-1438\"><img loading=\"lazy\" decoding=\"async\" class=\"alignnone size-full wp-image-1438\" src=\"https:\/\/jesus-is-muslim.net\/wp-content\/uploads\/2015\/12\/Les-Chretiens-suivent-les-enseignments-de-Jesus-ou-ceux-de-leglise.png\" alt=\"J\u00e9sus n'a jamais dit qu'il soit Dieu\" width=\"660\" height=\"330\" srcset=\"https:\/\/jesus-is-muslim.net\/wp-content\/uploads\/2015\/12\/Les-Chretiens-suivent-les-enseignments-de-Jesus-ou-ceux-de-leglise.png 660w, https:\/\/jesus-is-muslim.net\/wp-content\/uploads\/2015\/12\/Les-Chretiens-suivent-les-enseignments-de-Jesus-ou-ceux-de-leglise-300x150.png 300w\" sizes=\"auto, (max-width: 660px) 100vw, 660px\" \/><\/a><\/p>\n<h3 id=\"h1\">Jean 8:58 Avant qu\u2019Abraham fut, je suis<\/h3>\n<p>Les Chr\u00e9tiens citent ce verset pour prouver deux choses. La premi\u00e8re chose c&rsquo;est que J\u00e9sus est \u00e9ternel. \u00a0En fait, ce n\u2019est pas une preuve que J\u00e9sus est \u00e9ternel, car il veut dire dans ce verset qu\u2019il \u00e9tait dans la pr\u00e9destination et dans le savoir de Dieu, comme montr\u00e9 dans autres versets dans la Bible concernant J\u00e9r\u00e9mie et Paul:<\/p>\n<blockquote><p><em>J\u00e9r\u00e9mie 1:5 Avant que je t\u2019eusse form\u00e9 dans le ventre de ta m\u00e8re, je te connaissais, et avant que tu fusses sorti de son sein, je t\u2019avais consacr\u00e9, je t\u2019avais \u00e9tabli proph\u00e8te des nations.<\/em><br \/>\n<em>Eph\u00e8se 1:4 En lui Dieu nous a \u00e9lus avant la fondation du monde, pour que nous soyons saints et irr\u00e9pr\u00e9hensibles devant lui,<\/em><\/p><\/blockquote>\n<p>De plus, le contexte de ce verset prouve que J\u00e9sus parlait sur lui dans la pr\u00e9destination de Dieu, non qu\u2019il \u00e9tait pr\u00e9sent r\u00e9ellement au temps d\u2019Abraham car il dit en verset 56 qu\u2019Abraham a r\u00e9joui en voyant le jour de J\u00e9sus non en voyant J\u00e9sus lui-m\u00eame. \u00c7a signifie qu\u2019Abraham a r\u00e9joui lorsqu\u2019il a su que J\u00e9sus sera envoy\u00e9 par Dieu apr\u00e8s milliers des ann\u00e9es.<\/p>\n<p>La deuxi\u00e8me chose c&rsquo;est ce que J\u00e9sus dit \u00abje suis\u00bb qui veut dire \u00abJ\u00e9hovah\u00bb .En fait, ce mot \u00ab\u00a0je suis\u00a0\u00bb ne signifie pas Dieu, dans la Bible en Grec c&rsquo;est \u00ab\u00a0ego Eimi\u00a0\u00bb, il y avait des autres personnes dans la Bible qui \u00e9taient appel\u00e9s \u00ab\u00a0ego Eimi\u00a0\u00bb comme le mendiant en Jean 9: 9:<\/p>\n<blockquote><p><em>Jean 9:9 Les uns disaient: C\u2019est lui. D\u2019autres disaient: Non, mais il lui ressemble. Et lui-m\u00eame disait: C\u2019est moi.<\/em><\/p><\/blockquote>\n<div>Ce mot \u00ab\u00a0C\u2019est moi\u00a0\u00bb en grec est \u00ab\u00a0ego eimi\u00a0\u00bb ainsi que \u00ab\u00a0je suis\u00a0\u00bb dit par J\u00e9sus, bien s\u00fbr le mendiant n\u2019est pas Dieu en disant \u00ab\u00a0ego eimi\u00a0\u00bb. Quant \u00e0 le verset en Exode 3:14 o\u00f9 Dieu a dit \u00ab\u00a0je suis celui qui suis\u00a0\u00bb, ce n\u2019est pas le m\u00eame que ce que J\u00e9sus a dit en Jean 8:58. Ce verset fut utilis\u00e9 en H\u00e9breu et il fut traduit en Grecque Septante (une traduction Grecque de l\u2019Ancien Testament datant du 4e si\u00e8cle) comme \u00ab\u00a0ego eimi ho on\u00a0\u00bb, c\u2019est-\u00e0-dire \u00ab\u00a0Je suis l\u2019un \u00e9tant\u00a0\u00bb. J\u00e9sus ne l\u2019a pas dit dans cette mani\u00e8re. J\u00e9sus juste voulait dire \u00ab\u00a0Je suis le Messie\u00a0\u00bb comme il a dit en Jean 4:<\/div>\n<blockquote><p><em>25 La femme lui dit: Je sais que le Messie doit venir (celui qu\u2019on appelle Christ); quand il sera venu, il nous annoncera toutes choses.\u00a0<\/em><em>26 J\u00e9sus lui dit: Je le suis, moi qui te parle.<\/em><\/p><\/blockquote>\n<h3 id=\"h2\">Jean 10:30 Moi et le P\u00e8re nous sommes un<\/h3>\n<p>J\u00e9sus ne veut pas dire ici que lui et le P\u00e8re sont un corps, mais ils sont un concernant le but et concernant le fait que la croyance en J\u00e9sus comme un proph\u00e8te envoy\u00e9 par Dieu est n\u00e9cessaire car c&rsquo;est une partie essentielle de la foi en Dieu. J\u00e9sus a dit en Jean 17:22 que les disciples seront un comme J\u00e9sus et le P\u00e8re sont un. Cela signifie que J\u00e9sus signifie l\u2019unit\u00e9 de but non qu\u2019ils sont un corps car les disciples ne sont pas un corps mais ils ont le m\u00eame but.<\/p>\n<p>La r\u00e9action des Juifs ne prouve pas que J\u00e9sus veuille dire qu\u2019il est Dieu. Les Juifs voulaient accuser J\u00e9sus de blasph\u00e8me pour se d\u00e9barrasser de lui car ils sont b\u00e9n\u00e9fici<span class=\"conjuguaison\">\u00e9s<\/span> de leurs positions parmi les Juifs et le message de J\u00e9sus est contre leurs int\u00e9r\u00eats. Sinon, si l&rsquo;on consid\u00e8re que les Juifs comprennent l\u2019ancien Testament et si l&rsquo;on doit comprendre ce que J\u00e9sus a dit comme les Juifs l\u2019ont compris, \u00e7a signifierait que J\u00e9sus est un faux proph\u00e8te et un menteur car c\u2019est ce que la croyance des Juifs.<\/p>\n<div>De plus, en examinant le contexte de Jean 10:30, on trouve que J\u00e9sus a r\u00e9pondu les Juifs. Les Juifs ont pens\u00e9 que J\u00e9sus dit qu\u2019il est Dieu. J\u00e9sus les a r\u00e9pondus en citant Psaumes 82:6:<\/div>\n<blockquote><p><em>Psaumes 82:6 J\u2019avais dit: Vous \u00eates des dieux, Vous \u00eates tous des fils du Tr\u00e8s Haut.<\/em><\/p><\/blockquote>\n<div>J\u00e9sus a cit\u00e9 ce verset et il a compar\u00e9 ces juges \u00e9tant appel\u00e9s dieux ici avec lui-m\u00eame \u00e9tant appel\u00e9 \u00abfils de Dieu\u00bb. Il dit:<\/div>\n<blockquote><p><em>Jean 10:34\u00a0J\u00e9sus leur r\u00e9pondit: N\u2019est-il pas \u00e9crit dans votre loi: J\u2019ai dit: Vous \u00eates des dieux?35\u00a0Si elle a appel\u00e9 dieux ceux \u00e0 qui la parole de Dieu a \u00e9t\u00e9 adress\u00e9e, et si l\u2019\u00c9criture ne peut \u00eatre an\u00e9antie,36\u00a0celui que le P\u00e8re a sanctifi\u00e9 et envoy\u00e9 dans le monde, vous lui dites: Tu blasph\u00e8mes! Et cela parce que j\u2019ai dit: Je suis le Fils de Dieu.<\/em><\/p><\/blockquote>\n<div>C\u2019est juste une m\u00e9taphore concernant J\u00e9sus comme concernant les juges. Si J\u00e9sus voulait confirmer ce que les Juifs en ont compris, il citerait un verset cit\u00e9 par les Chr\u00e9tiens \u00e0 partir de l\u2019Ancien Testament pour prouver que J\u00e9sus est Dieu comme cit\u00e9 en \u00c9sa\u00efe 9:6 et r\u00e9pondu ci-dessous, mais J\u00e9sus ne l\u2019a jamais cit\u00e9 car il n&rsquo;a jamais voulu dire qu&rsquo;il est Dieu en disant que lui et le P\u00e8re sont un.<\/div>\n<div>\n<h3 id=\"h3\">Jean 10:38 le P\u00e8re est en moi et je suis dans le P\u00e8re<\/h3>\n<\/div>\n<div>C\u2019\u00e9tait aussi cit\u00e9 pour prouver que J\u00e9sus est Dieu. J\u00e9sus ne veut pas dire qu\u2019il est un corps avec le P\u00e8re. \u00c7a veut dire qu\u2019il est un repr\u00e9sentant de Dieu car Dieu lui envoya aux gens. C\u2019est une langue utilis\u00e9e fr\u00e9quemment dans la Bible avec des autres personnes non seulement entre J\u00e9sus et le P\u00e8re comme ces versets:<\/div>\n<blockquote><p><em>Jean 14:20 En ce jour-l\u00e0, vous conna\u00eetrez que je suis en mon P\u00e8re, que vous \u00eates en moi, et que je suis en vous.<\/em><\/p><\/blockquote>\n<blockquote><p><em>1Jean 2:24 Que ce que vous avez entendu d\u00e8s le commencement demeure en vous. Si ce que vous avez entendu d\u00e8s le commencement demeure en vous, vous demeurerez aussi dans le Fils et dans le P\u00e8re.<\/em><\/p><\/blockquote>\n<h3 id=\"h4\">Jean 14:9 Celui qui m\u2019a vu a vu le P\u00e8re<\/h3>\n<div>La Bible clairement dit que personne ne peut voir Dieu r\u00e9ellement:<\/div>\n<div>\n<blockquote><p><em>Exode 33:20\u00a0L\u2019\u00c9ternel dit: Tu ne pourras pas voir ma face, car l\u2019homme ne peut me voir et vivre<\/em><\/p><\/blockquote>\n<div>De plus, J\u00e9sus n\u2019est pas le P\u00e8re lui-m\u00eame car J\u00e9sus dit que le P\u00e8re est plus grand que lui (Jean 14:28) et que le P\u00e8re est son Dieu (Jean 20:17). Ainsi, le verset veut dire ici que les actions de J\u00e9sus sont ce que Dieu veut r\u00e9ellement car J\u00e9sus est le repr\u00e9sentant de Dieu comme un proph\u00e8te.<\/div>\n<div>Le mot Grec en Jean 14:9 n\u2019a pas forc\u00e9ment le sens d\u2019une r\u00e9elle vision, mais selon le dictionnaire de Thayer (un dictionnaire Grec-Anglais du nouveau Testament), ce mot (G2334 \u03b8\u03b5\u03c9\u03c1\u03ad\u03c9 the\u014dre\u014d) peut signifier une vision mentale aussi. J\u00e9sus a confirm\u00e9 cette derni\u00e8re signification en utilisant le m\u00eame mot en Jean 14:19:<\/div>\n<\/div>\n<div>\n<blockquote><p><em>Jean 14: 19 encore un peu de temps, et le monde ne me verra plus; mais vous, vous me verrez, car je vis, et vous vivrez aussi.<\/em><\/p><\/blockquote>\n<p>Dans cette heure, J\u00e9sus ne sera pas avec les disciples dans ce monde, mais au ciel. Alors, ce verset a le sens d\u2019une vision mentale. C\u2019est le m\u00eame que Jean 14: 9.<\/p>\n<\/div>\n<h3 id=\"h5\">\u00a0La Parole \u00e9tait Dieu<\/h3>\n<p>Au d\u00e9but, ces paroles ne sont pas les paroles du J\u00e9sus, ce sont plut\u00f4t celles de l\u2019\u00e9crivain de l\u2019\u00e9vangile de Jean. J\u00e9sus \u00e9tait clair que le P\u00e8re est le seul vrai Dieu comme on peut le voit en Jean 17:13. De plus, lorsqu&rsquo;on analyse ce verset, on voit qu&rsquo;il y a un probl\u00e8me avec la traduction du mot Dieu. On peut voir la diff\u00e9rence selon le texte grec original dans le verset comme \u00e7a:<\/p>\n<div class=\"version-LSG result-text-style-normal text-html \">\n<blockquote>\n<p class=\"verse chapter-1\"><em><span id=\"fr-LSG-26046\" class=\"text John-1-1\"><span class=\"chapternum\">1\u00a0<\/span>Au commencement \u00e9tait la Parole, et la Parole \u00e9tait avec Dieu (\u03c4\u03cc\u03bd \u03b8\u03b5\u03cc\u03bd), et la Parole \u00e9tait Dieu (\u03b8\u03b5\u03cc\u03c2).<\/span><\/em><\/p>\n<\/blockquote>\n<\/div>\n<p>On peut observer que lorsque le verset parlait du Dieu Lui-m\u00eame, le mot utilis\u00e9 \u00e9tait avec l&rsquo;article d\u00e9fini (\u03c4\u03cc\u03bd \u03b8\u03b5\u03cc\u03bd), tandis que le verset utilise le mot (\u03b8\u03b5\u03cc\u03c2) sans article quand il parle de J\u00e9sus bien que les \u00e9vangiles utilisent ce mot grec (\u03b8\u03b5\u03cc\u03c2) avec l&rsquo;article d\u00e9fini comme \u00e7a (\u03cc \u03b8\u03b5\u03cc\u03c2) lorsqu&rsquo;il parle de Dieu comme on peut le constater dans <a href=\"http:\/\/biblehub.com\/greek\/theos_2316.htm\">ce lien.<\/a><\/p>\n<p>Ceci preuve que ce verset ne veut pas dire que J\u00e9sus est Dieu Lui-m\u00eame, le sens de ce mot ici est que J\u00e9sus \u00e9tait un ma\u00eetre et ce mot Dieu doit \u00eatre \u00e9crit en lettre minuscule\u00a0comme la Bible parle de Mo\u00efse en Exode 7:1:<\/p>\n<blockquote><p><em>Exode 7:1 L&rsquo;\u00c9ternel dit \u00e0 Mo\u00efse: Vois, je te fais dieu pour Pharaon: et Aaron, ton fr\u00e8re, sera ton proph\u00e8te.<\/em><\/p><\/blockquote>\n<p>On constate ici que la traduction grecque de l&rsquo;Ancien Testament (La Septante) n&rsquo;utilise pas le mot\u00a0\u00a0(\u03c4\u03cc\u03bd \u03b8\u03b5\u03cc\u03bd) ou (\u03cc \u03b8\u03b5\u03cc\u03c2) comme il s&rsquo;utilise pour Dieu, mais l&rsquo;Exode utilise le mot\u00a0\u03b8\u03b5\u03cc\u03bd seulement sans article lorsqu&rsquo;il parle de Mo\u00efse (Paix sur lui) comme Jean 1:1 parle de J\u00e9sus \u00a0(Paix sur lui).<\/p>\n<p>C&rsquo;est aussi dans Psaumes 82:6 cit\u00e9 par J\u00e9sus lui-m\u00eame pour r\u00e9pondre les juives qui l&rsquo;accus\u00e8rent qu&rsquo;il dise qu&rsquo;il est Dieu et J\u00e9sus les r\u00e9pond en citant ce verset pour les\u00a0clarifier que ce n&rsquo;est pas le sens qu&rsquo;il veut dire:<\/p>\n<blockquote><p><em>Psaumes 82:6 J\u2019avais dit: Vous \u00eates des dieux, Vous \u00eates tous des fils du Tr\u00e8s Haut.<\/em><\/p><\/blockquote>\n<p>Quant \u00e0 Jean 1:3 qui dit:<\/p>\n<div>\n<blockquote><p><em><span id=\"fr-LSG-26048\">Jean 1:3\u00a0Toutes choses ont \u00e9t\u00e9 faites par elle, et rien de ce qui a \u00e9t\u00e9 fait n&rsquo;a \u00e9t\u00e9 fait sans elle.<\/span><\/em><\/p><\/blockquote>\n<p>Ces choses mentionn\u00e9es ici ne sont pas la cr\u00e9ation de l&rsquo;univers car J\u00e9sus affirmait toujours qu&rsquo;il ne peut rien faire de lui-m\u00eame et que c&rsquo;est le P\u00e8re qui l&rsquo;a donn\u00e9 toutes les choses. Ces choses sont plut\u00f4t les enseignements et le message que Dieu lui envoy\u00e9 pour montrer la v\u00e9rit\u00e9 aux gens pour les sauver de l&rsquo;enfer \u00e0 travers de la foi en lui.<\/p>\n<\/div>\n<h3 id=\"h6\">J\u00e9sus est le chemin, la v\u00e9rit\u00e9 et la vie<\/h3>\n<p>Oui, bien s\u00fbr J\u00e9sus est le chemin, la v\u00e9rit\u00e9 et la vie et on ne vient au P\u00e8re qu\u2019en passant par lui. C\u2019est la v\u00e9rit\u00e9 absolue. Mais ce n\u2019est pas J\u00e9sus seulement sur qui appliquent cette description. Tous les proph\u00e8tes sont le chemin, la v\u00e9rit\u00e9 et la vie car ils tous nous guident \u00e0 la vraie voie du Dieu. Tous les proph\u00e8tes sont la v\u00e9rit\u00e9 car ils nous racontent la v\u00e9rit\u00e9 \u00e0 propos de Dieu. Tous les proph\u00e8tes sont la vie car les peuples gagnent la vraie vie en croyant en les proph\u00e8tes car ils sont envoy\u00e9s par Dieu. Oui, personne ne peut aller au Dieu sauf par les proph\u00e8tes car si l&rsquo;on ne croit pas en l\u2019un d\u2019eux, on ne croirait pas en Dieu et en tous les proph\u00e8tes.<\/p>\n<h3>J\u00e9sus Pardonne les P\u00e9ch\u00e9s<\/h3>\n<p>L\u2019un des actes de J\u00e9sus cit\u00e9s par les Chr\u00e9tiens o\u00f9 ils disent que J\u00e9sus pardonne les p\u00e9ch\u00e9s alors il est Dieu car Dieu a seulement la droit de pardonner les hommes. En fait, lorsqu\u2019on ouvre ces versets, on voit que J\u00e9sus a dit:<\/p>\n<blockquote><p><em>Matthieu 9:2\u00a0tes p\u00e9ch\u00e9s te sont pardonn\u00e9s.<\/em><\/p><\/blockquote>\n<p>J\u00e9sus n\u2019a pas dit: \u00abJe pardonne tes p\u00e9ch\u00e9s\u00bb, mais il dit: \u00abtes p\u00e9ch\u00e9s te sont pardonn\u00e9s.\u00bb. Il y a beaucoup de diff\u00e9rence car J\u00e9sus juste lui renseigne que ses p\u00e9ch\u00e9s sont pardonn\u00e9s non qu\u2019il pardonne les p\u00e9ch\u00e9s de lui-m\u00eame.\u00a0L\u2019un peut dire que J\u00e9sus lui-m\u00eame dit qu\u2019il a le pouvoir de pardonner les p\u00e9ch\u00e9s:<\/p>\n<blockquote>\n<p class=\"passage-display\"><em><span class=\"passage-display-bcv\">Matthieu 9:6\u00a0Or, afin que vous sachiez que le Fils de l\u2019homme a sur la terre le pouvoir de pardonner les p\u00e9ch\u00e9s: L\u00e8ve-toi, dit-il au paralytique, prends ton lit, et va dans ta maison.<\/span><\/em><\/p>\n<\/blockquote>\n<p>En fait, J\u00e9sus dit qu\u2019il ne peut rien faire de lui-m\u00eame (Jean 5:30). Il dit aussi que Dieu lui a donn\u00e9 toutes choses:<\/p>\n<blockquote><p><em><span class=\"passage-display-bcv\">Luc 10:22\u00a0<\/span><\/em>Toutes choses m\u2019ont \u00e9t\u00e9 donn\u00e9es par mon P\u00e8re<\/p><\/blockquote>\n<p>Et c\u2019est ce que les gens ont compris dans ce chapitre:<\/p>\n<blockquote><p><em>Matthieu 9:8 Quand la foule vit cela, elle fut saisie de crainte, et elle glorifia Dieu, qui <strong>a donn\u00e9 aux hommes un tel pouvoir.<\/strong><\/em><\/p><\/blockquote>\n<p>Si Dieu donne J\u00e9sus un pouvoir, \u00e7a veut dire que J\u00e9sus n\u2019avait pas ce pouvoir au commencement. Dans une autre situation, J\u00e9sus demande le P\u00e8re de pardonner ceux qui la nuisent. Si J\u00e9sus pardonne les p\u00e9ch\u00e9s, pourquoi a-t-il demand\u00e9 Dieu de les pardonner?<\/p>\n<blockquote><p><em>Luc 23:34\u00a0[J\u00e9sus dit: P\u00e8re, pardonne-leur, car ils ne savent ce qu\u2019ils font.]<\/em><\/p><\/blockquote>\n<p>Il y a dans beaucoup des sectes Chr\u00e9tiennes o\u00f9 les gens confessent leurs p\u00e9ch\u00e9s devant les pr\u00eatres, et enfin le pr\u00eatre dit: \u00abtes p\u00e9ch\u00e9s sont pardonn\u00e9s\u00bb, et ces gens ne consid\u00e8rent pas ce pr\u00eatre comme Dieu.<\/p>\n<h3 id=\"h9\">Thomas appelle J\u00e9sus comme: \u00ab\u00a0Mon Dieu et mon Seigneur\u00a0\u00bb<\/h3>\n<p>En appelant J\u00e9sus comme \u00ab\u00a0mon Dieu\u00a0\u00bb, \u00e7a signifie: \u00ab\u00a0mon enseignant\u00a0\u00bb puisque le mot \u00ab\u00a0seigneur\u00a0\u00bb est \u00ab\u00a0kyrios\u00a0\u00bb en Grec. Ce mot est utilis\u00e9 pour Dieu et pour autres personnes, non pour Dieu seulement. Le mot \u00ab\u00a0Dieu\u00a0\u00bb est aussi utilis\u00e9 avec Mo\u00efse en Exode 7:1 et avec les juges en Psaumes 82:6 que J\u00e9sus en a cit\u00e9.<\/p>\n<p>Alors, soit ce mot \u00ab\u00a0mon seigneur et dieu\u00a0\u00bb dit par Thomas est comme Mo\u00efse et les juges sont appel\u00e9s des dieux, soit c\u2019\u00e9tait une exclamation dite par Thomas comme l\u2019on dit:\u00a0\u00bbOh mon Dieu!\u00a0\u00bb. Mais de toute fa\u00e7on, J\u00e9sus a clairement dit que le P\u00e8re est le seul vrai Dieu. Cela signifie que J\u00e9sus n\u2019est pas Dieu car il n\u2019est pas le P\u00e8re.<\/p>\n<h3 id=\"h8\">\u00c9sa\u00efe 9:6<\/h3>\n<p>J\u00e9sus lui-m\u00eame n&rsquo;a jamais cit\u00e9 \u00c9sa\u00efe 9:6 bien qu&rsquo;il ait cit\u00e9 plusieurs versets de l&rsquo;ancien Testament. Donc il n&rsquo;y a de preuve que ce verset parle de J\u00e9sus. M\u00eame si ce verset parle de lui, il ne dit pas que J\u00e9sus est Dieu. Le mot h\u00e9breu utilis\u00e9 ici pour dieu est \u00ab\u00a0El\u00a0\u00bb qui sert aux autres personnes non juste Dieu comme expliqu\u00e9 dans le lexique biblique de Strong:<\/p>\n<blockquote><p>D\u00e9finition de \u00ab\u00a0&lsquo;El\u00a0\u00bb<\/p>\n<ol class=\"number\">\n<li>Dieu, comme Dieu, puissant\n<ol class=\"letter\">\n<li>Hommes puissants, de haut rang, h\u00e9ros<\/li>\n<li>Anges<\/li>\n<li>Dieux, faux dieux (d\u00e9mons, imaginations)<\/li>\n<li>Dieu, le seul vrai Dieu, l&rsquo;\u00e9ternel<\/li>\n<\/ol>\n<\/li>\n<li>Les choses puissantes de la nature<\/li>\n<li>Force, puissance (<a href=\"http:\/\/www.enseignemoi.com\/bible\/strong-biblique-hebreu-el-410.html\">Source ici<\/a>)<\/li>\n<\/ol>\n<\/blockquote>\n<p>De plus, quand les juifs accusent J\u00e9sus de blasph\u00e8me et qu&rsquo;il dit qu&rsquo;il soit Dieu, il n&rsquo;a pas cit\u00e9 pas ce verset pour prouver que l&rsquo;ancien Testament dit que le Messie sera Dieu lui-m\u00eame. Cependant il a cit\u00e9 Psaumes 82:6 comme expliqu\u00e9 ci-dessus.<\/p>\n","protected":false},"excerpt":{"rendered":"<p>J\u00e9sus n\u2019a jamais dit \u00abJe suis Dieu\u00bb ou \u00abJe suis la 2e personne dans la trinit\u00e9\u00bb ou \u00abJe suis un humain et Dieu\u00bb, mais comme montr\u00e9 auparavant, J\u00e9sus a clairement dit qu\u2019il n&rsquo;est pas Dieu. Les Chr\u00e9tiens disent que J\u00e9sus a d\u00e9clar\u00e9 sa divinit\u00e9 dans beaucoup des versets. En fait, J\u00e9sus n\u2019a jamais dit qu\u2019il [&hellip;]<\/p>\n","protected":false},"author":1,"featured_media":1438,"parent":845,"menu_order":0,"comment_status":"closed","ping_status":"closed","template":"","meta":{"om_disable_all_campaigns":false,"_monsterinsights_skip_tracking":false,"_monsterinsights_sitenote_active":false,"_monsterinsights_sitenote_note":"","_monsterinsights_sitenote_category":0,"_uf_show_specific_survey":0,"_uf_disable_surveys":false,"footnotes":""},"categories":[39],"tags":[],"class_list":["post-815","page","type-page","status-publish","has-post-thumbnail","hentry","category-jesus-fr"],"aioseo_notices":[],"_links":{"self":[{"href":"https:\/\/jesus-is-muslim.net\/fr\/wp-json\/wp\/v2\/pages\/815","targetHints":{"allow":["GET"]}}],"collection":[{"href":"https:\/\/jesus-is-muslim.net\/fr\/wp-json\/wp\/v2\/pages"}],"about":[{"href":"https:\/\/jesus-is-muslim.net\/fr\/wp-json\/wp\/v2\/types\/page"}],"author":[{"embeddable":true,"href":"https:\/\/jesus-is-muslim.net\/fr\/wp-json\/wp\/v2\/users\/1"}],"replies":[{"embeddable":true,"href":"https:\/\/jesus-is-muslim.net\/fr\/wp-json\/wp\/v2\/comments?post=815"}],"version-history":[{"count":0,"href":"https:\/\/jesus-is-muslim.net\/fr\/wp-json\/wp\/v2\/pages\/815\/revisions"}],"up":[{"embeddable":true,"href":"https:\/\/jesus-is-muslim.net\/fr\/wp-json\/wp\/v2\/pages\/845"}],"wp:featuredmedia":[{"embeddable":true,"href":"https:\/\/jesus-is-muslim.net\/fr\/wp-json\/wp\/v2\/media\/1438"}],"wp:attachment":[{"href":"https:\/\/jesus-is-muslim.net\/fr\/wp-json\/wp\/v2\/media?parent=815"}],"wp:term":[{"taxonomy":"category","embeddable":true,"href":"https:\/\/jesus-is-muslim.net\/fr\/wp-json\/wp\/v2\/categories?post=815"},{"taxonomy":"post_tag","embeddable":true,"href":"https:\/\/jesus-is-muslim.net\/fr\/wp-json\/wp\/v2\/tags?post=815"}],"curies":[{"name":"wp","href":"https:\/\/api.w.org\/{rel}","templated":true}]}}