{"id":817,"date":"2015-12-28T05:23:41","date_gmt":"2015-12-28T03:23:41","guid":{"rendered":"https:\/\/jesus-is-muslim.net\/fr\/?page_id=817"},"modified":"2017-07-22T15:10:15","modified_gmt":"2017-07-22T13:10:15","slug":"manuscrits-bible-prouvent-son-authenticite","status":"publish","type":"page","link":"https:\/\/jesus-is-muslim.net\/fr\/accueil\/la-bible\/manuscrits-bible-prouvent-son-authenticite\/","title":{"rendered":"Les Manuscrits de la Bible Prouvent son Authenticit\u00e9?"},"content":{"rendered":"<h3>L\u2019\u00c9cart entre les Dates des Manuscrits et La Date\u00a0des livres de la Bible<\/h3>\n<p>La premi\u00e8re \u00e9vidence utilis\u00e9e par les Chr\u00e9tiens pour prouver que la Bible est authentique c&rsquo;est le grand nombre de manuscrits de l\u2019ancien testament et le nouveau testament. En examinant les manuscrits des deux testaments, on trouve que tous ces manuscrits datent apr\u00e8s le 4e si\u00e8cle. Le nombre de manuscrits n\u2019est pas une \u00e9vidence si la date de ces manuscrits est tr\u00e8s tard. Si la date est tard, \u00e7a signifie qu\u2019il pourrait exister une manipulation puisqu\u2019on ne sait pas ce qui s\u2019est pass\u00e9 durant l\u2019\u00e9cart entre la date du manuscrit et la date suppos\u00e9e des livres de l&rsquo;ancien testament ou le nouveau testament, et on ne sait pas qui est l\u2019\u00e9crivain de ce manuscrit et les sources utilis\u00e9es pour l\u2019\u00e9crire.<\/p>\n<p>Par exemple, concernant l\u2019ancien testament, les deux majeurs manuscrits sont <a href=\"https:\/\/fr.wikipedia.org\/wiki\/Massorah\">le texte massor\u00e9tique<\/a> et <a href=\"https:\/\/fr.wikipedia.org\/wiki\/Septante\">la Septante<\/a>. Le texte massor\u00e9tique \u00e9crit en hebreu date au 9e si\u00e8cle ap. J-C, tandis que la Septante \u00e9crit en grec date au 4e si\u00e8cle ap. J-C. Quant au nouveau testament, les manuscrits les plus anciens qui contiennent tous le nouveau testament sont le Codex Sinaiticus et le Codex Vaticanus datant au 4e si\u00e8cle comme montr\u00e9 <a href=\"https:\/\/fr.wikipedia.org\/wiki\/Liste_des_manuscrits_du_Nouveau_Testament_en_onciales_grecques\">ici<\/a>.<\/p>\n<p>Donc, on a besoin de poser cette question, comment savoir si ces manuscrits sont r\u00e9ellement les livres \u00e9crits par les disciples ou par les proph\u00e8tes s\u2019il y a un \u00e9cart \u00e9tendant aux deux cents ans au moins? Il y a des \u00e9vangiles apocryphes comme l&rsquo;\u00e9vangile de marie madeleine et l&rsquo;\u00e9vangile de Thomas dans lesquelles ses manuscrits datent au 4e si\u00e8cle \u00e9galement. Qui allons nous croire?<\/p>\n<h3>Les Anciens Fragments du Nouveau Testament Prouvent Son Authenticit\u00e9?<\/h3>\n<p>L\u2019un peut dire qu\u2019il y avait des fragments plus anciens prouvant que la Bible existait durant le 2e si\u00e8cle. Le fragment de John Ryland datant \u00e0 environ 125 ap. J-C et contenant quelques mots dans l\u2019\u00e9vangile de Jean c&rsquo;est l&rsquo;exemple le plus c\u00e9l\u00e8bre.<\/p>\n<p>En fait, ces mots ne sont pas une \u00e9vidence que l\u2019\u00e9vangile selon Jean existait durant ce temps-l\u00e0. Si l\u2019on examine cette \u00e9poque, on trouve qu\u2019il y avait beaucoup d\u2019\u00e9vangiles durant les premiers trois si\u00e8cles et bien s\u00fbr il y avait des mots communes entre elles. Donc\u00a0on ne sait pas si le livre original de ce fragment \u00e9tait \u00e9vangile de Jean ou c&rsquo;est un autre livre. Peu de mots ne sont pas d&rsquo;\u00e9vidence suffisante que l\u2019entier livre existait. Il peut-\u00eatre m\u00eame que l\u2019\u00e9crivain de l\u2019\u00e9vangile de Jean cita ces mots de cette source de fragments pour son \u00e9vangile. Il y a beaucoup de possibilit\u00e9s, mais ce n\u2019est pas d&rsquo;\u00e9vidence prouvant que le nouveau testament est authentique.<\/p>\n<p><a href=\"https:\/\/jesus-is-muslim.net\/wp-content\/uploads\/2015\/12\/Les-manuscrits-de-la-Bible-preuvent-lauthenticite-de-la-Bible.png\" rel=\"attachment wp-att-1493\"><img loading=\"lazy\" decoding=\"async\" class=\"alignnone size-full wp-image-1493\" src=\"https:\/\/jesus-is-muslim.net\/wp-content\/uploads\/2015\/12\/Les-manuscrits-de-la-Bible-preuvent-lauthenticite-de-la-Bible.png\" alt=\"Les manuscrits de la Bible preuvent l'authenticite de la Bible\" width=\"1040\" height=\"570\" srcset=\"https:\/\/jesus-is-muslim.net\/wp-content\/uploads\/2015\/12\/Les-manuscrits-de-la-Bible-preuvent-lauthenticite-de-la-Bible.png 1040w, https:\/\/jesus-is-muslim.net\/wp-content\/uploads\/2015\/12\/Les-manuscrits-de-la-Bible-preuvent-lauthenticite-de-la-Bible-300x164.png 300w, https:\/\/jesus-is-muslim.net\/wp-content\/uploads\/2015\/12\/Les-manuscrits-de-la-Bible-preuvent-lauthenticite-de-la-Bible-768x421.png 768w, https:\/\/jesus-is-muslim.net\/wp-content\/uploads\/2015\/12\/Les-manuscrits-de-la-Bible-preuvent-lauthenticite-de-la-Bible-1024x561.png 1024w\" sizes=\"auto, (max-width: 1040px) 100vw, 1040px\" \/><\/a><\/p>\n<h3>Les Manuscrits de la Mer Morte\u00a0Prouvent l\u2019Authenticit\u00e9\u00a0de l\u2019Ancien Testament ?<\/h3>\n<p>C\u2019\u00e9tait aussi le m\u00eame cas des manuscrits de la mer morte. L\u2019un peut trouver un compte rendu d\u00e9taill\u00e9 concernant les manuscrits de la Mer Morte dans <a href=\"http:\/\/www-irma.u-strasbg.fr\/~foata\/fuchs\/mer.pdf\">ce lien<\/a> et dans <a href=\"http:\/\/www.deadseascrolls.org.il\/explore-the-archive\">ce site<\/a> (en anglais). En examinant ces manuscrits, le livre d\u2019Esther manque totalement et on ne peut trouver que des portions petites des autres livres, sauf celui d\u2019\u00c9sa\u00efe qui est complet. Cela ne prouve que le livre d\u2019\u00c9sa\u00efe existait quatre si\u00e8cles apr\u00e8s le dernier proph\u00e8te; Malachi. C\u2019est encore une longue \u00e9poque. De plus, on trouve dans ces manuscrits beaucoup de livres apocryphes parmi ces manuscrits.<\/p>\n<p>\u00c7a pose une question importante concernant la canonicit\u00e9 de l\u2019Ancien Testament et comment les 66 ou les 73 livres de l&rsquo;Ancien Testament sont choisis comme des livres de Dieu. Parmi les manuscrits de la Mer Morte, on trouve une quantit\u00e9 d\u2019apocryphes et de pseudo \u00e9pigraphes, dont certains \u00e9taient connus (le livre des Jubil\u00e9s, celui d\u2019H\u00e9noch, . . . ), d\u2019autres non (l\u2019Apocryphe de la Gen\u00e8se, . . . ) comme montr\u00e9 <a href=\"http:\/\/www.deadseascrolls.org.il\/explore-the-archive\/search#q=composition_type_parent_en:'Parabiblical Texts' AND manuscript_type_parent_en:'Non-Biblical Compositions'\">ici<\/a>. Comment alors savoir le canon r\u00e9el de l\u2019ancien testament si les manuscrits les plus anciens contient des tels livres apocryphes? Donc les manuscrits de la Mer Morte ne prouvent pas que l\u2019Ancien Testament avec sa forme actuelle soit le vrai livre de Dieu.<\/p>\n","protected":false},"excerpt":{"rendered":"<p>L\u2019\u00c9cart entre les Dates des Manuscrits et La Date\u00a0des livres de la Bible La premi\u00e8re \u00e9vidence utilis\u00e9e par les Chr\u00e9tiens pour prouver que la Bible est authentique c&rsquo;est le grand nombre de manuscrits de l\u2019ancien testament et le nouveau testament. En examinant les manuscrits des deux testaments, on trouve que tous ces manuscrits datent apr\u00e8s [&hellip;]<\/p>\n","protected":false},"author":1,"featured_media":1493,"parent":881,"menu_order":0,"comment_status":"closed","ping_status":"closed","template":"","meta":{"om_disable_all_campaigns":false,"_monsterinsights_skip_tracking":false,"_monsterinsights_sitenote_active":false,"_monsterinsights_sitenote_note":"","_monsterinsights_sitenote_category":0,"_uf_show_specific_survey":0,"_uf_disable_surveys":false,"footnotes":""},"categories":[36],"tags":[],"class_list":["post-817","page","type-page","status-publish","has-post-thumbnail","hentry","category-la-bible"],"aioseo_notices":[],"_links":{"self":[{"href":"https:\/\/jesus-is-muslim.net\/fr\/wp-json\/wp\/v2\/pages\/817","targetHints":{"allow":["GET"]}}],"collection":[{"href":"https:\/\/jesus-is-muslim.net\/fr\/wp-json\/wp\/v2\/pages"}],"about":[{"href":"https:\/\/jesus-is-muslim.net\/fr\/wp-json\/wp\/v2\/types\/page"}],"author":[{"embeddable":true,"href":"https:\/\/jesus-is-muslim.net\/fr\/wp-json\/wp\/v2\/users\/1"}],"replies":[{"embeddable":true,"href":"https:\/\/jesus-is-muslim.net\/fr\/wp-json\/wp\/v2\/comments?post=817"}],"version-history":[{"count":0,"href":"https:\/\/jesus-is-muslim.net\/fr\/wp-json\/wp\/v2\/pages\/817\/revisions"}],"up":[{"embeddable":true,"href":"https:\/\/jesus-is-muslim.net\/fr\/wp-json\/wp\/v2\/pages\/881"}],"wp:featuredmedia":[{"embeddable":true,"href":"https:\/\/jesus-is-muslim.net\/fr\/wp-json\/wp\/v2\/media\/1493"}],"wp:attachment":[{"href":"https:\/\/jesus-is-muslim.net\/fr\/wp-json\/wp\/v2\/media?parent=817"}],"wp:term":[{"taxonomy":"category","embeddable":true,"href":"https:\/\/jesus-is-muslim.net\/fr\/wp-json\/wp\/v2\/categories?post=817"},{"taxonomy":"post_tag","embeddable":true,"href":"https:\/\/jesus-is-muslim.net\/fr\/wp-json\/wp\/v2\/tags?post=817"}],"curies":[{"name":"wp","href":"https:\/\/api.w.org\/{rel}","templated":true}]}}