{"id":821,"date":"2015-12-22T05:28:36","date_gmt":"2015-12-22T03:28:36","guid":{"rendered":"https:\/\/jesus-is-muslim.net\/fr\/?page_id=821"},"modified":"2017-07-22T15:19:14","modified_gmt":"2017-07-22T13:19:14","slug":"la-genealogie-de-jesus","status":"publish","type":"page","link":"https:\/\/jesus-is-muslim.net\/fr\/accueil\/la-bible\/les-difficultes-de-la-bible\/la-genealogie-de-jesus\/","title":{"rendered":"La G\u00e9n\u00e9alogie de J\u00e9sus"},"content":{"rendered":"<div id=\"main\" class=\"site-main\">\n<div id=\"primary\" class=\"content-area\">\n<div id=\"content\" class=\"site-content\">\n<article id=\"post-214\" class=\"post-214 page type-page status-publish hentry\">\n<div class=\"entry-content\">\n<p>C\u2019est l\u2019une des difficult\u00e9s majeures dans la Bible. On voit que les g\u00e9n\u00e9alogies de J\u00e9sus dans Matthieu 1 et dans Luc 3 sont totalement diff\u00e9rentes. Il y avait quelques explications de cette difficult\u00e9,\u00a0les conservateurs les plus \u00e9rudits de la Bible assume que Luc construit la g\u00e9n\u00e9alogie de Marie et Matthieu celle de Joseph. Matthieu suit la lign\u00e9e de Joseph (le p\u00e8re l\u00e9gal de J\u00e9sus) au travers de Salomon, fils de David tandis que Luc suit la lign\u00e9e de Marie (parent par le sang de J\u00e9sus) au travers du fils de David, Nathan. Il n\u2019y a pas de mot grec pour \u00abbeau-fils \u00bb, et Joseph aurait \u00e9t\u00e9 consid\u00e9r\u00e9 comme un fils d\u2019H\u00e9li en \u00e9pousant la fille de ce dernier, Marie. Dans l\u2019une et l\u2019autre des lign\u00e9es, J\u00e9sus est un descendant de David, et donc \u00e9ligible pour \u00eatre le Messie. Tracer une g\u00e9n\u00e9alogie du c\u00f4t\u00e9 maternel est inhabituelle. L\u2019explication de Luc, c\u2019est que J\u00e9sus \u00e9tait le fils de Joseph \u00ab comme on le croyait \u00bb (Luc 3:23). (Source <a href=\"http:\/\/www.gotquestions.org\/Francais\/Genealogies-de-Jesus.html\">ici<\/a>)<\/p>\n<h3>Matthieu Choisit la Lign\u00e9e de Joseph \u00e0 partir de Salomon pour prouver que J\u00e9sus est le Messie?<\/h3>\n<p><span id=\"fr-SG21-364\">Cette explication a quelques d\u00e9fauts. Si la g\u00e9n\u00e9alogie dans Matthieu est celle de Joseph non de J\u00e9sus, \u00e7a signifie que J\u00e9sus ne peut pas \u00eatre le Messie car le Messie doit \u00eatre parmi les descendants de Salomon, et on ne peut pas dire que la g\u00e9n\u00e9alogie ne doit pas \u00eatre trac\u00e9e dans un c\u00f4t\u00e9 maternel car il n\u2019y a pas d\u2019\u00e9vidence dans la Bible utilisant le beau-p\u00e8re comme le p\u00e8re litt\u00e9ral, mais on voit que la Bible consid\u00e8re le seul h\u00e9ritier d\u2019Abram soit l\u2019un qui na\u00eetra de lui:<\/span><\/p>\n<blockquote><p><em><span id=\"fr-SG21-364\">Gen\u00e8se 15:3\u00a0Abram dit: \u00abTu ne m\u2019as pas donn\u00e9 de descendance, et c\u2019est un serviteur de ma famille qui sera mon h\u00e9ritier.\u00bb\u00a0<\/span><span id=\"fr-SG21-365\">4\u00a0Alors l\u2019Eternel lui adressa la parole: <strong>\u00abCe n\u2019est pas lui qui sera ton h\u00e9ritier, mais bien celui qui na\u00eetra de toi.\u00bb<\/strong><\/span><\/em><\/p><\/blockquote>\n<p>Alors, cette explication ne marche pas car J\u00e9sus ne fut pas n\u00e9 de Joseph, et si l\u2019on accepte cette explication, on ne doit pas croire que J\u00e9sus est le Messie.<\/p>\n<h3>Des autres Difficult\u00e9s dans la G\u00e9n\u00e9alogie de J\u00e9sus<\/h3>\n<p>Il y a aussi des autres difficult\u00e9s dans la g\u00e9n\u00e9alogie de Matthieu. Lorsqu\u2019on fait r\u00e9f\u00e9rence \u00e0 la g\u00e9n\u00e9alogie dans 1 Chroniques 3, on trouve qu&rsquo;il y a trois noms qui se manquent dans la g\u00e9n\u00e9alogie de Matthieu. Ce sont: Achazia, Joas, \u00a0Azaria et Jojakim. On ne les trouve pas dans la g\u00e9n\u00e9alogie de Matthieu.<\/p>\n<p>L\u2019un peut dire qu\u2019ils ont supprim\u00e9 quelques noms dans les g\u00e9n\u00e9alogies, c\u2019est vrai dans quelques cas et \u00e7a s\u2019est pass\u00e9 dans les \u00e9critures juives. Cependant, il est suppos\u00e9 dans ce cas que l\u2019\u00e9crivain de l\u2019\u00e9vangile de Matthieu \u00e9crit sur 42 g\u00e9n\u00e9rations durant trois \u00e9poques dans lequel chaque \u00e9poque contient 14 gens.Mais on trouve dans ce cas que la 2e \u00e9poque contient 18 g\u00e9n\u00e9rations. Il doit y avoir une raison pour que Matthieu supprime ces 4 noms sp\u00e9cialement.<\/p>\n<p>Certains disent qu\u2019ils sont supprim\u00e9s de cette g\u00e9n\u00e9alogie puisqu\u2019ils sont des p\u00e9cheurs. Mais la g\u00e9n\u00e9alogie contient des autres p\u00e9cheurs comme Juda qui a fait adult\u00e8re avec Tamar (Gen\u00e8se 38), il contient Salomon que la Bible lui revendique de faire culte aux autres dieux (1 Rois 11), lequel\u00a0est <a href=\"https:\/\/jesus-is-muslim.net\/fr\/index.php\/objections-musulmanes-sur-la-bible\/\">contre la croyance Musulmane<\/a>, et Joram qui adora des idoles aussi. On voit que lorsque les Musulmans posent des questions sur l\u2019omission des noms dans la\u00a0g\u00e9n\u00e9alogie, certains les r\u00e9pondent que c\u2019est parce que ces hommes sont des p\u00e9cheurs. Mais\u00a0lorsqu\u2019on\u00a0questionnent la pr\u00e9sence des p\u00e9cheurs dans la\u00a0g\u00e9n\u00e9alogie, la r\u00e9ponse c&rsquo;est que Dieu aime les\u00a0p\u00e9cheurs qu\u2019Il mit des\u00a0p\u00e9cheurs dans la\u00a0g\u00e9n\u00e9alogie du Messie!<\/p>\n<p><a href=\"https:\/\/jesus-is-muslim.net\/wp-content\/uploads\/2015\/12\/Des-contradictions-et-des-problemes-majeurs-dans-la-genealogie-de-Jesus.png\" rel=\"attachment wp-att-1520\"><img loading=\"lazy\" decoding=\"async\" class=\"alignnone size-full wp-image-1520\" src=\"https:\/\/jesus-is-muslim.net\/wp-content\/uploads\/2015\/12\/Des-contradictions-et-des-problemes-majeurs-dans-la-genealogie-de-Jesus.png\" alt=\"Des contradictions et des problemes majeurs dans la g\u00e9n\u00e9alogie de J\u00e9sus\" width=\"1040\" height=\"570\" srcset=\"https:\/\/jesus-is-muslim.net\/wp-content\/uploads\/2015\/12\/Des-contradictions-et-des-problemes-majeurs-dans-la-genealogie-de-Jesus.png 1040w, https:\/\/jesus-is-muslim.net\/wp-content\/uploads\/2015\/12\/Des-contradictions-et-des-problemes-majeurs-dans-la-genealogie-de-Jesus-300x164.png 300w, https:\/\/jesus-is-muslim.net\/wp-content\/uploads\/2015\/12\/Des-contradictions-et-des-problemes-majeurs-dans-la-genealogie-de-Jesus-768x421.png 768w, https:\/\/jesus-is-muslim.net\/wp-content\/uploads\/2015\/12\/Des-contradictions-et-des-problemes-majeurs-dans-la-genealogie-de-Jesus-1024x561.png 1024w\" sizes=\"auto, (max-width: 1040px) 100vw, 1040px\" \/><\/a><\/p>\n<h3>Matthieu Supprima\u00a0Jojakim car sa pr\u00e9sence signifie\u00a0que J\u00e9sus ne\u00a0peut pas \u00eatre le Messie<\/h3>\n<p>On peut voir la raison de l\u2019omission de Jojakim parmi la\u00a0g\u00e9n\u00e9alogie de Matthieu dans ce verset:<\/p>\n<blockquote><p>J\u00e9r\u00e9mie 36:30\u00a0C\u2019est pourquoi, voici ce que dit l\u2019Eternel au sujet de Jojakim, roi de Juda:\u00a0<strong>Aucun des siens ne si\u00e9gera sur le tr\u00f4ne de David<\/strong><\/p><\/blockquote>\n<p>Selon ce verset dans J\u00e9r\u00e9mie, aucun des siens de Jojakam si\u00e9gera sur le tr\u00f4ne de David. \u00c7a signifie que J\u00e9sus ne peut pas \u00eatre le Messie si cette g\u00e9n\u00e9alogie est la preuve. L\u2019un peut dire que c\u2019est la g\u00e9n\u00e9alogie de Joseph non J\u00e9sus, et J\u00e9sus n\u2019est pas le fils biologique de Joseph. Alors, on reviens au d\u00e9but de cet article que le beau-p\u00e8re ne peut pas \u00eatre utilis\u00e9 dans ce cas, et \u00e7a signifie aussi que J\u00e9sus n\u2019est pas parmi les descendants de Salomon. Si l\u2019on utilise la g\u00e9n\u00e9alogie de Joseph pour prouver que J\u00e9sus est le Messie, on doit accepter tous la g\u00e9n\u00e9alogie. On ne doit pas accepter une partie et rejeter l\u2019autre partie quand il est contre notre but.<\/p>\n<p>Alors, cette explication que l\u2019\u00e9crivain de Matthieu a utilis\u00e9 cette g\u00e9n\u00e9alogie pour prouver que J\u00e9sus est le Messie n\u2019est pas une bonne explication. Donc la question reste toujours, pourquoi on trouve des g\u00e9n\u00e9alogies diff\u00e9rentes entre Matthieu et Luc? Est-ce qu\u2019ils ont des saints esprits diff\u00e9rents?<\/p>\n<\/div>\n<\/article>\n<\/div>\n<\/div>\n<\/div>\n","protected":false},"excerpt":{"rendered":"<p>C\u2019est l\u2019une des difficult\u00e9s majeures dans la Bible. On voit que les g\u00e9n\u00e9alogies de J\u00e9sus dans Matthieu 1 et dans Luc 3 sont totalement diff\u00e9rentes. Il y avait quelques explications de cette difficult\u00e9,\u00a0les conservateurs les plus \u00e9rudits de la Bible assume que Luc construit la g\u00e9n\u00e9alogie de Marie et Matthieu celle de Joseph. Matthieu suit [&hellip;]<\/p>\n","protected":false},"author":1,"featured_media":1520,"parent":809,"menu_order":0,"comment_status":"closed","ping_status":"closed","template":"","meta":{"om_disable_all_campaigns":false,"_monsterinsights_skip_tracking":false,"_monsterinsights_sitenote_active":false,"_monsterinsights_sitenote_note":"","_monsterinsights_sitenote_category":0,"_uf_show_specific_survey":0,"_uf_disable_surveys":false,"footnotes":""},"categories":[37],"tags":[],"class_list":["post-821","page","type-page","status-publish","has-post-thumbnail","hentry","category-les-difficultes-de-la-bible"],"aioseo_notices":[],"_links":{"self":[{"href":"https:\/\/jesus-is-muslim.net\/fr\/wp-json\/wp\/v2\/pages\/821","targetHints":{"allow":["GET"]}}],"collection":[{"href":"https:\/\/jesus-is-muslim.net\/fr\/wp-json\/wp\/v2\/pages"}],"about":[{"href":"https:\/\/jesus-is-muslim.net\/fr\/wp-json\/wp\/v2\/types\/page"}],"author":[{"embeddable":true,"href":"https:\/\/jesus-is-muslim.net\/fr\/wp-json\/wp\/v2\/users\/1"}],"replies":[{"embeddable":true,"href":"https:\/\/jesus-is-muslim.net\/fr\/wp-json\/wp\/v2\/comments?post=821"}],"version-history":[{"count":0,"href":"https:\/\/jesus-is-muslim.net\/fr\/wp-json\/wp\/v2\/pages\/821\/revisions"}],"up":[{"embeddable":true,"href":"https:\/\/jesus-is-muslim.net\/fr\/wp-json\/wp\/v2\/pages\/809"}],"wp:featuredmedia":[{"embeddable":true,"href":"https:\/\/jesus-is-muslim.net\/fr\/wp-json\/wp\/v2\/media\/1520"}],"wp:attachment":[{"href":"https:\/\/jesus-is-muslim.net\/fr\/wp-json\/wp\/v2\/media?parent=821"}],"wp:term":[{"taxonomy":"category","embeddable":true,"href":"https:\/\/jesus-is-muslim.net\/fr\/wp-json\/wp\/v2\/categories?post=821"},{"taxonomy":"post_tag","embeddable":true,"href":"https:\/\/jesus-is-muslim.net\/fr\/wp-json\/wp\/v2\/tags?post=821"}],"curies":[{"name":"wp","href":"https:\/\/api.w.org\/{rel}","templated":true}]}}