{"id":823,"date":"2015-12-20T05:30:40","date_gmt":"2015-12-20T03:30:40","guid":{"rendered":"https:\/\/jesus-is-muslim.net\/fr\/?page_id=823"},"modified":"2017-07-22T15:21:00","modified_gmt":"2017-07-22T13:21:00","slug":"comment-judas-fut-mort","status":"publish","type":"page","link":"https:\/\/jesus-is-muslim.net\/fr\/accueil\/la-bible\/les-difficultes-de-la-bible\/comment-judas-fut-mort\/","title":{"rendered":"Comment Judas fut Mort?"},"content":{"rendered":"<h3>La Contradiction entre Matthieu et le livre des Actes<\/h3>\n<p>La Bible nous dit deux histoires. Matthieu 27:5 dit qu\u2019il se pendit:<\/p>\n<blockquote><p><em>Matthieu 27:5 Judas jeta les pi\u00e8ces d\u2019argent dans le temple, se retira, et alla se pendre.\u00a0<\/em><\/p><\/blockquote>\n<p>Mais Actes 1:18 dit qu\u2019il s\u2019est rompu par le milieu du corps, et toutes ses entrailles se sont r\u00e9pandus:<\/p>\n<blockquote><p><em>Actes 1:18 Cet homme, ayant acquis un champ avec le salaire du crime, est tomb\u00e9, s\u2019est rompu par le milieu du corps, et toutes ses entrailles se sont r\u00e9pandues.<\/em><\/p><\/blockquote>\n<p>Quelle est la vraie histoire? L\u2019un peut dire qu\u2019il se pendit, et lorsqu\u2019il est tomb\u00e9,\u00a0toutes ses entrailles se sont r\u00e9pandues. En fait c\u2019est bizarre, et on ne sait pas comment cela s\u2019est pass\u00e9. De plus, on trouve une tierce histoire racont\u00e9e par Papias le p\u00e8re de l\u2019\u00e9glise:<\/p>\n<blockquote><p>Judas, devenu tellement enfl\u00e9 qu\u2019il ne pouvait plus passer l\u00e0 o\u00f9 une charrette passait ais\u00e9ment et qui finit \u00e9cras\u00e9 par ladite charrette en r\u00e9pandant ses boyaux dans la rue. (source <a href=\"https:\/\/fr.wikipedia.org\/wiki\/Papias_d%27Hi%C3%A9rapolis\">ici <\/a>et <a href=\"http:\/\/www.ccel.org\/ccel\/schaff\/anf01.vii.ii.iii.html\">ici<\/a>)<\/p><\/blockquote>\n<p>Alors Papias dit que\u00a0les boyaux de Judas furent r\u00e9pandus dans la rue mais \u00e7a n\u2019\u00e9tait pas parce qu\u2019il est tomb\u00e9 apr\u00e8s qu\u2019il se pendit, mais c\u2019\u00e9tait car il fut \u00e9cras\u00e9 par la charrette apr\u00e8s qu\u2019il devint enfl\u00e9.\u00a0\u00c7a peut marcher avec l\u2019histoire des Actes, mais il ne peut pas marcher avec celle de Matthieu.\u00a0Il vaut la peine de mentionner que Papias \u00e9tait la plus ancienne source parmi les p\u00e8res de l\u2019\u00e9glise citant que Matthieu a \u00e9crit un livre en h\u00e9breu. Il semble qu\u2019il parle d\u2019un autre livre. Alors, qui est l\u2019\u00e9crivain de cet \u00e9vangile\u00a0existant aujourd\u2019hui?<\/p>\n<h3>Qui acheta le champ? Judas ou les\u00a0principaux sacrificateurs?<\/h3>\n<p>Il y a aussi une autre contradiction, c\u2019est que Matthieu 27 dit qu&rsquo;apr\u00e8s Judas est mort, les principaux sacrificateurs achet\u00e8rent un champ avec l\u2019argent donn\u00e9 \u00e0 Judas pour trahir J\u00e9sus, et l\u2019\u00e9crivain de Matthieu dit que c\u2019est une proph\u00e9tie mentionn\u00e9e par J\u00e9r\u00e9mie (Zacharie):<\/p>\n<blockquote><p><em><span id=\"fr-LSG-24135\">Matthieu 27:<\/span><span id=\"fr-LSG-24137\">7\u00a0Et, apr\u00e8s en avoir d\u00e9lib\u00e9r\u00e9, <strong>ils achet\u00e8rent avec cet argent le champ du potier<\/strong>, pour la s\u00e9pulture des \u00e9trangers.\u00a0<\/span><span id=\"fr-LSG-24138\">8\u00a0C\u2019est pourquoi ce champ a \u00e9t\u00e9 appel\u00e9 champ du sang, jusqu\u2019\u00e0 ce jour.\u00a0<\/span><span id=\"fr-LSG-24139\">9\u00a0Alors <strong>s\u2019accomplit ce qui avait \u00e9t\u00e9 annonc\u00e9 par J\u00e9r\u00e9mie, le proph\u00e8te:<\/strong> <strong>Ils ont pris les trente pi\u00e8ces d\u2019argent<\/strong>, la valeur de celui qui a \u00e9t\u00e9 estim\u00e9, qu\u2019on a estim\u00e9 de la part des enfants d\u2019Isra\u00ebl;\u00a0<\/span><\/em><span id=\"fr-LSG-24139\">10\u00a0<\/span><em><span id=\"fr-LSG-24139\"><strong>et il les ont donn\u00e9es pour le champ du potier<\/strong>, comme le Seigneur me l\u2019avait ordonn\u00e9.<\/span><\/em><\/p><\/blockquote>\n<p>Mais l\u2019\u00e9crivain du livre des Actes dit que Judas est l\u2019un qui acheta le champ non les\u00a0principaux sacrificateurs et il cita une autre proph\u00e9tie dans les Psaumes:<\/p>\n<blockquote><p><em><span id=\"fr-LSG-26943\">Actes1:18\u00a0Cet homme, <strong>ayant acquis un champ avec le salaire du crime<\/strong>,\u2026 19\u00a0La chose a \u00e9t\u00e9 si connue de tous les habitants de J\u00e9rusalem que ce champ a \u00e9t\u00e9 appel\u00e9 dans leur langue Hakeldama, c\u2019est-\u00e0-dire, champ du sang.\u00a0<\/span><span id=\"fr-LSG-26944\">20\u00a0<\/span><span id=\"fr-LSG-26944\">Or, <strong>il est \u00e9crit dans le livre des Psaumes:<\/strong> <strong>Que sa demeure devienne d\u00e9s<\/strong><\/span><span id=\"fr-LSG-26944\" class=\"text Acts-1-20\"><strong>erte<\/strong>, Et que personne ne l\u2019habite! Et: Qu\u2019un autre prenne sa charge!<\/span><\/em><\/p><\/blockquote>\n<p>On trouve que l&rsquo;\u00e9crivain du livre des Actes cita un verset dans le Psaumes que la demeure de Judas devienne d\u00e9serte. Alors, selon le livre des Actes, ce n\u2019\u00e9tait pas les principaux sacrificateurs comme on trouve dans Matthieu 27, c\u2019\u00e9tait Judas qui acheta le champ, et \u00e0 chacun ses versets dans l\u2019ancien testament pour prouver sa narration!! Ce n\u2019est pas juste une erreur, c\u2019\u00e9tait une fabrication des narrations en utilisant les versets de l\u2019ancien testament qui soutient sa narration.<\/p>\n","protected":false},"excerpt":{"rendered":"<p>La Contradiction entre Matthieu et le livre des Actes La Bible nous dit deux histoires. Matthieu 27:5 dit qu\u2019il se pendit: Matthieu 27:5 Judas jeta les pi\u00e8ces d\u2019argent dans le temple, se retira, et alla se pendre.\u00a0 Mais Actes 1:18 dit qu\u2019il s\u2019est rompu par le milieu du corps, et toutes ses entrailles se sont [&hellip;]<\/p>\n","protected":false},"author":1,"featured_media":1518,"parent":809,"menu_order":0,"comment_status":"closed","ping_status":"closed","template":"","meta":{"om_disable_all_campaigns":false,"_monsterinsights_skip_tracking":false,"_monsterinsights_sitenote_active":false,"_monsterinsights_sitenote_note":"","_monsterinsights_sitenote_category":0,"_uf_show_specific_survey":0,"_uf_disable_surveys":false,"footnotes":""},"categories":[37],"tags":[],"class_list":["post-823","page","type-page","status-publish","has-post-thumbnail","hentry","category-les-difficultes-de-la-bible"],"aioseo_notices":[],"_links":{"self":[{"href":"https:\/\/jesus-is-muslim.net\/fr\/wp-json\/wp\/v2\/pages\/823","targetHints":{"allow":["GET"]}}],"collection":[{"href":"https:\/\/jesus-is-muslim.net\/fr\/wp-json\/wp\/v2\/pages"}],"about":[{"href":"https:\/\/jesus-is-muslim.net\/fr\/wp-json\/wp\/v2\/types\/page"}],"author":[{"embeddable":true,"href":"https:\/\/jesus-is-muslim.net\/fr\/wp-json\/wp\/v2\/users\/1"}],"replies":[{"embeddable":true,"href":"https:\/\/jesus-is-muslim.net\/fr\/wp-json\/wp\/v2\/comments?post=823"}],"version-history":[{"count":0,"href":"https:\/\/jesus-is-muslim.net\/fr\/wp-json\/wp\/v2\/pages\/823\/revisions"}],"up":[{"embeddable":true,"href":"https:\/\/jesus-is-muslim.net\/fr\/wp-json\/wp\/v2\/pages\/809"}],"wp:featuredmedia":[{"embeddable":true,"href":"https:\/\/jesus-is-muslim.net\/fr\/wp-json\/wp\/v2\/media\/1518"}],"wp:attachment":[{"href":"https:\/\/jesus-is-muslim.net\/fr\/wp-json\/wp\/v2\/media?parent=823"}],"wp:term":[{"taxonomy":"category","embeddable":true,"href":"https:\/\/jesus-is-muslim.net\/fr\/wp-json\/wp\/v2\/categories?post=823"},{"taxonomy":"post_tag","embeddable":true,"href":"https:\/\/jesus-is-muslim.net\/fr\/wp-json\/wp\/v2\/tags?post=823"}],"curies":[{"name":"wp","href":"https:\/\/api.w.org\/{rel}","templated":true}]}}