{"id":825,"date":"2015-12-23T05:33:23","date_gmt":"2015-12-23T03:33:23","guid":{"rendered":"https:\/\/jesus-is-muslim.net\/fr\/?page_id=825"},"modified":"2017-07-22T15:17:20","modified_gmt":"2017-07-22T13:17:20","slug":"quel-age-avait-perets-lorsquil-est-marie","status":"publish","type":"page","link":"https:\/\/jesus-is-muslim.net\/fr\/accueil\/la-bible\/quel-age-avait-perets-lorsquil-est-marie\/","title":{"rendered":"Quel \u00e2ge avait P\u00e9rets lorsqu\u2019il est mari\u00e9?"},"content":{"rendered":"<p>Selon Gen\u00e8se 37:2, Joseph avait 17 ans lorsqu\u2019il eut un songe et ses fr\u00e8res le ha\u00efrent, et puis il fut vendu aux Isma\u00e9lites, qui l&#8217;emmen\u00e8rent en \u00c9gypte:<\/p>\n<blockquote><p><em>Gen\u00e8se 37:2 Voici la lign\u00e9e de Jacob. <strong>A l\u2019\u00e2ge de 17 ans<\/strong>, Joseph prenait soin du troupeau avec ses fr\u00e8res. Le gar\u00e7on \u00e9tait en compagnie des fils de Bilha et de Zilpa, les femmes de son p\u00e8re, et il rapportait leurs mauvais propos \u00e0 leur p\u00e8re&#8230;.<\/em>\u00a0<em>5<sup class=\"versenum\">\u00a0<\/sup>Joseph eut un songe, et il le raconta \u00e0 ses fr\u00e8res, qui le ha\u00efrent encore davantage&#8230;.28\u00a0Au passage des marchands madianites, ils tir\u00e8rent et firent remonter Joseph hors de la citerne; et ils le vendirent pour vingt sicles d&rsquo;argent aux Isma\u00e9lites, <strong>qui l&#8217;emmen\u00e8rent en \u00c9gypte.<\/strong><\/em><\/p><\/blockquote>\n<p>Ensuite, il dit qu\u2019il avait 30 ans lorsqu\u2019il se pr\u00e9senta\u00a0devant le pharaon:<\/p>\n<blockquote><p><em>Gen\u00e8se 41:46\u00a0Il \u00e9tait \u00e2g\u00e9 de 30 ans lorsqu\u2019il se pr\u00e9senta devant le pharaon, le roi d\u2019Egypte.<\/em><\/p><\/blockquote>\n<p>Puis les\u00a0sept ann\u00e9es d\u2019abondance\u00a0pass\u00e8rent:<\/p>\n<blockquote><p><em>Gen\u00e8se 41:53 Les sept ann\u00e9es d\u2019abondance qu\u2019il y eut en \u00c9gypte pass\u00e8rent,<\/em><\/p><\/blockquote>\n<p>Puis les 2 ans de la famine pass\u00e8rent lorsqu\u2019il invita ses fr\u00e8res \u00e0\u00a0venir en \u00c9gypte:<\/p>\n<blockquote><p><em>Gen\u00e8se 45:6\u00a0Voil\u00e0 2 ans que la famine dure dans le pays, et pendant 5 ans encore il n\u2019y aura ni labourage ni moisson&#8230;..\u00a09\u00a0H\u00e2tez-vous de remonter aupr\u00e8s de mon p\u00e8re, et vous lui direz: Ainsi a parl\u00e9 ton fils Joseph: Dieu m&rsquo;a \u00e9tabli seigneur de toute l&rsquo;\u00c9gypte; <strong>descends vers moi, ne tarde pas!\u00a010\u00a0Tu habiteras dans le pays de Gosen<\/strong>, et tu seras pr\u00e8s de moi, toi, tes fils, et les fils de tes fils, tes brebis et tes boeufs, et tout ce qui est \u00e0 toi.<\/em><\/p><\/blockquote>\n<p>Alors, on conclue que la p\u00e9riode entre le temps quand Joseph fut emmen\u00e9 en Egypte, et quand il invita sa famille sera\u00a02+7+30-17=22 ans.<\/p>\n<p>Voyons ce que s\u2019est pass\u00e9 dans la famille de Jacob durant ce temps. Judah est\u00a0mari\u00e9 et il engendra Er et Onan (Gen\u00e8se\u00a038:3-4), \u00e7a s\u2019est pass\u00e9 durant 2 ans au moins car sa femme \u00e9tait enceinte deux fois. Puis Er et Tamar se sont mari\u00e9s, puis Er fut mort, \u00e7a se passe durant 12 ans au moins afin que Er soit assez grand pour qu\u2019il puisse marier. Supposons qu&rsquo;Er fut mort juste apr\u00e8s son mariage.<\/p>\n<p>Donc il y a 14\u00a0ans jusqu\u2019ici. Ensuite,\u00a0Onan et Tamar\u00a0se sont mari\u00e9s, puis il fut mort. Supposons que tout cela a pris juste un jour. En verset 11,\u00a0Juda dit \u00e0 Tamar qu\u2019elle\u00a0reste veuve chez son p\u00e8re jusqu\u2019\u00e0 ce que son fils Sh\u00e9la soit grand. Le verset 14 dit que Sh\u00e9la est devenu grand mais il ne l\u2019a pas mari\u00e9e.\u00a0\u00c7a prend 2 ans au moins. Puis Juda s\u2019unit \u00e0 elle et elle tomba enceinte de lui. (Gen\u00e8se 38:18). Tamar engendra P\u00e9rets.\u00a0\u00c7a prend 7 mois au moins.<\/p>\n<p>Alors, P\u00e9rets fut n\u00e9 apr\u00e8s 16 ans depuis Joseph fut emmen\u00e9 en Egypte, \u00e7a signifie que l\u2019\u00e2ge de P\u00e9rets lorsqu\u2019il alla au Joseph est 22-16=6\u00a0ans. La Bible parle de P\u00e9rets et de ses fils parmi la famille de Jacob qui furent venus en Egypte:<\/p>\n<blockquote><p><em>Gen\u00e8se 46:12<sup class=\"versenum\">\u00a0<\/sup>Fils de Juda: Er, Onan, Sh\u00e9la, P\u00e9rets et Z\u00e9rach; cependant, Er et Onan moururent dans le pays de Canaan. <strong>Les fils de P\u00e9rets furent Hetsron et Hamul.<\/strong><\/em><\/p><\/blockquote>\n<p>Comment un enfant ayant 6 ans est mari\u00e9 et comment il avait 2 enfants quand il a 6 ans? La Bible peut nous r\u00e9pondre!<\/p>\n","protected":false},"excerpt":{"rendered":"<p>Selon Gen\u00e8se 37:2, Joseph avait 17 ans lorsqu\u2019il eut un songe et ses fr\u00e8res le ha\u00efrent, et puis il fut vendu aux Isma\u00e9lites, qui l&#8217;emmen\u00e8rent en \u00c9gypte: Gen\u00e8se 37:2 Voici la lign\u00e9e de Jacob. A l\u2019\u00e2ge de 17 ans, Joseph prenait soin du troupeau avec ses fr\u00e8res. Le gar\u00e7on \u00e9tait en compagnie des fils de [&hellip;]<\/p>\n","protected":false},"author":1,"featured_media":1522,"parent":881,"menu_order":0,"comment_status":"closed","ping_status":"closed","template":"","meta":{"om_disable_all_campaigns":false,"_monsterinsights_skip_tracking":false,"_monsterinsights_sitenote_active":false,"_monsterinsights_sitenote_note":"","_monsterinsights_sitenote_category":0,"_uf_show_specific_survey":0,"_uf_disable_surveys":false,"footnotes":""},"categories":[37],"tags":[],"class_list":["post-825","page","type-page","status-publish","has-post-thumbnail","hentry","category-les-difficultes-de-la-bible"],"aioseo_notices":[],"_links":{"self":[{"href":"https:\/\/jesus-is-muslim.net\/fr\/wp-json\/wp\/v2\/pages\/825","targetHints":{"allow":["GET"]}}],"collection":[{"href":"https:\/\/jesus-is-muslim.net\/fr\/wp-json\/wp\/v2\/pages"}],"about":[{"href":"https:\/\/jesus-is-muslim.net\/fr\/wp-json\/wp\/v2\/types\/page"}],"author":[{"embeddable":true,"href":"https:\/\/jesus-is-muslim.net\/fr\/wp-json\/wp\/v2\/users\/1"}],"replies":[{"embeddable":true,"href":"https:\/\/jesus-is-muslim.net\/fr\/wp-json\/wp\/v2\/comments?post=825"}],"version-history":[{"count":0,"href":"https:\/\/jesus-is-muslim.net\/fr\/wp-json\/wp\/v2\/pages\/825\/revisions"}],"up":[{"embeddable":true,"href":"https:\/\/jesus-is-muslim.net\/fr\/wp-json\/wp\/v2\/pages\/881"}],"wp:featuredmedia":[{"embeddable":true,"href":"https:\/\/jesus-is-muslim.net\/fr\/wp-json\/wp\/v2\/media\/1522"}],"wp:attachment":[{"href":"https:\/\/jesus-is-muslim.net\/fr\/wp-json\/wp\/v2\/media?parent=825"}],"wp:term":[{"taxonomy":"category","embeddable":true,"href":"https:\/\/jesus-is-muslim.net\/fr\/wp-json\/wp\/v2\/categories?post=825"},{"taxonomy":"post_tag","embeddable":true,"href":"https:\/\/jesus-is-muslim.net\/fr\/wp-json\/wp\/v2\/tags?post=825"}],"curies":[{"name":"wp","href":"https:\/\/api.w.org\/{rel}","templated":true}]}}