{"id":827,"date":"2015-12-21T05:35:50","date_gmt":"2015-12-21T03:35:50","guid":{"rendered":"https:\/\/jesus-is-muslim.net\/fr\/?page_id=827"},"modified":"2017-07-10T23:39:16","modified_gmt":"2017-07-10T21:39:16","slug":"est-jesus-le-fils-de-dieu","status":"publish","type":"page","link":"https:\/\/jesus-is-muslim.net\/fr\/accueil\/jesus\/est-jesus-le-fils-de-dieu\/","title":{"rendered":"Est J\u00e9sus le fils de Dieu?"},"content":{"rendered":"<p>L\u2019une des croyances principales de christianisme c&rsquo;est que J\u00e9sus est le fils unique\u00a0de Dieu; une croyance consid\u00e9r\u00e9e comme un blasph\u00e8me par les Musulmans. Apr\u00e8s montrant que\u00a0<a href=\"https:\/\/jesus-is-muslim.net\/fr\/index.php\/jesus-dit-je-ne-suis-pas-dieu\/\">J\u00e9sus n\u2019a pas dit qu\u2019il est Dieu<\/a> et <a href=\"https:\/\/jesus-is-muslim.net\/fr\/index.php\/a-jesus-vraiment-dit-il-soit-dieu\/\">r\u00e9pondant aux versets utilis\u00e9s par les Chr\u00e9tiens pour prouver que J\u00e9sus dit \u00e7a<\/a>, on voit ici si J\u00e9sus est un fils litt\u00e9ral de Dieu ou non.<\/p>\n<h3>Quel est le sens du mot \u00abfils de Dieu\u00bb?<\/h3>\n<p>C\u2019est une question qui n\u2019a jamais une r\u00e9ponse claire \u00e0 partir des Chr\u00e9tiens. Certains disent que J\u00e9sus est appel\u00e9 comme le fils de Dieu car il n\u2019a pas de p\u00e8re, mais la Bible dit qu\u2019Adam est le fils de Dieu car il n\u2019a pas de p\u00e8re (Luc 3:38), et on ne trouve pas les Chr\u00e9tiens consid\u00e9rant Adam comme une personne dans la trinit\u00e9 ou \u00e9quivalent \u00e0 Dieu.<\/p>\n<p>Des autres disent que J\u00e9sus est \u00e9quivalent \u00e0 Dieu en nature et en essence, mais on trouve qu\u2019ils croient que\u00a0le saint esprit est \u00e9gal \u00e0 Dieu alors qu\u2019ils ne l\u2019appellent pas comme un fils engendr\u00e9 de Dieu. Ils plut\u00f4t distinguent entre J\u00e9sus, le fils unique engendr\u00e9 de Dieu (Jean 3:16) et le saint esprit qui vient de Dieu (Jean 15:26). Alors, il doit exister une diff\u00e9rence entre les deux expressions, la question qui n\u2019a pas de r\u00e9ponse solide.<\/p>\n<p>En fait, le mot \u00abfils de Dieu\u00bb n\u2019est pas une preuve que J\u00e9sus est Dieu car il y a beaucoup d\u2019hommes appel\u00e9s \u00abfils de Dieu\u00bb dans les deux testaments. En fait le sens de ce mot est figuratif. Sinon, on trouve qu\u2019il y a beaucoup de gens \u00e9quivalents \u00e0 Dieu dans la Bible. On trouve quelques exemples ici:<\/p>\n<blockquote><p><em>Exode 4:22 Tu diras au pharaon: \u00abVoici ce que dit l\u2019Eternel: Isra\u00ebl est mon fils a\u00een\u00e9.<\/em><br \/>\n<em>Psaumes 82:6 J\u2019avais dit: Vous \u00eates des dieux[a], oui, vous tous, vous \u00eates des fils du Tr\u00e8s-Haut!<\/em><br \/>\n<em>2 Samuel 7:14 Je serai pour lui un p\u00e8re, et il sera pour moi un fils; s\u2019il fait le mal, je me servirai d\u2019hommes pour le corriger par des coups et des ch\u00e2timents<\/em><br \/>\n<em>Luc 3:38 Enosch, Seth, Adam, qui \u00e9tait lui-m\u00eame fils de Dieu.<\/em><br \/>\n<em>Matthieu 5:9 Heureux ceux qui r\u00e9pandent autour d\u2019eux la paix, car Dieu les reconna\u00eetra pour ses fils.<\/em><\/p><\/blockquote>\n<p>Alors, on voit ici que ce n\u2019est pas J\u00e9sus seulement qui \u00e9tait appel\u00e9 comme un fils de Dieu, mais il y a beaucoup d\u2019autres personnes ayant la m\u00eame appellation. On convient que ces personnes n\u2019ont jamais de caract\u00e8re de divinit\u00e9, bien qu\u2019elles soient appel\u00e9es comme des fils de Dieu selon la Bible. C\u2019est le m\u00eame cas de J\u00e9sus. En appelant J\u00e9sus comme un fils de Dieu, \u00e7a ne le fait pas Dieu.<\/p>\n<p><a href=\"https:\/\/jesus-is-muslim.net\/wp-content\/uploads\/2013\/05\/Jesus-is-the-son-of-God.png\" rel=\"attachment wp-att-1425\"><img loading=\"lazy\" decoding=\"async\" class=\"alignnone size-full wp-image-1425\" src=\"https:\/\/jesus-is-muslim.net\/wp-content\/uploads\/2013\/05\/Jesus-is-the-son-of-God.png\" alt=\"J\u00e9sus n'est pas le fils de Dieu\" width=\"1040\" height=\"570\" srcset=\"https:\/\/jesus-is-muslim.net\/wp-content\/uploads\/2013\/05\/Jesus-is-the-son-of-God.png 1040w, https:\/\/jesus-is-muslim.net\/wp-content\/uploads\/2013\/05\/Jesus-is-the-son-of-God-300x164.png 300w, https:\/\/jesus-is-muslim.net\/wp-content\/uploads\/2013\/05\/Jesus-is-the-son-of-God-768x421.png 768w, https:\/\/jesus-is-muslim.net\/wp-content\/uploads\/2013\/05\/Jesus-is-the-son-of-God-1024x561.png 1024w\" sizes=\"auto, (max-width: 1040px) 100vw, 1040px\" \/><\/a><\/p>\n<h3>Comment J\u00e9sus a Compris le sens de mot \u00abFils de Dieu\u00bb?<\/h3>\n<p>J\u00e9sus lui-m\u00eame compris que ce mot \u00abfils de Dieu\u00bb a un sens figuratif. On peut voir cela en Jean 10:33-36 quand J\u00e9sus r\u00e9pond les juifs qui l\u2019accus\u00e8rent de blasph\u00e8me:<\/p>\n<div class=\"poetry\">\n<blockquote>\n<p class=\"line\"><em><span id=\"fr-BDS-26532\" class=\"text John-10-33\">33Les Juifs r\u00e9pliqu\u00e8rent:<\/span><\/em><br \/>\n<em><span class=\"text John-10-33\">\u2014Nous ne voulons pas te tuer pour une bonne action, mais parce que tu blasph\u00e8mes. Car, toi qui n\u2019es qu\u2019un homme, tu te fais passer pour Dieu.<\/span><\/em><\/p>\n<\/blockquote>\n<\/div>\n<blockquote>\n<div class=\"poetry\">\n<p class=\"line\"><em><span id=\"fr-BDS-26533\" class=\"text John-10-34\"><sup class=\"versenum\">34\u00a0<\/sup>J\u00e9sus r\u00e9pondit:<\/span><\/em><br \/>\n<em><span class=\"text John-10-34\">\u2014N\u2019est-il pas \u00e9crit dans votre propre Loi:<\/span><\/em><br \/>\n<em><span class=\"indent-1\"><span class=\"indent-1-breaks\">\u00a0\u00a0\u00a0\u00a0<\/span><span class=\"text John-10-34\">Moi, le Seigneur, je vous ai dit:<\/span><\/span><\/em><br \/>\n<em><span class=\"indent-1\"><span class=\"indent-1-breaks\">\u00a0\u00a0\u00a0\u00a0<\/span><span class=\"text John-10-34\">Vous \u00eates des dieux?<\/span><\/span><\/em><\/p>\n<\/div>\n<\/blockquote>\n<div class=\"poetry\">\n<blockquote>\n<p class=\"line\"><em><span id=\"fr-BDS-26534\" class=\"text John-10-35\"><sup class=\"versenum\">35\u00a0<\/sup>Or, on ne saurait discuter le t\u00e9moignage de l\u2019Ecriture. Si donc votre Loi appelle \u00abdieux\u00bb ceux auxquels s\u2019adresse la Parole de Dieu,<\/span><sup class=\"versenum\">36\u00a0<\/sup>comment pouvez-vous m\u2019accuser de blasph\u00e8me parce que j\u2019ai dit: \u00abJe suis le Fils de Dieu\u00bb, quand c\u2019est le P\u00e8re qui m\u2019a consacr\u00e9 et envoy\u00e9 dans le monde?<\/em><\/p>\n<\/blockquote>\n<\/div>\n<p>J\u00e9sus a cit\u00e9 Psaume 82:6 et il a dit qu\u2019en \u00e9tant appel\u00e9 le fils du Dieu, J\u00e9sus est comme ces juges en Psaumes 82:6 appel\u00e9s des fils de Dieu. Sont ces juges des dieux et des fils de Dieu litt\u00e9ralement? Non, c\u2019est pareil avec J\u00e9sus, c\u2019est juste une m\u00e9taphore. N\u2019est-ce pas ce que J\u00e9sus lui-m\u00eame a dit? Pourquoi prendre ce que les autres ont dit au lieu de ce que J\u00e9sus a dit \u00e0 propos de lui-m\u00eame?<\/p>\n<p>J\u00e9sus aussi confirme ce sens lorsqu\u2019il dit aux Pharisiens:<\/p>\n<blockquote><p><em>Jean 8:38\u00a0Moi, je parle de ce que j\u2019ai vu chez mon P\u00e8re. Quant \u00e0 vous, vous faites ce que vous avez appris de votre p\u00e8re.<\/em><\/p><\/blockquote>\n<p>Comme on voit ici, J\u00e9sus compare son P\u00e8re (Dieu) avec le p\u00e8re de Pharisiens; le diable. Est le diable le p\u00e8re litt\u00e9ral de\u00a0Pharisiens? Non, c\u2019est le m\u00eame cas de J\u00e9sus. C\u2019est juste un m\u00e9taphore.<\/p>\n<p>L\u2019un peut citer Jean 3:16 qui dit que J\u00e9sus est le fils unique de Dieu et \u00e7a veut dire que le mot \u00ab\u00a0fils de Dieu\u00a0\u00bb a un sens diff\u00e9rent concernant J\u00e9sus. Mais on voit que beaucoup des traductions de la Bible en anglais comme le TNIV et (the good news Bible) disent que ce n\u2019est pas une citation directe de J\u00e9sus, et c&rsquo;est plut\u00f4t dit par l&rsquo;\u00e9crivain de l&rsquo;\u00e9vangile de Jean. C\u2019est aussi confirm\u00e9 par des commentaires de la Bible comme\u00a0(Robertson\u2019s Word Picture). Si J\u00e9sus lui-m\u00eame ne comprend pas la sens litt\u00e9ral de mot \u00ab\u00a0fils de Dieu\u00a0\u00bb comme montr\u00e9 ci-dessus, pourquoi croire dans ce sens qui est contre la compr\u00e9hension de J\u00e9sus et contre les enseignements de tous les proph\u00e8tes que Dieu est un seul Dieu? Est ce-que ces personnes connaissent J\u00e9sus plus que lui-m\u00eame?<br \/>\nDisant que Dieu \u00e0 un fils c&rsquo;est un polyth\u00e9isme contre ce que les proph\u00e8tes de Dieu pr\u00eachaient. J\u00e9sus a dit en Jean 17:3 que le P\u00e8re est le Dieu unique et v\u00e9ritable. Comment dire que Dieu a un fils? \u00c7a signifie que Dieu a une famille, un clair polyth\u00e9isme comme celui des pa\u00efens qui croyaient des m\u00eames croyances. Il y a un seul Dieu, non une famille de dieux, c\u2019est le message de tous les proph\u00e8tes dont J\u00e9sus lui-m\u00eame. Pourquoi d\u00e9tournons-nous de cette v\u00e9rit\u00e9 absolue vers une croyance pa\u00efenne? Parce que l\u2019\u00e9glise a dit \u00e7a?<\/p>\n","protected":false},"excerpt":{"rendered":"<p>L\u2019une des croyances principales de christianisme c&rsquo;est que J\u00e9sus est le fils unique\u00a0de Dieu; une croyance consid\u00e9r\u00e9e comme un blasph\u00e8me par les Musulmans. Apr\u00e8s montrant que\u00a0J\u00e9sus n\u2019a pas dit qu\u2019il est Dieu et r\u00e9pondant aux versets utilis\u00e9s par les Chr\u00e9tiens pour prouver que J\u00e9sus dit \u00e7a, on voit ici si J\u00e9sus est un fils litt\u00e9ral [&hellip;]<\/p>\n","protected":false},"author":1,"featured_media":1425,"parent":845,"menu_order":0,"comment_status":"closed","ping_status":"closed","template":"","meta":{"om_disable_all_campaigns":false,"_monsterinsights_skip_tracking":false,"_monsterinsights_sitenote_active":false,"_monsterinsights_sitenote_note":"","_monsterinsights_sitenote_category":0,"_uf_show_specific_survey":0,"_uf_disable_surveys":false,"footnotes":""},"categories":[39],"tags":[],"class_list":["post-827","page","type-page","status-publish","has-post-thumbnail","hentry","category-jesus-fr"],"aioseo_notices":[],"_links":{"self":[{"href":"https:\/\/jesus-is-muslim.net\/fr\/wp-json\/wp\/v2\/pages\/827","targetHints":{"allow":["GET"]}}],"collection":[{"href":"https:\/\/jesus-is-muslim.net\/fr\/wp-json\/wp\/v2\/pages"}],"about":[{"href":"https:\/\/jesus-is-muslim.net\/fr\/wp-json\/wp\/v2\/types\/page"}],"author":[{"embeddable":true,"href":"https:\/\/jesus-is-muslim.net\/fr\/wp-json\/wp\/v2\/users\/1"}],"replies":[{"embeddable":true,"href":"https:\/\/jesus-is-muslim.net\/fr\/wp-json\/wp\/v2\/comments?post=827"}],"version-history":[{"count":0,"href":"https:\/\/jesus-is-muslim.net\/fr\/wp-json\/wp\/v2\/pages\/827\/revisions"}],"up":[{"embeddable":true,"href":"https:\/\/jesus-is-muslim.net\/fr\/wp-json\/wp\/v2\/pages\/845"}],"wp:featuredmedia":[{"embeddable":true,"href":"https:\/\/jesus-is-muslim.net\/fr\/wp-json\/wp\/v2\/media\/1425"}],"wp:attachment":[{"href":"https:\/\/jesus-is-muslim.net\/fr\/wp-json\/wp\/v2\/media?parent=827"}],"wp:term":[{"taxonomy":"category","embeddable":true,"href":"https:\/\/jesus-is-muslim.net\/fr\/wp-json\/wp\/v2\/categories?post=827"},{"taxonomy":"post_tag","embeddable":true,"href":"https:\/\/jesus-is-muslim.net\/fr\/wp-json\/wp\/v2\/tags?post=827"}],"curies":[{"name":"wp","href":"https:\/\/api.w.org\/{rel}","templated":true}]}}