{"id":829,"date":"2015-12-25T10:38:07","date_gmt":"2015-12-25T08:38:07","guid":{"rendered":"https:\/\/jesus-is-muslim.net\/fr\/?page_id=829"},"modified":"2017-07-21T13:16:47","modified_gmt":"2017-07-21T11:16:47","slug":"le-jihad-est-il-une-terrorisme","status":"publish","type":"page","link":"https:\/\/jesus-is-muslim.net\/fr\/accueil\/questions-communes-lslam\/le-jihad-est-il-une-terrorisme\/","title":{"rendered":"Le Jihad est-il une Terrorisme?"},"content":{"rendered":"<h3>Pourquoi le Jihad fut\u00a0Sanctionn\u00e9e?<\/h3>\n<p>Le Jihad est la principale id\u00e9e fausse parmi les non Musulmans \u00e0 propos de l\u2019Islam. Ils pensent que le seul objectif de l\u2019Islam c&rsquo;est tuer les peuples et prendre leur argent, ce n\u2019est pas vrai. Le Jihad fut sanctionn\u00e9 pour prot\u00e8ger les gens et pour les faire vivre pacifiquement en combattant ceux qui combattent les Musulmans et ceux qui emp\u00eachent l\u2019appel de l\u2019Islam \u00e0 atteindre aux gens.<\/p>\n<p>Par exemple, s\u2019il y a un village infect\u00e9 par un virus, et certains y viennent avec le medicament utilis\u00e9 pour gu\u00e9rir les gens de ce virus. Mais on trouve les leaders de ce village emp\u00eachant ces m\u00e9dicaments \u00e0 entrer le village. Ne faudrait-il pas que ces leaders soient combattus afin que le medicament entre le village? Il n\u2019y a pas d\u2019autre solution. C\u2019est simplement le Jihad. Le Jihad n\u2019est pas de terrorisme, c\u2019est une guerre contre le terrorisme. Le Coran dit:<\/p>\n<blockquote><p>75. Et qu\u2019avez vous \u00e0 ne pas combattre dans le sentier d\u2019Allah, et pour la cause des faibles: hommes, femmes et enfants qui disent: \u2039Seigneur! Fais-nous sortir de cette cit\u00e9 dont les gens sont injustes, et assigne-nous de Ta part un alli\u00e9, et assigne-nous de Ta part un secoureur\u203a. (Le Saint Coran 4:75)<\/p><\/blockquote>\n<p><a href=\"https:\/\/jesus-is-muslim.net\/wp-content\/uploads\/2015\/12\/LES-ENSEIGNEMENTS-DU-PROPH\u00c8TE-MUHAMMAD-\ufdfa-LORS-DE-LA-GUERRE-1.png\"><img loading=\"lazy\" decoding=\"async\" class=\"alignnone size-full wp-image-1951\" src=\"https:\/\/jesus-is-muslim.net\/wp-content\/uploads\/2015\/12\/LES-ENSEIGNEMENTS-DU-PROPH\u00c8TE-MUHAMMAD-\ufdfa-LORS-DE-LA-GUERRE-1.png\" alt=\"LES ENSEIGNEMENTS DU PROPH\u00c8TE MUHAMMAD \ufdfa LORS DE LA GUERRE\" width=\"1040\" height=\"570\" srcset=\"https:\/\/jesus-is-muslim.net\/wp-content\/uploads\/2015\/12\/LES-ENSEIGNEMENTS-DU-PROPH\u00c8TE-MUHAMMAD-\ufdfa-LORS-DE-LA-GUERRE-1.png 1040w, https:\/\/jesus-is-muslim.net\/wp-content\/uploads\/2015\/12\/LES-ENSEIGNEMENTS-DU-PROPH\u00c8TE-MUHAMMAD-\ufdfa-LORS-DE-LA-GUERRE-1-300x164.png 300w, https:\/\/jesus-is-muslim.net\/wp-content\/uploads\/2015\/12\/LES-ENSEIGNEMENTS-DU-PROPH\u00c8TE-MUHAMMAD-\ufdfa-LORS-DE-LA-GUERRE-1-768x421.png 768w, https:\/\/jesus-is-muslim.net\/wp-content\/uploads\/2015\/12\/LES-ENSEIGNEMENTS-DU-PROPH\u00c8TE-MUHAMMAD-\ufdfa-LORS-DE-LA-GUERRE-1-1024x561.png 1024w\" sizes=\"auto, (max-width: 1040px) 100vw, 1040px\" \/><\/a><\/p>\n<h3>L\u2019Islam Enseigne qu\u2019il ne faut pas Tuer un Innocent<\/h3>\n<p>L\u2019Islam clairement interdit le meurtre des innocents. Le saint Coran dit:<\/p>\n<blockquote><p>8. Allah ne vous d\u00e9fend pas d\u2019\u00eatre bienfaisants et \u00e9quitables envers ceux qui ne vous ont pas combattus pour la religion et ne vous ont pas chass\u00e9s de vos demeures. Car Allah aime les \u00e9quitables. 9. Allah vous d\u00e9fend seulement de prendre pour alli\u00e9s ceux qui vous ont combattus pour la religion, chass\u00e9s de vos demeures et ont aid\u00e9 \u00e0 votre expulsion. Et ceux qui les prennent pour alli\u00e9s sont les injustes. (Saint Coran 60:8-9)<\/p><\/blockquote>\n<p>Le Proph\u00e8te Mohammed \ufdfa interdisait aux soldats de tuer les femmes et les enfants,\u00a0 et il leur conseillait:<\/p>\n<blockquote><p>\u201c\u2026 Ne trahissez pas, ne soyez pas excessifs, ne tuez pas un nouveau-n\u00e9.\u201d<\/p><\/blockquote>\n<p>Et il a aussi dit:<\/p>\n<blockquote><p>\u201cQuiconque a tu\u00e9 une personne qui avait fait un pacte (de non-agression) avec les musulmans ne sentira pas l\u2019odeur du Paradis, m\u00eame si son parfum peut \u00eatre senti \u00e0 une distance \u00e9quivalant \u00e0 quarante ans.\u201d<\/p><\/blockquote>\n<p>\u00c0 la lumi\u00e8re de ces textes et d\u2019autres textes Islamiques, le fait de provoquer la terreur dans les coeurs de civils sans d\u00e9fense, la destruction massive d\u2019\u00e9difices et de propri\u00e9t\u00e9s, le bombardement et la mutilation d\u2019hommes, de femmes et d\u2019enfants innocents sont tous des actes interdits et d\u00e9testables aux yeux de l\u2019Islam et des Musulmans.\u00a0 Les Musulmans pratiquent une religion bas\u00e9e sur la paix, la mis\u00e9ricorde et le pardon, et la vaste majorit\u00e9 d\u2019entre eux n\u2019ont rien \u00e0 voir avec les violents \u00e9v\u00e9nements que certains associent aux musulmans.\u00a0 Si un Musulman commettait un acte de terrorisme, il serait coupable d\u2019avoir viol\u00e9 les lois de l\u2019Islam.(Source <a href=\"http:\/\/www.islamreligion.com\/fr\/articles\/238\/que-dit-l-islam-a-propos-du-terrorisme\/\">ici<\/a>)<\/p>\n","protected":false},"excerpt":{"rendered":"<p>Pourquoi le Jihad fut\u00a0Sanctionn\u00e9e? Le Jihad est la principale id\u00e9e fausse parmi les non Musulmans \u00e0 propos de l\u2019Islam. Ils pensent que le seul objectif de l\u2019Islam c&rsquo;est tuer les peuples et prendre leur argent, ce n\u2019est pas vrai. Le Jihad fut sanctionn\u00e9 pour prot\u00e8ger les gens et pour les faire vivre pacifiquement en combattant [&hellip;]<\/p>\n","protected":false},"author":1,"featured_media":1953,"parent":837,"menu_order":0,"comment_status":"closed","ping_status":"closed","template":"","meta":{"om_disable_all_campaigns":false,"_monsterinsights_skip_tracking":false,"_monsterinsights_sitenote_active":false,"_monsterinsights_sitenote_note":"","_monsterinsights_sitenote_category":0,"_uf_show_specific_survey":0,"_uf_disable_surveys":false,"footnotes":""},"categories":[30],"tags":[],"class_list":["post-829","page","type-page","status-publish","has-post-thumbnail","hentry","category-les-musulmans-et-les-non-musulmans"],"aioseo_notices":[],"_links":{"self":[{"href":"https:\/\/jesus-is-muslim.net\/fr\/wp-json\/wp\/v2\/pages\/829","targetHints":{"allow":["GET"]}}],"collection":[{"href":"https:\/\/jesus-is-muslim.net\/fr\/wp-json\/wp\/v2\/pages"}],"about":[{"href":"https:\/\/jesus-is-muslim.net\/fr\/wp-json\/wp\/v2\/types\/page"}],"author":[{"embeddable":true,"href":"https:\/\/jesus-is-muslim.net\/fr\/wp-json\/wp\/v2\/users\/1"}],"replies":[{"embeddable":true,"href":"https:\/\/jesus-is-muslim.net\/fr\/wp-json\/wp\/v2\/comments?post=829"}],"version-history":[{"count":0,"href":"https:\/\/jesus-is-muslim.net\/fr\/wp-json\/wp\/v2\/pages\/829\/revisions"}],"up":[{"embeddable":true,"href":"https:\/\/jesus-is-muslim.net\/fr\/wp-json\/wp\/v2\/pages\/837"}],"wp:featuredmedia":[{"embeddable":true,"href":"https:\/\/jesus-is-muslim.net\/fr\/wp-json\/wp\/v2\/media\/1953"}],"wp:attachment":[{"href":"https:\/\/jesus-is-muslim.net\/fr\/wp-json\/wp\/v2\/media?parent=829"}],"wp:term":[{"taxonomy":"category","embeddable":true,"href":"https:\/\/jesus-is-muslim.net\/fr\/wp-json\/wp\/v2\/categories?post=829"},{"taxonomy":"post_tag","embeddable":true,"href":"https:\/\/jesus-is-muslim.net\/fr\/wp-json\/wp\/v2\/tags?post=829"}],"curies":[{"name":"wp","href":"https:\/\/api.w.org\/{rel}","templated":true}]}}