{"id":831,"date":"2015-12-22T05:40:00","date_gmt":"2015-12-22T03:40:00","guid":{"rendered":"https:\/\/jesus-is-muslim.net\/fr\/?page_id=831"},"modified":"2017-07-12T19:07:38","modified_gmt":"2017-07-12T17:07:38","slug":"dieu-est-il-une-trinite","status":"publish","type":"page","link":"https:\/\/jesus-is-muslim.net\/fr\/accueil\/jesus\/dieu-est-il-une-trinite\/","title":{"rendered":"Dieu est-Il une Trinit\u00e9?"},"content":{"rendered":"<p>Comme expliqu\u00e9 auparavant que <a href=\"https:\/\/jesus-is-muslim.net\/fr\/index.php\/jesus-dit-je-ne-suis-pas-dieu\/\">J\u00e9sus n\u2019est pas Dieu<\/a>\u00a0et que l<a href=\"https:\/\/jesus-is-muslim.net\/fr\/index.php\/est-jesus-le-fils-de-dieu\/\">e mot \u00ab\u00a0fils de Dieu\u00a0\u00bb n\u2019a pas de sens de divinit\u00e9 concernant J\u00e9sus<\/a>, cela veut dire que Dieu n\u2019est pas une trinit\u00e9, mais il y a quelques points qui doivent \u00eatre r\u00e9pondus comme les versets utilis\u00e9s par les Chr\u00e9tiens pour prouver que Dieu est une trinit\u00e9 et les analogies utilis\u00e9es afin de prouver que la trinit\u00e9 est logique. Cet article va discuter ces points.<\/p>\n<h3>La Trinit\u00e9 n\u2019est pas mentionn\u00e9 dans la Bible<\/h3>\n<p>La Bible n\u2019a jamais dit que Dieu est une trinit\u00e9, en fait le mot \u00ab\u00a0trinit\u00e9\u00a0\u00bb \u00e9tait premi\u00e8rement utilis\u00e9 par Tertullien \u00e0 la fin du 2e si\u00e8cle. Les Chr\u00e9tiens argumentent que le sens de la trinit\u00e9 est mentionn\u00e9 dans la Bible bien que le mot lui-m\u00eame fut invent\u00e9 plus tard. Ils disent que Dieu utilise le mot \u00ab\u00a0nous\u00a0\u00bb pour Lui-m\u00eame\u00a0et\u00a0que J\u00e9sus ordonna les disciples de baptiser les nations\u00a0au nom du P\u00e8re, du fils et du saint esprit.<\/p>\n<h4>Le Mot \u00ab\u00a0Nous\u00a0\u00bb veut dire la Trinit\u00e9?<\/h4>\n<p>Les Chr\u00e9tiens citent Gen\u00e8se 1:26 o\u00f9 Dieu utilise le mot \u00ab\u00a0Nous\u00a0\u00bb \u00e0 propos de Lui-m\u00eame:<\/p>\n<blockquote><p><em><span id=\"fr-LSG-26\">Gen\u00e8se 1:26\u00a0Puis Dieu dit: Faisons l\u2019homme \u00e0 notre image, selon notre ressemblance, et qu\u2019il domine sur les poissons de la mer, sur les oiseaux du ciel, sur le b\u00e9tail, sur toute la terre, et sur tous les reptiles qui rampent sur la terre.\u00a0<\/span><\/em><em><span id=\"fr-LSG-27\">27\u00a0Dieu cr\u00e9a l\u2019homme \u00e0 son image, il le cr\u00e9a \u00e0 l\u2019image de Dieu, il cr\u00e9a l\u2019homme et la femme.<\/span><\/em><\/p><\/blockquote>\n<p>En fait, l\u2019usage de mot \u00ab\u00a0nous\u00a0\u00bb ne signifie pas que Dieu est plus qu\u2019une personne. C\u2019\u00e9tait une langue utilis\u00e9e par beaucoup des rois. C\u2019est le \u00ab\u00a0nous de majest\u00e9\u00a0\u00bb:<\/p>\n<blockquote><p>(Grammaire) Pronom nous qui s\u2019utilise pour un seul locuteur \u00e0 la place de je, tout en maintenant un accord sylleptique au singulier, lorsque cette personne est un roi, ou rev\u00eatue d\u2019une autorit\u00e9 officielle.<br \/>\nAujourd\u2019hui 21 d\u00e9cembre 1785, dix heures du matin, en l\u2019assembl\u00e9e du Corps municipal, tenue devant nous Louis-Charles Lemenestrel, chevalier de l\u2019ordre royal de Saint-Louis, conseiller du Roi, lieutenant de Maire \u2026 \u2014 (\u00c9douard Lef\u00e8vre, Documents historiques sur le comt\u00e9 et la ville de Dreux, 1859, p. 64) (<a href=\"https:\/\/fr.wiktionary.org\/wiki\/nous_de_majest%C3%A9\">Source ici<\/a>)<\/p><\/blockquote>\n<p>C\u2019est aussi comme on vouvoie nos professeurs ou ceux qui ont un rang sup\u00e9rieur. Personne ne dit que ce sont plus d\u2019une personne. C\u2019est une forme de glorification. Ce n\u2019est pas juste la Bible qui utilise le \u00ab\u00a0nous de majest\u00e9\u00a0\u00bb, le Coran l\u2019utilise aussi malgr\u00e9 c&rsquo;est clair que Dieu n\u2019est pas une trinit\u00e9.<\/p>\n<h4><a href=\"https:\/\/jesus-is-muslim.net\/wp-content\/uploads\/2015\/12\/Dieu-est-il-une-trinite.png\" rel=\"attachment wp-att-1452\"><img loading=\"lazy\" decoding=\"async\" class=\"alignnone size-full wp-image-1452\" src=\"https:\/\/jesus-is-muslim.net\/wp-content\/uploads\/2015\/12\/Dieu-est-il-une-trinite.png\" alt=\"Dieu n'est pas une trinit\u00e9\" width=\"1040\" height=\"570\" srcset=\"https:\/\/jesus-is-muslim.net\/wp-content\/uploads\/2015\/12\/Dieu-est-il-une-trinite.png 1040w, https:\/\/jesus-is-muslim.net\/wp-content\/uploads\/2015\/12\/Dieu-est-il-une-trinite-300x164.png 300w, https:\/\/jesus-is-muslim.net\/wp-content\/uploads\/2015\/12\/Dieu-est-il-une-trinite-768x421.png 768w, https:\/\/jesus-is-muslim.net\/wp-content\/uploads\/2015\/12\/Dieu-est-il-une-trinite-1024x561.png 1024w\" sizes=\"auto, (max-width: 1040px) 100vw, 1040px\" \/><\/a><\/h4>\n<h4>La Formule de Baptisme en Matthieu 28:19 Montre la Trinit\u00e9?<\/h4>\n<p>Un autre argument utilis\u00e9 est ce que J\u00e9sus a dit en Matthieu 28:19:<\/p>\n<blockquote>\n<p class=\"verse\"><em><span id=\"fr-LSG-24215\" class=\"text Matt-28-19\"><span id=\"fr-LSG-26\">Gen\u00e8se 1:26\u00a0<\/span>Allez, faites de toutes les nations des disciples, les baptisant au nom du P\u00e8re, du Fils et du Saint Esprit,<\/span><\/em><\/p>\n<\/blockquote>\n<p>En fait, il n\u2019y a pas d\u2019\u00e9vidence dans ce verset que Dieu est une trinit\u00e9 ou que J\u00e9sus et le saint esprit sont Dieu. En disant au nom du P\u00e8re, du fils et du saint esprit, \u00e7a ne signifie pas qu\u2019ils soient un Dieu et trois personnes. Sinon, on consid\u00e8re que les anges \u00e9lus sont Dieu aussi ou des personnes de la trinit\u00e9 car le verset suivant les mentionne ensemble:<\/p>\n<blockquote><p><em><span class=\"passage-display-bcv\">1 Timoth\u00e9e 5:21\u00a0<\/span>Je te conjure devant Dieu, devant J\u00e9sus Christ, et devant les anges \u00e9lus, d\u2019observer ces choses sans pr\u00e9vention, et de ne rien faire par faveur.<\/em><\/p><\/blockquote>\n<p>De plus, on ne trouve pas les disciples baptisant les gens au nom du P\u00e8re, du fils et du saint esprit, mais plut\u00f4t au nom de J\u00e9sus comme en Actes 2:38, 8:16, 10:48, 19:5, 42:16. C\u2019est pourquoi Eus\u00e8be; l\u2019historien de l\u2019\u00e9glise vivant dans le 4e si\u00e8cle n\u2019a pas cit\u00e9 ce verset comme l&rsquo;on trouve en Matthieu 28:19, mais il l\u2019a cit\u00e9 comme \u00e7a:<\/p>\n<blockquote><p>\u00ab Allez enseignez toutes les nations en mon nom. \u00bb (<a href=\"http:\/\/remacle.org\/bloodwolf\/historiens\/eusebe\/histoire3.htm\">Source ici<\/a>)<\/p><\/blockquote>\n<p>En fait, il y a quelques th\u00e9ories concernant l\u2019origine de ce verset. On peut les parcourir\u00a0<a href=\"http:\/\/antitrinitaire.les-forums.com\/topic\/24\/matthieu-28-19-la-formulation-du-bapteme\/\">ici<\/a>.<\/p>\n<h3>La Trinit\u00e9 est-il Logique?<\/h3>\n<p>Il y a beaucoup de Chr\u00e9tiens essayant \u00e0 prouver que la trinit\u00e9 est logique. Alors, ils donnent quelques analogies pour montrer que la trinit\u00e9 est m\u00eame que ces analogies.\u00a0Dans le christianisme, la Trinit\u00e9 (ou Sainte-Trinit\u00e9) est le Dieu unique en trois personnes : le P\u00e8re, le Fils et le Saint-Esprit, \u00e9gaux, participant d\u2019une m\u00eame essence divine et pourtant fondamentalement distincts (source <a href=\"https:\/\/fr.wikipedia.org\/wiki\/Trinit%C3%A9_(christianisme)\">ici<\/a>). Alors, on peut examiner ces analogies et voir si la trinit\u00e9 est appliqu\u00e9 dans ces analogies ou non.<\/p>\n<h4>1 x 1 x 1=1, Non 1+1+1=1<\/h4>\n<p>En fait, \u00e7a semble bizarre, comment multiplier le P\u00e8re par le fils par le saint esprit? Quel est le sens physique de \u00e7a? Je ne sais pas!<\/p>\n<h4>L\u2019Analogie du Soleil et de l\u2019Humain<\/h4>\n<p>Une autre analogie utilis\u00e9e par les Chr\u00e9tiens est la nature du\u00a0soleil qui a un corps, une lumi\u00e8re et une chaleur, ce ne sont pas trois soleils, plut\u00f4t un seul soleil. Cependant, c\u2019est contre le concept de trinit\u00e9 qui dit que le P\u00e8re, le fils et le saint esprit sont distincts. La lumi\u00e8re de soleil vient de sa chaleur, et la chaleur vient des explosions atomiques survenues sur la surface de soleil. De plus, ce n\u2019est pas juste la lumi\u00e8re et la chaleur qui viennent de corps de soleil, il y a plus d\u2019autres propri\u00e9t\u00e9s physiques qui en viennent comme le champ magn\u00e9tique et la force gravitationnelle par exemple. On ne dit pas que chaque propri\u00e9t\u00e9 est un soleil distinct comme la trinit\u00e9 dit.<\/p>\n<p>C\u2019est m\u00eame que l\u2019analogie de l\u2019humain \u00eatre qui a un corps, un cerveau et un esprit.\u00a0Il n\u2019y a pas un homme sans un corps, mais il y a un homme sans un cerveau comme un fou et il y a un homme sans un esprit, c\u2019est un cadavre. On ne dit pas que l\u2019esprit d\u2019un homme est un homme distinct ou que le cerveau d\u2019un homme est un homme distinct. Mais on dit que le corps d\u2019un homme est un homme distinct. De plus, l\u2019homme a aussi une vue, une audition, un pouvoir,\u2026etc. Pourquoi choisir juste ces\u00a0propri\u00e9t\u00e9s?<\/p>\n<h4>Un Atome a des Protons, des Neutrons et des \u00c9lectrons<\/h4>\n<p>C\u2019est un autre analogie comparant l\u2019atome qui consiste en protons, neutrons et \u00e9lectrons. Ce ne sont pas trois atomes, mais plut\u00f4t un seul atome. En fait, le poids d\u2019un atome est le somme de poids des protons, neutrons et \u00e9lectrons. C\u2019est-\u00e0-dire ce sont des parties et la trinit\u00e9 ne dit pas que Dieu est divis\u00e9 en parties.<\/p>\n<h4>L\u2019Eau a trois phases, Solide, Liquide et Vapeur<\/h4>\n<p>Cette analogie est utilis\u00e9e pour dire que Dieu existe dans trois formes. Si l\u2019on chauffe une glace, elle devient un liquide. Si l\u2019on l&rsquo;a chauffe encore, le liquide devient un vapeur. C\u2019est contre la trinit\u00e9 car il montre Dieu comme s\u2019Il se convertit d\u2019une forme \u00e0 une autre. C\u2019\u00e9tait une h\u00e9r\u00e9sie ancienne appel\u00e9e les Prax\u00e8ans qui est rejet\u00e9e par les Chr\u00e9tiens. On voit\u00a0comment Tertullien l\u2019a r\u00e9pondue <a href=\"https:\/\/fr.wikipedia.org\/wiki\/Prax%C3%A9as\">dans ce lien<\/a>.<\/p>\n<h4>Il n\u2019y a pas de b\u00e9n\u00e9fice de ces analogies<\/h4>\n<p>Toutes ces analogies finiront avec l\u2019une de ces analogies ci-dessus. Alors, soit on conclue que la trinit\u00e9 ne dit pas que chaque personne est une personne distincte qui a tous les caract\u00e8res de Dieu, soit on conclue que Dieu est divis\u00e9 en parties, soit on conclue que Dieu transforme d\u2019une forme \u00e0 une autre. Les trois sont contre le concept de trinit\u00e9.<\/p>\n<p>Enfin, un Chr\u00e9tien peut dire que la trinit\u00e9 est un myst\u00e8re et un secret de Dieu et nous ne le pouvons pas comprendre. Cela peut \u00eatre compris s&rsquo;il y a une \u00e9vidence claire venant de Dieu qu&rsquo;Il est une trinit\u00e9. Mais ce n\u2019est pas vrai comme expliqu\u00e9 ci-dessus et comme expliqu\u00e9 dans les articles pr\u00e9c\u00e9dents. S&rsquo;il n&rsquo;y a pas d&rsquo;\u00e9vidence que Dieu est une trinit\u00e9, cela signifie que c&rsquo;est une h\u00e9r\u00e9sie.<\/p>\n","protected":false},"excerpt":{"rendered":"<p>Comme expliqu\u00e9 auparavant que J\u00e9sus n\u2019est pas Dieu\u00a0et que le mot \u00ab\u00a0fils de Dieu\u00a0\u00bb n\u2019a pas de sens de divinit\u00e9 concernant J\u00e9sus, cela veut dire que Dieu n\u2019est pas une trinit\u00e9, mais il y a quelques points qui doivent \u00eatre r\u00e9pondus comme les versets utilis\u00e9s par les Chr\u00e9tiens pour prouver que Dieu est une trinit\u00e9 [&hellip;]<\/p>\n","protected":false},"author":1,"featured_media":1452,"parent":845,"menu_order":0,"comment_status":"closed","ping_status":"closed","template":"","meta":{"om_disable_all_campaigns":false,"_monsterinsights_skip_tracking":false,"_monsterinsights_sitenote_active":false,"_monsterinsights_sitenote_note":"","_monsterinsights_sitenote_category":0,"_uf_show_specific_survey":0,"_uf_disable_surveys":false,"footnotes":""},"categories":[39],"tags":[],"class_list":["post-831","page","type-page","status-publish","has-post-thumbnail","hentry","category-jesus-fr"],"aioseo_notices":[],"_links":{"self":[{"href":"https:\/\/jesus-is-muslim.net\/fr\/wp-json\/wp\/v2\/pages\/831","targetHints":{"allow":["GET"]}}],"collection":[{"href":"https:\/\/jesus-is-muslim.net\/fr\/wp-json\/wp\/v2\/pages"}],"about":[{"href":"https:\/\/jesus-is-muslim.net\/fr\/wp-json\/wp\/v2\/types\/page"}],"author":[{"embeddable":true,"href":"https:\/\/jesus-is-muslim.net\/fr\/wp-json\/wp\/v2\/users\/1"}],"replies":[{"embeddable":true,"href":"https:\/\/jesus-is-muslim.net\/fr\/wp-json\/wp\/v2\/comments?post=831"}],"version-history":[{"count":0,"href":"https:\/\/jesus-is-muslim.net\/fr\/wp-json\/wp\/v2\/pages\/831\/revisions"}],"up":[{"embeddable":true,"href":"https:\/\/jesus-is-muslim.net\/fr\/wp-json\/wp\/v2\/pages\/845"}],"wp:featuredmedia":[{"embeddable":true,"href":"https:\/\/jesus-is-muslim.net\/fr\/wp-json\/wp\/v2\/media\/1452"}],"wp:attachment":[{"href":"https:\/\/jesus-is-muslim.net\/fr\/wp-json\/wp\/v2\/media?parent=831"}],"wp:term":[{"taxonomy":"category","embeddable":true,"href":"https:\/\/jesus-is-muslim.net\/fr\/wp-json\/wp\/v2\/categories?post=831"},{"taxonomy":"post_tag","embeddable":true,"href":"https:\/\/jesus-is-muslim.net\/fr\/wp-json\/wp\/v2\/tags?post=831"}],"curies":[{"name":"wp","href":"https:\/\/api.w.org\/{rel}","templated":true}]}}