{"id":833,"date":"2015-12-25T05:42:47","date_gmt":"2015-12-25T05:42:47","guid":{"rendered":"https:\/\/jesus-is-muslim.net\/fr\/?page_id=833"},"modified":"2018-02-15T17:17:12","modified_gmt":"2018-02-15T15:17:12","slug":"prophete-muhammad-esaie-42","status":"publish","type":"page","link":"https:\/\/jesus-is-muslim.net\/fr\/accueil\/le-prophete-muhammad\/le-prophete-muhammad-dans-la-bible\/prophete-muhammad-esaie-42\/","title":{"rendered":"Le Proph\u00e8te Muhammad en \u00c9sa\u00efe 42"},"content":{"rendered":"<p>\u00c9sa\u00efe 42 est une proph\u00e9tie racontant beaucoup d\u2019attributs du Proph\u00e8te Muhammad \ufdfa. Dans cet article, on montrera comment ce chapitre pr\u00e9dit la venue du\u00a0Proph\u00e8te Muhammad \ufdfa. Il dit:<\/p>\n<blockquote>\n<p class=\"verse chapter-2\"><em><span id=\"fr-LSG-18482\" class=\"text Isa-42-1\"><span class=\"chapternum\">\u00c9sa\u00efe 42:1\u00a0<\/span>Voici mon serviteur, que je soutiendrai, Mon \u00e9lu, en qui mon \u00e2me prend plaisir. J\u2019ai mis mon esprit sur lui; Il annoncera la justice aux nations.<\/span><\/em><\/p>\n<\/blockquote>\n<h3>Le Serviteur et L\u2019\u00c9lu de Dieu<\/h3>\n<p>Au d\u00e9but, le verset parle d\u2019un serviteur de Dieu. D\u2019apr\u00e8s la croyance Chr\u00e9tienne, J\u00e9sus est Dieu non un serviteur de Dieu. Pour cette raison, ce verset ne peut pas parler sur J\u00e9sus selon les Chr\u00e9tiens. L\u2019un peut dire que J\u00e9sus ait deux natures; une nature humaine \u00a0et une nature\u00a0divine et ce verset parle de la nature humaine ici. En fait, cela n\u2019est pas logique. Si Dieu veut pr\u00e9dire Sa venue, pourquoi parlait-il de \u00a0Sa nature humaine comme Son serviteur sans m\u00eame mentionner Sa nature divine. De plus, le verset dit que ce serviteur est \u00e9lu par Dieu. Dieu n\u2019\u00e9lit pas Lui-m\u00eame pour descendre \u00e0 la terre. Mais Il \u00e9lit un homme parmi les humains \u00eatres pour devenir un proph\u00e8te.<\/p>\n<h4>Il est envoy\u00e9 aux nations<\/h4>\n<p>Ensuite, la proph\u00e9tie dit que le serviteur et l&rsquo;\u00e9lu de Dieu\u00a0annoncera la justice aux nations. Ce n\u2019est pas J\u00e9sus aussi car J\u00e9sus dit:<\/p>\n<div>\n<blockquote><p><em><span id=\"fr-LSG-23658\">Matthieu 15:24\u00a0Il r\u00e9pondit: Je n\u2019ai \u00e9t\u00e9 envoy\u00e9 qu\u2019aux brebis perdues de la maison d\u2019Isra\u00ebl.<\/span><\/em><\/p><\/blockquote>\n<\/div>\n<p>Le Proph\u00e8te Muhammad \ufdfa \u00e9tait envoy\u00e9 dans un lieu o\u00f9 le culte des idoles se domine. C\u2019est pourquoi le message de l\u2019Islam met l&rsquo;accent sur l\u2019adoration de Dieu seulement et que ses idoles n\u2019peut profiter ni nuire. D\u2019autre part, J\u00e9sus est envoy\u00e9 dans un environnement Isra\u00e9lite, et il ne fut pas tr\u00e8s concern\u00e9 avec les pa\u00efennes comme expliqu\u00e9es ci-dessus dans l\u2019histoire avec la femme Canan\u00e9enne, mais la conversation de J\u00e9sus avec les Juifs se concentre sur l\u2019\u00e9vidence qu\u2019il soit le Messie.<\/p>\n<h3><a href=\"https:\/\/jesus-is-muslim.net\/wp-content\/uploads\/2015\/12\/Le-Proph\u00e8te-Muhammad-en-\u00e9sa\u00efe-42.png\" rel=\"attachment wp-att-1391\"><img loading=\"lazy\" decoding=\"async\" class=\"alignnone size-full wp-image-1391\" src=\"https:\/\/jesus-is-muslim.net\/wp-content\/uploads\/2015\/12\/Le-Proph\u00e8te-Muhammad-en-\u00e9sa\u00efe-42.png\" alt=\"La proph\u00e9tie du Proph\u00e8te Muhammad en Esa\u00efe 42\" width=\"1038\" height=\"570\" srcset=\"https:\/\/jesus-is-muslim.net\/wp-content\/uploads\/2015\/12\/Le-Proph\u00e8te-Muhammad-en-\u00e9sa\u00efe-42.png 1038w, https:\/\/jesus-is-muslim.net\/wp-content\/uploads\/2015\/12\/Le-Proph\u00e8te-Muhammad-en-\u00e9sa\u00efe-42-300x165.png 300w, https:\/\/jesus-is-muslim.net\/wp-content\/uploads\/2015\/12\/Le-Proph\u00e8te-Muhammad-en-\u00e9sa\u00efe-42-768x422.png 768w, https:\/\/jesus-is-muslim.net\/wp-content\/uploads\/2015\/12\/Le-Proph\u00e8te-Muhammad-en-\u00e9sa\u00efe-42-1024x562.png 1024w\" sizes=\"auto, (max-width: 1038px) 100vw, 1038px\" \/><\/a><\/h3>\n<h3>Les Arabes R\u00e9jouissent pour la venue de ce Proph\u00e8te<\/h3>\n<p>La proph\u00e9tie continue en disant:<\/p>\n<div class=\"version-SG21 result-text-style-normal text-html \">\n<div class=\"child-vertical-none\">\n<blockquote><p><em><span id=\"fr-SG21-18560\" class=\"text Isa-42-11\"><span id=\"fr-LSG-18485\" class=\"text Isa-42-4\"><span id=\"fr-LSG-18483\">\u00c9sa\u00efe 42:11\u00a0<\/span><\/span>Que le d\u00e9sert et ses villes fassent entendre leur voix,\u00a0<\/span><span class=\"text Isa-42-11\">ainsi que les villages occup\u00e9s par K\u00e9dar!\u00a0<\/span><span class=\"text Isa-42-11\">Que les habitants de S\u00e9la expriment leur all\u00e9gresse!\u00a0<\/span><span class=\"text Isa-42-11\">Que du sommet des montagnes retentissent des cris de joie!<\/span><\/em><\/p><\/blockquote>\n<\/div>\n<\/div>\n<p>Ce verset donne ici deux places; K\u00e9dar et S\u00e9la. K\u00e9dar est le 2e fils d\u2019Isma\u00ebl (Gen\u00e8se 25:13) (Cet article montre\u00a0<a href=\"https:\/\/jesus-is-muslim.net\/fr\/index.php\/benediction-ismael\/\">la b\u00e9n\u00e9diction d\u2019Isma\u00ebl),<\/a>\u00a0et S\u00e9la est Sala; une montagne c\u00e9l\u00e8bre \u00e0\u00a0Medine, o\u00f9 le Proph\u00e8te y \u00e9migra et les habitants de M\u00e9dine l\u2019ont aid\u00e9 jusqu\u2019\u00e0 ce que l\u2019Islam \u00e9tait pr\u00e9value dans toute l\u2019Arabie. La montagne de Sala est mentionn\u00e9e dans quelques hadiths Islamiques. L\u2019un peut dire que S\u00e9la \u00a0dans la Bible est Petra, mais Petra n\u2019est jamais\u00a0li\u00e9 aux \u00e9v\u00e9nements religieux et m\u00eame dans notre temps, il est en Jordanie, un \u00e9tat habit\u00e9 par les Musulmans. En fait, il se passe que il y ait plus d\u2019une\u00a0place qui a\u00a0le m\u00eame nom comme Seir par exemple. Seir est une montagne d\u2019Idumaea et il y a d\u2019autre montagne en Palestine nomm\u00e9e Seir. Voir <a href=\"http:\/\/www.enseignemoi.com\/bible\/strong-biblique-hebreu-se-iyr-8165.html\">ce lien<\/a>.<\/p>\n<p>L\u2019un peut dire que ce verset veut dire que tous les gens seront heureux pour la venue de J\u00e9sus, mais on voit ici que ce verset mentionne des lieux qui ne sont pas li\u00e9s au christianisme. Le Christianisme en Arabie avant l\u2019Islam fut limit\u00e9e \u00e0 Najran au Sud et au bord de l\u2019empire Romaine. M\u00eame P\u00e9tra (en supposant que Sela ici signifie P\u00e9tra) n\u2019\u00e9tait pas une ville majeure de christianisme. On n\u2019a pas entendu d\u2019une \u00e9glise majeure ou d\u2019un ancien p\u00e8re de l\u2019\u00e9glise en Arabie ou \u00e0 P\u00e9tra, mais ces lieux sont des lieux Musulmans. Si ce verset veut dire la venue de christianisme, il mentionnerait des lieux qui avaient un lien avec christianisme comme Rome, Antioche, \u00c9ph\u00e8se, \u2026etc. Au contraire, le verset mentionne les lieux les plus Islamique en Arabie; la ville de l\u2019anc\u00eatre de Proph\u00e8te Muhammad \ufdfa; K\u00e9dar (La Mecque) et la ville o\u00f9 le Proph\u00e8te Muhammad \ufdfa y \u00e9migra et l\u2019Islam en commen\u00e7a \u00e0 pr\u00e9valoir (M\u00e9dine o\u00f9 le mont. Sala se trouve).<\/p>\n<h3>Ce Proph\u00e8te aura une Nouvelle Loi<\/h3>\n<blockquote><p><em><span id=\"fr-LSG-18485\" class=\"text Isa-42-4\"><span id=\"fr-LSG-18483\">\u00c9sa\u00efe 42:3-4\u00a0<\/span>Il ne se d\u00e9couragera point et ne se rel\u00e2chera point, Jusqu\u2019\u00e0 ce qu\u2019il ait \u00e9tabli la justice sur la terre, <strong>Et que les \u00eeles esp\u00e8rent en sa loi<\/strong>.<\/span><\/em><\/p><\/blockquote>\n<p>J\u00e9sus vint non pour abolir la loi, mais pour l\u2019accomplir, tandis que le Proph\u00e8te Muhammad \ufdfa\u00a0est venu avec la loi finale de Dieu, c\u2019est la loi de l\u2019Islam. J\u00e9sus n\u2019est pas venu avec une loi d\u00e9taill\u00e9e comme Mo\u00efse et Muhammad (Paix sur eux), mais il en ajouta peu de modifications. De plus, les Chr\u00e9tiens disent qu\u2019ils n\u2019aient plus besoin de la loi. C\u2019est pourquoi ils ne circoncissent pas (lequel est contre l\u2019alliance de Dieu avec Abraham), ils mangent du porc,\u2026etc. Mais ils disent que leur foi que J\u00e9sus est mort pour leur p\u00e9ch\u00e9s est suffisante et qu\u2019on n\u2019ait pas besoin des \u0153uvres. Alors, o\u00f9 est la loi esp\u00e9r\u00e9e par les \u00eeles? C\u2019est la loi du Proph\u00e8te Muhammad \ufdfa.<\/p>\n<h3>Ce Proph\u00e8te Combattra les ennemies de Dieu<\/h3>\n<blockquote><p><em><span id=\"fr-SG21-18562\" class=\"text Isa-42-13\">\u00c9sa\u00efe 42:13 L\u2019Eternel sort, pareil \u00e0 un h\u00e9ros,\u00a0<\/span><span class=\"text Isa-42-13\">son z\u00e8le passionn\u00e9 le fait surgir comme un homme de guerre.\u00a0<\/span><span class=\"text Isa-42-13\">Il pousse des cris, des cris de guerre,\u00a0<\/span><span class=\"text Isa-42-13\">il montre sa force contre ses ennemis.<\/span><\/em><\/p><\/blockquote>\n<p>Le verset ici dit que ce proph\u00e8te combattra les ennemis de Dieu. Le Proph\u00e8te Muhammad \ufdfa\u00a0combattit les ennemies de Dieu, contrairement \u00e0 J\u00e9sus qui n\u2019\u00e9tait pas un chef politique et il n\u2019a jamais combattu ses ennemis.<\/p>\n<h3>L\u2019environnement de ce Proph\u00e8te<\/h3>\n<blockquote><p><em><span id=\"fr-SG21-18562\" class=\"text Isa-42-13\">\u00c9sa\u00efe 42:17<\/span><\/em>\u00a0<span id=\"fr-SG21-18566\" class=\"text Isa-42-17\">Ils reculeront, couverts de honte,\u00a0<\/span><span class=\"text Isa-42-17\">ceux qui placent leur confiance dans les sculptures sacr\u00e9es,\u00a0<\/span><span class=\"text Isa-42-17\">ceux qui disent aux statues en m\u00e9tal fondu:\u00a0<\/span><span class=\"text Isa-42-17\">\u00abC\u2019est vous qui \u00eates nos dieux!\u00bb<\/span><\/p><\/blockquote>\n<p>Le Proph\u00e8te Muhammad \ufdfa\u00a0\u00e9tait envoy\u00e9 dans une lieu o\u00f9 le culte des idoles se dominent. C\u2019est pourquoi le message de l\u2019Islam parle beaucoup concernant adorer Dieu seulement et que ces idoles n\u2019a pas de b\u00e9n\u00e9fices ou de dommage. D\u2019autre part, J\u00e9sus est envoy\u00e9 dans une environnement Isra\u00e9lien, et il ne fut pas concern\u00e9 avec les pa\u00efennes comme expliqu\u00e9 ci-dessus, mais la conversation de J\u00e9sus avec les juifs se concentre sur l\u2019\u00e9vidence qu\u2019il soit le Messie.<\/p>\n<h3>Les Morales du Proph\u00e8te Muhammad\u00a0\ufdfa<\/h3>\n<blockquote><p><em><span id=\"fr-LSG-18483\">\u00c9sa\u00efe 42:2\u00a0Il ne criera point, il n\u2019\u00e9l\u00e8vera point la voix, Et ne la fera point entendre dans les rues.\u00a0<\/span><span id=\"fr-LSG-18484\">3\u00a0Il ne brisera point le roseau cass\u00e9, Et il n\u2019\u00e9teindra point la m\u00e8che qui br\u00fble encore; Il annoncera la justice selon la v\u00e9rit\u00e9.<\/span><\/em><\/p><\/blockquote>\n<p>Ensuite, la proph\u00e9tie parle de ses morales. On peut voir <a href=\"https:\/\/jesus-is-muslim.net\/fr\/index.php\/les-morales-du-prophete-muhammad\/\">les morales du Proph\u00e8te Muhammad<\/a> dans cette s\u00e9ction. On peut montrer quelques morales dans ces hadiths:<\/p>\n<p>Anas ibn Malick dit:<\/p>\n<blockquote><p>\u00abLe Proph\u00e8te \ufdfa n\u2019\u00e9tait pas un insultant ni un homme au langage grossier ni un impr\u00e9cateur. Quant il avait un reproche \u00e0 faire \u00e0 l\u2019un d\u2019entre nous, il ne disait que: \u00abQu\u2019est ce qui lui arrive! Qu\u2019il morde la poussi\u00e8re!\u00bb (Rapport\u00e9 par al-Boukhari).<\/p><\/blockquote>\n<p>A\u00efcha la femme du Proph\u00e8te Muhammad\u00a0a dit :<\/p>\n<blockquote><p>\u00abJamais le Messager d\u2019Allah \ufdfa n\u2019a frapp\u00e9 une de ses femmes ni un de ses domestiques, il n\u2019a jamais frapp\u00e9 personne avec sa main \u00e0 moins qu\u2019il s\u2019agisse d\u2019un coup dans le sentier d\u2019Allah ou qu\u2019un sacril\u00e8ge soit commis, il se vengera alors pour (l\u2019amour d\u2019) Allah \u00a0\u00bb (Rapport\u00e9 par les Imams An-Nissa\u2019i et Ibn Majah).<\/p><\/blockquote>\n","protected":false},"excerpt":{"rendered":"<p>\u00c9sa\u00efe 42 est une proph\u00e9tie racontant beaucoup d\u2019attributs du Proph\u00e8te Muhammad \ufdfa. Dans cet article, on montrera comment ce chapitre pr\u00e9dit la venue du\u00a0Proph\u00e8te Muhammad \ufdfa. Il dit: \u00c9sa\u00efe 42:1\u00a0Voici mon serviteur, que je soutiendrai, Mon \u00e9lu, en qui mon \u00e2me prend plaisir. J\u2019ai mis mon esprit sur lui; Il annoncera la justice aux nations. [&hellip;]<\/p>\n","protected":false},"author":1,"featured_media":1391,"parent":870,"menu_order":0,"comment_status":"closed","ping_status":"closed","template":"","meta":{"om_disable_all_campaigns":false,"_monsterinsights_skip_tracking":false,"_monsterinsights_sitenote_active":false,"_monsterinsights_sitenote_note":"","_monsterinsights_sitenote_category":0,"_uf_show_specific_survey":0,"_uf_disable_surveys":false,"footnotes":""},"categories":[41],"tags":[],"class_list":["post-833","page","type-page","status-publish","has-post-thumbnail","hentry","category-le-prophete-muhammad--dans-la-bible"],"aioseo_notices":[],"_links":{"self":[{"href":"https:\/\/jesus-is-muslim.net\/fr\/wp-json\/wp\/v2\/pages\/833","targetHints":{"allow":["GET"]}}],"collection":[{"href":"https:\/\/jesus-is-muslim.net\/fr\/wp-json\/wp\/v2\/pages"}],"about":[{"href":"https:\/\/jesus-is-muslim.net\/fr\/wp-json\/wp\/v2\/types\/page"}],"author":[{"embeddable":true,"href":"https:\/\/jesus-is-muslim.net\/fr\/wp-json\/wp\/v2\/users\/1"}],"replies":[{"embeddable":true,"href":"https:\/\/jesus-is-muslim.net\/fr\/wp-json\/wp\/v2\/comments?post=833"}],"version-history":[{"count":0,"href":"https:\/\/jesus-is-muslim.net\/fr\/wp-json\/wp\/v2\/pages\/833\/revisions"}],"up":[{"embeddable":true,"href":"https:\/\/jesus-is-muslim.net\/fr\/wp-json\/wp\/v2\/pages\/870"}],"wp:featuredmedia":[{"embeddable":true,"href":"https:\/\/jesus-is-muslim.net\/fr\/wp-json\/wp\/v2\/media\/1391"}],"wp:attachment":[{"href":"https:\/\/jesus-is-muslim.net\/fr\/wp-json\/wp\/v2\/media?parent=833"}],"wp:term":[{"taxonomy":"category","embeddable":true,"href":"https:\/\/jesus-is-muslim.net\/fr\/wp-json\/wp\/v2\/categories?post=833"},{"taxonomy":"post_tag","embeddable":true,"href":"https:\/\/jesus-is-muslim.net\/fr\/wp-json\/wp\/v2\/tags?post=833"}],"curies":[{"name":"wp","href":"https:\/\/api.w.org\/{rel}","templated":true}]}}