{"id":839,"date":"2015-12-25T07:03:08","date_gmt":"2015-12-25T07:03:08","guid":{"rendered":"https:\/\/jesus-is-muslim.net\/fr\/?page_id=839"},"modified":"2018-02-14T21:42:19","modified_gmt":"2018-02-14T19:42:19","slug":"islam-vraie-religion-de-dieu","status":"publish","type":"page","link":"https:\/\/jesus-is-muslim.net\/fr\/accueil\/l-islam\/islam-vraie-religion-de-dieu\/","title":{"rendered":"L\u2019Islam est la Vraie Religion de Dieu"},"content":{"rendered":"<p>Pourquoi les Musulmans croient que l\u2019Islam est la vraie religion de Dieu? Comme est \u00e9vident en g\u00e9om\u00e9trie\u00a0que la route la plus courte et rapide est celle qui est\u00a0directe et droite, il\u00a0est tout \u00e0 fait \u00e9vident que le vrai chemin de Dieu est la croyance directe en Lui. Dieu dit dans le Coran:<\/p>\n<blockquote><p>153. \u2039Et voil\u00e0 Mon chemin dans toute sa rectitude, suivez-le donc; et ne suivez pas les sentiers qui vous \u00e9cartent de Sa voie.\u203a Voil\u00e0 ce qu\u2019Il vous enjoint. Ainsi atteindrez-vous la pi\u00e9t\u00e9. (Le Saint Coran 6:153)<\/p><\/blockquote>\n<h2>Il y a un Cr\u00e9ateur de l\u2019Univers<\/h2>\n<p>La croyance en Islam est la plus simple et la plus logique croyance en Dieu. Le Coran parle aux gens de Dieu dans un sens logique que l\u2019on ne peut pas nier. En pensant \u00e0 l\u2019immense univers en harmonie, il\u00a0ne peut pas \u00eatre une co\u00efncidence. En m\u00e9ditant\u00a0la terre et \u00e0 quel point\u00a0ses conditions sont id\u00e9ales afin que la vie d\u2019humaines se passe pour le mieux; et comment l\u2019harmonie entre les humains et les autres cr\u00e9atutresfavorise la continuit\u00e9 de la vie (la photosynth\u00e8se en est un exemple), cela ne peut \u00eatre une co\u00efncidence. En regardant la conception complexe du corps de l\u2019humain et des autres animaux ainsi que\u00a0les insectes, \u00e7a ne peut pas \u00eatre une co\u00efncidence. Tous les signes dans cet univers prouvent\u00a0que cet univers ne peut pas \u00eatre cr\u00e9\u00e9 du n\u00e9ant:<\/p>\n<blockquote><p>35. Ont-ils \u00e9t\u00e9 cr\u00e9\u00e9s \u00e0 partir de rien ou sont-ils eux les cr\u00e9ateurs?36. Ou ont-ils cr\u00e9\u00e9 les cieux et la terre? Mais ils n\u2019ont plut\u00f4t aucune conviction. (Le Saint Coran 52:35-36)<\/p><\/blockquote>\n<p>En sachant ces r\u00e9alit\u00e9s, on doit conclure que cet univers a un Cr\u00e9ateur. Ce Cr\u00e9ateur est \u00e9videmment le Tout-Puissant, capable pour cr\u00e9er cet univers tandis que nous ne pouvons m\u00eame pas cr\u00e9er une mouche:<\/p>\n<blockquote><p>73. \u00d4 hommes! Une parabole vous est propos\u00e9e, \u00e9coutez-la : \u2039Ceux que vous invoquez en dehors d\u2019Allah ne sauraient m\u00eame pas cr\u00e9er une mouche, quand m\u00eame ils s\u2019uniraient pour cela. Et si la mouche les d\u00e9pouillait de quelque chose, ils ne sauraient le lui reprendre. Le solliciteur et le sollicit\u00e9 sont [\u00e9galement] faibles!\u203a (Le Saint Coran 22:73)<\/p><\/blockquote>\n<h2><a href=\"https:\/\/jesus-is-muslim.net\/wp-content\/uploads\/2015\/12\/Islam-the-true-religion-of-God-1.png\" rel=\"attachment wp-att-1341\"><img loading=\"lazy\" decoding=\"async\" class=\"alignnone wp-image-1341\" src=\"https:\/\/jesus-is-muslim.net\/wp-content\/uploads\/2015\/12\/Islam-the-true-religion-of-God-1.png\" alt=\"L'Islam-la vraie religion de Dieu\" width=\"572\" height=\"286\" srcset=\"https:\/\/jesus-is-muslim.net\/wp-content\/uploads\/2015\/12\/Islam-the-true-religion-of-God-1.png 660w, https:\/\/jesus-is-muslim.net\/wp-content\/uploads\/2015\/12\/Islam-the-true-religion-of-God-1-300x150.png 300w\" sizes=\"auto, (max-width: 572px) 100vw, 572px\" \/><\/a><\/h2>\n<h2>Dieu M\u00e9rite d\u2019\u00catre Ador\u00e9<\/h2>\n<p>Si Dieu est le Tout-Puissant Cr\u00e9ateur, il est le seul digne d\u2019adoration, et non pas un ange, un\u00a0\u00eatre humain ou une pierre ou un autre type d&rsquo;idoles. Ce sont tous des cr\u00e9atures faibles, p\u00e9rissables et limit\u00e9es qui ne peuvent pas b\u00e9n\u00e9ficier ou nuire. Dieu a seul le pouvoir de tout faire, Dieu est Omniscient. C\u2019est pourquoi il faut L\u2019adorer, L\u2019aimer, compter sur Lui et Le craindre seulement.<br \/>\n<a name=\"3\"><\/a><\/p>\n<blockquote><p>3. \u00d4 hommes! Rappelez-vous le bienfait d\u2019Allah sur vous: existe-t-il en dehors d\u2019Allah, un cr\u00e9ateur qui du ciel et de la terre vous attribue votre subsistance? Point de divinit\u00e9 \u00e0 part Lui! Comment pouvez-vous vous d\u00e9tourner [de cette v\u00e9rit\u00e9]?\u00a0(Le Saint Coran 35:3)<\/p><\/blockquote>\n<h2>Dieu Poss\u00e8de les Attributs les Plus Beaux et Parfaits<\/h2>\n<p>C\u2019est pourquoi l\u2019Islam dit que J\u00e9sus n\u2019est pas Dieu. J\u00e9sus \u00e9tait un \u00eatre humain mais Dieu n\u2019est pas un \u00eatre\u00a0humain. J\u00e9sus n\u2019a jamais dit qu\u2019il \u00e9tait\u00a0Dieu car c\u2019est le message de tous les Proph\u00e8tes\u00a0consistiat \u00e0\u00a0dire aux gens qu\u2019il y a un seul Dieu \u00e0 adorer.<\/p>\n<p>L&rsquo;Islam nous apprend\u00a0que Dieu est le Grand\u00a0Pardonneur qui nous pardonnera si nous nous repentons \u00e0\u00a0Lui. Dieu ne met pas de lois contre les \u00eatres humains qui commettent des p\u00e9ch\u00e9s\u00a0sans qu&rsquo;Il sache leurs\u00a0cons\u00e9quences. Cela s&rsquo;oppose \u00e0 la volont\u00e9 de Dieu.\u00a0Dieu sait bien que les gens vont tomber dans l&rsquo;erreur\u00a0car c\u2019est leur nature humaine. Alors, Il met les lois correspondant \u00e0\u00a0notre nature. M\u00eame les gens se pardonnent les uns les autres, alors Dieu ne pardonnerait pas les gens qui se repentissent \u00e0 Lui? C&rsquo;est pourquoi les Musulmans ne croient pas que <a href=\"https:\/\/jesus-is-muslim.net\/fr\/accueil\/jesus\/jesus-est-mort-pour-nos-peches\/\">J\u00e9sus est mort pour nos p\u00e9ch\u00e9s<\/a>. Le Coran dit:<\/p>\n<blockquote><p>110. Quiconque agit mal ou fait du tort \u00e0 lui-m\u00eame, puis aussit\u00f2t implore d\u2019Allah le pardon, trouvera Allah Pardonneur et Mis\u00e9ricordieux. (Le Coran 4:110)<\/p><\/blockquote>\n<p>Contrairement \u00e0 la Bible, l\u2019Islam n\u2019enseigne pas que Dieu se repose ou qu\u2019Il se repent. L\u2019islam ne fait pas de ressemblance \u00e0 Dieu avec un ours, une lionne ou un agneau comme la Bible le fait. L\u2019Islam enseigne que les attributs de Dieu sont tous parfaits pleins de mis\u00e9ricorde et de puissance. C\u2019est la foi de Dieu la plus simple et la plus logique.<\/p>\n<blockquote><p>30. Dirige tout ton \u00eatre vers la religion exclusivement [pour Allah], telle est la nature qu\u2019Allah a originellement donn\u00e9e aux hommes \u2013 pas de changement \u00e0 la cr\u00e9ation d\u2019Allah -. Voil\u00e0 la religion de droiture; mais la plupart des gens ne savent pas.(Le Coran 30:30)<\/p><\/blockquote>\n","protected":false},"excerpt":{"rendered":"<p>Pourquoi les Musulmans croient que l\u2019Islam est la vraie religion de Dieu? Comme est \u00e9vident en g\u00e9om\u00e9trie\u00a0que la route la plus courte et rapide est celle qui est\u00a0directe et droite, il\u00a0est tout \u00e0 fait \u00e9vident que le vrai chemin de Dieu est la croyance directe en Lui. Dieu dit dans le Coran: 153. \u2039Et voil\u00e0 [&hellip;]<\/p>\n","protected":false},"author":1,"featured_media":1341,"parent":917,"menu_order":0,"comment_status":"closed","ping_status":"closed","template":"","meta":{"om_disable_all_campaigns":false,"_monsterinsights_skip_tracking":false,"_monsterinsights_sitenote_active":false,"_monsterinsights_sitenote_note":"","_monsterinsights_sitenote_category":0,"_uf_show_specific_survey":0,"_uf_disable_surveys":false,"footnotes":""},"categories":[38],"tags":[],"class_list":["post-839","page","type-page","status-publish","has-post-thumbnail","hentry","category-lislam"],"aioseo_notices":[],"_links":{"self":[{"href":"https:\/\/jesus-is-muslim.net\/fr\/wp-json\/wp\/v2\/pages\/839","targetHints":{"allow":["GET"]}}],"collection":[{"href":"https:\/\/jesus-is-muslim.net\/fr\/wp-json\/wp\/v2\/pages"}],"about":[{"href":"https:\/\/jesus-is-muslim.net\/fr\/wp-json\/wp\/v2\/types\/page"}],"author":[{"embeddable":true,"href":"https:\/\/jesus-is-muslim.net\/fr\/wp-json\/wp\/v2\/users\/1"}],"replies":[{"embeddable":true,"href":"https:\/\/jesus-is-muslim.net\/fr\/wp-json\/wp\/v2\/comments?post=839"}],"version-history":[{"count":0,"href":"https:\/\/jesus-is-muslim.net\/fr\/wp-json\/wp\/v2\/pages\/839\/revisions"}],"up":[{"embeddable":true,"href":"https:\/\/jesus-is-muslim.net\/fr\/wp-json\/wp\/v2\/pages\/917"}],"wp:featuredmedia":[{"embeddable":true,"href":"https:\/\/jesus-is-muslim.net\/fr\/wp-json\/wp\/v2\/media\/1341"}],"wp:attachment":[{"href":"https:\/\/jesus-is-muslim.net\/fr\/wp-json\/wp\/v2\/media?parent=839"}],"wp:term":[{"taxonomy":"category","embeddable":true,"href":"https:\/\/jesus-is-muslim.net\/fr\/wp-json\/wp\/v2\/categories?post=839"},{"taxonomy":"post_tag","embeddable":true,"href":"https:\/\/jesus-is-muslim.net\/fr\/wp-json\/wp\/v2\/tags?post=839"}],"curies":[{"name":"wp","href":"https:\/\/api.w.org\/{rel}","templated":true}]}}