{"id":841,"date":"2015-12-25T05:55:08","date_gmt":"2015-12-25T05:55:08","guid":{"rendered":"https:\/\/jesus-is-muslim.net\/fr\/?page_id=841"},"modified":"2018-02-15T16:46:30","modified_gmt":"2018-02-15T14:46:30","slug":"les-sources-authentiques-de-islam","status":"publish","type":"page","link":"https:\/\/jesus-is-muslim.net\/fr\/accueil\/l-islam\/les-sources-authentiques-de-islam\/","title":{"rendered":"Les sources authentiques de l\u2019Islam"},"content":{"rendered":"<p>Dans l\u2019Islam, il y a trois sources principales de la l\u00e9gislation islamique:<\/p>\n<ol>\n<li>Le Coran<\/li>\n<li>La Sunnah (ou les Hadiths)<\/li>\n<li>Le Consensus<\/li>\n<\/ol>\n<h3>1. \u00a0Le Coran<\/h3>\n<p>Le Coran est le dernier livre de Dieu r\u00e9v\u00e9l\u00e9\u00a0au Proph\u00e8te Muhammad \ufdfa le sceau des\u00a0Proph\u00e8tes de Dieu. Allah a envoy\u00e9 Son livre au Proph\u00e8te Muhammad \ufdfa par le biais de l\u2019ange Gabriel pendant 23 ans, durant lesquels la r\u00e9v\u00e9lation\u00a0du message du Proph\u00e8te Muhammad \ufdfa se poursuivait. Le Coran est la constitution principale de Musulmans car c\u2019est la parole de Dieu Lui-m\u00eame. Le Proph\u00e8te Muhammad \ufdfa a enseign\u00e9 le Coran \u00e0 ses compagnons.<\/p>\n<blockquote><p><a name=\"1\"><\/a><strong>1. Qu\u2019on exalte la B\u00e9n\u00e9diction de Celui qui a fait descendre le Livre de Discernement sur Son serviteur, afin qu\u2019il soit un avertisseur \u00e0 l\u2019univers. (Le Saint Coran 25:1)<\/strong><\/p><\/blockquote>\n<p>Quelques compagnons\u00a0\u00e9tudiaient le Coran par c\u0153ur, d\u2019autres l\u2019ont \u00e9crit. Puis il a \u00e9t\u00e9 recueilli par les compagnons\u00a0du Proph\u00e8te Muhammad \ufdfa dans un livre et distribu\u00e9 aux pays des Musulmans. Tout au long du temps et jusqu&rsquo;\u00e0 nos jours, beaucoup de Musulmans m\u00e9morisent le Coran.<\/p>\n<div id=\"attachment_1344\" style=\"width: 582px\" class=\"wp-caption alignnone\"><a href=\"https:\/\/jesus-is-muslim.net\/wp-content\/uploads\/2015\/12\/Le-Coran-et-La-Sounnah.png\" rel=\"attachment wp-att-1344\"><img loading=\"lazy\" decoding=\"async\" aria-describedby=\"caption-attachment-1344\" class=\" wp-image-1344\" src=\"https:\/\/jesus-is-muslim.net\/wp-content\/uploads\/2015\/12\/Le-Coran-et-La-Sounnah.png\" alt=\"Le Coran et La Sounnah\" width=\"572\" height=\"286\" srcset=\"https:\/\/jesus-is-muslim.net\/wp-content\/uploads\/2015\/12\/Le-Coran-et-La-Sounnah.png 660w, https:\/\/jesus-is-muslim.net\/wp-content\/uploads\/2015\/12\/Le-Coran-et-La-Sounnah-300x150.png 300w\" sizes=\"auto, (max-width: 572px) 100vw, 572px\" \/><\/a><p id=\"caption-attachment-1344\" class=\"wp-caption-text\">Les sources Islamique de la l\u00e9gislation sont le Coran, la Sounnah et le consensus de Musulmans<\/p><\/div>\n<h3>2. \u00a0La\u00a0Sunnah (Les Hadiths)<\/h3>\n<p>La Sunna est tout ce que le Proph\u00e8te Muhammad \ufdfa a dit, fait ou accept\u00e9; et que le Coran ne lui a pas corrig\u00e9. Le Coran nous ordonne de suivre et d\u2019ob\u00e9ir au\u00a0Proph\u00e8te Muhammad \ufdfa car il est notre guide. Le Coran dit:<\/p>\n<blockquote><p><a name=\"31\"><\/a><strong>31. Dis: \u2039Si vous aimez vraiment Allah, suivez-moi, Allah vous aimera alors et vous pardonnera vos p\u00e9ch\u00e9s. Allah est Pardonneur et Mis\u00e9ricordieux. (Le Saint Coran 3:31)<\/strong><\/p>\n<p><strong>7. Prenez ce que le Messager vous donne; et ce qu\u2019il vous interdit, absentez-vous en; et craignez Allah car Allah est dur en punition.(Le Saint Coran 59:7)<\/strong><\/p><\/blockquote>\n<p>La Sunna par rapport au Coran est comme les lois d\u00e9taill\u00e9es par rapport \u00e0\u00a0la constitution. Par exemple, le Coran nous ordonne de prier, la Sunnah nous explique comment prier. Le Coran dit:<\/p>\n<blockquote><p><strong>44. Et vers toi, Nous avons fait descendre le Zhikr, pour que tu exposes clairement aux gens ce qu\u2019on a fait descendre pour eux et afin qu\u2019ils r\u00e9fl\u00e9chissent.\u00a0(Le Saint Coran 16:44)<\/strong><\/p><\/blockquote>\n<p>La Sunnah nous est transmise par les compagnons\u00a0du Proph\u00e8te Muhammad \ufdfa qui ont \u00e0 leur tour communiqu\u00e9 transmis les hadiths aux g\u00e9n\u00e9rations suivantes. Il y a beaucoup de livres de Sunnah comme Bukhari, Muslim, Abu Dawood, Ahmed, Ibn Majah, Al Tirmith\u00ee, Al Nasa\u00ef et beaucoup d\u2019autres recueils. Les narrations de Sunnah \u00e9taient soumises aux minutieux examens par les savants de hadiths pour \u00eatre s\u00fbr que ces narrations sont vraies et authentiques. Pour qu&rsquo;une narration soit accept\u00e9e, il doit y avoir une cha\u00eene de transmission de rapporteurs\u00a0connus par leur pi\u00e9t\u00e9, leur droiture et leur bonne m\u00e9morisation. Si l\u2019un des rapporteurs ne conna\u00eet pas bien le pr\u00e9c\u00e9dent ou le prochain rapporteur, la narration ne serait pas accept\u00e9e. La science du hadith est une science tr\u00e8s vaste, ce lien explique en plus de d\u00e9tails<a href=\"http:\/\/islamfrance.free.fr\/doc\/sunnah\/science.html\">\u00a0la science du hadith<\/a>.<\/p>\n<h3>3. Le Consensus<\/h3>\n<p>Le Coran dit:<\/p>\n<blockquote><p><a name=\"115\"><\/a><strong>115. Et quiconque fait scission d\u2019avec le Messager, apr\u00e8s que le droit chemin lui est apparu et suit un sentier autre que celui des croyants, alors Nous le laisserons comme il s\u2019est d\u00e9tourn\u00e9, et le br\u00fblerons dans l\u2019Enfer. Et quelle mauvaise destination! (Le Saint Coran 4:115)<\/strong><\/p><\/blockquote>\n<p>Le Proph\u00e8te Muhammad \ufdfa a dit:<\/p>\n<blockquote><p><strong>\u00ab <em>Allah ne r\u00e9unira jamais ma nation dans l\u2019\u00e9garement<\/em> \u00bb (Rapport\u00e9 par Ahmed)<\/strong><\/p><\/blockquote>\n<p>Le consensus des Musulmans est \u00e9galement une source islamique. Celle-ci\u00a0signifie que si tous les savants musulmans sont d&rsquo;accord sur une v\u00e9rit\u00e9, leur accord serait fiable.<\/p>\n","protected":false},"excerpt":{"rendered":"<p>Dans l\u2019Islam, il y a trois sources principales de la l\u00e9gislation islamique: Le Coran La Sunnah (ou les Hadiths) Le Consensus 1. \u00a0Le Coran Le Coran est le dernier livre de Dieu r\u00e9v\u00e9l\u00e9\u00a0au Proph\u00e8te Muhammad \ufdfa le sceau des\u00a0Proph\u00e8tes de Dieu. Allah a envoy\u00e9 Son livre au Proph\u00e8te Muhammad \ufdfa par le biais de l\u2019ange [&hellip;]<\/p>\n","protected":false},"author":1,"featured_media":1344,"parent":917,"menu_order":0,"comment_status":"closed","ping_status":"closed","template":"","meta":{"om_disable_all_campaigns":false,"_monsterinsights_skip_tracking":false,"_monsterinsights_sitenote_active":false,"_monsterinsights_sitenote_note":"","_monsterinsights_sitenote_category":0,"_uf_show_specific_survey":0,"_uf_disable_surveys":false,"footnotes":""},"categories":[38],"tags":[],"class_list":["post-841","page","type-page","status-publish","has-post-thumbnail","hentry","category-lislam"],"aioseo_notices":[],"_links":{"self":[{"href":"https:\/\/jesus-is-muslim.net\/fr\/wp-json\/wp\/v2\/pages\/841","targetHints":{"allow":["GET"]}}],"collection":[{"href":"https:\/\/jesus-is-muslim.net\/fr\/wp-json\/wp\/v2\/pages"}],"about":[{"href":"https:\/\/jesus-is-muslim.net\/fr\/wp-json\/wp\/v2\/types\/page"}],"author":[{"embeddable":true,"href":"https:\/\/jesus-is-muslim.net\/fr\/wp-json\/wp\/v2\/users\/1"}],"replies":[{"embeddable":true,"href":"https:\/\/jesus-is-muslim.net\/fr\/wp-json\/wp\/v2\/comments?post=841"}],"version-history":[{"count":0,"href":"https:\/\/jesus-is-muslim.net\/fr\/wp-json\/wp\/v2\/pages\/841\/revisions"}],"up":[{"embeddable":true,"href":"https:\/\/jesus-is-muslim.net\/fr\/wp-json\/wp\/v2\/pages\/917"}],"wp:featuredmedia":[{"embeddable":true,"href":"https:\/\/jesus-is-muslim.net\/fr\/wp-json\/wp\/v2\/media\/1344"}],"wp:attachment":[{"href":"https:\/\/jesus-is-muslim.net\/fr\/wp-json\/wp\/v2\/media?parent=841"}],"wp:term":[{"taxonomy":"category","embeddable":true,"href":"https:\/\/jesus-is-muslim.net\/fr\/wp-json\/wp\/v2\/categories?post=841"},{"taxonomy":"post_tag","embeddable":true,"href":"https:\/\/jesus-is-muslim.net\/fr\/wp-json\/wp\/v2\/tags?post=841"}],"curies":[{"name":"wp","href":"https:\/\/api.w.org\/{rel}","templated":true}]}}