{"id":843,"date":"2015-12-30T05:56:46","date_gmt":"2015-12-30T03:56:46","guid":{"rendered":"https:\/\/jesus-is-muslim.net\/fr\/?page_id=843"},"modified":"2017-10-05T13:35:26","modified_gmt":"2017-10-05T11:35:26","slug":"la-vue-islamique-de-la-bible","status":"publish","type":"page","link":"https:\/\/jesus-is-muslim.net\/fr\/accueil\/la-bible\/la-vue-islamique-de-la-bible\/","title":{"rendered":"La Vue Islamique de la Bible"},"content":{"rendered":"<h2><b>La Croyance Islamique de la Bible<\/b><\/h2>\n<p>Il y a une id\u00e9e fausse parmi les Chr\u00e9tiens, c&rsquo;est que les Musulmans croient que les \u00e9critures des Juives et des Chr\u00e9tiens sont toutes falsifi\u00e9es. En fait, ce n\u2019est pas pr\u00e9cis. La croyance islamique concernant ces \u00e9critures (dont la Bible) c&rsquo;est qu\u2019ils peuvent contenir tant de la v\u00e9rit\u00e9 que du mensonge. Ces \u00e9critures furent soumises \u00e0 la corruption soit en ajoutant soit en retranchant soit en rempla\u00e7ant. Il y a beaucoup d\u2019\u00e9vidence historique qui preuve \u00e7a. Quant \u00e0 la croyance Islamique, le Proph\u00e8te Muhammad \ufdfa a dit:<\/p>\n<blockquote><p>\u00ab\u00a0Ne croyez pas les paroles des gens du Livre et ne les d\u00e9mentez pas non plus, dites seulement :\u00a0\u00ab\u00a0Nous croyons en Dieu, en ce qui nous a \u00e9t\u00e9 r\u00e9v\u00e9l\u00e9 et en ce qui vous a \u00e9t\u00e9 r\u00e9v\u00e9l\u00e9. \u00bb (racont\u00e9 par Bukhari)<\/p><\/blockquote>\n<div>\u00a0Il a dit aussi:<\/div>\n<blockquote>\n<div>\u00ab\u00a0si les gens du Livre vous racontent un discours, ne les croyez pas et ne les d\u00e9mentez pas non plus et dites:\u00a0\u00abnous croyons en Dieu et ses proph\u00e8tes\u00a0\u00bb S\u2019il \u00e9tait un mensonge, vous ne le croiriez pas et s\u2019il \u00e9tait vrai, vous ne le d\u00e9mentiriez pas.\u00bb (racont\u00e9 par Abu Dawood)<\/div>\n<\/blockquote>\n<p>Le Proph\u00e8te \ufdfa veut dire qu&rsquo;on ne doit pas croire les gens du livre et on ne doit pas les d\u00e9mentir parce qu\u2019il se passe qu\u2019ils racontent \u00a0de la v\u00e9rit\u00e9 ou des mensonges \u00e0 cause des livres falsifi\u00e9s. C\u2019est ce qu\u2019Ibn Abbas, le disciple de Proph\u00e8te Muhammad a compris lorsqu\u2019il a dit:<\/p>\n<blockquote><p>\u00ab\u00a0\u00d4 Musulmans, comment demandez-vous les gens du Livre concernant n\u2019importe quoi malgr\u00e9 le livre de Dieu (Le Coran) qui est envoy\u00e9 \u00e0 son Proph\u00e8te est le plus nouveau livre venant de Lui et vous le lisez encore fra\u00eechement. Dieu vous dit que les gens du Livre falsifi\u00e8rent le livre de Dieu et ils le chang\u00e8rent et ils \u00e9crivirent un autre livre avec leurs mains puis ils dirent que c\u2019est venant de Dieu afin d\u2019en obtenir un petit profit. (racont\u00e9 par Al Bukhari)<\/p><\/blockquote>\n<div><a href=\"https:\/\/jesus-is-muslim.net\/wp-content\/uploads\/2015\/12\/La-croyance-Islamique-dans-la-Bible.png\" rel=\"attachment wp-att-1494\"><img loading=\"lazy\" decoding=\"async\" class=\"alignnone size-full wp-image-1494\" src=\"https:\/\/jesus-is-muslim.net\/wp-content\/uploads\/2015\/12\/La-croyance-Islamique-dans-la-Bible.png\" alt=\"La croyance Islamique dans la Bible\" width=\"1040\" height=\"570\" srcset=\"https:\/\/jesus-is-muslim.net\/wp-content\/uploads\/2015\/12\/La-croyance-Islamique-dans-la-Bible.png 1040w, https:\/\/jesus-is-muslim.net\/wp-content\/uploads\/2015\/12\/La-croyance-Islamique-dans-la-Bible-300x164.png 300w, https:\/\/jesus-is-muslim.net\/wp-content\/uploads\/2015\/12\/La-croyance-Islamique-dans-la-Bible-768x421.png 768w, https:\/\/jesus-is-muslim.net\/wp-content\/uploads\/2015\/12\/La-croyance-Islamique-dans-la-Bible-1024x561.png 1024w\" sizes=\"auto, (max-width: 1040px) 100vw, 1040px\" \/><\/a><\/div>\n<p>Ibn Abbas a fait r\u00e9f\u00e9rence au verset 2:79 dans le Coran qui dit:<\/p>\n<blockquote><p><strong>79.\u00a0Malheur, donc, \u00e0 ceux qui de leurs propres mains composent un livre puis le pr\u00e9sentent comme venant d\u2019Allah pour en tirer un vil profit! \u2013 Malheur \u00e0 eux, donc, \u00e0 cause de ce que leurs mains ont \u00e9crit, et malheur \u00e0 eux \u00e0 cause de ce qu\u2019ils en profitent!<\/strong><\/p><\/blockquote>\n<p>Mu\u2019awiyah, le disciple du Proph\u00e8te Muhammad \ufdfa\u00a0a dit concernant Ka\u2019b al Ahbar; un ex-rabbin qui a convertis \u00e0 l\u2019Islam:<\/p>\n<blockquote><p><strong>\u00ab Il est l\u2019un des plus v\u00e9ridiques qui ont narr\u00e9 \u00e0 partir des gens du Livre, m\u00eame qu\u2019on trouve qu\u2019il raconte quelques mensonges\u00a0\u00bb<\/strong><\/p><\/blockquote>\n<div>Cela signifie que Ka\u2019b n\u2019avait pas l\u2019intention \u00e0 mentir, mais il racontait par erreur ce qui a \u00e9t\u00e9 chang\u00e9 par les gens du livre.<\/div>\n<h2><b>Le Coran rend t\u00e9moignage\u00a0\u00e0 la Bible?<\/b><\/h2>\n<p>Certains personnes pensent que le Coran endosse la Bible car il parle de la Torah et des \u00e9vangiles comme des livres de Dieu, mais ce n&rsquo;est pas pr\u00e9cis. Les Musulmans croient que Dieu a fait descendre la Torah, l&rsquo;\u00c9vangile et des autres livres \u00e0 ses proph\u00e8tes. Le Coran n\u2019a pas dit que le Pentateuque c&rsquo;est la Torah ou que l&rsquo;\u00e9vangile c&rsquo;est les quatre \u00e9vangiles par Matthieu, Marc, Luc et Jean plut\u00f4t le Coran dit que l&rsquo;\u00e9vangile est descendu au J\u00e9sus lui-m\u00eame.<\/p>\n<p>Cela ne veut pas dire que les livres et les paroles dans la Bible sont tous faux, mais plut\u00f4t il y a encore des versets vrais qui existaient dans les livres originaux de Dieu aussi bien qu&rsquo;il y ait des versets fabriqu\u00e9s. C&rsquo;est pourquoi\u00a0Dieu a fait descendre le Coran comme la derni\u00e8re pure parole de Dieu qui juge les \u00e9critures pr\u00e9c\u00e9dentes. C\u2019est-\u00e0-dire que les versets Bibliques qui sont d\u2019accord avec le Coran sont des versets vrais, et les\u00a0versets Bibliques qui ne sont pas d\u2019accord avec le Coran sont des versets faux. Concernant les versets que le Coran n\u2019en parle pas, les Musulmans ne croient pas ces versets ni les d\u00e9mentent.<\/p>\n<h2>Dieu ne peut pas garder ses livres?<\/h2>\n<p>Dieu\u00a0 a laiss\u00e9 la mission de garder ses livres pr\u00e9c\u00e9dents \u00e0 l&rsquo;Islam \u00a0aux suiveurs des proph\u00e8tes. Le Coran dit:<\/p>\n<blockquote><p>44. Nous avons fait descendre le Thora dans laquelle il y a guide et lumi\u00e8re. C\u2019est sur sa base que les proph\u00e8tes qui se sont soumis \u00e0 Allah, ainsi que les rabbins et les docteurs jugent les affaires des Juifs. Car on leur a confi\u00e9 la garde du Livre d\u2019Allah, et ils en sont les t\u00e9moins. (Le Coran 5:44)<\/p><\/blockquote>\n<p>D\u2019autre part, Dieu a promis qu\u2019Il gardera le Coran:<\/p>\n<blockquote><p>10. En v\u00e9rit\u00e9 c\u2019est Nous qui avons fait descendre le Coran, et c\u2019est Nous qui en sommes gardien. (Le Coran 15:10)<\/p><\/blockquote>\n<div>\u00a0C\u2019est clair aussi dans la Bible, o\u00f9 Dieu a ordonn\u00e9 les gens d\u2019Isra\u00ebl de garder la Torah, et de ne pas en ajouter ni en retrancher:<\/div>\n<blockquote>\n<div><em>Deuteronome 4: 1 Maintenant, Isra\u00ebl, \u00e9coute les commandements et les lois que je t\u2019enseigne. Respecte-les, afin de vivre et d\u2019entrer en possession du pays que l\u2019Eternel, le Dieu de tes anc\u00eatres, te donne.\u00a0<\/em><em>2 <strong>Vous n\u2019ajouterez rien \u00e0 ce que je vous commande et vous n\u2019en retrancherez rien. Vous ob\u00e9irez aux commandements de l\u2019Eternel votre Dieu, que je vous transmets.<\/strong><\/em><\/div>\n<\/blockquote>\n<div>Donc il y a une diff\u00e9rence entre le Coran et les \u00e9critures pr\u00e9c\u00e9dentes, puisque Dieu a promis qu\u2019Il gardera le Coran, mais Il ordonne le peuple d\u2019Isra\u00ebl de garder leurs livres. \u00c7a signifie que la corruption dans les \u00e9critures pr\u00e9c\u00e9dentes peut exister si le peuple d\u2019Isra\u00ebl n&rsquo;ob\u00e9it pas Dieu. L\u2019histoire du peuple d\u2019Isra\u00ebl est pleine des p\u00e9ch\u00e9s comme adorant des autres dieux, faisant adult\u00e8re, et qu\u2019ils se combattent. Si l\u2019histoire de tel peuple est comme \u00e7a, comment il semble bizarre qu\u2019ils manipulent avec ses livres pour leurs propres b\u00e9n\u00e9fices?<\/div>\n<h2><b>Le Coran ordonne les Musulmans de demander les gens du Livres?<\/b><\/h2>\n<p>Il y a une autre commune id\u00e9e fausse parmi les\u00a0Chr\u00e9tiens, c&rsquo;est \u00e0 propos d&rsquo;un\u00a0verset dans le Coran:<\/p>\n<blockquote><p>94.\u00a0Et si tu es en doute sur ce que Nous avons fait descendre vers toi, interroge alors ceux qui lisent le Livre r\u00e9v\u00e9l\u00e9 avant toi. La v\u00e9rit\u00e9 certes t\u2019est venue de ton Seigneur: ne sois donc point de ceux qui doutent. (Le Coran 10:94)<\/p><\/blockquote>\n<p>En fait, ce verset a un contexte, dans laquelle les pa\u00efennes Arabes pensaient qu\u2019un proph\u00e8te doit \u00eatre un ange non un humain \u00eatre, c\u2019est pourquoi le Coran dit au proph\u00e8te Muhammad \ufdfa d\u2019interroger ceux qui lisent le Livre puisqu\u2019ils savaient les proph\u00e8tes qui \u00e9taient des humains \u00eatres mais cela n\u2019endosse pas la Bible.<\/p>\n<h2><b>Qui a falsifi\u00e9 la Bible et quand?<\/b><\/h2>\n<p>Ce sont des questions communes entre les Chr\u00e9tiens mais il y a un probl\u00e8me avec les questions elles-m\u00eames. Si l&rsquo;on voit un cadavre dans la rue, on l\u2019a examin\u00e9 et on est s\u00fbr que cet homme est mort, est-il logique qu&rsquo;on demande: \u00a0\u00ab tu dois me dire comment cet homme est mort et qui l\u2019a tu\u00e9 afin de prouver qu\u2019il est r\u00e9ellement mort\u00a0\u00bb? \u00c7a n\u2019a rien \u00e0 voir avec la v\u00e9rit\u00e9 que cet homme est mort. C\u2019est un cas existant devant nous, pour conna\u00eetre comment est-il mort, c&rsquo;est un autre sujet mais il n\u2019\u00f4te pas le fait qu\u2019il est r\u00e9ellement mort.<\/p>\n<p>Le probl\u00e8me de la Bible c&rsquo;est qu\u2019il n\u2019y a pas d\u2019\u00e9vidence qui prouve que ces livres sont \u00e9crits par les proph\u00e8tes ou les disciples de J\u00e9sus <a href=\"https:\/\/jesus-is-muslim.net\/fr\/accueil\/la-bible\/manuscrits-bible-prouvent-son-authenticite\/\">car les plus anciens manuscrits sont datant au 4e si\u00e8cle<\/a>. C\u2019est une date trop tard puisqu\u2019il y a plus que 250 ans entre cette \u00e9vidence et les disciples. Comment dire que ces disciples les ont \u00e9crits? Quant \u00e0 l\u2019ancien Testament, les manuscrits h\u00e9breux datent au 10e si\u00e8cle tandis que le manuscrit grec (la traduction septante) \u00a0date au 4e si\u00e8cle apr\u00e8s J\u00e9sus\u00a0 (il y a plus que 1000 ans entre ces manuscrits et l\u2019\u00e9poque de Malachi le dernier proph\u00e8te dans l\u2019ancien Testament). Il y a aussi des autres \u00e9vidences que <a href=\"https:\/\/jesus-is-muslim.net\/fr\/accueil\/la-bible\/la-corruption-juive-de-lancien-testament\/\">les Juives ont falsifi\u00e9 l&rsquo;Ancien Testament<\/a>\u00a0et <a href=\"https:\/\/jesus-is-muslim.net\/fr\/accueil\/la-bible\/les-difficultes-de-la-bible\/\">les contradictions dans la Bible<\/a> comme on montrera en d\u00e9tail dans les articles prochains. Comment peut-on donc croire que ces livres sont authentiques?<\/p>\n","protected":false},"excerpt":{"rendered":"<p>La Croyance Islamique de la Bible Il y a une id\u00e9e fausse parmi les Chr\u00e9tiens, c&rsquo;est que les Musulmans croient que les \u00e9critures des Juives et des Chr\u00e9tiens sont toutes falsifi\u00e9es. En fait, ce n\u2019est pas pr\u00e9cis. La croyance islamique concernant ces \u00e9critures (dont la Bible) c&rsquo;est qu\u2019ils peuvent contenir tant de la v\u00e9rit\u00e9 que [&hellip;]<\/p>\n","protected":false},"author":1,"featured_media":1494,"parent":881,"menu_order":0,"comment_status":"closed","ping_status":"closed","template":"","meta":{"om_disable_all_campaigns":false,"_monsterinsights_skip_tracking":false,"_monsterinsights_sitenote_active":false,"_monsterinsights_sitenote_note":"","_monsterinsights_sitenote_category":0,"_uf_show_specific_survey":0,"_uf_disable_surveys":false,"footnotes":""},"categories":[36],"tags":[],"class_list":["post-843","page","type-page","status-publish","has-post-thumbnail","hentry","category-la-bible"],"aioseo_notices":[],"_links":{"self":[{"href":"https:\/\/jesus-is-muslim.net\/fr\/wp-json\/wp\/v2\/pages\/843","targetHints":{"allow":["GET"]}}],"collection":[{"href":"https:\/\/jesus-is-muslim.net\/fr\/wp-json\/wp\/v2\/pages"}],"about":[{"href":"https:\/\/jesus-is-muslim.net\/fr\/wp-json\/wp\/v2\/types\/page"}],"author":[{"embeddable":true,"href":"https:\/\/jesus-is-muslim.net\/fr\/wp-json\/wp\/v2\/users\/1"}],"replies":[{"embeddable":true,"href":"https:\/\/jesus-is-muslim.net\/fr\/wp-json\/wp\/v2\/comments?post=843"}],"version-history":[{"count":0,"href":"https:\/\/jesus-is-muslim.net\/fr\/wp-json\/wp\/v2\/pages\/843\/revisions"}],"up":[{"embeddable":true,"href":"https:\/\/jesus-is-muslim.net\/fr\/wp-json\/wp\/v2\/pages\/881"}],"wp:featuredmedia":[{"embeddable":true,"href":"https:\/\/jesus-is-muslim.net\/fr\/wp-json\/wp\/v2\/media\/1494"}],"wp:attachment":[{"href":"https:\/\/jesus-is-muslim.net\/fr\/wp-json\/wp\/v2\/media?parent=843"}],"wp:term":[{"taxonomy":"category","embeddable":true,"href":"https:\/\/jesus-is-muslim.net\/fr\/wp-json\/wp\/v2\/categories?post=843"},{"taxonomy":"post_tag","embeddable":true,"href":"https:\/\/jesus-is-muslim.net\/fr\/wp-json\/wp\/v2\/tags?post=843"}],"curies":[{"name":"wp","href":"https:\/\/api.w.org\/{rel}","templated":true}]}}