{"id":845,"date":"2015-12-25T05:58:55","date_gmt":"2015-12-25T05:58:55","guid":{"rendered":"https:\/\/jesus-is-muslim.net\/fr\/?page_id=845"},"modified":"2016-02-19T11:30:07","modified_gmt":"2016-02-19T09:30:07","slug":"jesus","status":"publish","type":"page","link":"https:\/\/jesus-is-muslim.net\/fr\/accueil\/jesus\/","title":{"rendered":"J\u00e9sus"},"content":{"rendered":"<p><a href=\"https:\/\/jesus-is-muslim.net\/fr\/index.php\/jesus-islam\/\">J\u00e9sus dans l\u2019Islam<\/a><\/p>\n<p><a href=\"https:\/\/jesus-is-muslim.net\/fr\/index.php\/jesus-dit-je-ne-suis-pas-dieu\/\">J\u00e9sus dit: \u00abJe ne suis pas Dieu\u00bb<\/a><\/p>\n<p><a href=\"https:\/\/jesus-is-muslim.net\/fr\/index.php\/a-jesus-vraiment-dit-il-soit-dieu\/\">A J\u00e9sus vraiment dit qu\u2019il soit Dieu?<\/a><\/p>\n<p><a href=\"https:\/\/jesus-is-muslim.net\/fr\/est-jesus-le-fils-de-dieu\/\">Est-J\u00e9sus le fils de Dieu?<\/a><\/p>\n<p><a href=\"https:\/\/jesus-is-muslim.net\/fr\/dieu-est-il-une-trinite\/\">Dieu est-Il une Trinit\u00e9?<\/a><\/p>\n<p><a href=\"https:\/\/jesus-is-muslim.net\/fr\/jesus-est-mort-pour-nos-peches\/\">J\u00e9sus est Mort pour nos P\u00e9ch\u00e9s?<\/a><\/p>\n<p><a href=\"https:\/\/jesus-is-muslim.net\/fr\/est-jesus-vraiment-crucifie\/\">Est-J\u00e9sus Vraiment Crucifi\u00e9?<\/a><\/p>\n","protected":false},"excerpt":{"rendered":"<p>J\u00e9sus dans l\u2019Islam J\u00e9sus dit: \u00abJe ne suis pas Dieu\u00bb A J\u00e9sus vraiment dit qu\u2019il soit Dieu? Est-J\u00e9sus le fils de Dieu? Dieu est-Il une Trinit\u00e9? J\u00e9sus est Mort pour nos P\u00e9ch\u00e9s? Est-J\u00e9sus Vraiment Crucifi\u00e9?<\/p>\n","protected":false},"author":1,"featured_media":0,"parent":803,"menu_order":0,"comment_status":"closed","ping_status":"closed","template":"","meta":{"om_disable_all_campaigns":false,"_monsterinsights_skip_tracking":false,"_monsterinsights_sitenote_active":false,"_monsterinsights_sitenote_note":"","_monsterinsights_sitenote_category":0,"_uf_show_specific_survey":0,"_uf_disable_surveys":false,"footnotes":""},"categories":[],"tags":[],"class_list":["post-845","page","type-page","status-publish","hentry"],"aioseo_notices":[],"_links":{"self":[{"href":"https:\/\/jesus-is-muslim.net\/fr\/wp-json\/wp\/v2\/pages\/845","targetHints":{"allow":["GET"]}}],"collection":[{"href":"https:\/\/jesus-is-muslim.net\/fr\/wp-json\/wp\/v2\/pages"}],"about":[{"href":"https:\/\/jesus-is-muslim.net\/fr\/wp-json\/wp\/v2\/types\/page"}],"author":[{"embeddable":true,"href":"https:\/\/jesus-is-muslim.net\/fr\/wp-json\/wp\/v2\/users\/1"}],"replies":[{"embeddable":true,"href":"https:\/\/jesus-is-muslim.net\/fr\/wp-json\/wp\/v2\/comments?post=845"}],"version-history":[{"count":0,"href":"https:\/\/jesus-is-muslim.net\/fr\/wp-json\/wp\/v2\/pages\/845\/revisions"}],"up":[{"embeddable":true,"href":"https:\/\/jesus-is-muslim.net\/fr\/wp-json\/wp\/v2\/pages\/803"}],"wp:attachment":[{"href":"https:\/\/jesus-is-muslim.net\/fr\/wp-json\/wp\/v2\/media?parent=845"}],"wp:term":[{"taxonomy":"category","embeddable":true,"href":"https:\/\/jesus-is-muslim.net\/fr\/wp-json\/wp\/v2\/categories?post=845"},{"taxonomy":"post_tag","embeddable":true,"href":"https:\/\/jesus-is-muslim.net\/fr\/wp-json\/wp\/v2\/tags?post=845"}],"curies":[{"name":"wp","href":"https:\/\/api.w.org\/{rel}","templated":true}]}}