{"id":847,"date":"2015-12-26T06:01:20","date_gmt":"2015-12-26T04:01:20","guid":{"rendered":"https:\/\/jesus-is-muslim.net\/fr\/?page_id=847"},"modified":"2018-03-19T21:32:49","modified_gmt":"2018-03-19T19:32:49","slug":"la-corruption-juive-de-lancien-testament","status":"publish","type":"page","link":"https:\/\/jesus-is-muslim.net\/fr\/accueil\/la-bible\/la-corruption-juive-de-lancien-testament\/","title":{"rendered":"La Corruption Juive de l\u2019Ancien Testament"},"content":{"rendered":"<header class=\"entry-header\">\n<h3 class=\"entry-title\">Les Chr\u00e9tiens chargent les Juifs de Supprimer des versets dans l\u2019Ancien Testament<\/h3>\n<\/header>\n<div class=\"entry-content\">\n<p>Cet article montrera des citations dans les ouvrages des Chr\u00e9tiens qui accusent les Juifs de la corruption dans l\u2019Ancien Testament soit pour leurs b\u00e9n\u00e9fices soit \u00e0 cause de leur\u00a0n\u00e9gligence. Si les Chr\u00e9tiens qui sont cens\u00e9s d\u2019avoir le m\u00eame livre avec les Juifs croient \u00e7a, comment demander les Musulmans de croire que la Bible est la pure parole de Dieu?<\/p>\n<p><a href=\"https:\/\/jesus-is-muslim.net\/wp-content\/uploads\/2015\/12\/La-corruption-juive-de-lancien-testament.png\" rel=\"attachment wp-att-1491\"><img loading=\"lazy\" decoding=\"async\" class=\"alignnone size-full wp-image-1491\" src=\"https:\/\/jesus-is-muslim.net\/wp-content\/uploads\/2015\/12\/La-corruption-juive-de-lancien-testament.png\" alt=\"La corruption juive de l'ancien testament\" width=\"1040\" height=\"570\" srcset=\"https:\/\/jesus-is-muslim.net\/wp-content\/uploads\/2015\/12\/La-corruption-juive-de-lancien-testament.png 1040w, https:\/\/jesus-is-muslim.net\/wp-content\/uploads\/2015\/12\/La-corruption-juive-de-lancien-testament-300x164.png 300w, https:\/\/jesus-is-muslim.net\/wp-content\/uploads\/2015\/12\/La-corruption-juive-de-lancien-testament-768x421.png 768w, https:\/\/jesus-is-muslim.net\/wp-content\/uploads\/2015\/12\/La-corruption-juive-de-lancien-testament-1024x561.png 1024w\" sizes=\"auto, (max-width: 1040px) 100vw, 1040px\" \/><\/a><\/p>\n<h4>Justin Martyr accuse les Juifs de supprimer des passages sur J\u00e9sus<\/h4>\n<p>Justin Martyr est un ancien p\u00e8re de l\u2019\u00e9glise qui est d\u00e9c\u00e9d\u00e9 \u00e0 150 ap. J-C. Il dit dans sa conversation avec Trypho, un juif dans chapitre LXII que quelques passages sont supprim\u00e9s du livres d\u2019\u00c9sdras et de J\u00e9r\u00e9mie:<\/p>\n<blockquote>\n<p align=\"justify\">1\u00a0\u2014 Vous le d\u00e9sirez, lui r\u00e9pondis-je, je vais vous satisfaire.\u00a0 De l\u2019endroit o\u00f9 Esdras parle de la loi port\u00e9e sur la p\u00e2que, ils ont retranch\u00e9 ces mots :<\/p>\n<p align=\"justify\">\u00ab\u00a0Et Esdras dit au peuple : Cette p\u00e2que, c\u2019est notre Sauveur et notre refuge. SI vous saviez, s\u2019il entrait dans votre esprit qu\u2019il arrivera que nous l\u2019humilierons par la croix? Si du moins dans la suite nous esp\u00e9rions en lui, ce lieu ne serait pas d\u00e9sol\u00e9 pour toujours, nous dit le Dieu des vertus. Mais si vous ne croyez pas \u00e0 sa parole, si vous ne l\u2019\u00e9coutez pas lorsqu\u2019elle vous sera annonc\u00e9e, voos serez le jouet des nations.\u00a0\u00bb<\/p>\n<p align=\"justify\">2\u00a0De J\u00e9r\u00e9mie, ils ont supprim\u00e9 ces mots : Je suis comme un agneau que l\u2019on porte au lieu du sacrifice. Voici ce qu\u2019ils m\u00e9ditaient contre moi, ils disaient :<\/p>\n<p align=\"justify\">\u00ab\u00a0Venez, donnons-lui du bois au lieu de pain. Retranchons-le de la terre des vivants, et que son nom s\u2019efface \u00e0 jamais. \u00bb<\/p>\n<p align=\"justify\">3\u00a0Ce passage se lit encore dans quelques-uns des exemplaires conserv\u00e9s par vos synagogues ; car il n\u2019y a pas longtemps qu\u2019il a \u00e9t\u00e9 retranch\u00e9.<\/p>\n<p align=\"justify\">Quand on prouve aux Juifs, d\u2019apr\u00e8s ce passage, que leur projet \u00e9tait de crucifier le Christ et de le faire mourir; quand on leur montre d\u2019ailleurs l\u2019identit\u00e9 de ce m\u00eame passage avec celui d\u2019Isa\u00eee, qui nous pr\u00e9sente le Messie conduit \u00e0 la mort comme une brebis, ils se trouvent dans un \u00e9trange embarras et vous les voyez recourir aux injures et aux blasph\u00e8mes.\u00a04\u00a0N\u2019oublions pas cet autre endroit de J\u00e9r\u00e9mie qu\u2019ils ont \u00e9galement supprim\u00e9:<\/p>\n<p>\u00ab\u00a0Le Seigneur Dieu s\u2019est souvenu de ses morts d\u2019Isra\u00ebl, qui sont endormis dans la terre des tombeaux, et il est descendu vers eux pour leur \u00e9vang\u00e9liser son salut. \u00bb (Source <a href=\"http:\/\/remacle.org\/bloodwolf\/eglise\/justin\/tryphon.htm\">ici<\/a>)<\/p><\/blockquote>\n<p>Donc Justin Martyr clairement accuse les Juifs ici de corrompre l\u2019Ancien Testament pour leurs propres avantages. Est-il tel facile de supprimer les versets de la Bible?<\/p>\n<h4>Jean Chrysostome Affirme la perte de beaucoup des \u00c9critures bibliques<\/h4>\n<p>Jean Chrysostome dit en hom\u00e9lie IX \u00e0 propos de l\u2019\u00e9criture en Matthieu 2 disant\u00a0\u00ab ce qui avait \u00e9t\u00e9 pr\u00e9dit par les proph\u00e8tes : Il sera appel\u00e9 Nazar\u00e9en. \u00bb:<\/p>\n<div>\n<blockquote><p>Quel est le proph\u00e8te qui a dit cela? Ne soyez point en ceci trop curieux ni trop pointilleux.<strong>Car il y a beaucoup de proph\u00e9ties qui se sont perdues<\/strong>, comme on en peut juger par le livre des Paralipom\u00e8nes. <strong>La n\u00e9gligence et la paresse des Juifs a laiss\u00e9 perdre beaucoup de livres saints, comme leur impi\u00e9t\u00e9 en a br\u00fbl\u00e9 et d\u00e9truit un grand nombre.<\/strong> Le proph\u00e8te J\u00e9r\u00e9mie se plaint de leur impi\u00e9t\u00e9; et leur n\u00e9gligence est attest\u00e9e dans le quatri\u00e8me livre des Rois, o\u00f9 il est marqu\u00e9 qu\u2019apr\u00e8s un long temps on eut peine \u00e0 trouver le livre du Deut\u00e9ronome, qui avait \u00e9t\u00e9 cach\u00e9 en terre, et dont les caract\u00e8res \u00e9taient presque effac\u00e9s. Si lorsque leur pays \u00e9tait en paix, ils ont laiss\u00e9 p\u00e9rir ces livres si saints: combien l\u2019auront-ils fait davantage au milieu de tant d\u2019irruptions des peuples \u00e9trangers? Rien n\u2019est plus certain, les proph\u00e8tes avaient pr\u00e9dit que J\u00e9sus-Christ serait appel\u00e9 Nazar\u00e9en, \u00bb et c\u2019est pourquoi les ap\u00f4tres lui donnent souvent ce nom. (Source <a href=\"http:\/\/www.abbaye-saint-benoit.ch\/saints\/chrysostome\/matthieu\/009.htm\">ici<\/a>)<\/p><\/blockquote>\n<\/div>\n<p>Non seulement Jean Chrysostome accuse les Juifs ici d\u2019\u00eatre n\u00e9gligents, mais il les accuse aussi de d\u00e9truire les saints livres. Comment on croit dans un tel livre lorsque ceux qui croient en l\u2019Ancien Testament disent qu\u2019il est soumis \u00e0 corruption?<\/p>\n<h4>\u0650Adam Clarke Affirme que les Juifs ont corrompu la Bible pour leur Faveur contre les Samaritains<\/h4>\n<\/div>\n<div class=\"entry-content\">\n<p>Adam Clarke le commentateur de la Bible rend aussi un compte int\u00e9ressant concernant une autre corruption juive. Il dit \u00e0 propos de deut\u00e9ronome 27:4:<\/p>\n<blockquote><p>Kennicott soutient la le\u00e7on samaritaine ; Parry et Verschuir la le\u00e7on h\u00e9bra\u00efque. Mais on croit que les arguments donn\u00e9s par Kennicott son irr\u00e9futables,<strong><span class=\"puce\"> et on en conclut que les Juifs ont alt\u00e9r\u00e9 le texte h\u00e9bra\u00efque par haine pour les Samaritains. (Source <a href=\"http:\/\/www.studylight.org\/commentary\/deuteronomy\/27-4.html\">ici <\/a>en Anglais)<\/span><\/strong><\/p><\/blockquote>\n<p>On trouva ci-dessus que les Juifs corrompirent des \u00e9critures par haine aux Chr\u00e9tiens. Adam Clarke confirme aussi que les Juifs corrompirent des \u00e9critures par haine aux Samaritains. En fait, il y a des autres <a href=\"http:\/\/www.aimer-jesus.com\/alterations_bible.php\">exemples de corruption montr\u00e9s\u00a0ici<\/a>. Cette corruption n\u2019\u00e9tait pas juste contre les Chr\u00e9tiens et les Samaritains, mais il y a une autre corruption concernant ce\u00a0<a href=\"https:\/\/jesus-is-muslim.net\/fr\/index.php\/la-corruption-du-nom-du-fils-sacrifie-dabraham\/\">qui est sacrifi\u00e9 par Abraham; Isma\u00ebl ou Isaac?<\/a><\/p>\n<p>Ce sont juste quelques exemples dans les ouvrages Chr\u00e9tiens, et bien s\u00fbr si l\u2019on cherche plus on trouverait des autres probl\u00e8mes. Si l\u2019on regarde les anciens ouvrages Islamiques, on trouve des \u00e9critures parlant sur le Proph\u00e8te Muhammad \ufdfa explicitement qui n\u2019existe plus dans la Bible, ils peuvent \u00eatre retranch\u00e9s de la Bible comme les versets ci-dessus surtout que ce sont contre les deux religions, et l\u2019avantage des Juifs et de Chr\u00e9tiens en supprimant ces versets est commun.<\/p>\n<\/div>\n","protected":false},"excerpt":{"rendered":"<p>Les Chr\u00e9tiens chargent les Juifs de Supprimer des versets dans l\u2019Ancien Testament Cet article montrera des citations dans les ouvrages des Chr\u00e9tiens qui accusent les Juifs de la corruption dans l\u2019Ancien Testament soit pour leurs b\u00e9n\u00e9fices soit \u00e0 cause de leur\u00a0n\u00e9gligence. Si les Chr\u00e9tiens qui sont cens\u00e9s d\u2019avoir le m\u00eame livre avec les Juifs croient [&hellip;]<\/p>\n","protected":false},"author":1,"featured_media":1491,"parent":881,"menu_order":0,"comment_status":"closed","ping_status":"closed","template":"","meta":{"om_disable_all_campaigns":false,"_monsterinsights_skip_tracking":false,"_monsterinsights_sitenote_active":false,"_monsterinsights_sitenote_note":"","_monsterinsights_sitenote_category":0,"_uf_show_specific_survey":0,"_uf_disable_surveys":false,"footnotes":""},"categories":[36],"tags":[],"class_list":["post-847","page","type-page","status-publish","has-post-thumbnail","hentry","category-la-bible"],"aioseo_notices":[],"_links":{"self":[{"href":"https:\/\/jesus-is-muslim.net\/fr\/wp-json\/wp\/v2\/pages\/847","targetHints":{"allow":["GET"]}}],"collection":[{"href":"https:\/\/jesus-is-muslim.net\/fr\/wp-json\/wp\/v2\/pages"}],"about":[{"href":"https:\/\/jesus-is-muslim.net\/fr\/wp-json\/wp\/v2\/types\/page"}],"author":[{"embeddable":true,"href":"https:\/\/jesus-is-muslim.net\/fr\/wp-json\/wp\/v2\/users\/1"}],"replies":[{"embeddable":true,"href":"https:\/\/jesus-is-muslim.net\/fr\/wp-json\/wp\/v2\/comments?post=847"}],"version-history":[{"count":0,"href":"https:\/\/jesus-is-muslim.net\/fr\/wp-json\/wp\/v2\/pages\/847\/revisions"}],"up":[{"embeddable":true,"href":"https:\/\/jesus-is-muslim.net\/fr\/wp-json\/wp\/v2\/pages\/881"}],"wp:featuredmedia":[{"embeddable":true,"href":"https:\/\/jesus-is-muslim.net\/fr\/wp-json\/wp\/v2\/media\/1491"}],"wp:attachment":[{"href":"https:\/\/jesus-is-muslim.net\/fr\/wp-json\/wp\/v2\/media?parent=847"}],"wp:term":[{"taxonomy":"category","embeddable":true,"href":"https:\/\/jesus-is-muslim.net\/fr\/wp-json\/wp\/v2\/categories?post=847"},{"taxonomy":"post_tag","embeddable":true,"href":"https:\/\/jesus-is-muslim.net\/fr\/wp-json\/wp\/v2\/tags?post=847"}],"curies":[{"name":"wp","href":"https:\/\/api.w.org\/{rel}","templated":true}]}}