{"id":849,"date":"2015-12-25T06:03:41","date_gmt":"2015-12-25T06:03:41","guid":{"rendered":"https:\/\/jesus-is-muslim.net\/fr\/?page_id=849"},"modified":"2015-12-25T06:03:41","modified_gmt":"2015-12-25T06:03:41","slug":"prier-allah-vers-la-kaaba","status":"publish","type":"page","link":"https:\/\/jesus-is-muslim.net\/fr\/accueil\/le-prophete-muhammad\/le-prophete-muhammad-dans-la-bible\/prier-allah-vers-la-kaaba\/","title":{"rendered":"Pourquoi Prier \u00e0 Allah vers la Kaaba?"},"content":{"rendered":"<div id=\"main\" class=\"site-main\">\n<div id=\"primary\" class=\"content-area\">\n<div id=\"content\" class=\"site-content\">\n<article id=\"post-283\" class=\"post-283 page type-page status-publish hentry\">\n<div class=\"entry-content\">\n<p>Une id\u00e9e fausse commune parmi les Chr\u00e9tiens est que les Musulmans adorent une bo\u00eete dans la Mecque appel\u00e9e la Kaaba et qu\u2019ils embrassent une pierre noire l\u00e0. En fait, les Musulmans n\u2019adorent ni la Kaaba ni la pierre noire et personne ne croient parmi les Musulmans qu\u2019ils peuvent les profiter ou les nuire. La Kaaba est la premi\u00e8re maison de Dieu. Allah dit dans le Coran:<\/p>\n<p><a name=\"96\"><\/a><b>96.<\/b><strong> La premi\u00e8re Maison qui a \u00e9t\u00e9 \u00e9difi\u00e9e pour les gens, c\u2019est bien celle de Bakka (la Mecque) b\u00e9nie et une bonne direction pour l\u2019univers.<\/strong> (Le Saint Coran 3:96)<\/p>\n<h3>La Kaaba dans la Bible<\/h3>\n<p>La Bible mentionne un nom interessant dans Psaume 82:<\/p>\n<p><em><span id=\"fr-LSG-15265\">Psaume 82:5\u00a0(84:6) Heureux ceux qui placent en toi leur appui! Ils trouvent dans leur coeur des chemins tout trac\u00e9s.\u00a0<\/span><span id=\"fr-LSG-15266\">6\u00a0(84:7) Lorsqu\u2019ils traversent <strong>la vall\u00e9e de Baca<\/strong>, Ils la transforment en un lieu plein de sources, Et la pluie la couvre aussi de b\u00e9n\u00e9dictions.\u00a0<\/span><span id=\"fr-LSG-15267\">7\u00a0(84:8) Leur force augmente pendant la marche, Et ils se pr\u00e9sentent devant Dieu \u00e0 Sion.\u00a0<\/span><span id=\"fr-LSG-15268\">8\u00a0(84:9) \u00c9ternel, Dieu des arm\u00e9es, \u00e9coute ma pri\u00e8re! Pr\u00eate l\u2019oreille, Dieu de Jacob! Pause.<\/span><\/em><\/p>\n<p>Les versets ici mentionne une vall\u00e9e de Baca, c\u2019est Bakka mentionn\u00e9e dans le verset 3:96 dans le Coran mentionn\u00e9 ci-dessus. La capitalisation de \u00abBaca\u00bb ici signifie que ce nom est une place r\u00e9elle non juste une une m\u00e9taphore.<\/p>\n<h3>La Fontaine de Zamzam<\/h3>\n<p>&nbsp;<\/p>\n<p>Les Psaumes mentionnent une autre chose, c\u2019est que ce lieu est plein de sources, et que la pluie la couvre. C\u2019est le cas dans La Mecque. Il y a la source de Zamzam, une source \u00e9norme produisant de l\u2019eau en continu pendant plus d\u20191400 ans et les pipelines \u00e9normes transportent l\u2019eau \u00e0 M\u00e9dine (plus que 400 km loin de La Mecque), c\u2019est une autre miracle dans ce lieu b\u00e9ni. La Mecque est pleine de pluie aussi.<\/p>\n<p>&nbsp;<\/p>\n<h3>Sion<\/h3>\n<div>L\u2019un peut dire que ces verset dans Psaumes mentionnent Sion, c\u2019est-\u00e0-dire\u00a0J\u00e9rusalem. Mais\u00a0Sion\u00a0ne signifie pas nec\u00e9ssairement\u00a0J\u00e9rusalem. Il y a beaucoup des sens de ce mot comme <a href=\"http:\/\/www.idumea.org\/livres\/Articles_Foi\/19.htm\">ce site<\/a> explique:<\/div>\n<div><\/div>\n<div>\u00abSion \u00e9tait donc un nom de lieu et ce nom a \u00e9t\u00e9, appliqu\u00e9 comme suit:<br \/>\n1. A la colline elle-m\u00eame, ou mont de Sion et, par extension, \u00e0 J\u00e9rusalem.<br \/>\n2. A l\u2019emplacement de la \u00ab montagne de la maison du Seigneur \u00bb qui, <strong>selon la pr\u00e9diction de Mich\u00e9e, sera \u00e9tablie dans les derniers jours, distincte de J\u00e9rusalem.<\/strong> A ces applications nous pouvons en ajouter une autre, que nous connaissons gr\u00e2ce \u00e0 la r\u00e9v\u00e9lation moderne, \u00e0 savoir:<br \/>\n3. <strong>A la Ville de Saintet\u00e9, fond\u00e9e par Enoch<\/strong>, septi\u00e8me patriarche de la lign\u00e9e d\u2019Adam et appel\u00e9e par lui Sion. [11]<br \/>\n4. Il faut encore noter <strong>un autre emploi du terme, m\u00e9taphorique celui-l\u00e0, selon lequel l\u2019Eglise de Dieu est appel\u00e9e Sion<\/strong>, comprenant, selon la d\u00e9finition donn\u00e9e par le Seigneur lui-m\u00eame, ceux qui ont le c\u0153ur pur.\u00bb<\/div>\n<div><\/div>\n<div>Alors, il y a beaucoup de sens de ce mot, et des autres villes sont appel\u00e9es Sion car ils sont des lieu sacr\u00e9s, m\u00eame l\u2019\u00e9glise. Pourquoi pas la Mecque aussi?<\/div>\n<h3>La Kaaba dans le\u00a0Targoum d\u2019Onkelos<\/h3>\n<div>Le Targoum d\u2019Onkelos rend une compte interessante sur la maison de Dieu en Gen\u00e8se 22.\u00a0Le <a href=\"https:\/\/fr.wikipedia.org\/wiki\/Targoum_Onkelos\">Targoum Onkelos<\/a> (ou Ounkelous), est le targoum oriental (Babylonien) de la Torah. Ses origines se situent cependant \u00e0 l\u2019ouest, enterre d\u2019Isra\u00ebl. Sa paternit\u00e9 est traditionnellement attribu\u00e9e \u00e0 Onkelos bien que des divergences existent. En Gen\u00e8se 22, le targoum dit (il n\u2019y a pas de traduction fran\u00e7aise de ce targoum, mais il y a une\u00a0traduction anglaise source\u00a0<a href=\"http:\/\/targum.info\/onk\/Gen18_22.htm\">ici<\/a>):<\/div>\n<div><\/div>\n<div>\n<p>And Abraham lifted up his eyes after these (words), and saw, and behold, one ram, holden in the bush by his horns. And Abraham went and took the ram, and offered him for a burnt offering instead of his son.\u00a0<strong>And Abraham worshipped and prayed there in that place, and said before the Lord, Here shall generations worship: wherefore it shall be paid in that day, In this mountain Abraham worshipped before the Lord.<\/strong><a title=\"\" href=\"http:\/\/targum.info\/onk\/Gen18_22.htm#_ftn26\">[26]<\/a><\/p>\n<p>Le targoum dit qu\u2019apr\u00e8s Abraham sacrifia un b\u00e9lier au lieu de son fils, qu\u2019Abraham adora Dieu et pria dans ce lieu de sacrifice et il dit que les g\u00e9n\u00e9rations prieront dans ce lieu car Abraham adora Dieu dans cette montagne. Ce n\u2019est pas mentionn\u00e9 dans les traductions de la Bible. C\u2019est entre les versets 14 et 15 dans Gen\u00e8se 22. Les Musulmans sont les seuls qui c\u00e9l\u00e8brent la sacrifice d\u2019Abraham et adorent Dieu dans ce jour. C\u2019est dans la f\u00eate Musulmane \u00abEid al Adha\u00bb o\u00f9 les Musulmans c\u00e9l\u00e8brent la sacrifice d\u2019Abraham par sacrifier des b\u00e9liers et c\u2019est la saison du p\u00e9l\u00e9rinage \u00e0 la Mecque. Voir les articles\u00a0<a href=\"https:\/\/jesus-is-muslim.net\/fr\/index.php\/benediction-ismael\/\">La B\u00e9n\u00e9diction d\u2019Isma\u00ebl<\/a>\u00a0et\u00a0<a href=\"https:\/\/jesus-is-muslim.net\/fr\/index.php\/la-corruption-du-nom-du-fils-sacrifie-dabraham\/\">La corruption du nom du fils sacrifi\u00e9 d\u2019Abraham<\/a>.<\/p>\n<\/div>\n<\/div>\n<footer class=\"entry-meta\"><\/footer>\n<\/article>\n<div id=\"comments\" class=\"comments-area\"><\/div>\n<\/div>\n<\/div>\n<\/div>\n<footer id=\"colophon\" class=\"site-footer\">\n<div id=\"secondary\" class=\"sidebar-container\"><\/div>\n<\/footer>\n","protected":false},"excerpt":{"rendered":"<p>Une id\u00e9e fausse commune parmi les Chr\u00e9tiens est que les Musulmans adorent une bo\u00eete dans la Mecque appel\u00e9e la Kaaba et qu\u2019ils embrassent une pierre noire l\u00e0. En fait, les Musulmans n\u2019adorent ni la Kaaba ni la pierre noire et personne ne croient parmi les Musulmans qu\u2019ils peuvent les profiter ou les nuire. La Kaaba [&hellip;]<\/p>\n","protected":false},"author":1,"featured_media":0,"parent":870,"menu_order":0,"comment_status":"open","ping_status":"closed","template":"","meta":{"om_disable_all_campaigns":false,"_monsterinsights_skip_tracking":false,"_monsterinsights_sitenote_active":false,"_monsterinsights_sitenote_note":"","_monsterinsights_sitenote_category":0,"_uf_show_specific_survey":0,"_uf_disable_surveys":false,"footnotes":""},"categories":[41],"tags":[],"class_list":["post-849","page","type-page","status-publish","hentry","category-le-prophete-muhammad--dans-la-bible"],"aioseo_notices":[],"_links":{"self":[{"href":"https:\/\/jesus-is-muslim.net\/fr\/wp-json\/wp\/v2\/pages\/849","targetHints":{"allow":["GET"]}}],"collection":[{"href":"https:\/\/jesus-is-muslim.net\/fr\/wp-json\/wp\/v2\/pages"}],"about":[{"href":"https:\/\/jesus-is-muslim.net\/fr\/wp-json\/wp\/v2\/types\/page"}],"author":[{"embeddable":true,"href":"https:\/\/jesus-is-muslim.net\/fr\/wp-json\/wp\/v2\/users\/1"}],"replies":[{"embeddable":true,"href":"https:\/\/jesus-is-muslim.net\/fr\/wp-json\/wp\/v2\/comments?post=849"}],"version-history":[{"count":0,"href":"https:\/\/jesus-is-muslim.net\/fr\/wp-json\/wp\/v2\/pages\/849\/revisions"}],"up":[{"embeddable":true,"href":"https:\/\/jesus-is-muslim.net\/fr\/wp-json\/wp\/v2\/pages\/870"}],"wp:attachment":[{"href":"https:\/\/jesus-is-muslim.net\/fr\/wp-json\/wp\/v2\/media?parent=849"}],"wp:term":[{"taxonomy":"category","embeddable":true,"href":"https:\/\/jesus-is-muslim.net\/fr\/wp-json\/wp\/v2\/categories?post=849"},{"taxonomy":"post_tag","embeddable":true,"href":"https:\/\/jesus-is-muslim.net\/fr\/wp-json\/wp\/v2\/tags?post=849"}],"curies":[{"name":"wp","href":"https:\/\/api.w.org\/{rel}","templated":true}]}}