{"id":851,"date":"2015-12-25T06:06:08","date_gmt":"2015-12-25T06:06:08","guid":{"rendered":"https:\/\/jesus-is-muslim.net\/fr\/?page_id=851"},"modified":"2018-02-19T19:55:05","modified_gmt":"2018-02-19T17:55:05","slug":"les-morales-du-prophete-muhammad","status":"publish","type":"page","link":"https:\/\/jesus-is-muslim.net\/fr\/accueil\/le-prophete-muhammad\/les-morales-du-prophete-muhammad\/","title":{"rendered":"Les Morales du Proph\u00e8te Muhammad"},"content":{"rendered":"<p>Les morales du Proph\u00e8te Muhammad \ufdfa \u00a0sont les morales parfaites. Le Coran dit sur ses morales:<\/p>\n<blockquote><p><strong>4. Et tu es certes, d\u2019une moralit\u00e9 imminente.<\/strong> (Le Saint Coran 68:4)<\/p><\/blockquote>\n<h3>La Mis\u00e9ricorde du Proph\u00e8te\u00a0Muhammad\u00a0\ufdfa<\/h3>\n<h4>Sa\u00a0Mis\u00e9ricorde envers le pa\u00efen qui a tent\u00e9 de le tuer<\/h4>\n<p>Le Proph\u00e8te Muhammad \u00e9tait clement, il pardonnait les gens m\u00eame ils essaient \u00e0 lui tuer.<br \/>\nJaber (un disciple du Proph\u00e8te Muhammad) a dit :<\/p>\n<blockquote><p>\u00ab\u00a0Nous \u00e9tions avec Messager d\u2019Allah \ufdfa \u00a0\u00e0 Dhat Ar-riqa\u2019. Etant parvenus \u00e0 un arbre dont \u00a0l\u2019ombre \u00e9tait dense, nous y laiss\u00e2mes le Messager d\u2019Allah \ufdfa. L\u2019un des idol\u00e2tres arriva alors que le sabre du Messager d\u2019Allah \ufdfa \u00a0\u00e9tait accroch\u00e9 \u00e0 l\u2019arbre. Il le d\u00e9gaina et dit : \u00ab\u00a0As-tu peur de moi?\u00a0\u00bb<br \/>\nIl lui dit : \u00ab\u00a0<strong>Non<\/strong>\u00bb\u00a0.<br \/>\nIl dit : \u00ab\u00a0Qui te prot\u00e8ge de moi?\u00a0\u00bb<br \/>\nIl dit : \u00ab<strong>Allah<\/strong>\u00bb<br \/>\nLe sabre tomba alors de sa main et le Messager d\u2019Allah \ufdfa \u00a0le saisit et lui dit \u00e0 son tour : \u00ab\u00a0<strong>Qui te prot\u00e8ge de moi?<\/strong>\u00a0\u00bb<br \/>\nL\u2019autre dit : \u00ab\u00a0Sois le meilleur preneur!\u00a0\u00bb<br \/>\nIl dit : \u00ab\u00a0<strong>Attestes-tu qu\u2019il n\u2019y a de dieu qu\u2019Allah et que je suis le Messager d\u2019Allah?<\/strong>\u00a0\u00bb<br \/>\nIl dit\u00a0: \u00ab\u00a0Non. Mais je te promets de ne plus te combattre\u00a0\u00bb.<\/p><\/blockquote>\n<p>Il lui rendit sa libert\u00e9. Quand l\u2019homme revint \u00e0 ses compagnons il leur dit :<br \/>\n<strong>\u00ab\u00a0Je reviens \u00e0 vous de chez le meilleur des gens\u00a0\u00bb<\/strong>. (Rapport\u00e9 par Bukhari et Muslim)\u00a0<a href=\"https:\/\/jesus-is-muslim.net\/wp-content\/uploads\/2015\/12\/Le-Prophete-Muhammad-Misericorde-pour-lunivers.png\" rel=\"attachment wp-att-1369\"><img loading=\"lazy\" decoding=\"async\" class=\"alignnone size-full wp-image-1369\" src=\"https:\/\/jesus-is-muslim.net\/wp-content\/uploads\/2015\/12\/Le-Prophete-Muhammad-Misericorde-pour-lunivers.png\" alt=\"Le Prophete Muhammad-Misericorde pour l'univers\" width=\"660\" height=\"330\" srcset=\"https:\/\/jesus-is-muslim.net\/wp-content\/uploads\/2015\/12\/Le-Prophete-Muhammad-Misericorde-pour-lunivers.png 660w, https:\/\/jesus-is-muslim.net\/wp-content\/uploads\/2015\/12\/Le-Prophete-Muhammad-Misericorde-pour-lunivers-300x150.png 300w\" sizes=\"auto, (max-width: 660px) 100vw, 660px\" \/><\/a><\/p>\n<h4>Sa Mis\u00e9ricorde envers son peuple qui l&rsquo;ont persecut\u00e9<\/h4>\n<p>Bien que les pa\u00efens de l\u2019Arabie l\u2019ont tortu\u00e9 et l\u2019ont\u00a0persecut\u00e9, il n\u2019a pas demand\u00e9 Dieu de leur detruire, plut\u00f4t il pria pour eux car son but est qu\u2019ils sont sauv\u00e9s.<br \/>\nAbdoullah Ibn Mas\u2019o\u00fbd (Un disciple du Proph\u00e8te Muhammad \ufdfa) a dit :<\/p>\n<blockquote><p>Il me semble encore voir l\u2019Envoy\u00e9 de\u00a0Dieu (paix et b\u00e9n\u00e9diction de Dieu sur lui), parlant de l\u2019un des Proph\u00e8tes ayant \u00e9t\u00e9 frapp\u00e9 par\u00a0son peuple et qui essuyait le sang coulant sur son visage en disant :<\/p>\n<p><strong>\u00ab\u00a0Seigneur, pardonne \u00e0\u00a0mon peuple, car ils ne savent pas\u00a0\u00bb.\u00a0<\/strong>(Rapport\u00e9 par Muslim)<\/p><\/blockquote>\n<p align=\"justify\">Apr\u00e8s ce que les Qoura\u00efchites firent subir comme outrages au Proph\u00e8te Muhammad \ufdfa, ce dernier d\u00e9cida de se rendre \u00e0 Ta\u00eff pour y trouver un soutien, esp\u00e9rant que les membres de la tribu de Thaqif croiraient en sa mission. Mais les notables de Thaqif\u00a0excit\u00e8rent contre lui les idiots parmi eux et leurs esclaves qui le chahut\u00e8rent et l\u2019injuri\u00e8rent au point d\u2019ameuter les gens autour de lui. Ils se mirent tous \u00e0 lui jeter des pierres et \u00e0 lui adresser des grossi\u00e8ret\u00e9s. Zayd Ibn Haritha, qui le prot\u00e9geait de son corps, fut bless\u00e9 \u00e0 la t\u00eate.\u00a0Le Proph\u00e8te trouva finalement refuge dans un jardin appartenant \u00e0 \u2018Otba et \u00e0 Chayba, les deux enfants de Rabi\u2019a.<\/p>\n<p>L\u2019Ange des montagnes, vint au Proph\u00e8te Muhammad \ufdfa\u00a0et dit\u00a0:<\/p>\n<blockquote><p>\u00ab\u00a0\u00d4 Muhammad! Dieu a bien\u00a0entendu les propos de tes compatriotes et les r\u00e9ponses qu\u2019ils t\u2019ont faites; et je suis l\u2019Ange des montagnes et ton Seigneur m\u2019a envoy\u00e9 vers toi pour me dicter ton ordre \u00e0 leur sujet. D\u00e9sires tu\u00a0que je fasse replier sur eux les deux grandes montagnes qui dominent La Mecque?\u00a0\u00bb.<\/p><\/blockquote>\n<p>Le Proph\u00e8te Muhammad \ufdfa r\u00e9pondit:<\/p>\n<blockquote><p><strong>\u00ab\u00a0Non, car du dos de ces impies, j\u2019esp\u00e8re que Dieu fera sortir des fid\u00e8les qui\u00a0L\u2019adoreront Seul sans Lui donner d\u2019associ\u00e9s\u00a0\u00bb.\u00a0<\/strong>(Rapport\u00e9 par Muslim)<\/p><\/blockquote>\n<h4>Sa Mis\u00e9ricorde envers son peuple apr\u00e8s de sa victoire<\/h4>\n<p>Le but du\u00a0Proph\u00e8te Muhammad \ufdfa\u00a0n\u2019\u00e9tait pas tuer ceux qui l\u2019ont rejet\u00e9, il \u00e9tait soucieux de leur guide au vrai chemin de Dieu et qu\u2019ils seront sauv\u00e9s de l\u2019enfer. Apr\u00e8s qu\u2019il entra la Mecque en vainquant les pa\u00efennes, il ne s\u2019est pas veng\u00e9 de ceux qui l\u2019ont tortur\u00e9 et rejet\u00e9. Au contraire, il les demanda:<\/p>\n<blockquote><p><strong>\u00abQue pensez-vous que je ferais avec vous?\u00bb<\/strong><\/p><\/blockquote>\n<p>Ils r\u00e9pondirent:<\/p>\n<blockquote><p>\u00abLe meilleur, tu es un fr\u00e8re honorable\u00a0et le fils d\u2019un fr\u00e8re honorable\u00bb<\/p><\/blockquote>\n<p>Le Proph\u00e8te Muhammad \ufdfa dit:<\/p>\n<blockquote><p><strong>\u00abil n\u2019y a pas de bl\u00e2me sur vous aujourd\u2019hui, vous \u00eates libres\u00bb <\/strong>(Rapport\u00e9 par Ibn Hisham)<\/p><\/blockquote>\n<h4>Sa Mis\u00e9ricorde envers tout le monde<\/h4>\n<p>Le Proph\u00e8te Muhammad \ufdfa \u00e9tait mis\u00e9ricordieux avec ses peuples\u00a0et ses domestiques.\u00a0A\u00efcha la femme du Proph\u00e8te Muhammad\u00a0a dit :<\/p>\n<blockquote><p>\u00ab Jamais le Messager d\u2019Allah (b\u00e9n\u00e9diction et paix sur lui) n\u2019a frapp\u00e9 une de ses femmes ni un de ses domestiques, il n\u2019a jamais frapp\u00e9 personne avec sa main \u00e0 moins qu\u2019il s\u2019agisse d\u2019un coup dans le sentier d\u2019Allah ou qu\u2019un sacril\u00e8ge soit commis, il se vengera alors pour (l\u2019amour d\u2019) Allah \u00a0\u00bb (Rapport\u00e9 par les Imams An-Nissa\u2019i et Ibn Majah).<\/p><\/blockquote>\n<p>Anas Ibn M\u00e2lik (que Dieu l\u2019agr\u00e9e) a dit :<\/p>\n<blockquote><p>\u00abJ\u2019ai servi le Proph\u00e8te (paix et b\u00e9n\u00e9diction de Dieu sur lui) pendant dix ans, jamais il ne m\u2019a dit \u00ab\u00a0fi!\u00a0\u00bb ni \u00ab\u00a0pourquoi as-tu fait telle chose?\u00a0\u00bb ni\u00a0\u00ab\u00a0si seulement tu as fait telle chose!\u00a0\u00bb.<\/p><\/blockquote>\n<p>Abou Sa\u2019\u00eed Al-Khoudri (que Dieu l\u2019agr\u00e9e) a dit :<\/p>\n<blockquote><p>\u00ab\u00a0Le Proph\u00e8te (paix et b\u00e9n\u00e9diction de Dieu sur lui) \u00e9tait plus pudique qu\u2019une (jeune) vierge dans son boudoir. Si quelque chose luid\u00e9plaisait, on saurait le lire sur son visage\u00a0\u00bb.\u00a0(Rapport\u00e9 par Muslim)<\/p><\/blockquote>\n<p>Anas ibn Malick dit:<\/p>\n<blockquote><p>\u00abLe Proph\u00e8te (B\u00e9n\u00e9diction et salut soient sur lui) n\u2019\u00e9tait pas un insultant ni un homme au langage grossier ni un impr\u00e9cateur. Quant il avait un reproche \u00e0 faire \u00e0 l\u2019un d\u2019entre nous, il ne disait que: \u00abQu\u2019est ce qui lui arrive! Qu\u2019il morde la poussi\u00e8re!\u00bb (Rapport\u00e9 par al-Bokhari).<\/p>\n<p><em> \u00ab Le Messager d\u2019Allah (Paix sur lui)\u00a0n\u2019a jamais dit du mal d\u2019un repas. S\u2019il lui plaisait, il mangeait, sinon, il le laissait. \u00a0\u00bb (<\/em>Rapport\u00e9 Par Bukhari et Muslim)<\/p><\/blockquote>\n<p>\u2018A\u00efcha, la femme du Proph\u00e8te (que Dieu soit satisfait d\u2019elle) a dit :<\/p>\n<blockquote><p>\u00ab\u00a0Jamais on ne donna\u00a0\u00e0 choisir \u00e0 l\u2019Envoy\u00e9 de Dieu (paix et b\u00e9n\u00e9diction de Dieu sur lui) entre deux choses, sans qu\u2019il\u00a0choisit la plus facile, pourvu que ce ne f\u00fbt pas un p\u00e9ch\u00e9. Si c\u2019\u00e9tait un p\u00e9ch\u00e9, il \u00e9tait le plus\u00a0ardent des hommes \u00e0 s\u2019en \u00e9loigner. Jamais l\u2019Envoy\u00e9 de Dieu (paix et b\u00e9n\u00e9diction de Dieu sur\u00a0lui) ne se vengea d\u2019une injure personnelle, \u00e0 moins que ce f\u00fbt une offense \u00e0 la majest\u00e9 de\u00a0Dieu, \u00e0 Lui la toute puissance et la gloire\u00a0\u00bb.\u00a0<em>(<\/em>Rapport\u00e9 Par Muslim)<\/p><\/blockquote>\n<h3>La G\u00e9n\u00e9rosit\u00e9 du Proph\u00e8te Muhammad \ufdfa<\/h3>\n<p>Ibn \u2018Abb\u00e2s (le cousin du Proph\u00e8te Muhammad) a dit :<\/p>\n<blockquote><p>\u00ab\u00a0Le Proph\u00e8te (paix et b\u00e9n\u00e9diction de\u00a0Dieu sur lui) \u00e9tait le plus g\u00e9n\u00e9reux des hommes. Cette g\u00e9n\u00e9rosit\u00e9 se manifestait pleinement\u00a0durant le mois du ramadan, lorsque Gabriel (que la paix soit sur lui) venait chaque nuit lui\u00a0enseigner le Coran. Et lorsque Gabriel le rencontrait, l\u2019Envoy\u00e9 de Dieu (paix et b\u00e9n\u00e9diction de\u00a0Dieu sur lui) \u00e9tait plus g\u00e9n\u00e9reux que le vent envoy\u00e9 par Dieu (vent porteur de pluie)\u00a0\u00bb.\u00a0<em>(<\/em>Rapport\u00e9 Par Muslim)<\/p><\/blockquote>\n<p>J\u00e2bir Ibn \u2018Abdoull\u00e2h (que Dieu agr\u00e9e le p\u00e8re et le fils) a dit :<\/p>\n<blockquote><p>Jamais, quand on lui\u00a0demanda quelque chose, le Proph\u00e8te (paix et b\u00e9n\u00e9diction de Dieu sur lui) ne r\u00e9pondit f\u00fbt-ce\u00a0pour une seule fois : \u00ab\u00a0Non\u00a0\u00bb.\u00a0<em>(<\/em>Rapport\u00e9 Par Muslim)<\/p><\/blockquote>\n<h3>La Modestie du Proph\u00e8te\u00a0Muhammad\u00a0\ufdfa<\/h3>\n<p>Le Proph\u00e8te Muhammad \ufdfa \u00e9tait tr\u00e8s modeste, il n\u2019a jamais \u00e9tendu les pieds devant ses disciples, et il rejetait qu\u2019ils se l\u00e8vent lorsque il venait.<\/p>\n<blockquote><p>\u00abLe Proph\u00e8te\u00a0d\u2019Allah (la b\u00e9n\u00e9diction et la paix d\u2019Allah soient sur lui) a dit, \u2018<strong>Ne me aduler comme les chr\u00e9tiens ont adul\u00e9 le Fils de Marie. Car je ne suis son esclave. Donc, dire \u00abserviteur de Dieu, et \u00e0 Son messager.<\/strong>\u00bb(Rapport\u00e9 par Muslim)<\/p><\/blockquote>\n<p>Sa vie \u00e9tait tr\u00e8s simple. Depit que le Proph\u00e8te Muhammad \u00e9tait le chef du Musulmans, sa maison n\u2019a pas contenu beaucoup de nourriture.\u00a0A\u00efcha, la femme du Proph\u00e8te Muhammad dit :<\/p>\n<blockquote><p>\u00ab\u00a0Il nous arrivait de voir passer trois nouvelles lunes en deux mois sans que nous ayons llum\u00e9 un feu (pour cuisiner) dans la maison du Proph\u00e8te, \u00ab\u00a0. Son neveu demanda: \u00ab\u00a0\u00d4 ma tante, de quoi vous nourrissiez-vous?\u00a0\u00bb Elle dit: \u00ab\u00a0Les deux choses noires, les dattes et l\u2019eau.\u00bb<\/p><\/blockquote>\n<p>Ella a dit aussi\u00a0:<\/p>\n<blockquote><p>Le Proph\u00e8te Muhammad (paix et b\u00e9n\u00e9diction de Dieu sur\u00a0lui) restait si longtemps en pri\u00e8re, que ses pieds souffraient de crevasses. \u2013 \u00ab\u00a0Pourquoi agis-tu\u00a0ainsi, \u00f4 Envoy\u00e9 de Dieu, lui demanda \u2018A\u00efcha, puisque Dieu t\u2019a d\u00e9j\u00e0 pardonn\u00e9 et tes fautes\u00a0pass\u00e9es et tes fautes \u00e0 venir?\u00a0\u00bb.<\/p><\/blockquote>\n<p>Le Proph\u00e8te Muhammad r\u00e9pondit\u00a0:<\/p>\n<blockquote><p>\u00a0\u00ab\u00a0\u00d4 \u2018A\u00efcha, r\u00e9pondit le Proph\u00e8te, ne dois-je pas \u00eatre un\u00a0Serviteur reconnaissant?\u00a0\u00bb. (Rapport\u00e9 par Muslim)<\/p><\/blockquote>\n","protected":false},"excerpt":{"rendered":"<p>Les morales du Proph\u00e8te Muhammad \ufdfa \u00a0sont les morales parfaites. Le Coran dit sur ses morales: 4. Et tu es certes, d\u2019une moralit\u00e9 imminente. (Le Saint Coran 68:4) La Mis\u00e9ricorde du Proph\u00e8te\u00a0Muhammad\u00a0\ufdfa Sa\u00a0Mis\u00e9ricorde envers le pa\u00efen qui a tent\u00e9 de le tuer Le Proph\u00e8te Muhammad \u00e9tait clement, il pardonnait les gens m\u00eame ils essaient \u00e0 [&hellip;]<\/p>\n","protected":false},"author":1,"featured_media":1369,"parent":866,"menu_order":0,"comment_status":"closed","ping_status":"closed","template":"","meta":{"om_disable_all_campaigns":false,"_monsterinsights_skip_tracking":false,"_monsterinsights_sitenote_active":false,"_monsterinsights_sitenote_note":"","_monsterinsights_sitenote_category":0,"_uf_show_specific_survey":0,"_uf_disable_surveys":false,"footnotes":""},"categories":[40],"tags":[],"class_list":["post-851","page","type-page","status-publish","has-post-thumbnail","hentry","category-le-prophete-muhammad-"],"aioseo_notices":[],"_links":{"self":[{"href":"https:\/\/jesus-is-muslim.net\/fr\/wp-json\/wp\/v2\/pages\/851","targetHints":{"allow":["GET"]}}],"collection":[{"href":"https:\/\/jesus-is-muslim.net\/fr\/wp-json\/wp\/v2\/pages"}],"about":[{"href":"https:\/\/jesus-is-muslim.net\/fr\/wp-json\/wp\/v2\/types\/page"}],"author":[{"embeddable":true,"href":"https:\/\/jesus-is-muslim.net\/fr\/wp-json\/wp\/v2\/users\/1"}],"replies":[{"embeddable":true,"href":"https:\/\/jesus-is-muslim.net\/fr\/wp-json\/wp\/v2\/comments?post=851"}],"version-history":[{"count":0,"href":"https:\/\/jesus-is-muslim.net\/fr\/wp-json\/wp\/v2\/pages\/851\/revisions"}],"up":[{"embeddable":true,"href":"https:\/\/jesus-is-muslim.net\/fr\/wp-json\/wp\/v2\/pages\/866"}],"wp:featuredmedia":[{"embeddable":true,"href":"https:\/\/jesus-is-muslim.net\/fr\/wp-json\/wp\/v2\/media\/1369"}],"wp:attachment":[{"href":"https:\/\/jesus-is-muslim.net\/fr\/wp-json\/wp\/v2\/media?parent=851"}],"wp:term":[{"taxonomy":"category","embeddable":true,"href":"https:\/\/jesus-is-muslim.net\/fr\/wp-json\/wp\/v2\/categories?post=851"},{"taxonomy":"post_tag","embeddable":true,"href":"https:\/\/jesus-is-muslim.net\/fr\/wp-json\/wp\/v2\/tags?post=851"}],"curies":[{"name":"wp","href":"https:\/\/api.w.org\/{rel}","templated":true}]}}