{"id":853,"date":"2015-12-25T06:08:22","date_gmt":"2015-12-25T06:08:22","guid":{"rendered":"https:\/\/jesus-is-muslim.net\/fr\/?page_id=853"},"modified":"2018-02-15T19:47:55","modified_gmt":"2018-02-15T17:47:55","slug":"paran-est-la-mecque","status":"publish","type":"page","link":"https:\/\/jesus-is-muslim.net\/fr\/accueil\/le-prophete-muhammad\/le-prophete-muhammad-dans-la-bible\/paran-est-la-mecque\/","title":{"rendered":"Paran est la Mecque"},"content":{"rendered":"<p>L\u2019ancien Testament mentionne une chose int\u00e9ressant concernant un lieux appel\u00e9 Paran. On montra ici que Paran est la Mecque. L\u2019Ancien Testament dit:<\/p>\n<blockquote>\n<p class=\"passage-display\"><em><span class=\"passage-display-bcv\">Deut\u00e9ronome <\/span><span id=\"fr-LSG-5812\" class=\"text Deut-33-1\"><span class=\"chapternum\">33\u00a0<\/span>Voici la b\u00e9n\u00e9diction par laquelle Mo\u00efse, homme de Dieu, b\u00e9nit les enfants d\u2019Isra\u00ebl, avant sa mort.\u00a0<\/span><span id=\"fr-LSG-5813\" class=\"text Deut-33-2\"><sup class=\"versenum\">2\u00a0<\/sup>Il dit: L\u2019\u00c9ternel est venu du Sina\u00ef, Il s\u2019est lev\u00e9 sur eux de S\u00e9ir, <strong>Il a resplendi de la montagne de Paran<\/strong>, Et il est sorti du milieu des saintes myriades: Il leur a de sa droite envoy\u00e9 le feu de la loi.<\/span><\/em><\/p>\n<\/blockquote>\n<p class=\"passage-display\">Cette proph\u00e9tie parle \u00e0 propos des trois proph\u00e8tes; Mo\u00efse (L\u2019\u00c9ternel est venu du Sina\u00ef), J\u00e9sus (Il s\u2019est lev\u00e9 sur eux de S\u00e9ir) et Muhammad (Il a resplendi de la montagne de Paran), que les b\u00e9n\u00e9dictions et la paix soient sur eux et tous les Proph\u00e8tes de Dieu. On remarque ici comment les mots sont utilis\u00e9s. Quant au Sina\u00ef, Dieu est venu. C\u2019est le d\u00e9but du peuple de Dieu. En Seir, Il s\u2019est lev\u00e9 et Il resplendit du mont Paran. C\u2019est le message mondial de l\u2019Islam qui a \u00e9tendu \u00e0 travers de monde. On voit comment l\u2019importance de Paran est la plus grande par l\u2019expression \u00abIl a resplendi\u00bb. On voit aussi l\u2019augmentation graduelle des trois lieux; Sina\u00ef, Seir et Paran puisque Paran c\u2019est la place du final et mondial message de Dieu.<br \/>\nHabacuc dit aussi:<\/p>\n<blockquote>\n<p class=\"verse\"><em><span id=\"fr-LSG-22772\">Habacuc 3:3\u00a0<\/span><span id=\"fr-LSG-22772\" class=\"text Hab-3-3\">Dieu vient de Th\u00e9man, <strong>Le Saint vient de la montagne de Paran<\/strong>\u2026 Pause. Sa majest\u00e9 couvre les cieux, Et sa gloire remplit la terre.<\/span><\/em><\/p>\n<\/blockquote>\n<p class=\"verse\">Alors, on voit l\u2019importance de la montagne de Paran dans plus d\u2019un verset. On voit dessous l\u2019\u00e9vidence que Paran est en Arabie.<\/p>\n<p class=\"verse\"><a href=\"https:\/\/jesus-is-muslim.net\/wp-content\/uploads\/2015\/12\/Paran-cest-la-Mecque.png\" rel=\"attachment wp-att-1392\"><img loading=\"lazy\" decoding=\"async\" class=\"alignnone size-full wp-image-1392\" src=\"https:\/\/jesus-is-muslim.net\/wp-content\/uploads\/2015\/12\/Paran-cest-la-Mecque.png\" alt=\"La proph\u00e9tie du Proph\u00e8te Muhammad en Deut\u00e9ronome 33:2. Paran c'est la Mecque.\" width=\"1038\" height=\"570\" srcset=\"https:\/\/jesus-is-muslim.net\/wp-content\/uploads\/2015\/12\/Paran-cest-la-Mecque.png 1038w, https:\/\/jesus-is-muslim.net\/wp-content\/uploads\/2015\/12\/Paran-cest-la-Mecque-300x165.png 300w, https:\/\/jesus-is-muslim.net\/wp-content\/uploads\/2015\/12\/Paran-cest-la-Mecque-768x422.png 768w, https:\/\/jesus-is-muslim.net\/wp-content\/uploads\/2015\/12\/Paran-cest-la-Mecque-1024x562.png 1024w\" sizes=\"auto, (max-width: 1038px) 100vw, 1038px\" \/><\/a><\/p>\n<h3>Isma\u00ebl v\u00e9cut en Paran<\/h3>\n<p><span id=\"fr-LSG-534\">Paran est La Mecque non Sina\u00ef. La Bible raconte qu\u2019Isma\u00ebl habita dans le d\u00e9sert de Paran. Isma\u00ebl est v\u00e9cu dans l\u2019Arabie, et comme expliqu\u00e9 dans les articles pr\u00e9c\u00e9dents, le\u00a0<a href=\"https:\/\/jesus-is-muslim.net\/fr\/index.php\/un-prophete-comme-moise\/\">Proph\u00e8te comme Mo\u00efse est suscit\u00e9 parmi les<\/a><\/span><span id=\"fr-LSG-534\"><a href=\"https:\/\/jesus-is-muslim.net\/fr\/index.php\/un-prophete-comme-moise\/\"> fr<\/a><\/span><span id=\"fr-LSG-534\"><a href=\"https:\/\/jesus-is-muslim.net\/fr\/index.php\/un-prophete-comme-moise\/\">\u00e8res<\/a><\/span><span id=\"fr-LSG-534\"><a href=\"https:\/\/jesus-is-muslim.net\/fr\/index.php\/un-prophete-comme-moise\/\"> des isra\u00e9lites<\/a>. C\u2019est pourquoi <a href=\"https:\/\/jesus-is-muslim.net\/fr\/index.php\/prophete-muhammad-esaie-42\/\">les descendants de K\u00e9dar r\u00e9jouiront<\/a>. C\u2019est <a href=\"https:\/\/jesus-is-muslim.net\/fr\/index.php\/benediction-ismael\/\">la b\u00e9n\u00e9diction d\u2019Isma\u00ebl promit en Gen\u00e8se<\/a>. <\/span><span id=\"fr-LSG-534\">La Bible dit qu\u2019Isma\u00ebl habita dans le d\u00e9sert de Paran:<\/span><\/p>\n<blockquote><p><em><span id=\"fr-LSG-534\">Gen\u00e8se 21:20\u00a0Dieu fut avec l\u2019enfant, qui grandit, habita dans le d\u00e9sert, et devint tireur d\u2019arc.<\/span><span id=\"fr-LSG-535\">21\u00a0<strong>Il habita dans le d\u00e9sert de Paran<\/strong>, et sa m\u00e8re lui prit une femme du pays d\u2019\u00c9gypte.<\/span><\/em><\/p><\/blockquote>\n<p>Le dictionnaire de Strong en Anglais dit que Paran est \u00ab\u00a0A desert of Arabia\u00a0\u00bb. C\u2019est-\u00e0-dire un d\u00e9sert de l\u2019Arabie.<\/p>\n<blockquote><p>H6290<\/p>\n<p>pa\u0302\u2019ra\u0302n<\/p>\n<p>From H6286; ornamental; Paran, <strong>a desert of Arabia<\/strong>: \u2013 Paran. (<a href=\"http:\/\/www.abibleconcordance.com\/40H-0300.htm\">Source ici<\/a>)<\/p><\/blockquote>\n<p>Le Rabbin Rachi dans son commentaire sur Deut\u00e9ronome dit que ce verset en Deut\u00e9ronome 33:2 parle sur les descendants d\u2019Isma\u00ebl concernant Paran:<\/p>\n<div class=\"comment_verset comment_auteur_1 fr\">\n<blockquote><p>\u00abDu mont Paran, Il y est all\u00e9 et Il a commenc\u00e9 par <strong>s\u2019adresser aux descendants de Yichma\u2018el<\/strong> pour qu\u2019ils l\u2019acceptent, mais ils n\u2019en ont pas voulu.\u00bb (<a href=\"http:\/\/www.torah-box.com\/torah-pdf\/torah\/deuteronome\/33.html\">Source ici<\/a>)<\/p><\/blockquote>\n<\/div>\n<h4>Une objection Chr\u00e9tienne<\/h4>\n<p>L\u2019un peut dire que Paran n\u2019est pas en Arabie, car Paran se situe au sud de Palestine et au nord de l\u2019Arabie. Oui, Paran est mentionn\u00e9 dans autres versets et ces versets ne parle pas d\u2019Arabie. Mais\u00a0il se passe que il y avait plus d\u2019une\u00a0place qui ait le m\u00eame nom comme Seir par exemple. Seir est une montagne d\u2019Idumaea et il y a d\u2019autre montagne en Palestine nomm\u00e9e Seir. C&rsquo;est clair dans ce <a href=\"http:\/\/www.enseignemoi.com\/bible\/strong-biblique-hebreu-se-iyr-8165.html\">lien<\/a>.<\/p>\n<p>Il n\u2019y a pas d\u2019un \u00e9v\u00e9nement important qui s\u2019est pass\u00e9 dans la r\u00e9gion entre Palestine et Arabie (qui se situe en Jordanie actuellement). Mais beaucoup des \u00e9v\u00e9nements se sont pass\u00e9s dans la Mecque.<\/p>\n<h3>Deut\u00e9ronome 33:2 Pr\u00e9dit la Conqu\u00eat de la Mecque<\/h3>\n<p>En fait, ce verset montre un\u00a0\u00e9v\u00e9nement tr\u00e8s important dans la vie du Proph\u00e8te Muhammad \ufdfa, c\u2019est la conqu\u00eat de la Mecque. Le verset dit:<\/p>\n<blockquote><p><em><span id=\"fr-LSG-5813\" class=\"text Deut-33-2\">Deut\u00e9ronome 33:2 Et il est sorti du milieu des saintes myriades: Il leur a de sa droite envoy\u00e9 le feu de la loi.<\/span><\/em><\/p><\/blockquote>\n<p>Le Proph\u00e8te Muhammad a men\u00e9 la conqu\u00eate de la Mecque avec 10,000 Musulmans. Ce sont des saintes myriades. Et durant la conqu\u00eate, le proph\u00e8te Muhammad \ufdfa\u00a0a ordonn\u00e9 tous ses disciples de tenir une torche de feu dans la nuit pour montrer le pouvoir des Musulmans\u00a0aux pa\u00efennes de la Mecque . C\u2019est ce que Deut\u00e9ronome 33:2 dit.<\/p>\n","protected":false},"excerpt":{"rendered":"<p>L\u2019ancien Testament mentionne une chose int\u00e9ressant concernant un lieux appel\u00e9 Paran. On montra ici que Paran est la Mecque. L\u2019Ancien Testament dit: Deut\u00e9ronome 33\u00a0Voici la b\u00e9n\u00e9diction par laquelle Mo\u00efse, homme de Dieu, b\u00e9nit les enfants d\u2019Isra\u00ebl, avant sa mort.\u00a02\u00a0Il dit: L\u2019\u00c9ternel est venu du Sina\u00ef, Il s\u2019est lev\u00e9 sur eux de S\u00e9ir, Il a resplendi [&hellip;]<\/p>\n","protected":false},"author":1,"featured_media":1392,"parent":870,"menu_order":0,"comment_status":"closed","ping_status":"closed","template":"","meta":{"om_disable_all_campaigns":false,"_monsterinsights_skip_tracking":false,"_monsterinsights_sitenote_active":false,"_monsterinsights_sitenote_note":"","_monsterinsights_sitenote_category":0,"_uf_show_specific_survey":0,"_uf_disable_surveys":false,"footnotes":""},"categories":[],"tags":[],"class_list":["post-853","page","type-page","status-publish","has-post-thumbnail","hentry"],"aioseo_notices":[],"_links":{"self":[{"href":"https:\/\/jesus-is-muslim.net\/fr\/wp-json\/wp\/v2\/pages\/853","targetHints":{"allow":["GET"]}}],"collection":[{"href":"https:\/\/jesus-is-muslim.net\/fr\/wp-json\/wp\/v2\/pages"}],"about":[{"href":"https:\/\/jesus-is-muslim.net\/fr\/wp-json\/wp\/v2\/types\/page"}],"author":[{"embeddable":true,"href":"https:\/\/jesus-is-muslim.net\/fr\/wp-json\/wp\/v2\/users\/1"}],"replies":[{"embeddable":true,"href":"https:\/\/jesus-is-muslim.net\/fr\/wp-json\/wp\/v2\/comments?post=853"}],"version-history":[{"count":0,"href":"https:\/\/jesus-is-muslim.net\/fr\/wp-json\/wp\/v2\/pages\/853\/revisions"}],"up":[{"embeddable":true,"href":"https:\/\/jesus-is-muslim.net\/fr\/wp-json\/wp\/v2\/pages\/870"}],"wp:featuredmedia":[{"embeddable":true,"href":"https:\/\/jesus-is-muslim.net\/fr\/wp-json\/wp\/v2\/media\/1392"}],"wp:attachment":[{"href":"https:\/\/jesus-is-muslim.net\/fr\/wp-json\/wp\/v2\/media?parent=853"}],"wp:term":[{"taxonomy":"category","embeddable":true,"href":"https:\/\/jesus-is-muslim.net\/fr\/wp-json\/wp\/v2\/categories?post=853"},{"taxonomy":"post_tag","embeddable":true,"href":"https:\/\/jesus-is-muslim.net\/fr\/wp-json\/wp\/v2\/tags?post=853"}],"curies":[{"name":"wp","href":"https:\/\/api.w.org\/{rel}","templated":true}]}}