{"id":858,"date":"2015-12-29T06:15:24","date_gmt":"2015-12-29T04:15:24","guid":{"rendered":"https:\/\/jesus-is-muslim.net\/fr\/?page_id=858"},"modified":"2017-07-15T15:01:40","modified_gmt":"2017-07-15T13:01:40","slug":"objections-musulmanes-sur-la-bible","status":"publish","type":"page","link":"https:\/\/jesus-is-muslim.net\/fr\/accueil\/la-bible\/objections-musulmanes-sur-la-bible\/","title":{"rendered":"Des Objections Musulmanes sur la Bible"},"content":{"rendered":"<p>Comme montr\u00e9 dans l&rsquo;article dernier, <a href=\"https:\/\/jesus-is-muslim.net\/fr\/accueil\/la-bible\/la-vue-islamique-de-la-bible\/\">les Musulmans croient que la Bible contient des v\u00e9ritables \u00e9critures et des fausses \u00e9critures<\/a>. On verra ici pourquoi les Musulmans rejettent quelques \u00e9critures dans la Bible. Ce sont des exemples, mais on ne dit pas que ce sont les seules \u00e9critures rejet\u00e9es.<\/p>\n<h3>Les Objections de Musulmans sur les Attributs de Dieu dans la Bible<\/h3>\n<p>La Bible contient des versets parlant sur Dieu avec une fa\u00e7on qui va contre Sa puissance. Par exemple, un verset dans le livre d\u2019\u00c8xode 31:17 dit que Dieu s\u2019est repos\u00e9 apr\u00e8s finir la cr\u00e9ation de l\u2019univers. Dieu ne fatigue pas pour qu\u2019Il ait besoin de se reposer. On n\u2019accepte pas ce que la Bible dit en Gen\u00e8se 32:28 que Jacob a lutt\u00e9 avec Dieu et qu\u2019il a \u00e9t\u00e9 le vainqueur. Dieu est le Tout Puissant, comment un homme vainc Dieu?<\/p>\n<p>On n\u2019accepte pas les analogies illustrant Dieu comme un homme qui a dormi, et comme un h\u00e9ros ragaillardi par le vin (Psaumes 78:65) ou comme une ourse ou une lionne (Os\u00e9e 13:8) ou comme un agneau (Apocalypse 17:14). Dieu n\u2019a pas besoin d\u2019\u00e9tablir un signe d\u2019alliance pour qu\u2019Il en se souvienne et pour qu\u2019Il ne devrait pas d\u00e9truire la terre avec un d\u00e9luge ou une inondation (Gen\u00e8se 9:12-16). Dieu n\u2019oublie pas afin qu\u2019Il ait besoin de mettre un signe pour se souvenir de l&rsquo;alliance.<\/p>\n<h3><a href=\"https:\/\/jesus-is-muslim.net\/wp-content\/uploads\/2015\/12\/Les-objections-Musulmanes-sur-la-Bible.png\" rel=\"attachment wp-att-1495\"><img loading=\"lazy\" decoding=\"async\" class=\"alignnone size-full wp-image-1495\" src=\"https:\/\/jesus-is-muslim.net\/wp-content\/uploads\/2015\/12\/Les-objections-Musulmanes-sur-la-Bible.png\" alt=\"Les objections Musulmanes sur la Bible\" width=\"1040\" height=\"570\" srcset=\"https:\/\/jesus-is-muslim.net\/wp-content\/uploads\/2015\/12\/Les-objections-Musulmanes-sur-la-Bible.png 1040w, https:\/\/jesus-is-muslim.net\/wp-content\/uploads\/2015\/12\/Les-objections-Musulmanes-sur-la-Bible-300x164.png 300w, https:\/\/jesus-is-muslim.net\/wp-content\/uploads\/2015\/12\/Les-objections-Musulmanes-sur-la-Bible-768x421.png 768w, https:\/\/jesus-is-muslim.net\/wp-content\/uploads\/2015\/12\/Les-objections-Musulmanes-sur-la-Bible-1024x561.png 1024w\" sizes=\"auto, (max-width: 1040px) 100vw, 1040px\" \/><\/a><\/h3>\n<h3>Les Objections de Musulmans sur les histoires honteuses\u00a0des Proph\u00e8tes dans la Bible<\/h3>\n<p>La Bible raconte des histoires honteuses illustrant les proph\u00e8tes comme des voleurs, des menteurs, des adult\u00e8res, des ivres, des meurtriers et m\u00eame comme des idol\u00e2tres. La Bible dit que No\u00e9 a bu du vin, qu&rsquo;il devint ivre, tant qu\u2019il se d\u00e9nuda au milieu de sa tente (Gen\u00e8se 9:21).<\/p>\n<p>La Bible dit qu\u2019Aaron aidait le peuple d\u2019Isra\u00ebl \u00e0 adorer le veau (Exode 32), comment un proph\u00e8te envoy\u00e9 de Dieu aide les gens \u00e0 adorer une idole?<\/p>\n<p>Selon la Bible, Jacob n\u2019\u00e9tait pas b\u00e9ni jusqu\u2019\u00e0 ce qu\u2019il ment\u00eet et il vola la b\u00e9n\u00e9diction d&rsquo;\u00c9sau pour \u00eatre b\u00e9ni (Gen\u00e8se 27). Alors, \u00e7a signifie que Dieu choisit les gens d\u2019Isra\u00ebl \u00a0comme Son peuple \u00e0 cause d\u2019un mensonge.<\/p>\n<p>David selon la Bible fit un horrible p\u00e9ch\u00e9, c\u2019est qu\u2019il commit l\u2019adult\u00e8re avec la femme d\u2019Urie, puis il le tua. (2 Samuel 11), Salomon adora des autres dieux (1 Rois 11:1-11).<\/p>\n<p>Les Musulmans croient que les proph\u00e8tes sont les meilleurs des hommes. C\u2019est pourquoi Dieu les choisit parmi tous les humains pour enseigner les gens la croyance de Dieu et les bonnes morales. Comment on trouve que ces proph\u00e8tes commirent tels p\u00e9ch\u00e9s commis habituellement par les plus mauvaises gens? Ne peut-Dieu pas choisir des humains plus vertueux? C\u2019est une accusation directe \u00e0 Dieu Lui-m\u00eame.<\/p>\n<p>L\u2019un peut dire que la mission de ces proph\u00e8tes c&rsquo;est enseigner les gens qui est Dieu, mais ils sont des p\u00e9cheurs comme tous les humains. C\u2019est aussi un blasph\u00e8me contre Dieu illustrant Lui comme s\u2019Il ne conna\u00eet pas la nature de l\u2019homme. Comment imaginer que les gens vont ob\u00e9ir les proph\u00e8tes de Dieu si les proph\u00e8tes de Dieu eux-m\u00eames ne L\u2019ob\u00e9issent pas? Imaginons une entreprise dont son directeur ne suit pas les r\u00e8gles de cette entreprise et il est n\u00e9gligeant, peut-on imaginer que les employ\u00e9s vont suivre les r\u00e8gles? Non. Le plus probable c&rsquo;est qu\u2019ils seraient n\u00e9gligents comme lui.<\/p>\n<p>C\u2019est le m\u00eame cas ici, si Dieu\u00a0a choisi\u00a0des proph\u00e8tes p\u00e9cheurs comme \u00e7a, comment attendre que les gens soient vertueux? Les proph\u00e8tes devraient \u00eatre les personnes les plus vertueuses parmi les gens, et il y a des hommes sans p\u00e9ch\u00e9 dans la Bible comme Zacharie par exemple (Luc 1:5). Si Dieu ne peut pas choisir les hommes convenable pour\u00a0\u00eatre des proph\u00e8tes qui enseignent les gens sur le chemin de Dieu et qui les donnent un exemple pour le suivre dans cette vie, \u00e7a sera un blasph\u00e8me contre Dieu Lui-m\u00eame.<\/p>\n","protected":false},"excerpt":{"rendered":"<p>Comme montr\u00e9 dans l&rsquo;article dernier, les Musulmans croient que la Bible contient des v\u00e9ritables \u00e9critures et des fausses \u00e9critures. On verra ici pourquoi les Musulmans rejettent quelques \u00e9critures dans la Bible. Ce sont des exemples, mais on ne dit pas que ce sont les seules \u00e9critures rejet\u00e9es. Les Objections de Musulmans sur les Attributs de [&hellip;]<\/p>\n","protected":false},"author":1,"featured_media":1495,"parent":881,"menu_order":0,"comment_status":"closed","ping_status":"closed","template":"","meta":{"om_disable_all_campaigns":false,"_monsterinsights_skip_tracking":false,"_monsterinsights_sitenote_active":false,"_monsterinsights_sitenote_note":"","_monsterinsights_sitenote_category":0,"_uf_show_specific_survey":0,"_uf_disable_surveys":false,"footnotes":""},"categories":[36],"tags":[],"class_list":["post-858","page","type-page","status-publish","has-post-thumbnail","hentry","category-la-bible"],"aioseo_notices":[],"_links":{"self":[{"href":"https:\/\/jesus-is-muslim.net\/fr\/wp-json\/wp\/v2\/pages\/858","targetHints":{"allow":["GET"]}}],"collection":[{"href":"https:\/\/jesus-is-muslim.net\/fr\/wp-json\/wp\/v2\/pages"}],"about":[{"href":"https:\/\/jesus-is-muslim.net\/fr\/wp-json\/wp\/v2\/types\/page"}],"author":[{"embeddable":true,"href":"https:\/\/jesus-is-muslim.net\/fr\/wp-json\/wp\/v2\/users\/1"}],"replies":[{"embeddable":true,"href":"https:\/\/jesus-is-muslim.net\/fr\/wp-json\/wp\/v2\/comments?post=858"}],"version-history":[{"count":0,"href":"https:\/\/jesus-is-muslim.net\/fr\/wp-json\/wp\/v2\/pages\/858\/revisions"}],"up":[{"embeddable":true,"href":"https:\/\/jesus-is-muslim.net\/fr\/wp-json\/wp\/v2\/pages\/881"}],"wp:featuredmedia":[{"embeddable":true,"href":"https:\/\/jesus-is-muslim.net\/fr\/wp-json\/wp\/v2\/media\/1495"}],"wp:attachment":[{"href":"https:\/\/jesus-is-muslim.net\/fr\/wp-json\/wp\/v2\/media?parent=858"}],"wp:term":[{"taxonomy":"category","embeddable":true,"href":"https:\/\/jesus-is-muslim.net\/fr\/wp-json\/wp\/v2\/categories?post=858"},{"taxonomy":"post_tag","embeddable":true,"href":"https:\/\/jesus-is-muslim.net\/fr\/wp-json\/wp\/v2\/tags?post=858"}],"curies":[{"name":"wp","href":"https:\/\/api.w.org\/{rel}","templated":true}]}}