{"id":860,"date":"2015-12-25T06:21:58","date_gmt":"2015-12-25T06:21:58","guid":{"rendered":"https:\/\/jesus-is-muslim.net\/fr\/?page_id=860"},"modified":"2018-02-15T15:06:55","modified_gmt":"2018-02-15T13:06:55","slug":"les-piliers-de-islam","status":"publish","type":"page","link":"https:\/\/jesus-is-muslim.net\/fr\/accueil\/l-islam\/quest-ce-que-lislam\/les-piliers-de-islam\/","title":{"rendered":"Les Piliers de L\u2019Islam"},"content":{"rendered":"<p>L\u2019Islam a cinq piliers que\u00a0tout\u00a0Musulman doit assurer. Le Proph\u00e8te Muhammad \ufdfa en parle dans ce hadith:<\/p>\n<blockquote><p><strong>\u00abL\u2019Islam est bas\u00e9 sur cinq principes:<\/strong><br \/>\n1. De t\u00e9moigner que nul autre que Dieu doit\u00a0\u00eatre ador\u00e9 et que Muhammad est le Messager d&rsquo;Allah.<br \/>\n2. D\u2019effectuer la pri\u00e8re<br \/>\n3. De payer la Zakat (aum\u00f4ne)<br \/>\n4. De je\u00fbner pendant le mois de Ramadan<br \/>\n5. D\u2019effectuer le Haj (P\u00e8lerinage \u00e0 la Mecque)\u00bb (Rapport\u00e9 par Bukhari)<\/p><\/blockquote>\n<h3>1. La Shahadah (T\u00e9moignage de Foi)<\/h3>\n<p>C\u2019est le premier pilier de l\u2019Islam consistant \u00e0\u00a0dire d\u00e8s qu\u2019on accepte l\u2019Islam comme religion. Il s&rsquo;agit de\u00a0t\u00e9moigner qu\u2019il n\u2019y a pas qu\u2019un seul Dieu et que Muhammad est \u064dSon\u00a0messager de Dieu. Elle r\u00e9sume\u00a0la foi\u00a0islamique.<\/p>\n<h3>2. La Pri\u00e8re (Salah)<\/h3>\n<p>En Islam, on accomplit\u00a0cinq pri\u00e8res par jour qui ne demandent pas plus de quelques minutes. Ces pri\u00e8res sont effectu\u00e9es principalement \u00e0\u00a0la mosqu\u00e9e ou seul, s\u2019il n\u2019y a pas de mosqu\u00e9e proche. Un Musulman peut prier n\u2019importe o\u00f9, que ce soit dans un champ, au bureau, dans une usine\u00a0ou \u00e0 l\u2019universit\u00e9.\u00a0Les pri\u00e8res se font \u00e0 l\u2019aube, \u00e0 midi, au milieu de l\u2019apr\u00e8s-midi, au coucher du soleil, et dans la soir\u00e9e.<\/p>\n<p>La pri\u00e8re en islam cr\u00e9e un lien direct entre Dieu et la personne qui L&rsquo;effectue, car il n\u2019y a pas d\u2019interm\u00e9diaire entre Dieu et le Musulman. Le Proph\u00e8te Muhammad \ufdfa dit \u00e0 son compagnon\u00a0Bilal:<\/p>\n<blockquote><p><strong>\u00abBilal, appelle les gens \u00e0 la pri\u00e8re, que nous soyons r\u00e9confort\u00e9s par elle.\u00bb\u00a0(Rapport\u00e9 par Abu Dawood)<\/strong><\/p><\/blockquote>\n<p><strong><img loading=\"lazy\" decoding=\"async\" src=\"http:\/\/www.new-muslims.info\/wp-content\/uploads\/2015\/01\/How-to-Offer-the-Funeral-Prayer.jpg\" alt=\"Une Pri\u00e8re Islamique\" width=\"620\" height=\"387\" \/><\/strong><\/p>\n<p>Des Musulmans en faisant la pri\u00e8re<\/p>\n<h3>3. Donner le Zakah (L\u2019aum\u00f4ne aux pauvres)<\/h3>\n<p>Un Musulman ayant de l\u2019argent ou de l\u2019or, par exemple, doit payer une aum\u00f4ne aux pauvres si son argent d\u00e9passe la valeur de\u00a085 grammes d\u2019or et qu&rsquo;une ann\u00e9e passe apr\u00e8s la date d&rsquo;obtenir\u00a0cet argent, tant que celui-ci\u00a0n\u2019a pas diminu\u00e9 \u00e0 moins de 85 grammes d\u2019or. Cette aum\u00f4ne est \u00e9gale \u00e0 2.5% de son argent restant avec lui apr\u00e8s une ann\u00e9e.\u00a0Le sens premier du mot<i>zakah<\/i>\u00a0est \u00e0 la fois \u00ab\u00a0purification\u00a0\u00bb et \u00ab\u00a0croissance\u00a0\u00bb.\u00a0Nos biens sont purifi\u00e9s lorsque nous en mettons de c\u00f4t\u00e9 une petite partie pour ceux qui sont n\u00e9cessiteux.\u00a0C&rsquo;est comme\u00a0lorsque nous taillons une plante; ce pr\u00e9l\u00e8vement a pour effet d\u2019\u00e9quilibrer la plante\u00a0de favoriser une nouvelle croissance.<\/p>\n<h3>4. Le je\u00fbne du Ramadan<\/h3>\n<p>Durant le mois du Ramadan (c\u2019est le 9\u00e8me mois du calendrier islamique), tous les Musulmans cessent de\u00a0manger ou boire d\u00e8s l\u2019aube jusqu\u2019au coucher du soleil. Non seulement le je\u00fbne est bon pour la sant\u00e9, mais il est consid\u00e9r\u00e9 aussi comme une fa\u00e7on de se purifier spirituellement. Le je\u00fbne nous fait sentir la souffrance\u00a0de ceux qui\u00a0ont faim et soif durant toute\u00a0l\u2019ann\u00e9e.<\/p>\n<h3>5. Le\u00a0P\u00e8lerinage \u00e0 la Mecque (Hajj)<\/h3>\n<p><img decoding=\"async\" src=\"http:\/\/static.bips.channel4.com\/bse\/orig\/the-hajj-the-greatest-trip-on-earth\/3ca8e97e-55b6-4048-a934-1ee6646334dc_625x352.jpg\" alt=\"\" \/><\/p>\n<p>Un Musulman physiquement et financi\u00e8rement\u00a0capable d&rsquo;accomplir le\u00a0p\u00e8lerinage doit aller \u00e0 la Mecque pour l&rsquo;effectuer au moins\u00a0une fois dans\u00a0sa vie. Le d\u00e9roulement\u00a0du p\u00e8lerinage a lieu\u00a0durant Zul-Hijja (la 12\u00e8me mois du calendrier islamique). Le p\u00e8lerinage est le plus\u00a0grande rassemblement Islamique o\u00f9\u00a0pr\u00e8s de cinq millions de Musulmans se rencontrent. On y trouve les Arabes, les Africains, les Turcs, les Indiens, les Europ\u00e9ens, les Indon\u00e9siens et toutes les nationalit\u00e9s debout l&rsquo;un \u00e0 c\u00f4t\u00e9 de l\u2019autre. Rien\u00a0ne peut les rassembler sauf leur foi en Dieu et ce rite islamique.<\/p>\n","protected":false},"excerpt":{"rendered":"<p>L\u2019Islam a cinq piliers que\u00a0tout\u00a0Musulman doit assurer. Le Proph\u00e8te Muhammad \ufdfa en parle dans ce hadith: \u00abL\u2019Islam est bas\u00e9 sur cinq principes: 1. De t\u00e9moigner que nul autre que Dieu doit\u00a0\u00eatre ador\u00e9 et que Muhammad est le Messager d&rsquo;Allah. 2. D\u2019effectuer la pri\u00e8re 3. De payer la Zakat (aum\u00f4ne) 4. De je\u00fbner pendant le mois [&hellip;]<\/p>\n","protected":false},"author":1,"featured_media":1335,"parent":899,"menu_order":0,"comment_status":"closed","ping_status":"closed","template":"","meta":{"om_disable_all_campaigns":false,"_monsterinsights_skip_tracking":false,"_monsterinsights_sitenote_active":false,"_monsterinsights_sitenote_note":"","_monsterinsights_sitenote_category":0,"_uf_show_specific_survey":0,"_uf_disable_surveys":false,"footnotes":""},"categories":[38],"tags":[],"class_list":["post-860","page","type-page","status-publish","has-post-thumbnail","hentry","category-lislam"],"aioseo_notices":[],"_links":{"self":[{"href":"https:\/\/jesus-is-muslim.net\/fr\/wp-json\/wp\/v2\/pages\/860","targetHints":{"allow":["GET"]}}],"collection":[{"href":"https:\/\/jesus-is-muslim.net\/fr\/wp-json\/wp\/v2\/pages"}],"about":[{"href":"https:\/\/jesus-is-muslim.net\/fr\/wp-json\/wp\/v2\/types\/page"}],"author":[{"embeddable":true,"href":"https:\/\/jesus-is-muslim.net\/fr\/wp-json\/wp\/v2\/users\/1"}],"replies":[{"embeddable":true,"href":"https:\/\/jesus-is-muslim.net\/fr\/wp-json\/wp\/v2\/comments?post=860"}],"version-history":[{"count":0,"href":"https:\/\/jesus-is-muslim.net\/fr\/wp-json\/wp\/v2\/pages\/860\/revisions"}],"up":[{"embeddable":true,"href":"https:\/\/jesus-is-muslim.net\/fr\/wp-json\/wp\/v2\/pages\/899"}],"wp:featuredmedia":[{"embeddable":true,"href":"https:\/\/jesus-is-muslim.net\/fr\/wp-json\/wp\/v2\/media\/1335"}],"wp:attachment":[{"href":"https:\/\/jesus-is-muslim.net\/fr\/wp-json\/wp\/v2\/media?parent=860"}],"wp:term":[{"taxonomy":"category","embeddable":true,"href":"https:\/\/jesus-is-muslim.net\/fr\/wp-json\/wp\/v2\/categories?post=860"},{"taxonomy":"post_tag","embeddable":true,"href":"https:\/\/jesus-is-muslim.net\/fr\/wp-json\/wp\/v2\/tags?post=860"}],"curies":[{"name":"wp","href":"https:\/\/api.w.org\/{rel}","templated":true}]}}