{"id":862,"date":"2015-08-25T06:27:53","date_gmt":"2015-08-25T04:27:53","guid":{"rendered":"https:\/\/jesus-is-muslim.net\/fr\/?page_id=862"},"modified":"2017-12-27T21:39:38","modified_gmt":"2017-12-27T19:39:38","slug":"polygamie","status":"publish","type":"page","link":"https:\/\/jesus-is-muslim.net\/fr\/accueil\/questions-communes-lslam\/la-femme-dans-lislam\/polygamie\/","title":{"rendered":"La Polygamie"},"content":{"rendered":"<style>\n#toc {background: #f9f9f9 none repeat scroll 0 0;\n    border: 1px solid #aaa;\n    font-size: 95%;\n    display: table;\n    margin-bottom: 1em;\n    padding: 10px;\n    width: auto;}\n.toc_title {font-size:20px; text-align:center;}<\/style>\n<p>Pourquoi l\u2019Islam accepte qu\u2019un homme puisse marier jusqu\u2019\u00e0 4 femmes? Pourquoi la polygamie est autoris\u00e9e dans l\u2019Islam? N\u2019est-ce pas une oppression contre la femme? C\u2019est une question commune demand\u00e9e par beaucoup de non Musulmans. Cet article surlignera le concept de polygamie dans l\u2019Islam et r\u00e9pondra ces questions.<\/p>\n<div id=\"toc\">\n<p class=\"toc_title\"> <strong>Sommaire:<\/strong><\/p>\n<ol>\n<li><a href=\"#h1\">Pourquoi l\u2019Islam autorise la polygamie?<\/a><\/li>\n<li><a href=\"#h2\">La Polygamie: est-elle un privil\u00e8ge ou une responsabilit\u00e9?<\/a><\/li>\n<li><a href=\"#h3\">Pourquoi une femme ne doit pas marier plus d\u2019un homme?<\/a><\/li>\n<li><a href=\"#h4\">La Polygamie dans la Bible<\/a><\/li>\n<\/ol>\n<\/div>\n<h3 id=\"h1\">Pourquoi l\u2019Islam autorise la polygamie?<\/h3>\n<p>Comme mentionn\u00e9 auparavant dans l\u2019article <a href=\"https:\/\/jesus-is-muslim.net\/fr\/accueil\/questions-communes-lslam\/la-femme-dans-lislam\/hommes-egaux-aux-femmes-islam\/\">Sont les hommes \u00e9gaux aux femmes dans l\u2019Islam<\/a>?, l\u2019Islam prend en consid\u00e9ration la diff\u00e9rence entre la nature des hommes et celle des femmes. L\u2019Islam est distingu\u00e9 par \u00eatre une religion r\u00e9aliste. L\u2019Islam n&rsquo;est pas juste concern\u00e9 par les \u00e9motions, mais l\u2019Islam donne aussi des solutions pratiques aux probl\u00e8mes des\u00a0humains. Bien qu\u2019il semble dur pour une femme voyant son mari marier une autre femme, la polygamie peut r\u00e9soudre beaucoup des probl\u00e8mes dans la soci\u00e9t\u00e9.<\/p>\n<p>Dans les pays occidentaux, la polygamie est ill\u00e9gale tandis que la fornication et l\u2019adult\u00e8re sontl\u00e9gaux. Le r\u00e9sultat naturel de ces lois c&rsquo;est qu\u2019on voit les gens allant vers le chemin le plus facile, c\u2019est la fornication puisqu\u2019ils peuvent se plaisir sans le besoin de d\u00e9penser sur une autre maison ou sur les enfants. On trouve que les taux de l\u2019infid\u00e9lit\u00e9 les plus hauts\u00a0sont dans ces soci\u00e9t\u00e9s.<\/p>\n<p>La polygamie donne une solution si l\u2019homme n\u2019est pas assez satisfait par son \u00e9pouse. Il y a une autre solution que l\u2019adult\u00e8re, c\u2019est la polygamie. Il ne laissera pas son \u00e9pouse mais il mariera une autre femme et il doit \u00eatre responsable des deux maisons.\u00a0\u00c7a pourrait emp\u00eacher l\u2019adult\u00e8re et infid\u00e9lit\u00e9 et donc il pourrait prot\u00e9ger la soci\u00e9t\u00e9 de beaucoup de probl\u00e8mes.<\/p>\n<p>Le nombre de femmes dans le monde surpasse le nombre d\u2019hommes.\u00a0 L\u2019exc\u00e9dent est d\u00fb \u00e0 ce que les hommes sont plus nombreux \u00e0 mourir durant les guerres et lors de crimes violents et que d\u2019une fa\u00e7on g\u00e9n\u00e9rale, les femmes vivent plus longtemps que les hommes.\u00a0\u00a0 La mont\u00e9e de l\u2019homosexualit\u00e9 aggrave encore plus le probl\u00e8me.\u00a0 Bertrand Russel \u00e0 \u00e9crit\u00a0: \u00ab\u00a0Dans tous les pays o\u00f9 les femmes sont plus nombreuses que les hommes, une flagrante injustice est faite aux femmes qui, par n\u00e9cessit\u00e9 arithm\u00e9tique, doivent vivre sans mari et sont par cons\u00e9quent priv\u00e9es d\u2019\u00e9panouissement sexuel.\u00a0\u00bb.\u00a0 Ainsi, pour des personnes responsables, la polygamie est la seule solution pour sortir de cette situation peu enviable.<\/p>\n<p>Il existe une contrainte biologique universelle \u00e0 la reproduction.\u00a0 La capacit\u00e9 de reproduction de la femme d\u00e9cline apr\u00e8s la vingtaine et s\u2019arr\u00eate \u00e0 la m\u00e9nopause. Cependant, m\u00eame apr\u00e8s soixante-dix ans, un homme garde sa capacit\u00e9 de procr\u00e9er.\u00a0 La polygamie peut \u00eatre la solution pour un homme qui d\u00e9sire plus d\u2019enfants, surtout dans les soci\u00e9t\u00e9s agraires traditionnelles.\u00a0 Cela ne semble pas \u00eatre pertinent dans le contexte occidental o\u00f9 l\u2019on per\u00e7oit de moins en moins la procr\u00e9ation comme une n\u00e9cessit\u00e9 dans le mariage.\u00a0 La polygamie est aussi une alternative pour un homme qui d\u00e9sire satisfaire ses besoins sexuels naturels dans le cadre du mariage, mais dont la femme \u00e9prouve une aversion pour le sexe soit \u00e0 cause de son \u00e2ge avanc\u00e9 ou pour des raisons de sant\u00e9.\u00a0 De plus, l\u2019Islam interdit les relations sexuelles durant la p\u00e9riode des menstruations. \u00a0Par cons\u00e9quent, une p\u00e9riode menstruelle anormalement longue peut emp\u00eacher un mari d\u2019avoir des rapports sexuels avec sa femme et un homme dont l\u2019app\u00e9tit sexuel n\u2019est pas satisfait par une seule femme peut en \u00e9pouser une autre.\u00a0 L\u2019Islam permet \u00e0 des hommes dans cette situation de r\u00e9aliser leurs d\u00e9sirs \u00e0 l\u2019int\u00e9rieur d\u2019un cadre l\u00e9gal, ce qui les rend responsables de leur sexualit\u00e9; ils n\u2019ont donc pas \u00e0 recourir au concubinage ou \u00e0 la prostitution. (Source <a href=\"http:\/\/www.islamreligion.com\/fr\/articles\/328\/pourquoi-l-islam-autorise-la-polygamie\/\">ici<\/a>)<\/p>\n<h3 id=\"h2\">La Polygamie: est-elle un privil\u00e8ge ou une responsabilit\u00e9?<\/h3>\n<p>La polygamie n\u2019est pas juste un privil\u00e8ge de l\u2019homme. En fait, un homme \u00e9pousant plus d\u2019une femme est responsable de plus d\u2019une maison, et il doit d\u00e9penser sur toutes ces familles. Il doit \u00eatre juste entre ces maisons \u00e0 l\u2019\u00e9gard des d\u00e9penses et des jours de coucher. S\u2019il ne peut pas accomplir \u00e7a, il ne doit pas marier plus de sa capacit\u00e9. C\u2019est pourquoi non tous les hommes peuvent marier plus d\u2019une femme. Dieu dit dans le Coran:<\/p>\n<blockquote><p>3. Et si vous craignez de n\u2019\u00eatre pas justes envers les orphelins,\u2026Il est permis d\u2019\u00e9pouser deux, trois ou quatre, parmi les femmes qui vous plaisent, mais, si vous craignez de n\u2019\u00eatre pas justes avec celles-ci, alors une seule, ou des esclaves que vous poss\u00e9dez. Cela afin de ne pas faire d\u2019injustice (ou afin de ne pas aggraver votre charge de famille).\u00a0(Le Saint Coran 4:3)<\/p><\/blockquote>\n<h3 id=\"h3\">Pourquoi une femme ne doit pas marier plus d\u2019un homme?<\/h3>\n<p>Si un homme est autoris\u00e9 d\u2019\u00e9pouser jusqu\u2019\u00e0 4 femmes, pourquoi les femmes ne sont pas autoris\u00e9es de marier plus d\u2019un homme? C\u2019est parce qu\u2019il y a beaucoup de diff\u00e9rences entre les deux genres. La femme devient enceinte, elle a des cycles menstruels et des changements psychologiques et physiologiques qu\u2019elle ne peut pas marier plus d\u2019un homme. L\u2019homme n\u2019est pas soumis \u00e0 ces contraintes. De plus, les hommes ont tendance \u00e0 avoir plus d\u2019une femme, contrairement aux femmes car sa mani\u00e8re dont il voit la femme est diff\u00e9rent que celle d&rsquo;une femme en voyant l&rsquo;homme comme montrer dans l&rsquo;article sur <a href=\"https:\/\/jesus-is-muslim.net\/fr\/accueil\/questions-communes-lslam\/la-femme-dans-lislam\/femmes-musulmanes-voile\/\">\u00a0la voile des femmes<\/a>.<\/p>\n<h3 id=\"h3\">La Polygamie dans la Bible<\/h3>\n<p>Dans la Bible, on trouve qu\u2019il \u00e9tait normal qu\u2019un homme a plus qu\u2019une femme. Par exemple, la Bible dit qu\u2019Abraham avait Sara, Agar, Keturah et des autres concubines comme montr\u00e9 dans Gen\u00e8se 25:1-6.<\/p>\n<p>La Bible dit sur Jacob qu\u2019il eut deux femmes:<\/p>\n<blockquote><p><em><sup class=\"versenum\">22\u00a0<\/sup>Il se leva la m\u00eame nuit, prit ses deux femmes, ses deux servantes, et ses onze enfants, et passa le gu\u00e9 de Jabbok. (Gen\u00e8se 32:22)<\/em><\/p><\/blockquote>\n<p>La Bible acceptait qu\u2019un homme puisse avoir plus qu\u2019une femme:<\/p>\n<blockquote><p>Deut\u00e9ronome 21:15\u00a0<em>Si un homme, qui a deux femmes, aime l\u2019une et n\u2019aime pas l\u2019autre, et s\u2019il en a des fils dont le premier-n\u00e9 soit de la femme qu\u2019il n\u2019aime pas,\u2026.<\/em><\/p><\/blockquote>\n<p>David avait beaucoup des femmes comme mentionn\u00e9 dans 2 Samuel 3:2-4, 6:23, 11:26 et 1 Rois (1:3). M\u00eame quand la Bible revendiqua que David fit adult\u00e8re, Dieu dit au David:<\/p>\n<blockquote><p><em>2 Samuel 12:8\u00a0je t\u2019ai mis en possession de la maison de ton ma\u00eetre, j\u2019ai plac\u00e9 dans ton sein les femmes de ton ma\u00eetre, et je t\u2019ai donn\u00e9 la maison d\u2019Isra\u00ebl et de Juda. <strong>Et si cela e\u00fbt \u00e9t\u00e9 peu, j\u2019y aurais encore ajout\u00e9.<\/strong><\/em><\/p><\/blockquote>\n<p>Donc l\u2019ancien testament dit que Dieu donna David des femmes et si David demande Dieu plus des femmes, Dieu aurait y lui encore ajout\u00e9, cela veut dire que Dieu dans la Bible voit la polygamie comme une solution du probl\u00e8me de l&rsquo;adult\u00e8re. Il n\u2019y a ni dans l\u2019ancien testament ni dans le nouveau testament un verset interdisant la polygamie. J\u00e9sus n\u2019a jamais dit que la polygamie est interdite. Paul dit que ceux qui ne doivent pas marier plus d\u2019une seule femme sont l\u2019\u00e9v\u00eaque et le diacre seulement comme montr\u00e9 dans 1 Timoth\u00e9e 3. Ce sont les seuls versets demandant quelques gens de marier une seule femme, mais ce n\u2019est pas le cas g\u00e9n\u00e9ral. Pourquoi bl\u00e2mer l&rsquo;Islam alors?<\/p>\n<p>&nbsp;<\/p>\n","protected":false},"excerpt":{"rendered":"<p>Pourquoi l\u2019Islam accepte qu\u2019un homme puisse marier jusqu\u2019\u00e0 4 femmes? Pourquoi la polygamie est autoris\u00e9e dans l\u2019Islam? N\u2019est-ce pas une oppression contre la femme? C\u2019est une question commune demand\u00e9e par beaucoup de non Musulmans. Cet article surlignera le concept de polygamie dans l\u2019Islam et r\u00e9pondra ces questions. Sommaire: Pourquoi l\u2019Islam autorise la polygamie? La Polygamie: [&hellip;]<\/p>\n","protected":false},"author":1,"featured_media":1549,"parent":835,"menu_order":0,"comment_status":"closed","ping_status":"closed","template":"","meta":{"om_disable_all_campaigns":false,"_monsterinsights_skip_tracking":false,"_monsterinsights_sitenote_active":false,"_monsterinsights_sitenote_note":"","_monsterinsights_sitenote_category":0,"_uf_show_specific_survey":0,"_uf_disable_surveys":false,"footnotes":""},"categories":[54],"tags":[],"class_list":["post-862","page","type-page","status-publish","has-post-thumbnail","hentry","category-les-femmes-dans-lislam-des-questions-sur-lislam"],"aioseo_notices":[],"_links":{"self":[{"href":"https:\/\/jesus-is-muslim.net\/fr\/wp-json\/wp\/v2\/pages\/862","targetHints":{"allow":["GET"]}}],"collection":[{"href":"https:\/\/jesus-is-muslim.net\/fr\/wp-json\/wp\/v2\/pages"}],"about":[{"href":"https:\/\/jesus-is-muslim.net\/fr\/wp-json\/wp\/v2\/types\/page"}],"author":[{"embeddable":true,"href":"https:\/\/jesus-is-muslim.net\/fr\/wp-json\/wp\/v2\/users\/1"}],"replies":[{"embeddable":true,"href":"https:\/\/jesus-is-muslim.net\/fr\/wp-json\/wp\/v2\/comments?post=862"}],"version-history":[{"count":0,"href":"https:\/\/jesus-is-muslim.net\/fr\/wp-json\/wp\/v2\/pages\/862\/revisions"}],"up":[{"embeddable":true,"href":"https:\/\/jesus-is-muslim.net\/fr\/wp-json\/wp\/v2\/pages\/835"}],"wp:featuredmedia":[{"embeddable":true,"href":"https:\/\/jesus-is-muslim.net\/fr\/wp-json\/wp\/v2\/media\/1549"}],"wp:attachment":[{"href":"https:\/\/jesus-is-muslim.net\/fr\/wp-json\/wp\/v2\/media?parent=862"}],"wp:term":[{"taxonomy":"category","embeddable":true,"href":"https:\/\/jesus-is-muslim.net\/fr\/wp-json\/wp\/v2\/categories?post=862"},{"taxonomy":"post_tag","embeddable":true,"href":"https:\/\/jesus-is-muslim.net\/fr\/wp-json\/wp\/v2\/tags?post=862"}],"curies":[{"name":"wp","href":"https:\/\/api.w.org\/{rel}","templated":true}]}}