{"id":866,"date":"2015-12-25T06:31:32","date_gmt":"2015-12-25T06:31:32","guid":{"rendered":"https:\/\/jesus-is-muslim.net\/fr\/?page_id=866"},"modified":"2016-01-29T17:06:40","modified_gmt":"2016-01-29T17:06:40","slug":"le-prophete-muhammad","status":"publish","type":"page","link":"https:\/\/jesus-is-muslim.net\/fr\/accueil\/le-prophete-muhammad\/","title":{"rendered":"Le Proph\u00e8te Muhammad"},"content":{"rendered":"<p>Cette section parlera de Proph\u00e8te Muhammad (Paix sur lui). Cela inclue sa vie montr\u00e9 dans le livre (<a href=\"http:\/\/www.islamicbulletin.org\/french\/ebooks\/prophet\/prophet.pdf\">La vie du dernier Proph\u00e8te<\/a>), l\u2019evidence que le Proph\u00e8te Muhammad est un proph\u00e8te envoy\u00e9 \u00e0 partir de Dieu, puis il y aura un bref compte rendu sur ses morales et ses miracles. Il y aura aussi des t\u00e9moignages des Juifs et Chr\u00e9tiens\u00a0contemporains au Proph\u00e8te Muhammad et des t\u00e9moignage venant des \u00e9crivains occidentaux sur le Proph\u00e8te Muhammad. Enfin, il y aura une sections qui parle \u00e0 propos des versets dans la Bible qui pr\u00e9disent sa venue.<\/p>\n","protected":false},"excerpt":{"rendered":"<p>Cette section parlera de Proph\u00e8te Muhammad (Paix sur lui). Cela inclue sa vie montr\u00e9 dans le livre (La vie du dernier Proph\u00e8te), l\u2019evidence que le Proph\u00e8te Muhammad est un proph\u00e8te envoy\u00e9 \u00e0 partir de Dieu, puis il y aura un bref compte rendu sur ses morales et ses miracles. Il y aura aussi des t\u00e9moignages [&hellip;]<\/p>\n","protected":false},"author":1,"featured_media":0,"parent":803,"menu_order":0,"comment_status":"closed","ping_status":"closed","template":"","meta":{"om_disable_all_campaigns":false,"_monsterinsights_skip_tracking":false,"_monsterinsights_sitenote_active":false,"_monsterinsights_sitenote_note":"","_monsterinsights_sitenote_category":0,"_uf_show_specific_survey":0,"_uf_disable_surveys":false,"footnotes":""},"categories":[],"tags":[],"class_list":["post-866","page","type-page","status-publish","hentry"],"aioseo_notices":[],"_links":{"self":[{"href":"https:\/\/jesus-is-muslim.net\/fr\/wp-json\/wp\/v2\/pages\/866","targetHints":{"allow":["GET"]}}],"collection":[{"href":"https:\/\/jesus-is-muslim.net\/fr\/wp-json\/wp\/v2\/pages"}],"about":[{"href":"https:\/\/jesus-is-muslim.net\/fr\/wp-json\/wp\/v2\/types\/page"}],"author":[{"embeddable":true,"href":"https:\/\/jesus-is-muslim.net\/fr\/wp-json\/wp\/v2\/users\/1"}],"replies":[{"embeddable":true,"href":"https:\/\/jesus-is-muslim.net\/fr\/wp-json\/wp\/v2\/comments?post=866"}],"version-history":[{"count":0,"href":"https:\/\/jesus-is-muslim.net\/fr\/wp-json\/wp\/v2\/pages\/866\/revisions"}],"up":[{"embeddable":true,"href":"https:\/\/jesus-is-muslim.net\/fr\/wp-json\/wp\/v2\/pages\/803"}],"wp:attachment":[{"href":"https:\/\/jesus-is-muslim.net\/fr\/wp-json\/wp\/v2\/media?parent=866"}],"wp:term":[{"taxonomy":"category","embeddable":true,"href":"https:\/\/jesus-is-muslim.net\/fr\/wp-json\/wp\/v2\/categories?post=866"},{"taxonomy":"post_tag","embeddable":true,"href":"https:\/\/jesus-is-muslim.net\/fr\/wp-json\/wp\/v2\/tags?post=866"}],"curies":[{"name":"wp","href":"https:\/\/api.w.org\/{rel}","templated":true}]}}