{"id":868,"date":"2015-12-25T06:33:17","date_gmt":"2015-12-25T06:33:17","guid":{"rendered":"https:\/\/jesus-is-muslim.net\/fr\/?page_id=868"},"modified":"2018-02-19T21:13:34","modified_gmt":"2018-02-19T19:13:34","slug":"propheties-accomplies-prophete-muhammad","status":"publish","type":"page","link":"https:\/\/jesus-is-muslim.net\/fr\/accueil\/le-prophete-muhammad\/propheties-accomplies-prophete-muhammad\/","title":{"rendered":"Les Proph\u00e9ties Accomplies par le Proph\u00e8te Muhammad"},"content":{"rendered":"<p>Il y a eu beaucoup de proph\u00e9ties\u00a0pr\u00e9dites par le Proph\u00e8te Muhammad \ufdfa\u00a0qui avait \u00e9t\u00e9 accomplies apr\u00e8s sa mort. Il y a beaucoup des proph\u00e9ties, mais cet article montrera deux proph\u00e9ties:<\/p>\n<h3>Le Combat entre Les Musulmans et les Mongols<\/h3>\n<p>Le Proph\u00e8te Muhammad \ufdfa pr\u00e9dit que les Musulmans combattront les mongols. Cela s\u2019est pass\u00e9 dans le 13e si\u00e8cle. Le\u00a0Proph\u00e8te Muhammad \ufdfa dit:<\/p>\n<blockquote><p>\u00ab\u00a0La fin du monde n\u2019aura pas lieu avant que (ne vienne le temps o\u00f9) les musulmans combattront les Turk : un peuple dont les visages sont (larges) comme s\u2019ils \u00e9taient des boucliers cuirass\u00e9s ; qui s\u2019habillent de (v\u00eatements faits en) poils et qui marchent dans (des chaussures faites en) poil\u00a0\u00bb \u00a0(Rapport\u00e9 par Bukhari)<\/p><\/blockquote>\n<p><a href=\"https:\/\/jesus-is-muslim.net\/wp-content\/uploads\/2013\/09\/mongols.png\"><img loading=\"lazy\" decoding=\"async\" class=\"size-full wp-image-1377 aligncenter\" src=\"https:\/\/jesus-is-muslim.net\/wp-content\/uploads\/2013\/09\/mongols.png\" alt=\"Prophet Muhammad foretold the prophecy of Muslims fighting the Mongols\" width=\"535\" height=\"800\" srcset=\"https:\/\/jesus-is-muslim.net\/wp-content\/uploads\/2013\/09\/mongols.png 535w, https:\/\/jesus-is-muslim.net\/wp-content\/uploads\/2013\/09\/mongols-201x300.png 201w\" sizes=\"auto, (max-width: 535px) 100vw, 535px\" \/><\/a><\/p>\n<p class=\"text\" align=\"left\">Le nom Turc ici ne devra pas \u00eatre confondu avec le terme turc moderne.\u00a0En fait, les Mongols \u00e9taient appel\u00e9s comme les Turcs lors de l\u2019\u00e9poque du Proph\u00e8te Muhammad \ufdfa comme montr\u00e9 <a href=\"http:\/\/www.e-mongol.com\/mongolie_histoire.htm\">dans ce lien<\/a>. C\u2019est clair dans la description des mongols dans le hadith quand le Proph\u00e8te \ufdfa les d\u00e9crit comme un peuple dont les visages sont (larges) comme s\u2019ils \u00e9taient des boucliers cuirass\u00e9s ; qui s\u2019habillent de (v\u00eatements faits en) poils et qui marchent dans (des chaussures faites en) poil. Ces descriptions s&rsquo;appliquent sur les mongols.<\/p>\n<h3>Les Hauts B\u00e2timents en Arabie<\/h3>\n<p>Un autre proph\u00e9tie pr\u00e9dite par le Proph\u00e8te Muhammad \ufdfa qui avait \u00e9t\u00e9 accomplie dans ces jours-ci c&rsquo;est le statut des b\u00e2timents en Arabie. Lorsqu&rsquo;il a \u00e9t\u00e9 interrog\u00e9 sur les signes de la fin du monde, le Proph\u00e8te Muhammad \ufdfa a mentionn\u00e9 cette signe:<\/p>\n<blockquote><p>\u2013<strong>\u00ab Lorsque tu verras les va-nu-pieds, mal v\u00eatus, n\u00e9cessiteux qui gardent les troupeaux se faire \u00e9lever des constructions de\u00a0plus en plus hautes.\u00bb<\/strong><\/p><\/blockquote>\n<p><img loading=\"lazy\" decoding=\"async\" class=\"rg_i alignnone\" src=\"https:\/\/encrypted-tbn3.gstatic.com\/images?q=tbn:ANd9GcTD__iKw3_3QzHx_3W-0-Crcwq0wUwhTwstvBnX1DQ_gbCOldEt9g\" alt=\"lorsque tu verras les va-nu-pieds, mal v\u00eatus, n\u00e9cessiteux qui gardent les troupeaux se faire \u00e9lever des constructions de plus en plus hautes.\u00bb\" width=\"274\" height=\"184\" name=\"zINrjoAxXhh4JM:\" data-src=\"https:\/\/encrypted-tbn3.gstatic.com\/images?q=tbn:ANd9GcTD__iKw3_3QzHx_3W-0-Crcwq0wUwhTwstvBnX1DQ_gbCOldEt9g\" data-sz=\"f\" \/><img loading=\"lazy\" decoding=\"async\" class=\"rg_i alignnone\" src=\"https:\/\/encrypted-tbn0.gstatic.com\/images?q=tbn:ANd9GcTbS1_8G_F3pQYmFJW5p1T86eWJ0EYr3QB6gXdE47NySLRZcIG2VQ\" alt=\"lorsque tu verras les va-nu-pieds, mal v\u00eatus, n\u00e9cessiteux qui gardent les troupeaux se faire \u00e9lever des constructions de plus en plus hautes.\u00bb\" width=\"259\" height=\"194\" name=\"d4WgOqAOepsMKM:\" data-src=\"https:\/\/encrypted-tbn0.gstatic.com\/images?q=tbn:ANd9GcTbS1_8G_F3pQYmFJW5p1T86eWJ0EYr3QB6gXdE47NySLRZcIG2VQ\" data-sz=\"f\" \/><\/p>\n<p>Ces deux photos sont une illustration claire des mots du Proph\u00e8te Muhammad \ufdfa. Une photo montre Duba\u00ef il y a 50 ans et l&rsquo;autre photo la montre aujourd\u2019hui. C\u2019est le cas de la plupart de l\u2019Arabie. Comment on dit que le Proph\u00e8te Muhammad\u00a0\ufdfa savait quelque chose qui se passerait apr\u00e8s 1400? La r\u00e9ponse sera:<\/p>\n<blockquote><p><b>3.<\/b>\u00a0et il ne prononce rien sous l&rsquo;effet de la passion;\u00a0<b>4.<\/b>\u00a0ce n&rsquo;est rien d&rsquo;autre qu&rsquo;une r\u00e9v\u00e9lation inspir\u00e9e. (Le Saint Coran 53)<\/p><\/blockquote>\n","protected":false},"excerpt":{"rendered":"<p>Il y a eu beaucoup de proph\u00e9ties\u00a0pr\u00e9dites par le Proph\u00e8te Muhammad \ufdfa\u00a0qui avait \u00e9t\u00e9 accomplies apr\u00e8s sa mort. Il y a beaucoup des proph\u00e9ties, mais cet article montrera deux proph\u00e9ties: Le Combat entre Les Musulmans et les Mongols Le Proph\u00e8te Muhammad \ufdfa pr\u00e9dit que les Musulmans combattront les mongols. Cela s\u2019est pass\u00e9 dans le 13e [&hellip;]<\/p>\n","protected":false},"author":1,"featured_media":1370,"parent":866,"menu_order":0,"comment_status":"closed","ping_status":"closed","template":"","meta":{"om_disable_all_campaigns":false,"_monsterinsights_skip_tracking":false,"_monsterinsights_sitenote_active":false,"_monsterinsights_sitenote_note":"","_monsterinsights_sitenote_category":0,"_uf_show_specific_survey":0,"_uf_disable_surveys":false,"footnotes":""},"categories":[40],"tags":[],"class_list":["post-868","page","type-page","status-publish","has-post-thumbnail","hentry","category-le-prophete-muhammad-"],"aioseo_notices":[],"_links":{"self":[{"href":"https:\/\/jesus-is-muslim.net\/fr\/wp-json\/wp\/v2\/pages\/868","targetHints":{"allow":["GET"]}}],"collection":[{"href":"https:\/\/jesus-is-muslim.net\/fr\/wp-json\/wp\/v2\/pages"}],"about":[{"href":"https:\/\/jesus-is-muslim.net\/fr\/wp-json\/wp\/v2\/types\/page"}],"author":[{"embeddable":true,"href":"https:\/\/jesus-is-muslim.net\/fr\/wp-json\/wp\/v2\/users\/1"}],"replies":[{"embeddable":true,"href":"https:\/\/jesus-is-muslim.net\/fr\/wp-json\/wp\/v2\/comments?post=868"}],"version-history":[{"count":0,"href":"https:\/\/jesus-is-muslim.net\/fr\/wp-json\/wp\/v2\/pages\/868\/revisions"}],"up":[{"embeddable":true,"href":"https:\/\/jesus-is-muslim.net\/fr\/wp-json\/wp\/v2\/pages\/866"}],"wp:featuredmedia":[{"embeddable":true,"href":"https:\/\/jesus-is-muslim.net\/fr\/wp-json\/wp\/v2\/media\/1370"}],"wp:attachment":[{"href":"https:\/\/jesus-is-muslim.net\/fr\/wp-json\/wp\/v2\/media?parent=868"}],"wp:term":[{"taxonomy":"category","embeddable":true,"href":"https:\/\/jesus-is-muslim.net\/fr\/wp-json\/wp\/v2\/categories?post=868"},{"taxonomy":"post_tag","embeddable":true,"href":"https:\/\/jesus-is-muslim.net\/fr\/wp-json\/wp\/v2\/tags?post=868"}],"curies":[{"name":"wp","href":"https:\/\/api.w.org\/{rel}","templated":true}]}}