{"id":870,"date":"2015-12-25T06:35:08","date_gmt":"2015-12-25T06:35:08","guid":{"rendered":"https:\/\/jesus-is-muslim.net\/fr\/?page_id=870"},"modified":"2017-07-07T17:20:09","modified_gmt":"2017-07-07T15:20:09","slug":"le-prophete-muhammad-dans-la-bible","status":"publish","type":"page","link":"https:\/\/jesus-is-muslim.net\/fr\/accueil\/le-prophete-muhammad\/le-prophete-muhammad-dans-la-bible\/","title":{"rendered":"Le Proph\u00e8te Muhammad dans la Bible"},"content":{"rendered":"<div>Quand Dieu cr\u00e9a l\u2019humain, son premier commandement \u00e9tait de l\u2019adorer seul et de n\u2019associer aucun partenaire avec Lui. Habituellement il arriva que les gens s\u2019\u00e9gar\u00e8rent du chemin de Dieu et qu&rsquo;ils commenc\u00e8rent \u00e0 adorer les idoles. C\u2019est pourquoi Dieu envoya des Proph\u00e8tes comme No\u00e9, Abraham, Mo\u00efse et J\u00e9sus. La mission de ces proph\u00e8tes \u00e9tait d&rsquo;enseigner les gens qui est Dieu et de les restaurer au vrai chemin de Dieu. Le dernier proph\u00e8te est le Proph\u00e8te Muhammad (Paix sur lui et sur tous les Proph\u00e8tes). Dieu lui envoya le Coran, la pure parole de Dieu. Le Proph\u00e8te Muhammad a eu beaucoup de miracles qui sont des preuves qu\u2019il est un proph\u00e8te venant de Dieu. Les proph\u00e9ties pr\u00e9disant le Proph\u00e8te Muhammad \ufdfa dans les livres pr\u00e9c\u00e9dents montrent une preuve claire qu&rsquo;il est un proph\u00e8te venant de Dieu. L\u2019un de ces livres est la Bible.<\/div>\n<div><\/div>\n<div><a href=\"https:\/\/jesus-is-muslim.net\/wp-content\/uploads\/2015\/12\/2-1.png\" rel=\"attachment wp-att-1213\"><img loading=\"lazy\" decoding=\"async\" class=\"alignnone wp-image-1213 size-full\" src=\"https:\/\/jesus-is-muslim.net\/wp-content\/uploads\/2015\/12\/2-1.png\" alt=\"Le Proph\u00e8te Muhammad dans la Bible\" width=\"800\" height=\"2000\" srcset=\"https:\/\/jesus-is-muslim.net\/wp-content\/uploads\/2015\/12\/2-1.png 800w, https:\/\/jesus-is-muslim.net\/wp-content\/uploads\/2015\/12\/2-1-120x300.png 120w, https:\/\/jesus-is-muslim.net\/wp-content\/uploads\/2015\/12\/2-1-768x1920.png 768w, https:\/\/jesus-is-muslim.net\/wp-content\/uploads\/2015\/12\/2-1-410x1024.png 410w\" sizes=\"auto, (max-width: 800px) 100vw, 800px\" \/><\/a><\/div>\n<p>Cette section montrera quelques versets dans la Bible pr\u00e9disant le Proph\u00e8te Muhammad \ufdfa. Les Chr\u00e9tiens habituellement posent cette question: \u00abComment les Musulmans citent la Bible bien qu\u2019ils ne croient pas qu&rsquo;elle est la parole de Dieu?\u00bb. La r\u00e9ponse d\u00e9taill\u00e9e se trouve dans l\u2019article parlant de la <a href=\"https:\/\/jesus-is-muslim.net\/fr\/accueil\/la-bible\/la-vue-islamique-de-la-bible\/\">croyance de Musulmans de la Bible<\/a>. Lorsqu\u2019on dit que le Proph\u00e8te Muhammad \ufdfa est pr\u00e9dit dans la Bible, \u00e7a ne signifie pas que les Musulmans croient qu&rsquo;ils acceptent la Bible avec sa forme dont elle existe aujourd\u2019hui. Les Musulmans croient que la Bible contient encore des vrais comptes, cependant elle n\u2019est pas totalement authentique parce qu&rsquo;elle \u00e9tait\u00a0soumise \u00e0 la corruption soit en ajoutant soit en manquant soit en rempla\u00e7ant des \u00e9critures. C&rsquo;est pourquoi la Bible n\u2019est pas consider\u00e9 comme la parole fiable de Dieu mais plut\u00f4t elle a des versets authentiques ainsi que des versets faux. C\u2019est pourquoi Dieu a envoy\u00e9 le Coran, la pure parole de Dieu.<\/p>\n<h3>Des Proph\u00e9ties dans l\u2019Ancien Testament<\/h3>\n<h4><a href=\"https:\/\/jesus-is-muslim.net\/fr\/index.php\/un-prophete-comme-moise\/\">Un Proph\u00e8te comme Mo\u00efse<\/a><\/h4>\n<h4><a href=\"https:\/\/jesus-is-muslim.net\/fr\/index.php\/benediction-ismael\/\">La B\u00e9n\u00e9diction d\u2019Isma\u00ebl<\/a><\/h4>\n<h4><a href=\"https:\/\/jesus-is-muslim.net\/fr\/index.php\/prophete-muhammad-esaie-42\/\">Le Proph\u00e8te Muhammad en Esa\u00efe 42<\/a><\/h4>\n<h4><a href=\"https:\/\/jesus-is-muslim.net\/fr\/index.php\/paran-est-la-mecque\/\">Paran est la Mecque<\/a><\/h4>\n<h3>Des Proph\u00e9ties dans le Nouveau Testament<\/h3>\n<h4><a href=\"https:\/\/jesus-is-muslim.net\/fr\/index.php\/prophete-muhammad-paraclet\/\">Le Proph\u00e8te Muhammad est le Paraclet<\/a><\/h4>\n<h4><a href=\"https:\/\/jesus-is-muslim.net\/fr\/index.php\/pierre-rejetee-royaume-dieu\/\">La Pierre Rejet\u00e9e et le Royaume de Dieu<\/a><\/h4>\n","protected":false},"excerpt":{"rendered":"<p>Quand Dieu cr\u00e9a l\u2019humain, son premier commandement \u00e9tait de l\u2019adorer seul et de n\u2019associer aucun partenaire avec Lui. Habituellement il arriva que les gens s\u2019\u00e9gar\u00e8rent du chemin de Dieu et qu&rsquo;ils commenc\u00e8rent \u00e0 adorer les idoles. C\u2019est pourquoi Dieu envoya des Proph\u00e8tes comme No\u00e9, Abraham, Mo\u00efse et J\u00e9sus. La mission de ces proph\u00e8tes \u00e9tait d&rsquo;enseigner [&hellip;]<\/p>\n","protected":false},"author":1,"featured_media":1366,"parent":866,"menu_order":0,"comment_status":"closed","ping_status":"closed","template":"","meta":{"om_disable_all_campaigns":false,"_monsterinsights_skip_tracking":false,"_monsterinsights_sitenote_active":false,"_monsterinsights_sitenote_note":"","_monsterinsights_sitenote_category":0,"_uf_show_specific_survey":0,"_uf_disable_surveys":false,"footnotes":""},"categories":[],"tags":[],"class_list":["post-870","page","type-page","status-publish","has-post-thumbnail","hentry"],"aioseo_notices":[],"_links":{"self":[{"href":"https:\/\/jesus-is-muslim.net\/fr\/wp-json\/wp\/v2\/pages\/870","targetHints":{"allow":["GET"]}}],"collection":[{"href":"https:\/\/jesus-is-muslim.net\/fr\/wp-json\/wp\/v2\/pages"}],"about":[{"href":"https:\/\/jesus-is-muslim.net\/fr\/wp-json\/wp\/v2\/types\/page"}],"author":[{"embeddable":true,"href":"https:\/\/jesus-is-muslim.net\/fr\/wp-json\/wp\/v2\/users\/1"}],"replies":[{"embeddable":true,"href":"https:\/\/jesus-is-muslim.net\/fr\/wp-json\/wp\/v2\/comments?post=870"}],"version-history":[{"count":0,"href":"https:\/\/jesus-is-muslim.net\/fr\/wp-json\/wp\/v2\/pages\/870\/revisions"}],"up":[{"embeddable":true,"href":"https:\/\/jesus-is-muslim.net\/fr\/wp-json\/wp\/v2\/pages\/866"}],"wp:featuredmedia":[{"embeddable":true,"href":"https:\/\/jesus-is-muslim.net\/fr\/wp-json\/wp\/v2\/media\/1366"}],"wp:attachment":[{"href":"https:\/\/jesus-is-muslim.net\/fr\/wp-json\/wp\/v2\/media?parent=870"}],"wp:term":[{"taxonomy":"category","embeddable":true,"href":"https:\/\/jesus-is-muslim.net\/fr\/wp-json\/wp\/v2\/categories?post=870"},{"taxonomy":"post_tag","embeddable":true,"href":"https:\/\/jesus-is-muslim.net\/fr\/wp-json\/wp\/v2\/tags?post=870"}],"curies":[{"name":"wp","href":"https:\/\/api.w.org\/{rel}","templated":true}]}}