{"id":872,"date":"2015-12-25T06:38:59","date_gmt":"2015-12-25T06:38:59","guid":{"rendered":"https:\/\/jesus-is-muslim.net\/fr\/?page_id=872"},"modified":"2017-07-10T13:24:51","modified_gmt":"2017-07-10T11:24:51","slug":"prophete-muhammad-paraclet","status":"publish","type":"page","link":"https:\/\/jesus-is-muslim.net\/fr\/accueil\/le-prophete-muhammad\/le-prophete-muhammad-dans-la-bible\/prophete-muhammad-paraclet\/","title":{"rendered":"Le Proph\u00e8te Muhammad est le Paraclet"},"content":{"rendered":"<h3>Le Proph\u00e8te Muhammad \ufdfa est le Paraclet Pr\u00e9dit par\u00a0J\u00e9sus en\u00a0Jean<\/h3>\n<p>Les Chr\u00e9tiens croient que le paraclet (c\u2019est-\u00e0-dire le\u00a0consolateur pr\u00e9dit par J\u00e9sus) est le Saint Esprit. En fait, cette proph\u00e9tie parle du Proph\u00e8te Muhammad (Paix sur lui). Comment? On examine ce que J\u00e9sus dit:<\/p>\n<blockquote>\n<p class=\"verse\"><span id=\"fr-LSG-26685\">Jean 14:16\u00a0<\/span><em><span id=\"fr-LSG-26685\" class=\"text John-14-16\">Et moi, je prierai le P\u00e8re, et il vous donnera un autre consolateur, afin qu\u2019il demeure \u00e9ternellement avec vous,\u00a0<\/span><span id=\"fr-LSG-26686\" class=\"text John-14-17\"><sup class=\"versenum\">17\u00a0<\/sup>l\u2019Esprit de v\u00e9rit\u00e9, que le monde ne peut recevoir, parce qu\u2019il ne le voit point et ne le conna\u00eet point; mais vous, vous le connaissez, car il demeure avec vous, et il sera en vous.\u00a0<\/span><\/em><\/p>\n<p><em>Jean 14:26 Mais le consolateur, l\u2019Esprit Saint, que le P\u00e8re enverra en mon nom, vous enseignera toutes choses, et vous rappellera tout ce que je vous ai dit.<\/em><\/p><\/blockquote>\n<p>En fait, il y a beaucoup de controverse \u00e0 propos du mot \u00ab\u00a0paraclete\u00a0\u00bb, qui est \u00ab\u00a0paraklytos\u00a0\u00bb dans la Bible en Grec\u00a0et que ce mot est chang\u00e9 du \u00ab\u00a0periklytos\u00a0\u00bb qui signifie \u00ab\u00a0le louang\u00e9\u00a0\u00bb qui signifie \u00ab\u00a0Ahmed\u00a0\u00bb, le nom de Proph\u00e8te Muhammad \ufdfa. Bien qu\u2019il n\u2019y ait pas aujourd\u2019hui d\u2019\u00e9vidence claire prouvant \u00e7a, on trouve que le Paraclete pr\u00e9dit par J\u00e9sus est vraiment le Proph\u00e8te Muhammad \ufdfa en analysant ces versets dans la Bible.<\/p>\n<h3><a href=\"https:\/\/jesus-is-muslim.net\/wp-content\/uploads\/2015\/12\/Paraclet.png\"><img loading=\"lazy\" decoding=\"async\" class=\"alignnone size-full wp-image-1393\" src=\"https:\/\/jesus-is-muslim.net\/wp-content\/uploads\/2015\/12\/Paraclet.png\" alt=\"Le Paraclet est le Proph\u00e8te Muhammad.\" width=\"1040\" height=\"570\" srcset=\"https:\/\/jesus-is-muslim.net\/wp-content\/uploads\/2015\/12\/Paraclet.png 1040w, https:\/\/jesus-is-muslim.net\/wp-content\/uploads\/2015\/12\/Paraclet-300x164.png 300w, https:\/\/jesus-is-muslim.net\/wp-content\/uploads\/2015\/12\/Paraclet-768x421.png 768w, https:\/\/jesus-is-muslim.net\/wp-content\/uploads\/2015\/12\/Paraclet-1024x561.png 1024w\" sizes=\"auto, (max-width: 1040px) 100vw, 1040px\" \/><\/a><\/h3>\n<h3>Le Paraclet, Est-il un homme ou un esprit?<\/h3>\n<p>L\u2019un peut penser que le mot \u00ab\u00a0esprit\u00a0\u00bb dans ces versets ne peut pas parler d\u2019un homme. Cependant le mot \u00ab\u00a0esprit\u00a0\u00bb ne signifie pas que ce consolateur ne sera pas un homme. La Bible appelle des hommes comme esprits, par exemple dans ce verset:<\/p>\n<div class=\"version-LSG result-text-style-normal text-html \">\n<blockquote>\n<p class=\"verse chapter-1\"><em><span id=\"fr-LSG-30605\" class=\"text 1John-4-1\"><span class=\"chapternum\">1 Jean 4:1\u00a0<\/span>Bien-aim\u00e9s, n\u2019ajoutez pas foi \u00e0 tout esprit; mais \u00e9prouvez les esprits, pour savoir s\u2019ils sont de Dieu, car plusieurs faux proph\u00e8tes sont venus dans le monde.<\/span><\/em><\/p>\n<\/blockquote>\n<\/div>\n<p>En fait,\u00a0J\u00e9sus dit que le saint esprit ne parle pas de lui-m\u00eame, mais il dit ce qu\u2019il entend:<\/p>\n<blockquote>\n<p class=\"verse\"><em>Jean 16:8 Quand le consolateur sera venu, l\u2019Esprit de v\u00e9rit\u00e9, il vous conduira dans toute la v\u00e9rit\u00e9; car il ne parlera pas de lui-m\u00eame, mais il dira tout ce qu\u2019il aura entendu, et il vous annoncera les choses \u00e0 venir.<span id=\"fr-LSG-26741\">14\u00a0Il me glorifiera, parce qu\u2019il prendra de ce qui est \u00e0 moi, et vous l\u2019annoncera.<\/span><\/em><\/p>\n<\/blockquote>\n<p class=\"verse\">C\u2019est ce qu&rsquo;un proph\u00e8te envoy\u00e9 de Dieu fait. \u00a0Les Chr\u00e9tiens croient que le saint esprit est Dieu, mais Dieu parle de Lui-m\u00eame, et\u00a0Il n\u2019a pas besoin de se faire un autre Dieu pour qu&rsquo;il enseigne ce qu\u2019Il entend \u00e0 partir du premier Dieu. Le Proph\u00e8te Muhammad \ufdfa a annonc\u00e9 beaucoup de choses \u00e0 venir, cet article montre certains\u00a0<a href=\"https:\/\/jesus-is-muslim.net\/fr\/index.php\/propheties-accomplies-prophete-muhammad\/\">proph\u00e9ties du Proph\u00e8te Muhammad \ufdfa<\/a>.<\/p>\n<h3 class=\"verse\">Qui est\u00a0le Paraclet?<\/h3>\n<p class=\"verse\">On voit ici pourquoi le saint esprit cru par Chr\u00e9tiens n\u2019est pas le paraclet:<\/p>\n<h4 class=\"verse\">Le Paraclet Convaincra le Monde<\/h4>\n<blockquote>\n<p class=\"verse\"><em>Jean 16:8\u00a0<\/em>Et quand il sera venu, il convaincra le monde en ce qui concerne le p\u00e9ch\u00e9, la justice, et le jugement:<\/p>\n<\/blockquote>\n<p class=\"verse\">Le Proph\u00e8te Muhammad \ufdfa a convaincu le monde car les gens ne croient pas en J\u00e9sus comme un proph\u00e8te de Dieu. Le Coran a convaincu les juifs car ils ne croient pas en J\u00e9sus et il a convaincu les Chr\u00e8tiens car ils disent que J\u00e9sus est Dieu, une chose\u00a0laquelle\u00a0J\u00e9sus lui-m\u00eame n\u2019a pas dit.<\/p>\n<p class=\"verse\">D\u2019autre part, Lorsque le saint esprit est descendu aux disciples en Actes (la Pentec\u00f4te), il n\u2019avait rien fait sauf qu&rsquo;il ait fait les disciples parler beaucoup des langues, mais on ne voit pas comment le saint esprit a convaincu ou a pr\u00each\u00e9 le monde \u00e0 propos de J\u00e9sus. Si le saint esprit cru par Chr\u00e9tiens convainc le monde, il n\u2019y aurait pas besoin des \u00e9vang\u00e8listes ou des minist\u00e8res pour pr\u00eacher le christianisme car le saint esprit serait suffisant. Mais on trouve que beaucoup de gens ne sachent pas J\u00e9sus ou le christianisme \u00e0 moins qu\u2019un Chr\u00e9tien parle avec eux. Si le saint esprit cru par Chr\u00e9tiens existe vraiment, pourquoi n\u2019a-t-il convaincu ces gens?<\/p>\n<h4 class=\"verse\">Quand viendra\u00a0le Paraclet?<\/h4>\n<p>J\u00e9sus\u00a0dit:<\/p>\n<blockquote>\n<p class=\"verse\"><span id=\"fr-LSG-26734\">Jean 16:7<\/span><em><span id=\"fr-LSG-26734\" class=\"text John-16-7\"><sup class=\"versenum\">\u00a0<\/sup>Cependant je vous dis la v\u00e9rit\u00e9: il vous est avantageux que je m\u2019en aille, <strong>car si je ne m\u2019en vais pas, le consolateur ne viendra pas vers vous;<\/strong> mais, si je m\u2019en vais, je vous l\u2019enverrai.<\/span><\/em><\/p>\n<\/blockquote>\n<p class=\"verse\">Ce n\u2019est pas le cas du saint esprit de Chr\u00e9tiens. La Bible montre que le saint esprit est apparu dans beaucoup des situations avant que J\u00e9sus fut \u00e9lev\u00e9, par exemple en Luc 1:35, Luc 2:25\u00a0et\u00a0Matthieu 3:16. Mais ce consolateur pr\u00e9dit ne viendra pas moins que J\u00e9sus s\u2019aille selon ce verset.<\/p>\n<p class=\"verse\">L\u2019un peut poser une question; comment J\u00e9sus envoie le Proph\u00e8te Muhammad \ufdfa? Le verset veut dire qu\u2019ils n&rsquo;existent pas dans le m\u00eame temps et que la venue du Proph\u00e8te Muhammad doit \u00eatre \u00e0 condition que J\u00e9sus n&rsquo;est pas dans la terre. Alors, le Paraclet sera envoy\u00e9 apr\u00e8s que J\u00e9sus sera \u00e9lev\u00e9.<\/p>\n<h4 class=\"verse\">Le Paraclet nous guide dans toute la V\u00e9rit\u00e9<\/h4>\n<p class=\"verse\">C\u2019est ce que le Coran et la Sounna Proph\u00e8te Muhammad ont fait. Le Coran dit:<\/p>\n<blockquote>\n<p class=\"verse\"><strong>Et Nous avons fait descendre sur toi le Livre, comme un expos\u00e9 explicite de toute chose, ainsi qu\u2019un guide, une gr\u00e2ce et une bonne annonce aux Musulmans. (Le Saint Coran 16:89)<\/strong><\/p>\n<\/blockquote>\n<p class=\"verse\">Le guide est dans le message de Dieu envoy\u00e9 aux gens par ses proph\u00e8tes.\u00a0Le guide n\u2019est pas un esprit qui nous r\u00e9vele la v\u00e9rit\u00e9. Les Chr\u00e9tiens revendiquent que ce saint esprit les r\u00e9vele la v\u00e9rit\u00e9 dans toutes situations, main on toujours trouve des d\u00e9saccords entre les Chr\u00e9tiens, est-ce que les Chr\u00e9tiens ont plus d\u2019un saint esprit et ces esprits ont des avis differents? Oui, il y a des d\u00e9saccords entre les Musulmans aussi mais le Coran nous dit:<\/p>\n<blockquote>\n<p class=\"verse\"><strong>Puis, si vous vous disputez en quoi que ce soit, renvoyez-l\u00e0 \u00e0 Allah et au Messager, (Le Saint Coran 4:59)<\/strong><\/p>\n<\/blockquote>\n<p class=\"verse\">Toute la v\u00e9rit\u00e9 est dans les ecritures, il peut se passer qu\u2019un Musulman ait une m\u00e9sentente, et Dieu lui recompense s\u2019il cherche vraiment la v\u00e9rit\u00e9 dans les \u00e9critures. Mais pour un Chr\u00e9tien, il ne faut rien\u00a0avoir de m\u00e9sentente car il est guid\u00e9 par le saint esprit, et cela ne se passe pas puisqu&rsquo;il y a beaucoup de m\u00e9sententes et de d\u00e9saccords entre les Chr\u00e9tiens. C\u2019est pourquoi les caract\u00e8res de Paraclet ne sont pas appliqu\u00e9s avec le saint esprit cru par les Chr\u00e9tiens.<\/p>\n","protected":false},"excerpt":{"rendered":"<p>Le Proph\u00e8te Muhammad \ufdfa est le Paraclet Pr\u00e9dit par\u00a0J\u00e9sus en\u00a0Jean Les Chr\u00e9tiens croient que le paraclet (c\u2019est-\u00e0-dire le\u00a0consolateur pr\u00e9dit par J\u00e9sus) est le Saint Esprit. En fait, cette proph\u00e9tie parle du Proph\u00e8te Muhammad (Paix sur lui). Comment? On examine ce que J\u00e9sus dit: Jean 14:16\u00a0Et moi, je prierai le P\u00e8re, et il vous donnera un [&hellip;]<\/p>\n","protected":false},"author":1,"featured_media":1393,"parent":870,"menu_order":0,"comment_status":"closed","ping_status":"closed","template":"","meta":{"om_disable_all_campaigns":false,"_monsterinsights_skip_tracking":false,"_monsterinsights_sitenote_active":false,"_monsterinsights_sitenote_note":"","_monsterinsights_sitenote_category":0,"_uf_show_specific_survey":0,"_uf_disable_surveys":false,"footnotes":""},"categories":[41],"tags":[],"class_list":["post-872","page","type-page","status-publish","has-post-thumbnail","hentry","category-le-prophete-muhammad--dans-la-bible"],"aioseo_notices":[],"_links":{"self":[{"href":"https:\/\/jesus-is-muslim.net\/fr\/wp-json\/wp\/v2\/pages\/872","targetHints":{"allow":["GET"]}}],"collection":[{"href":"https:\/\/jesus-is-muslim.net\/fr\/wp-json\/wp\/v2\/pages"}],"about":[{"href":"https:\/\/jesus-is-muslim.net\/fr\/wp-json\/wp\/v2\/types\/page"}],"author":[{"embeddable":true,"href":"https:\/\/jesus-is-muslim.net\/fr\/wp-json\/wp\/v2\/users\/1"}],"replies":[{"embeddable":true,"href":"https:\/\/jesus-is-muslim.net\/fr\/wp-json\/wp\/v2\/comments?post=872"}],"version-history":[{"count":0,"href":"https:\/\/jesus-is-muslim.net\/fr\/wp-json\/wp\/v2\/pages\/872\/revisions"}],"up":[{"embeddable":true,"href":"https:\/\/jesus-is-muslim.net\/fr\/wp-json\/wp\/v2\/pages\/870"}],"wp:featuredmedia":[{"embeddable":true,"href":"https:\/\/jesus-is-muslim.net\/fr\/wp-json\/wp\/v2\/media\/1393"}],"wp:attachment":[{"href":"https:\/\/jesus-is-muslim.net\/fr\/wp-json\/wp\/v2\/media?parent=872"}],"wp:term":[{"taxonomy":"category","embeddable":true,"href":"https:\/\/jesus-is-muslim.net\/fr\/wp-json\/wp\/v2\/categories?post=872"},{"taxonomy":"post_tag","embeddable":true,"href":"https:\/\/jesus-is-muslim.net\/fr\/wp-json\/wp\/v2\/tags?post=872"}],"curies":[{"name":"wp","href":"https:\/\/api.w.org\/{rel}","templated":true}]}}