{"id":874,"date":"2015-12-25T06:40:38","date_gmt":"2015-12-25T06:40:38","guid":{"rendered":"https:\/\/jesus-is-muslim.net\/fr\/?page_id=874"},"modified":"2017-07-07T13:35:57","modified_gmt":"2017-07-07T11:35:57","slug":"prophete-muhammad-envoye-par-dieu","status":"publish","type":"page","link":"https:\/\/jesus-is-muslim.net\/fr\/accueil\/le-prophete-muhammad\/prophete-muhammad-envoye-par-dieu\/","title":{"rendered":"Le Proph\u00e8te Muhammad- un Proph\u00e8te Envoy\u00e9 par Dieu"},"content":{"rendered":"<p>Le Proph\u00e8te Muhammad \ufdfa est le proph\u00e8te dernier envoy\u00e9 \u00e0 partir de Dieu aux gens. Il y a beaucoup d\u2019\u00e9vidence de sa v\u00e9racit\u00e9. Cette section montrera quelque \u00e9vidence que le Proph\u00e8te Muhammad \ufdfa est vraiment envoy\u00e9 de Dieu avec le message de l\u2019Islam.<\/p>\n<h3 class=\"entry-title\">Le Statut de l\u2019Arabie Avant L\u2019Islam<\/h3>\n<div class=\"entry-content\">\n<p>\u00a0La description du statut de l\u2019Arabie avant la venue du Proph\u00e8te Muhammad \ufdfa\u00a0s\u2019est illustr\u00e9e par Jaafar (un disciple du Proph\u00e8te Muhammad \ufdfa) qui a dit au Negus de l\u2019Abyssinie:<\/p>\n<blockquote>\n<p class=\"entry-title\">\u00ab\u00a0Majest\u00e9, nous \u00e9tions des gens ignorants\u00a0; nous adorions des idoles, mangions la charogne, commettions les turpitudes, rompions nos liens de parent\u00e9, \u00e9tions de mauvais voisins, et le fort parmi nous spoliait le faible\u2026. \u00bb<\/p>\n<\/blockquote>\n<p>Donc ici, Jaafar raconte comment la vie en Arabie \u00e9tait corrompue et injuste. Puis il parle de l\u2019appel du Proph\u00e8te Muhammad \ufdfa.<\/p>\n<h2><a href=\"https:\/\/jesus-is-muslim.net\/wp-content\/uploads\/2015\/12\/Cest-le-Prophete-Muhammad.png\" rel=\"attachment wp-att-1364\"><img loading=\"lazy\" decoding=\"async\" class=\"alignnone size-full wp-image-1364\" src=\"https:\/\/jesus-is-muslim.net\/wp-content\/uploads\/2015\/12\/Cest-le-Prophete-Muhammad.png\" alt=\"C'est le Prophete Muhammad\" width=\"660\" height=\"330\" srcset=\"https:\/\/jesus-is-muslim.net\/wp-content\/uploads\/2015\/12\/Cest-le-Prophete-Muhammad.png 660w, https:\/\/jesus-is-muslim.net\/wp-content\/uploads\/2015\/12\/Cest-le-Prophete-Muhammad-300x150.png 300w\" sizes=\"auto, (max-width: 660px) 100vw, 660px\" \/><\/a><\/h2>\n<h2>L\u2019Appel du Proph\u00e8te Muhammad\u00a0\ufdfa<\/h2>\n<p>Jaafar fit une digression:<\/p>\n<blockquote><p>\u00abTelle \u00e9tait notre coutume jusqu\u2019\u00e0 ce que Dieu nous envoie un Messager, issu de notre peuple, connu parmi nous pour sa lign\u00e9e, sa v\u00e9ridicit\u00e9, sa loyaut\u00e9 et sa vertu. Il nous a enjoint d\u2019adorer Dieu exclusivement et de rejeter les pierres et les idoles que nous adorions ainsi que nos parents avant nous. Il nous a enjoint d\u2019\u00eatre v\u00e9ridiques dans notre discours, de restituer les d\u00e9p\u00f4ts, de soigner nos liens de parent\u00e9, de promouvoir le bon voisinage, de nous abstenir des vices et de l\u2019effusion de sang. Il nous a interdit les turpitudes, le faux t\u00e9moignage, la spoliation des biens des orphelins et la calomnie contre l\u2019honneur des femmes chastes. Il nous a ordonn\u00e9 d\u2019adorer Dieu et de ne point lui donner d\u2019associ\u00e9s, d\u2019accomplir la pri\u00e8re, de nous acquitter de la zak\u00e2t, et de je\u00fbner \u2014 il \u00e9num\u00e9ra les enseignements de l\u2019islam \u2014. Nous avons cru en lui et avons suivi les enseignements de Dieu qu\u2019il nous a apport\u00e9s. Nous avons ador\u00e9 Dieu sans point lui donner d\u2019associ\u00e9s. Nous nous sommes interdit ce qu\u2019il nous a interdit et consid\u00e9r\u00e9 comme licite ce qu\u2019il a d\u00e9clar\u00e9 licite\u2026\u00bb<\/p><\/blockquote>\n<p>Certaines personnes commencent \u00e0 croire que le Proph\u00e8te Muhammad \ufdfa est un Proph\u00e8te envoy\u00e9 \u00e0 partir de Dieu. Toutefois, les notables de son peuple ne voulurent pas changer la situation actuelle car elle\u00a0se contredit avec leurs int\u00e9r\u00eats. Alors, ils commenc\u00e8rent \u00e0 r\u00e9pandre des rumeurs contre le Proph\u00e8te Muhammad \ufdfa\u00a0qu\u2019il est magicien et qu\u2019il a voulu d\u00e9ranger la communaut\u00e9 avec son appel qui va \u00e0 l\u2019encontre des traditions de la communaut\u00e9 et de leurs avantages. Ils commenc\u00e8rent aussi \u00e0 torturer le Proph\u00e8te Muhammad \ufdfa\u00a0et ses disciples avec des fa\u00e7ons diff\u00e9rentes. Mais les nouveaux Musulmans sont toujours en augmentation.<\/p>\n<h2>Le Proph\u00e8te Muhammad \ufdfa a Fabriqu\u00e9 l\u2019Islam pour obtenir le Pouvoir ou pour l\u2019Argent?<\/h2>\n<p>En voyant les suivants du Proph\u00e8te Muhammad \ufdfa\u00a0en augmentation, ces notables l&rsquo;a donn\u00e9 des offres attrayantes afin qu\u2019il arr\u00eate son appel:<\/p>\n<blockquote><p>\u00ab\u00a0Si tu veux d\u2019argent, nous te donnerons d\u2019argent. Si tu veux de pouvoir, nous te donnerons du pouvoir. Si tu veux des femmes, nous te donnerons des femmes\u00a0\u00bb<\/p><\/blockquote>\n<p>Si le\u00a0Proph\u00e8te Muhammad \ufdfa\u00a0voulait d\u2019argent ou du pouvoir avec l\u2019appel de l\u2019Islam, rejetterait t-il une telle offre? Bien s\u00fbr non, \u00e0 moins que ces choses ne lui int\u00e9ressent pas.<\/p>\n<p>Ce n\u2019\u00e9tait pas la seule offre donn\u00e9e au\u00a0Proph\u00e8te Muhammad \ufdfa, une autre tribu Arabe lui a donn\u00e9 une autre offre attrayante:<\/p>\n<blockquote><p>\u00ab\u00a0Nous t\u2019aiderons contre ton peuple qui t\u2019a combattu, et nous t\u2019assignerons comme notre chef et tu peux r\u00e9pandre l\u2019Islam comme tu veux \u00e0 condition que nous te succ\u00e9derons apr\u00e8s que tu meurs\u00a0\u00bb<\/p><\/blockquote>\n<p>Si le Proph\u00e8te Muhammad \ufdfa\u00a0a r\u00e9ellement voulu l\u2019autorit\u00e9 et le leadership \u00e0 travers de son appel, il n\u2019aurait pas \u00e9t\u00e9 pr\u00e9occup\u00e9 par ce qui va arriver apr\u00e8s sa mort. Contrairement, sa r\u00e9ponse \u00e9tait claire:<\/p>\n<\/div>\n<div class=\"entry-content\">\n<p><strong>\u00ab\u00a0Toute l\u2019affaire est dans la main d\u2019Allah et Allah la met o\u00f9 Il veut\u00a0\u00bb<\/strong><\/p>\n<p>Le Proph\u00e8te Muhammad \ufdfa\u00a0a rejet\u00e9 toutes les offres qui le donnent des avantages et de l\u2019autorit\u00e9 dans ce monde au d\u00e9triment de l\u2019appel de l\u2019Islam. Il subit des tortures, des rumeurs et des menaces mais il n\u2019a jamais perdu sa foi et sa confiance en Dieu car il n\u2019est jamais\u00a0s\u2019efforc\u00e9 d\u2019obtenir n\u2019importe quoi dans ce monde, mais le plaisir de Dieu l\u2019au-del\u00e0 \u00e9tait son but.<\/p>\n<p>Bien que le Proph\u00e8te Muhammad f\u00fbt le chef de tout l\u2019Arabie avant de sa mort, sa vie \u00e9tait tr\u00e8s simple. Sa femme, Aicha (Qu\u2019Allah la fasse plaisir) raconta:<\/p>\n<blockquote><p>\u00abLe Proph\u00e8te (que Dieu le b\u00e9nisse et le salue) emprunta du grain \u00e0 un juif et avait plac\u00e9 son armure en gage aupr\u00e8s de lui (il devait mourir ainsi, sans avoir\u00a0 r\u00e9cup\u00e9r\u00e9 son armure\u00bb<\/p><\/blockquote>\n<h2>Le Proph\u00e8te Muhammad est\u00a0Pr\u00e9occup\u00e9 par le\u00a0Destin Des Gens<\/h2>\n<p>Le Proph\u00e8te Muhammad (Paix sur lui) \u00e9tait soucieux de tous les gens et son but \u00e9tait qu\u2019ils sont tous sauv\u00e9s de l\u2019enfer. Son appel n\u2019\u00e9tait pas seulement aux ceux qui ont du pouvoir ou que peuvent l\u2019aide. Son appel \u00e9tait aussi aux faibles et ceux qu\u2019il n\u2019attend pas qu\u2019ils l\u2019aideraient. Il a appel\u00e9 m\u00eame ceux qui sont au bord de la mort:<\/p>\n<p>un gar\u00e7on juif, qui servait le Proph\u00e8te (paix et b\u00e9n\u00e9dictions d\u2019Allah soient sur lui),\u00a0tomba malade.\u00a0 Lorsque le Proph\u00e8te (paix et b\u00e9n\u00e9dictions d\u2019Allah soient sur lui)\u00a0l\u2019apprit, il alla le visiter lorsque il est au lit de la mort.\u00a0 Il s\u2019assit pr\u00e8s de sa t\u00eate et lui dit\u00a0: <strong>\u00ab\u00a0Deviens musulman.\u00a0\u00bb<\/strong>\u00a0 Le gar\u00e7on regarda alors son p\u00e8re, qui \u00e9tait l\u00e0 avec eux.\u00a0 Son p\u00e8re lui dit\u00a0:\u00a0\u00ab\u00a0Ob\u00e9is \u00e0 Aba al-Qasim (i.e. le Proph\u00e8te).\u00a0\u00bb\u00a0 Alors quand le gar\u00e7on devint musulman, puis il est mort, le Proph\u00e8te sortit et dit\u00a0: <strong>\u00ab\u00a0Gloire \u00e0 Allah qui a sauv\u00e9 ce gar\u00e7on du feu de l\u2019Enfer.\u00a0\u00bb<\/strong> (Rapport\u00e9 par Ahmad)<\/p>\n<p>Il est remarqu\u00e9 aussi que le Proph\u00e8te Muhammad ne l\u2019a pas oblig\u00e9 \u00e0\u2019\u00eatre Musulman bien qu\u2019il le servait. C\u2019est le Proph\u00e8te Muhammad, et c\u2019est son appel.<\/p>\n<p>La vie du\u00a0Proph\u00e8te Muhammad ne peut pas \u00eatre racont\u00e9e dans un article bref. C\u2019est une vie plein d\u2019\u00e9v\u00e9nements. Lorsqu&rsquo;on lit concernant lui, on ne peut pas que l\u2019aimer et l\u2019appr\u00e9cier. Ce lien raconte en d\u00e9tail\u00a0<a href=\"https:\/\/drive.google.com\/file\/d\/0B_m5lAZ6h0LhUE9jSDJVOHlOR0E\/view\">qui est le\u00a0Proph\u00e8te Muhammad<\/a>.<\/p>\n<\/div>\n","protected":false},"excerpt":{"rendered":"<p>Le Proph\u00e8te Muhammad \ufdfa est le proph\u00e8te dernier envoy\u00e9 \u00e0 partir de Dieu aux gens. Il y a beaucoup d\u2019\u00e9vidence de sa v\u00e9racit\u00e9. Cette section montrera quelque \u00e9vidence que le Proph\u00e8te Muhammad \ufdfa est vraiment envoy\u00e9 de Dieu avec le message de l\u2019Islam. Le Statut de l\u2019Arabie Avant L\u2019Islam \u00a0La description du statut de l\u2019Arabie [&hellip;]<\/p>\n","protected":false},"author":1,"featured_media":1364,"parent":866,"menu_order":0,"comment_status":"closed","ping_status":"closed","template":"","meta":{"om_disable_all_campaigns":false,"_monsterinsights_skip_tracking":false,"_monsterinsights_sitenote_active":false,"_monsterinsights_sitenote_note":"","_monsterinsights_sitenote_category":0,"_uf_show_specific_survey":0,"_uf_disable_surveys":false,"footnotes":""},"categories":[40],"tags":[],"class_list":["post-874","page","type-page","status-publish","has-post-thumbnail","hentry","category-le-prophete-muhammad-"],"aioseo_notices":[],"_links":{"self":[{"href":"https:\/\/jesus-is-muslim.net\/fr\/wp-json\/wp\/v2\/pages\/874","targetHints":{"allow":["GET"]}}],"collection":[{"href":"https:\/\/jesus-is-muslim.net\/fr\/wp-json\/wp\/v2\/pages"}],"about":[{"href":"https:\/\/jesus-is-muslim.net\/fr\/wp-json\/wp\/v2\/types\/page"}],"author":[{"embeddable":true,"href":"https:\/\/jesus-is-muslim.net\/fr\/wp-json\/wp\/v2\/users\/1"}],"replies":[{"embeddable":true,"href":"https:\/\/jesus-is-muslim.net\/fr\/wp-json\/wp\/v2\/comments?post=874"}],"version-history":[{"count":0,"href":"https:\/\/jesus-is-muslim.net\/fr\/wp-json\/wp\/v2\/pages\/874\/revisions"}],"up":[{"embeddable":true,"href":"https:\/\/jesus-is-muslim.net\/fr\/wp-json\/wp\/v2\/pages\/866"}],"wp:featuredmedia":[{"embeddable":true,"href":"https:\/\/jesus-is-muslim.net\/fr\/wp-json\/wp\/v2\/media\/1364"}],"wp:attachment":[{"href":"https:\/\/jesus-is-muslim.net\/fr\/wp-json\/wp\/v2\/media?parent=874"}],"wp:term":[{"taxonomy":"category","embeddable":true,"href":"https:\/\/jesus-is-muslim.net\/fr\/wp-json\/wp\/v2\/categories?post=874"},{"taxonomy":"post_tag","embeddable":true,"href":"https:\/\/jesus-is-muslim.net\/fr\/wp-json\/wp\/v2\/tags?post=874"}],"curies":[{"name":"wp","href":"https:\/\/api.w.org\/{rel}","templated":true}]}}