{"id":879,"date":"2015-12-25T06:43:36","date_gmt":"2015-12-25T06:43:36","guid":{"rendered":"https:\/\/jesus-is-muslim.net\/fr\/?page_id=879"},"modified":"2017-07-22T15:04:28","modified_gmt":"2017-07-22T13:04:28","slug":"les-miracles-scientifiques-du-coran","status":"publish","type":"page","link":"https:\/\/jesus-is-muslim.net\/fr\/accueil\/le-coran\/les-miracles-scientifiques-du-coran\/","title":{"rendered":"Les Miracles Scientifiques du Coran"},"content":{"rendered":"<p>Le miracle du Coran n\u2019est pas juste un miracle pour son langage \u00e9loquent, mais les miracles du Coran sont toujours montr\u00e9s tout au long des \u00e9poques jusqu\u2019\u00e0 maintenant. Le Coran contient des faits qui sont d\u00e9couverts r\u00e9cemment que personne ne les a connus il y a 1400 ans. Voil\u00e0 pourquoi Dieu dit dans le Coran:<\/p>\n<blockquote><p>53. Nous leur montrerons Nos signes dans l\u2019univers et en eux-m\u00eames, jusqu\u2019\u00e0 ce qu\u2019il leur devienne \u00e9vident que c\u2019est cela (le Coran), la V\u00e9rit\u00e9. Ne suffit-il pas que ton Seigneur soit t\u00e9moin de toute-chose? (Le Saint Coran 41:53)<\/p><\/blockquote>\n<p>Cet article montrera quelques miracles scientifiques dans le Coran.<\/p>\n<h3>L\u2019Expansion de l\u2019Univers<\/h3>\n<p>Le Coran nous parle sur l\u2019expansion de l\u2019univers en disant:<\/p>\n<blockquote><p>47. Le ciel, Nous l\u2019avons construit par Notre puissance: et Nous l\u2019\u00e9tendons [constamment]: dans l\u2019immensit\u00e9. (Le Saint Coran 51:47)<\/p><\/blockquote>\n<p>Ce fait fut d\u00e9couvert dans le 20e si\u00e8cle par Edwin Hubble. Personne n\u2019a connu ce fait il y a 1400 ans. Comment le Proph\u00e8te Muhammad \ufdfa\u00a0a connu ce fait \u00e0 moins que ce soit la r\u00e9v\u00e9lation de Dieu?<\/p>\n<h3>Les Racines des Montagnes et Leur Effet sur la Stabilit\u00e9 de la Terre<\/h3>\n<p>Allah dit dans le Coran concernant les montagnes:<\/p>\n<blockquote><p>N\u2019avons-Nous pas fait de la terre une couche? 7. et (plac\u00e9) les montagnes comme des piquets?(Le Saint Coran 78:6-7)<\/p>\n<p>15. \u00a0 Et Il a implant\u00e9 des montagnes immobiles dans la terre afin qu&rsquo;elle ne branle pas en vous emportant avec elle de m\u00eame que des rivi\u00e8res et des sentiers, pour que vous vous guidiez, (Le Saint Coran 16:15)<\/p><\/blockquote>\n<p>Ces versets montrent deux faits scientifiques. Le premier fait c&rsquo;est que les montagnes ont des racines profondes dans\u00a0la cro\u00fbte terrestre comme expliqu\u00e9 dans la photo suivante:<\/p>\n<p><a href=\"https:\/\/jesus-is-muslim.net\/wp-content\/uploads\/2015\/12\/Diapositive032.jpg\" rel=\"attachment wp-att-1210\"><img loading=\"lazy\" decoding=\"async\" class=\"alignnone size-full wp-image-1210\" src=\"https:\/\/jesus-is-muslim.net\/wp-content\/uploads\/2015\/12\/Diapositive032.jpg\" alt=\"Diapositive032\" width=\"640\" height=\"480\" srcset=\"https:\/\/jesus-is-muslim.net\/wp-content\/uploads\/2015\/12\/Diapositive032.jpg 640w, https:\/\/jesus-is-muslim.net\/wp-content\/uploads\/2015\/12\/Diapositive032-300x225.jpg 300w\" sizes=\"auto, (max-width: 640px) 100vw, 640px\" \/><\/a><\/p>\n<p>Le Coran montre aussi un autre fait, c\u2019est que les montagnes jouent un r\u00f4le tr\u00e8s important en gardant la stabilit\u00e9 de la terre. C\u2019est un concept g\u00e9ologique nomm\u00e9 l\u2019isostasie. En regardant la photo ci-dessus, on voit que les montagnes ont une densit\u00e9 moins que la densit\u00e9 des couches de la cro\u00fbte terrestre. C\u2019est pourquoi lorsqu\u2019on voit des montagnes, on trouve que ses altitudes s&rsquo;\u00e9tendent pour atteindre le poids qui compense sa faible densit\u00e9 et par cons\u00e9quent\u00a0garder la stabilit\u00e9 de la cro\u00fbte terrestre. Si les montagnes n\u2019ont pas de racines avec une faible densit\u00e9, on trouverait un grand trouble dans la terre \u00e0 cause de la diff\u00e9rence de poids entre les parties de la cro\u00fbte terrestre. Comment le Proph\u00e8te Muhammad \ufdfa \u00a0savait\u00a0ces faits il y a 1400 ans?<\/p>\n<h3>Le Coran et les estuaires<\/h3>\n<p>Allah dit dans le Coran:<\/p>\n<blockquote><p>53. Et c\u2019est Lui qui donne libre cours aux deux mers: l\u2019une douce, rafra\u00eechissante, l\u2019autre sal\u00e9e, am\u00e8re. Et IL assigne entre les deux une zone interm\u00e9diaire et un barrage infranchissable. (Le Saint Coran 25:53)<\/p><\/blockquote>\n<p>La science moderne a d\u00e9couvert qu\u2019aux endroits o\u00f9 deux mers diff\u00e9rentes se rencontrent, il y a une barri\u00e8re entre elles.\u00a0 Cette barri\u00e8re s\u00e9pare les deux mers de fa\u00e7on \u00e0 ce que chacune conserve la temp\u00e9rature, la salinit\u00e9 et la densit\u00e9 qui lui sont propres (voir\u00a0<a href=\"http:\/\/www.islam-guide.com\/fr\/frm-ch1-1-e.htm\">ici<\/a>).\u00a0C\u2019est\u00a0l\u2019<a href=\"https:\/\/fr.wikipedia.org\/wiki\/Estuaire\">estuaire<\/a>.\u00a0Ces informations n\u2019ont \u00e9t\u00e9 d\u00e9couvertes que r\u00e9cemment \u00e0 l\u2019aide d\u2019\u00e9quipements de pointe servant \u00e0 mesurer la temp\u00e9rature, la salinit\u00e9, la densit\u00e9, la dissolubilit\u00e9 de l\u2019oxyg\u00e8ne, etc.\u00a0 L\u2019\u0153il humain ne peut percevoir la diff\u00e9rence qui existe entre deux mers qui se rencontrent; car \u00e0 l\u2019\u0153il nu, les deux mers nous apparaissent comme une seule mer homog\u00e8ne.\u00a0 De la m\u00eame fa\u00e7on, l\u2019\u0153il humain ne peut percevoir, dans les estuaires, la division de l\u2019eau en trois types: l\u2019eau douce, l\u2019eau sal\u00e9e, et le barrage (ou zone de s\u00e9paration). (<a href=\"http:\/\/www.islam-guide.com\/fr\/frm-ch1-1-e.htm\">Source ici<\/a>)<\/p>\n<h3>Des autres Miracles Scientifiques<\/h3>\n<p>En fait, il y a beaucoup des autres miracles scientifiques dans le Coran concernant l\u2019embryologie, le corps de l\u2019humain, la g\u00e9ographie et d\u2019autres sciences. C\u2019est expliqu\u00e9 dans un grand d\u00e9tail dans <a href=\"http:\/\/www.islamreligion.com\/fr\/category\/34\/les-miracles-scientifiques-du-coran\/\">ce lien<\/a>. Cette vid\u00e9o ci-dessous montre quelques t\u00e9moignages des savants confirmant les miracles dans le Coran:<\/p>\n<p><iframe loading=\"lazy\" title=\"les t\u00e9moignages des savants comtemporains concernant les miracles scientifiques du Coran\" width=\"500\" height=\"375\" src=\"https:\/\/www.youtube.com\/embed\/OHl0G61hCxc?feature=oembed\" frameborder=\"0\" allow=\"accelerometer; autoplay; clipboard-write; encrypted-media; gyroscope; picture-in-picture; web-share\" referrerpolicy=\"strict-origin-when-cross-origin\" allowfullscreen><\/iframe><\/p>\n","protected":false},"excerpt":{"rendered":"<p>Le miracle du Coran n\u2019est pas juste un miracle pour son langage \u00e9loquent, mais les miracles du Coran sont toujours montr\u00e9s tout au long des \u00e9poques jusqu\u2019\u00e0 maintenant. Le Coran contient des faits qui sont d\u00e9couverts r\u00e9cemment que personne ne les a connus il y a 1400 ans. Voil\u00e0 pourquoi Dieu dit dans le Coran: [&hellip;]<\/p>\n","protected":false},"author":1,"featured_media":1467,"parent":883,"menu_order":0,"comment_status":"closed","ping_status":"closed","template":"","meta":{"om_disable_all_campaigns":false,"_monsterinsights_skip_tracking":false,"_monsterinsights_sitenote_active":false,"_monsterinsights_sitenote_note":"","_monsterinsights_sitenote_category":0,"_uf_show_specific_survey":0,"_uf_disable_surveys":false,"footnotes":""},"categories":[51],"tags":[],"class_list":["post-879","page","type-page","status-publish","has-post-thumbnail","hentry","category-le-coran"],"aioseo_notices":[],"_links":{"self":[{"href":"https:\/\/jesus-is-muslim.net\/fr\/wp-json\/wp\/v2\/pages\/879","targetHints":{"allow":["GET"]}}],"collection":[{"href":"https:\/\/jesus-is-muslim.net\/fr\/wp-json\/wp\/v2\/pages"}],"about":[{"href":"https:\/\/jesus-is-muslim.net\/fr\/wp-json\/wp\/v2\/types\/page"}],"author":[{"embeddable":true,"href":"https:\/\/jesus-is-muslim.net\/fr\/wp-json\/wp\/v2\/users\/1"}],"replies":[{"embeddable":true,"href":"https:\/\/jesus-is-muslim.net\/fr\/wp-json\/wp\/v2\/comments?post=879"}],"version-history":[{"count":0,"href":"https:\/\/jesus-is-muslim.net\/fr\/wp-json\/wp\/v2\/pages\/879\/revisions"}],"up":[{"embeddable":true,"href":"https:\/\/jesus-is-muslim.net\/fr\/wp-json\/wp\/v2\/pages\/883"}],"wp:featuredmedia":[{"embeddable":true,"href":"https:\/\/jesus-is-muslim.net\/fr\/wp-json\/wp\/v2\/media\/1467"}],"wp:attachment":[{"href":"https:\/\/jesus-is-muslim.net\/fr\/wp-json\/wp\/v2\/media?parent=879"}],"wp:term":[{"taxonomy":"category","embeddable":true,"href":"https:\/\/jesus-is-muslim.net\/fr\/wp-json\/wp\/v2\/categories?post=879"},{"taxonomy":"post_tag","embeddable":true,"href":"https:\/\/jesus-is-muslim.net\/fr\/wp-json\/wp\/v2\/tags?post=879"}],"curies":[{"name":"wp","href":"https:\/\/api.w.org\/{rel}","templated":true}]}}