{"id":881,"date":"2015-12-25T06:46:14","date_gmt":"2015-12-25T06:46:14","guid":{"rendered":"https:\/\/jesus-is-muslim.net\/fr\/?page_id=881"},"modified":"2016-03-05T12:11:49","modified_gmt":"2016-03-05T10:11:49","slug":"la-bible","status":"publish","type":"page","link":"https:\/\/jesus-is-muslim.net\/fr\/accueil\/la-bible\/","title":{"rendered":"La Bible"},"content":{"rendered":"<p><a href=\"https:\/\/jesus-is-muslim.net\/fr\/accueil\/la-bible\/la-vue-islamique-de-la-bible\/\">La Vue Islamique de la Bible<\/a><\/p>\n<p><a href=\"https:\/\/jesus-is-muslim.net\/fr\/accueil\/la-bible\/objections-musulmanes-sur-la-bible\/\">Des Objections Musulmanes sur la Bible<\/a><\/p>\n<p><a href=\"https:\/\/jesus-is-muslim.net\/fr\/accueil\/la-bible\/les-difficultes-de-la-bible\/\">Les Difficult\u00e9s de la Bible<\/a><\/p>\n<p><a href=\"https:\/\/jesus-is-muslim.net\/fr\/accueil\/la-bible\/manuscrits-bible-prouvent-son-authenticite\/\">Les Manuscrits de la Bible Prouvent son authenticit\u00e9?<\/a><\/p>\n<p><a href=\"https:\/\/jesus-is-muslim.net\/fr\/accueil\/la-bible\/citations-peres-de-leglise-bible-authenticite\/\">Les Citations des P\u00e8res de l\u2019\u00c9glise de la Bible Prouvent son Authenticit\u00e9?<\/a><\/p>\n<p><a href=\"https:\/\/jesus-is-muslim.net\/fr\/accueil\/la-bible\/la-corruption-juive-de-lancien-testament\/\">La Corruption Juive de l\u2019Ancien Testament<\/a><\/p>\n","protected":false},"excerpt":{"rendered":"<p>La Vue Islamique de la Bible Des Objections Musulmanes sur la Bible Les Difficult\u00e9s de la Bible Les Manuscrits de la Bible Prouvent son authenticit\u00e9? Les Citations des P\u00e8res de l\u2019\u00c9glise de la Bible Prouvent son Authenticit\u00e9? La Corruption Juive de l\u2019Ancien Testament<\/p>\n","protected":false},"author":1,"featured_media":0,"parent":803,"menu_order":0,"comment_status":"closed","ping_status":"closed","template":"","meta":{"om_disable_all_campaigns":false,"_monsterinsights_skip_tracking":false,"_monsterinsights_sitenote_active":false,"_monsterinsights_sitenote_note":"","_monsterinsights_sitenote_category":0,"_uf_show_specific_survey":0,"_uf_disable_surveys":false,"footnotes":""},"categories":[],"tags":[],"class_list":["post-881","page","type-page","status-publish","hentry"],"aioseo_notices":[],"_links":{"self":[{"href":"https:\/\/jesus-is-muslim.net\/fr\/wp-json\/wp\/v2\/pages\/881","targetHints":{"allow":["GET"]}}],"collection":[{"href":"https:\/\/jesus-is-muslim.net\/fr\/wp-json\/wp\/v2\/pages"}],"about":[{"href":"https:\/\/jesus-is-muslim.net\/fr\/wp-json\/wp\/v2\/types\/page"}],"author":[{"embeddable":true,"href":"https:\/\/jesus-is-muslim.net\/fr\/wp-json\/wp\/v2\/users\/1"}],"replies":[{"embeddable":true,"href":"https:\/\/jesus-is-muslim.net\/fr\/wp-json\/wp\/v2\/comments?post=881"}],"version-history":[{"count":0,"href":"https:\/\/jesus-is-muslim.net\/fr\/wp-json\/wp\/v2\/pages\/881\/revisions"}],"up":[{"embeddable":true,"href":"https:\/\/jesus-is-muslim.net\/fr\/wp-json\/wp\/v2\/pages\/803"}],"wp:attachment":[{"href":"https:\/\/jesus-is-muslim.net\/fr\/wp-json\/wp\/v2\/media?parent=881"}],"wp:term":[{"taxonomy":"category","embeddable":true,"href":"https:\/\/jesus-is-muslim.net\/fr\/wp-json\/wp\/v2\/categories?post=881"},{"taxonomy":"post_tag","embeddable":true,"href":"https:\/\/jesus-is-muslim.net\/fr\/wp-json\/wp\/v2\/tags?post=881"}],"curies":[{"name":"wp","href":"https:\/\/api.w.org\/{rel}","templated":true}]}}