{"id":883,"date":"2015-12-25T06:47:36","date_gmt":"2015-12-25T06:47:36","guid":{"rendered":"https:\/\/jesus-is-muslim.net\/fr\/?page_id=883"},"modified":"2016-03-27T17:20:10","modified_gmt":"2016-03-27T15:20:10","slug":"le-coran","status":"publish","type":"page","link":"https:\/\/jesus-is-muslim.net\/fr\/accueil\/le-coran\/","title":{"rendered":"Le Coran"},"content":{"rendered":"<p><a href=\"https:\/\/jesus-is-muslim.net\/fr\/index.php\/qui-ecrit-le-coran-1\/\">Qui \u00e9crit le Coran? (Partie 1)<\/a><\/p>\n<p><a href=\"https:\/\/jesus-is-muslim.net\/fr\/index.php\/qui-ecrit-le-coran-partie-2\/\">Qui \u00e9crit le Coran? (Partie 2)<\/a><\/p>\n<p><a href=\"https:\/\/jesus-is-muslim.net\/fr\/index.php\/les-miracles-scientifiques-du-coran\/\">Les Miracles Scientifiques du Coran<\/a><\/p>\n<p><a href=\"https:\/\/jesus-is-muslim.net\/fr\/index.php\/preservation-coran\/\">La Pr\u00e9servation du Coran<\/a><\/p>\n<p><a href=\"http:\/\/www.centreislamique.be\/bstatic\/coran\/index_coran_french.htm\">Lisez le Coran<\/a><\/p>\n<p><a href=\"https:\/\/jesus-is-muslim.net\/wp-content\/uploads\/2015\/12\/21.png\" rel=\"attachment wp-att-1219\"><img loading=\"lazy\" decoding=\"async\" class=\"alignnone size-full wp-image-1219\" src=\"https:\/\/jesus-is-muslim.net\/wp-content\/uploads\/2015\/12\/21.png\" alt=\"Le Proph\u00e8te Muhammad Fabriqua le Coran?\" width=\"800\" height=\"2000\" srcset=\"https:\/\/jesus-is-muslim.net\/wp-content\/uploads\/2015\/12\/21.png 800w, https:\/\/jesus-is-muslim.net\/wp-content\/uploads\/2015\/12\/21-120x300.png 120w, https:\/\/jesus-is-muslim.net\/wp-content\/uploads\/2015\/12\/21-768x1920.png 768w, https:\/\/jesus-is-muslim.net\/wp-content\/uploads\/2015\/12\/21-410x1024.png 410w\" sizes=\"auto, (max-width: 800px) 100vw, 800px\" \/><\/a><\/p>\n","protected":false},"excerpt":{"rendered":"<p>Qui \u00e9crit le Coran? (Partie 1) Qui \u00e9crit le Coran? (Partie 2) Les Miracles Scientifiques du Coran La Pr\u00e9servation du Coran Lisez le Coran<\/p>\n","protected":false},"author":1,"featured_media":0,"parent":803,"menu_order":0,"comment_status":"closed","ping_status":"closed","template":"","meta":{"om_disable_all_campaigns":false,"_monsterinsights_skip_tracking":false,"_monsterinsights_sitenote_active":false,"_monsterinsights_sitenote_note":"","_monsterinsights_sitenote_category":0,"_uf_show_specific_survey":0,"_uf_disable_surveys":false,"footnotes":""},"categories":[],"tags":[],"class_list":["post-883","page","type-page","status-publish","hentry"],"aioseo_notices":[],"_links":{"self":[{"href":"https:\/\/jesus-is-muslim.net\/fr\/wp-json\/wp\/v2\/pages\/883","targetHints":{"allow":["GET"]}}],"collection":[{"href":"https:\/\/jesus-is-muslim.net\/fr\/wp-json\/wp\/v2\/pages"}],"about":[{"href":"https:\/\/jesus-is-muslim.net\/fr\/wp-json\/wp\/v2\/types\/page"}],"author":[{"embeddable":true,"href":"https:\/\/jesus-is-muslim.net\/fr\/wp-json\/wp\/v2\/users\/1"}],"replies":[{"embeddable":true,"href":"https:\/\/jesus-is-muslim.net\/fr\/wp-json\/wp\/v2\/comments?post=883"}],"version-history":[{"count":0,"href":"https:\/\/jesus-is-muslim.net\/fr\/wp-json\/wp\/v2\/pages\/883\/revisions"}],"up":[{"embeddable":true,"href":"https:\/\/jesus-is-muslim.net\/fr\/wp-json\/wp\/v2\/pages\/803"}],"wp:attachment":[{"href":"https:\/\/jesus-is-muslim.net\/fr\/wp-json\/wp\/v2\/media?parent=883"}],"wp:term":[{"taxonomy":"category","embeddable":true,"href":"https:\/\/jesus-is-muslim.net\/fr\/wp-json\/wp\/v2\/categories?post=883"},{"taxonomy":"post_tag","embeddable":true,"href":"https:\/\/jesus-is-muslim.net\/fr\/wp-json\/wp\/v2\/tags?post=883"}],"curies":[{"name":"wp","href":"https:\/\/api.w.org\/{rel}","templated":true}]}}