{"id":885,"date":"2015-12-25T06:49:47","date_gmt":"2015-12-25T06:49:47","guid":{"rendered":"https:\/\/jesus-is-muslim.net\/fr\/?page_id=885"},"modified":"2017-07-10T13:31:23","modified_gmt":"2017-07-10T11:31:23","slug":"pierre-rejetee-royaume-dieu","status":"publish","type":"page","link":"https:\/\/jesus-is-muslim.net\/fr\/accueil\/le-prophete-muhammad\/le-prophete-muhammad-dans-la-bible\/pierre-rejetee-royaume-dieu\/","title":{"rendered":"La Pierre Rejet\u00e9e et le Royaume de Dieu"},"content":{"rendered":"<h3>J\u00e9sus donne une parabole<\/h3>\n<p>J\u00e9sus a donn\u00e9 une parabole int\u00e9ressante durant sa conversation avec les juifs o\u00f9 il les a rappell\u00e9s des versets parlant de la pierre rejet\u00e9e qui est devenue la principale de l\u2019angle. Comment ces versets parlent du Proph\u00e8te Muhammad \ufdfa? Regardons ce que J\u00e9sus dit:<\/p>\n<blockquote>\n<p class=\"verse\"><span id=\"fr-LSG-23860\">Matthieu 21:33\u00a0<\/span><em><span id=\"fr-LSG-23860\" class=\"text Matt-21-33\">\u00c9coutez une autre parabole. Il y avait un homme, ma\u00eetre de maison, qui planta une vigne. Il l\u2019entoura d\u2019une haie, y creusa un pressoir, et b\u00e2tit une tour; puis il l\u2019afferma \u00e0 des vignerons, et quitta le pays.\u00a0<\/span><span id=\"fr-LSG-23861\" class=\"text Matt-21-34\"><sup class=\"versenum\">34\u00a0<\/sup>Lorsque le temps de la r\u00e9colte fut arriv\u00e9, il envoya ses serviteurs vers les vignerons, pour recevoir le produit de sa vigne.\u00a0<\/span><span id=\"fr-LSG-23862\" class=\"text Matt-21-35\"><sup class=\"versenum\">35\u00a0<\/sup>Les vignerons, s\u2019\u00e9tant saisis de ses serviteurs, battirent l\u2019un, tu\u00e8rent l\u2019autre, et lapid\u00e8rent le troisi\u00e8me.\u00a0<\/span><span id=\"fr-LSG-23863\" class=\"text Matt-21-36\"><sup class=\"versenum\">36\u00a0<\/sup>Il envoya encore d\u2019autres serviteurs, en plus grand nombre que les premiers; et les vignerons les trait\u00e8rent de la m\u00eame mani\u00e8re.\u00a0<\/span><span id=\"fr-LSG-23864\" class=\"text Matt-21-37\"><sup class=\"versenum\">37\u00a0<\/sup>Enfin, il envoya vers eux son fils, en disant: Ils auront du respect pour mon fils.\u00a0<\/span><span id=\"fr-LSG-23865\" class=\"text Matt-21-38\"><sup class=\"versenum\">38\u00a0<\/sup>Mais, quand les vignerons virent le fils, ils dirent entre eux: Voici l\u2019h\u00e9ritier; venez, tuons-le, et emparons-nous de son h\u00e9ritage.\u00a0<\/span><span id=\"fr-LSG-23866\" class=\"text Matt-21-39\"><sup class=\"versenum\">39\u00a0<\/sup>Et ils se saisirent de lui, le jet\u00e8rent hors de la vigne, et le tu\u00e8rent.\u00a0<\/span><span id=\"fr-LSG-23867\" class=\"text Matt-21-40\"><sup class=\"versenum\">40\u00a0<\/sup>Maintenant, lorsque le ma\u00eetre de la vigne viendra, que fera-t-il \u00e0 ces vignerons?\u00a0<\/span><span id=\"fr-LSG-23868\" class=\"text Matt-21-41\"><sup class=\"versenum\">41\u00a0<\/sup>Ils lui r\u00e9pondirent: Il fera p\u00e9rir mis\u00e9rablement ces mis\u00e9rables, et il affermera la vigne \u00e0 d\u2019autres vignerons, qui lui en donneront le produit au temps de la r\u00e9colte.<\/span><\/em><\/p>\n<\/blockquote>\n<p><a href=\"https:\/\/jesus-is-muslim.net\/wp-content\/uploads\/2015\/12\/La-pierre-rejetee-devint-la-prinicipale-de-langle.png\" rel=\"attachment wp-att-1394\"><img loading=\"lazy\" decoding=\"async\" class=\"alignnone size-full wp-image-1394\" src=\"https:\/\/jesus-is-muslim.net\/wp-content\/uploads\/2015\/12\/La-pierre-rejetee-devint-la-prinicipale-de-langle.png\" alt=\"La proph\u00e9tie du Proph\u00e8te Muhammad en Matthieu 21:40-43\" width=\"1040\" height=\"570\" srcset=\"https:\/\/jesus-is-muslim.net\/wp-content\/uploads\/2015\/12\/La-pierre-rejetee-devint-la-prinicipale-de-langle.png 1040w, https:\/\/jesus-is-muslim.net\/wp-content\/uploads\/2015\/12\/La-pierre-rejetee-devint-la-prinicipale-de-langle-300x164.png 300w, https:\/\/jesus-is-muslim.net\/wp-content\/uploads\/2015\/12\/La-pierre-rejetee-devint-la-prinicipale-de-langle-768x421.png 768w, https:\/\/jesus-is-muslim.net\/wp-content\/uploads\/2015\/12\/La-pierre-rejetee-devint-la-prinicipale-de-langle-1024x561.png 1024w\" sizes=\"auto, (max-width: 1040px) 100vw, 1040px\" \/><\/a><\/p>\n<p>On remarque ici dans cette parabole que le ma\u00eetre de la vigne est Dieu, les serviteurs sont les proph\u00e8tes, le fils du ma\u00eetre de la vigne c&rsquo;est J\u00e9sus (bien s\u00fbr le mot \u00ab\u00a0fils\u00a0\u00bb ici signifie le g\u00e9n\u00e9ral sens non que J\u00e9sus ait une nature divine comme Adam en Luc 3:38). La parabole montre comment les gens d\u2019Isra\u00ebl furent loin du chemin de Dieu et qu\u2019ils tu\u00e8rent ses proph\u00e8tes. Alors, Dieu les remplacerait par des peuples \u00e0 qui Il donnera Son alliance. J\u00e9sus continua:<\/p>\n<blockquote><p><em><span id=\"fr-LSG-23869\">Matthieu 21:42 J\u00e9sus leur dit: N\u2019avez-vous jamais lu dans les \u00c9critures: La pierre qu\u2019ont rejet\u00e9e ceux qui b\u00e2tissaient Est devenue la principale de l\u2019angle; C\u2019est du Seigneur que cela est venu, Et c\u2019est un prodige \u00e0 nos yeux?\u00a0<\/span><span id=\"fr-LSG-23870\">43\u00a0C\u2019est pourquoi, je vous le dis, le royaume de Dieu vous sera enlev\u00e9, et sera donn\u00e9 \u00e0 une nation qui en rendra les fruits.\u00a0<\/span><span id=\"fr-LSG-23871\">44\u00a0Celui qui tombera sur cette pierre s\u2019y brisera, et celui sur qui elle tombera sera \u00e9cras\u00e9.<\/span><\/em><\/p><\/blockquote>\n<h4>La Pierre rejet\u00e9e est Isma\u00ebl et ses descendants<\/h4>\n<p>J\u00e9sus puis parle sur les gens qui seront les gens de Dieu. Isma\u00ebl et ses descendants seront rejet\u00e9s par les gens d\u2019Isra\u00ebl comme Gen\u00e8se dit:<\/p>\n<div class=\"version-LSG result-text-style-normal text-html \">\n<blockquote>\n<p class=\"verse\"><span id=\"fr-LSG-394\">Gen\u00e8se 16:12<\/span><span id=\"fr-LSG-394\" class=\"text Gen-16-12\"><sup class=\"versenum\">\u00a0<\/sup>Il sera comme un \u00e2ne sauvage; sa main sera contre tous, et la main de tous sera contre lui; et il habitera en face de tous ses fr\u00e8res.<\/span><\/p>\n<\/blockquote>\n<\/div>\n<p>Les descendants d\u2019Isma\u00ebl ont v\u00e9cu dans le desert, c\u2019est pourquoi ils se sont appel\u00e9s ici comme un \u00e2ne sauvage, et il y avait des combats entre eux des autres peuples comme en J\u00e9r\u00e9mie 49. C\u2019est ce que J\u00e9sus veut dire ici. Bien qu\u2019<a href=\"https:\/\/jesus-is-muslim.net\/fr\/index.php\/benediction-ismael\/\">Isma\u00ebl soit\u00a0b\u00e9ni dans la Bible<\/a>\u00a0comme expliqu\u00e9 auparavant, les gens d\u2019Isra\u00ebl et des autres peuples l\u2019ont rejet\u00e9 jusqu\u2019\u00e0 maintenant.<\/p>\n<h4>Qui a rendu les fruits du royaume de\u00a0Dieu?<\/h4>\n<p>J\u00e9sus dit:<\/p>\n<blockquote><p><em><span id=\"fr-LSG-23870\">43\u00a0C\u2019est pourquoi, je vous le dis, le royaume de Dieu vous sera enlev\u00e9, et sera donn\u00e9 \u00e0 une nation qui en rendra les fruits.<\/span><\/em><\/p><\/blockquote>\n<p>C\u2019est la transmission de l\u2019alliance d\u2019Isaac \u00e0 Isma\u00ebl. Cela ne peut pas signifier l\u2019\u00e9glise car le verset dit que cette nation rendra les fruits du royaume de Dieu, et elle produira les fruits comme \u00e9crit dans S\u00e9gond 21, une autre traduction de la Bible. L\u2019\u00e9glise suit Paul qui a supprim\u00e9 la loi et qui l\u2019a consid\u00e9r\u00e9e seulement comme la loi des juifs. C\u2019est contre ce que J\u00e9sus lui-m\u00eame dit:<\/p>\n<blockquote>\n<p class=\"verse\"><em><span id=\"fr-LSG-23252\"><span id=\"fr-LSG-23921\">Matthieu 5:<\/span>17\u00a0<\/span><span id=\"fr-LSG-23252\" class=\"text Matt-5-17\">Ne croyez pas que je sois venu pour abolir la loi ou les proph\u00e8tes; je suis venu non pour abolir, mais pour accomplir.<\/span><\/em><\/p>\n<p><em><span id=\"fr-LSG-23921\">Matthieu 23:2\u00a0<\/span><span id=\"fr-LSG-23921\" class=\"text Matt-23-2\">Les scribes et les pharisiens sont assis dans la chaire de Mo\u00efse.<\/span><span id=\"fr-LSG-23922\" class=\"text Matt-23-3\"><sup class=\"versenum\">3\u00a0<\/sup>Faites donc et observez tout ce qu\u2019ils vous disent; mais n\u2019agissez pas selon leurs oeuvres. Car ils disent, et ne font pas.<\/span><\/em><\/p><\/blockquote>\n<p>Alors, J\u00e9sus \u00e9tait clair en ordonnant les disciples de suivre la loi, mais on trouve que Paul et l\u2019\u00e9glise apr\u00e8s J\u00e9sus ne l\u2019ob\u00e9issent pas, et cela m\u00eame inclue la circoncision que Dieu l&rsquo;a faite comme une alliance \u00e9ternelle avec Abraham. La Bible en Deut\u00e9ronome 28 montre comment celui qui ne suit pas la loi sera maudit. Alors, selon la Bible, les enseignements de Paule et de l&rsquo;\u00e9glise ne sont pas accept\u00e9s et en cons\u00e9quence quiconque suit Paul n\u2019est pas parmi la nation qui rendra les fruits du royaume de Dieu. Le Coran dit:<\/p>\n<blockquote><p>110.<a name=\"110\"><\/a><strong>\u00a0Vous \u00eates la meilleure communaut\u00e9 qu\u2019on ait fait surgir pour les hommes vous ordonnez le convenable, interdisez le bl\u00e2mable et croyez \u00e0 Allah. Si les gens du Livre croyaient, ce serait meilleur pour eux, il y en a qui ont la foi, mais la plupart d\u2019entre eux sont des pervers. (Le Saint Coran 3:110)<\/strong><\/p><\/blockquote>\n","protected":false},"excerpt":{"rendered":"<p>J\u00e9sus donne une parabole J\u00e9sus a donn\u00e9 une parabole int\u00e9ressante durant sa conversation avec les juifs o\u00f9 il les a rappell\u00e9s des versets parlant de la pierre rejet\u00e9e qui est devenue la principale de l\u2019angle. Comment ces versets parlent du Proph\u00e8te Muhammad \ufdfa? Regardons ce que J\u00e9sus dit: Matthieu 21:33\u00a0\u00c9coutez une autre parabole. Il y [&hellip;]<\/p>\n","protected":false},"author":1,"featured_media":1394,"parent":870,"menu_order":0,"comment_status":"closed","ping_status":"closed","template":"","meta":{"om_disable_all_campaigns":false,"_monsterinsights_skip_tracking":false,"_monsterinsights_sitenote_active":false,"_monsterinsights_sitenote_note":"","_monsterinsights_sitenote_category":0,"_uf_show_specific_survey":0,"_uf_disable_surveys":false,"footnotes":""},"categories":[41],"tags":[],"class_list":["post-885","page","type-page","status-publish","has-post-thumbnail","hentry","category-le-prophete-muhammad--dans-la-bible"],"aioseo_notices":[],"_links":{"self":[{"href":"https:\/\/jesus-is-muslim.net\/fr\/wp-json\/wp\/v2\/pages\/885","targetHints":{"allow":["GET"]}}],"collection":[{"href":"https:\/\/jesus-is-muslim.net\/fr\/wp-json\/wp\/v2\/pages"}],"about":[{"href":"https:\/\/jesus-is-muslim.net\/fr\/wp-json\/wp\/v2\/types\/page"}],"author":[{"embeddable":true,"href":"https:\/\/jesus-is-muslim.net\/fr\/wp-json\/wp\/v2\/users\/1"}],"replies":[{"embeddable":true,"href":"https:\/\/jesus-is-muslim.net\/fr\/wp-json\/wp\/v2\/comments?post=885"}],"version-history":[{"count":0,"href":"https:\/\/jesus-is-muslim.net\/fr\/wp-json\/wp\/v2\/pages\/885\/revisions"}],"up":[{"embeddable":true,"href":"https:\/\/jesus-is-muslim.net\/fr\/wp-json\/wp\/v2\/pages\/870"}],"wp:featuredmedia":[{"embeddable":true,"href":"https:\/\/jesus-is-muslim.net\/fr\/wp-json\/wp\/v2\/media\/1394"}],"wp:attachment":[{"href":"https:\/\/jesus-is-muslim.net\/fr\/wp-json\/wp\/v2\/media?parent=885"}],"wp:term":[{"taxonomy":"category","embeddable":true,"href":"https:\/\/jesus-is-muslim.net\/fr\/wp-json\/wp\/v2\/categories?post=885"},{"taxonomy":"post_tag","embeddable":true,"href":"https:\/\/jesus-is-muslim.net\/fr\/wp-json\/wp\/v2\/tags?post=885"}],"curies":[{"name":"wp","href":"https:\/\/api.w.org\/{rel}","templated":true}]}}