{"id":889,"date":"2015-12-25T06:54:00","date_gmt":"2015-12-25T06:54:00","guid":{"rendered":"https:\/\/jesus-is-muslim.net\/fr\/?page_id=889"},"modified":"2017-07-21T13:24:04","modified_gmt":"2017-07-21T11:24:04","slug":"epee-et-la-guerre-dans-la-bible","status":"publish","type":"page","link":"https:\/\/jesus-is-muslim.net\/fr\/accueil\/questions-communes-lslam\/le-jihad-est-il-une-terrorisme\/epee-et-la-guerre-dans-la-bible\/","title":{"rendered":"L\u2019\u00c9p\u00e9e et la Guerre dans la Bible"},"content":{"rendered":"<div id=\"main\" class=\"site-main\">\n<div id=\"primary\" class=\"content-area\">\n<div id=\"content\" class=\"site-content\">\n<article id=\"post-243\" class=\"post-243 page type-page status-publish hentry\">\n<div class=\"entry-content\">\n<p>Il y a beaucoup des versets dans l\u2019ancien testament montrant la guerre entre les Isra\u00e9lites et les peuples autour d&rsquo;eux. On presentera deux exemples dans cet article. Le premier exemple est illustr\u00e9 dans Deut\u00e9ronome 20:<\/p>\n<blockquote>\n<p class=\"verse\"><em><span id=\"fr-LSG-5438\">Deut\u00e9ronome 20:10\u00a0<\/span><span id=\"fr-LSG-5438\" class=\"text Deut-20-10\">Quand tu t\u2019approcheras d\u2019une ville pour l\u2019attaquer, tu lui offriras la paix.<\/span><span id=\"fr-LSG-5439\" class=\"text Deut-20-11\"><sup class=\"versenum\">11\u00a0<\/sup>Si elle accepte la paix et t\u2019ouvre ses portes, tout le peuple qui s\u2019y trouvera te sera tributaire et asservi.<\/span><span id=\"fr-LSG-5440\" class=\"text Deut-20-12\"><sup class=\"versenum\">12\u00a0<\/sup>Si elle n\u2019accepte pas la paix avec toi et qu\u2019elle veuille te faire la guerre, alors tu l\u2019assi\u00e9geras.<\/span><span id=\"fr-LSG-5441\" class=\"text Deut-20-13\"><sup class=\"versenum\">13\u00a0<\/sup>Et apr\u00e8s que l\u2019\u00c9ternel, ton Dieu, l\u2019aura livr\u00e9e entre tes mains, tu en feras passer tous les m\u00e2les au fil de l\u2019\u00e9p\u00e9e.<\/span><span id=\"fr-LSG-5442\" class=\"text Deut-20-14\"><sup class=\"versenum\">14\u00a0<\/sup>Mais tu prendras pour toi les femmes, les enfants, le b\u00e9tail, tout ce qui sera dans la ville, tout son butin, et tu mangeras les d\u00e9pouilles de tes ennemis que l\u2019\u00c9ternel, ton Dieu, t\u2019aura livr\u00e9s.<\/span><span id=\"fr-LSG-5443\" class=\"text Deut-20-15\"><sup class=\"versenum\">15\u00a0<\/sup>C\u2019est ainsi que tu agiras \u00e0 l\u2019\u00e9gard de toutes les villes qui sont tr\u00e8s \u00e9loign\u00e9es de toi, et qui ne font point partie des villes de ces nations-ci.<\/span><span id=\"fr-LSG-5444\" class=\"text Deut-20-16\"><sup class=\"versenum\">16\u00a0<\/sup>Mais dans les villes de ces peuples dont l\u2019\u00c9ternel, ton Dieu, te donne le pays pour h\u00e9ritage, tu ne laisseras la vie \u00e0 rien de ce qui respire.<\/span><span id=\"fr-LSG-5445\" class=\"text Deut-20-17\"><sup class=\"versenum\">17\u00a0<\/sup>Car tu d\u00e9voueras ces peuples par interdit, les H\u00e9thiens, les Amor\u00e9ens, les Canan\u00e9ens, les Ph\u00e9r\u00e9ziens, les H\u00e9viens, et les J\u00e9busiens, comme l\u2019\u00c9ternel, ton Dieu, te l\u2019a ordonn\u00e9,<\/span><span id=\"fr-LSG-5446\" class=\"text Deut-20-18\"><sup class=\"versenum\">18\u00a0<\/sup>afin qu\u2019ils ne vous apprennent pas \u00e0 imiter toutes les abominations qu\u2019ils font pour leurs dieux, et que vous ne p\u00e9chiez point contre l\u2019\u00c9ternel, votre Dieu.<\/span><\/em><\/p>\n<\/blockquote>\n<p>Le seconde est illustr\u00e9 dans 1 Samuel 15:<\/p>\n<blockquote>\n<p class=\"verse chapter-2\"><em><span id=\"fr-LSG-7562\" class=\"text 1Sam-15-1\">1 Samuel 15:1 Samuel dit \u00e0 Sa\u00fcl: C\u2019est moi que l\u2019\u00c9ternel a envoy\u00e9 pour t\u2019oindre roi sur son peuple, sur Isra\u00ebl: \u00e9coute donc ce que dit l\u2019\u00c9ternel.\u00a0<\/span><span id=\"fr-LSG-7563\" class=\"text 1Sam-15-2\"><sup class=\"versenum\">2\u00a0<\/sup>Ainsi parle l\u2019\u00c9ternel des arm\u00e9es: Je me souviens de ce qu\u2019Amalek fit \u00e0 Isra\u00ebl, lorsqu\u2019il lui ferma le chemin \u00e0 sa sortie d\u2019\u00c9gypte.\u00a0<\/span><span id=\"fr-LSG-7564\" class=\"text 1Sam-15-3\"><sup class=\"versenum\">3\u00a0<\/sup>Va maintenant, frappe Amalek, et d\u00e9vouez par interdit tout ce qui lui appartient; tu ne l\u2019\u00e9pargneras point, et tu feras mourir hommes et femmes, enfants et nourrissons, boeufs et brebis, chameaux et \u00e2nes.\u00a0<\/span><span id=\"fr-LSG-7565\" class=\"text 1Sam-15-4\"><sup class=\"versenum\">4\u00a0<\/sup>Sa\u00fcl convoqua le peuple, et en fit la revue \u00e0 Thela\u00efm: il y avait deux cent mille hommes de pied, et dix mille hommes de Juda.\u00a0<\/span><span id=\"fr-LSG-7566\" class=\"text 1Sam-15-5\"><sup class=\"versenum\">5\u00a0<\/sup>Sa\u00fcl marcha jusqu\u2019\u00e0 la ville d\u2019Amalek, et mit une embuscade dans la vall\u00e9e.\u00a0<\/span><span id=\"fr-LSG-7567\" class=\"text 1Sam-15-6\"><sup class=\"versenum\">6\u00a0<\/sup>Il dit aux K\u00e9niens: Allez, retirez-vous, sortez du milieu d\u2019Amalek, afin que je ne vous fasse pas p\u00e9rir avec lui; car vous avez eu de la bont\u00e9 pour tous les enfants d\u2019Isra\u00ebl, lorsqu\u2019ils mont\u00e8rent d\u2019\u00c9gypte. Et les K\u00e9niens se retir\u00e8rent du milieu d\u2019Amalek.\u00a0<\/span><span id=\"fr-LSG-7568\" class=\"text 1Sam-15-7\"><sup class=\"versenum\">7\u00a0<\/sup>Sa\u00fcl battit Amalek depuis Havila jusqu\u2019\u00e0 Schur, qui est en face de l\u2019\u00c9gypte.<\/span><span id=\"fr-LSG-7569\" class=\"text 1Sam-15-8\"><sup class=\"versenum\">8\u00a0<\/sup>Il prit vivant Agag, roi d\u2019Amalek, et il d\u00e9voua par interdit tout le peuple en le passant au fil de l\u2019\u00e9p\u00e9e.\u00a0<\/span><span id=\"fr-LSG-7570\" class=\"text 1Sam-15-9\"><sup class=\"versenum\">9\u00a0<\/sup>Mais Sa\u00fcl et le peuple \u00e9pargn\u00e8rent Agag, et les meilleures brebis, les meilleurs boeufs, les meilleures b\u00eates de la seconde port\u00e9e, les agneaux gras, et tout ce qu\u2019il y avait de bon; ils ne voulurent pas le d\u00e9vouer par interdit, et ils d\u00e9vou\u00e8rent seulement tout ce qui \u00e9tait m\u00e9prisable et ch\u00e9tif.\u00a0<\/span><span id=\"fr-LSG-7571\" class=\"text 1Sam-15-10\"><sup class=\"versenum\">10\u00a0<\/sup>L\u2019\u00c9ternel adressa la parole \u00e0 Samuel, et lui dit:\u00a0<\/span><span id=\"fr-LSG-7572\" class=\"text 1Sam-15-11\"><sup class=\"versenum\">11\u00a0<\/sup>Je me repens d\u2019avoir \u00e9tabli Sa\u00fcl pour roi, car il se d\u00e9tourne de moi et il n\u2019observe point mes paroles. Samuel fut irrit\u00e9, et il cria \u00e0 l\u2019\u00c9ternel toute la nuit.<\/span><\/em><\/p>\n<\/blockquote>\n<p>Donc on trouve que la guerre dans l\u2019ancien testament est pleine des meutres m\u00eame contre les femmes et les enfants. On trouve que c\u2019est Dieu qui ordonna les Isra\u00e9lites de faire \u00e7a. Les Chr\u00e9tiens croient que J\u00e9sus est Dieu, alors selon le Christianisme J\u00e9sus acceptait ces actes.<\/p>\n<p>L\u2019un peut dire que c\u2019\u00e9tait une guerre entre les tribus et que les Isra\u00e9lites \u00e9taient d\u00e9fensive, mais les versets \u00e9taient claires, c\u2019est qu\u2019ils assassin\u00e8rent m\u00eame ceux que ne les attaquent pas.<\/p>\n<p>Et pourquoi Dieu dans la Bible ordonne les Isra\u00e9lites de prendre une partie de terre inhabit\u00e9e par un autre peuple et de tuer ceux qui vivent dans cette terre? Pourquoi attaquer l\u2019Islam et accuser les Musulmans de terrorisme et en d&rsquo;autre parte justifier ces actes dans l\u2019ancien testament. C\u2019est un double standard, n\u2019est-ce pas?<\/p>\n<\/div>\n<\/article>\n<\/div>\n<\/div>\n<\/div>\n","protected":false},"excerpt":{"rendered":"<p>Il y a beaucoup des versets dans l\u2019ancien testament montrant la guerre entre les Isra\u00e9lites et les peuples autour d&rsquo;eux. On presentera deux exemples dans cet article. Le premier exemple est illustr\u00e9 dans Deut\u00e9ronome 20: Deut\u00e9ronome 20:10\u00a0Quand tu t\u2019approcheras d\u2019une ville pour l\u2019attaquer, tu lui offriras la paix.11\u00a0Si elle accepte la paix et t\u2019ouvre ses [&hellip;]<\/p>\n","protected":false},"author":1,"featured_media":1535,"parent":829,"menu_order":0,"comment_status":"closed","ping_status":"closed","template":"","meta":{"om_disable_all_campaigns":false,"_monsterinsights_skip_tracking":false,"_monsterinsights_sitenote_active":false,"_monsterinsights_sitenote_note":"","_monsterinsights_sitenote_category":0,"_uf_show_specific_survey":0,"_uf_disable_surveys":false,"footnotes":""},"categories":[30],"tags":[],"class_list":["post-889","page","type-page","status-publish","has-post-thumbnail","hentry","category-les-musulmans-et-les-non-musulmans"],"aioseo_notices":[],"_links":{"self":[{"href":"https:\/\/jesus-is-muslim.net\/fr\/wp-json\/wp\/v2\/pages\/889","targetHints":{"allow":["GET"]}}],"collection":[{"href":"https:\/\/jesus-is-muslim.net\/fr\/wp-json\/wp\/v2\/pages"}],"about":[{"href":"https:\/\/jesus-is-muslim.net\/fr\/wp-json\/wp\/v2\/types\/page"}],"author":[{"embeddable":true,"href":"https:\/\/jesus-is-muslim.net\/fr\/wp-json\/wp\/v2\/users\/1"}],"replies":[{"embeddable":true,"href":"https:\/\/jesus-is-muslim.net\/fr\/wp-json\/wp\/v2\/comments?post=889"}],"version-history":[{"count":0,"href":"https:\/\/jesus-is-muslim.net\/fr\/wp-json\/wp\/v2\/pages\/889\/revisions"}],"up":[{"embeddable":true,"href":"https:\/\/jesus-is-muslim.net\/fr\/wp-json\/wp\/v2\/pages\/829"}],"wp:featuredmedia":[{"embeddable":true,"href":"https:\/\/jesus-is-muslim.net\/fr\/wp-json\/wp\/v2\/media\/1535"}],"wp:attachment":[{"href":"https:\/\/jesus-is-muslim.net\/fr\/wp-json\/wp\/v2\/media?parent=889"}],"wp:term":[{"taxonomy":"category","embeddable":true,"href":"https:\/\/jesus-is-muslim.net\/fr\/wp-json\/wp\/v2\/categories?post=889"},{"taxonomy":"post_tag","embeddable":true,"href":"https:\/\/jesus-is-muslim.net\/fr\/wp-json\/wp\/v2\/tags?post=889"}],"curies":[{"name":"wp","href":"https:\/\/api.w.org\/{rel}","templated":true}]}}