{"id":891,"date":"2015-12-25T06:55:37","date_gmt":"2015-12-25T06:55:37","guid":{"rendered":"https:\/\/jesus-is-muslim.net\/fr\/?page_id=891"},"modified":"2017-07-21T14:39:03","modified_gmt":"2017-07-21T12:39:03","slug":"islam-repandu-par-epee","status":"publish","type":"page","link":"https:\/\/jesus-is-muslim.net\/fr\/accueil\/questions-communes-lslam\/le-jihad-est-il-une-terrorisme\/islam-repandu-par-epee\/","title":{"rendered":"L\u2019Islam est-il R\u00e9pandu par l\u2019\u00c9p\u00e9e?"},"content":{"rendered":"<p>L\u2019une des id\u00e9es fausses communes de l\u2019Islam c&rsquo;est que l\u2019Islam fut r\u00e9pandu par l\u2019\u00e9p\u00e9e. Beaucoup croient que les Musulmans utilis\u00e8rent des conversions forc\u00e9es contre les gens, alors c\u2019est la raison que beaucoup de gens se convertirent \u00e0 l\u2019Islam. Cet article montrera que c\u2019est totalement faux \u00e0 l&rsquo;\u00e9gard des enseignements de l&rsquo;Islam et \u00e0 l&rsquo;\u00e9gard de l&rsquo;histoire.<\/p>\n<h3>L\u2019Islam ne commen\u00e7a pas avec une autorit\u00e9\u00a0pour imposer les gens \u00e0 se convertir<\/h3>\n<p>Si l\u2019Islam fut r\u00e9pandu avec des conversions forc\u00e9es, comment s\u2019est&rsquo;il pass\u00e9 qu\u2019un seul homme for\u00e7a les tribus arabes \u00e0 se convertir \u00e0 l\u2019Islam? L\u2019Islam ne commen\u00e7a pas avec une arm\u00e9e forte, mais plut\u00f4t par un seul homme. Le Proph\u00e8te Muhammad \ufdfa appela \u00e0 l\u2019Islam \u00e0 La Mecque pendant 13 ans, certains accept\u00e8rent son appel et embrass\u00e8rent l\u2019Islam, mais les dirigeants de La Mecque essay\u00e8rent \u00e0 arr\u00eater son appel en torturant le Proph\u00e8te Muhammad \ufdfa\u00a0et les croyants non pour \u00eatre Musulmans, mais pour abandonner l\u2019Islam.<\/p>\n<p>Ensuite le Proph\u00e8te Muhammad \ufdfa \u00a0commen\u00e7a \u00e0 chercher une autre tribu pour l\u2019aider. Le peuple de la Medine commenc\u00e8rent \u00e0 se convertir l\u2019Islam et \u00e0\u00a0suivre le Proph\u00e8te Muhammad \ufdfa. Ils accept\u00e8rent de l&rsquo;aider bien qu\u2019ils surent qu\u2019ils seront combattis par tous les Arabes et ils furent un petite tribu. Le Proph\u00e8te Muhammad \ufdfa ne les promit pas d\u2019obtenir de l&rsquo;autorit\u00e9 ou de l\u2019argent.\u00a0Il lui-m\u00eame ne les poss\u00e8de pas. La seule chose qu\u2019il les promit c&rsquo;est le Paradis. Comment dire que le peuple de la Medine accept\u00e8rent l\u2019Islam par l\u2019\u00e9p\u00e9e? En fait, ils firent beaucoup de sacrifices pour secourir l\u2019Islam.<\/p>\n<h3>Nulle Contrainte en Religion<\/h3>\n<p>L\u2019Islam n\u2019enseigne pas de forcer les gens pour se convertir \u00e0 l\u2019Islam. Le Coran dit:<\/p>\n<blockquote><p>256. Nulle contrainte en religion! Car le bon chemin s\u2019est distingu\u00e9 de l\u2019\u00e9garement. (Le Saint Coran 2:256)<\/p><\/blockquote>\n<p>L\u2019un peut signaler aux conqu\u00eates Islamiques comme un exemple des conversions forc\u00e9es. Ce n\u2019est pas vrai car les conqu\u00eates Islamiques ne forc\u00e8rent pas les gens d\u2019\u00eatre Musulmans. Comme mentionn\u00e9 dans le dernier article concernant <a href=\"https:\/\/jesus-is-muslim.net\/fr\/index.php\/le-jihad-est-il-une-terrorisme\/\">le Jihad<\/a>, le but de ces\u00a0conqu\u00eates c&rsquo;est d\u2019ouvrir la route pour que quiconque peut embrasser et pratiquer l\u2019Islam pacifiquement.\u00a0Mais si il ne veut pas embrasser l\u2019Islam, il est libre de rester avec sa croyance et de pratiquer sa religion. Les Juifs et les Chr\u00e9tiens\u00a0vivent dans des pays musulmans du Moyen-Orient depuis des si\u00e8cles.\u00a0 Des pays tels que l\u2019\u00c9gypte, le Maroc, la Palestine, le Liban, la Syrie et la Jordanie abritent d\u2019importantes populations Chr\u00e9tiennes et Juives.<\/p>\n<p><a href=\"https:\/\/jesus-is-muslim.net\/wp-content\/uploads\/2015\/12\/Nulle-contraint-en-religion.png\"><img loading=\"lazy\" decoding=\"async\" class=\"alignnone size-full wp-image-1536\" src=\"https:\/\/jesus-is-muslim.net\/wp-content\/uploads\/2015\/12\/Nulle-contraint-en-religion.png\" alt=\"l'Islam ne s'est pas repandu par l'epee\" width=\"1040\" height=\"570\" srcset=\"https:\/\/jesus-is-muslim.net\/wp-content\/uploads\/2015\/12\/Nulle-contraint-en-religion.png 1040w, https:\/\/jesus-is-muslim.net\/wp-content\/uploads\/2015\/12\/Nulle-contraint-en-religion-300x164.png 300w, https:\/\/jesus-is-muslim.net\/wp-content\/uploads\/2015\/12\/Nulle-contraint-en-religion-768x421.png 768w, https:\/\/jesus-is-muslim.net\/wp-content\/uploads\/2015\/12\/Nulle-contraint-en-religion-1024x561.png 1024w\" sizes=\"auto, (max-width: 1040px) 100vw, 1040px\" \/><\/a><\/p>\n<h3>Les Musulmans ne furent jamais forc\u00e9s d\u2019embrasser l\u2019Islam<\/h3>\n<p>L\u2019Indon\u00e9sie est le pays qui compte le plus de musulmans, dans le monde, et la majorit\u00e9 des habitants de la Malaisie sont musulmans.\u00a0 Pourtant, aucune arm\u00e9e musulmane n\u2019a jamais franchi les fronti\u00e8res de ces pays. \u00a0C\u2019est un fait historique \u00e9tabli que l\u2019Indon\u00e9sie est devenue musulmane non pas \u00e0 la suite d\u2019une guerre, mais apr\u00e8s avoir adopt\u00e9, de son plein gr\u00e9, la philosophie morale de l\u2019islam.\u00a0 Malgr\u00e9 la disparition des gouvernements islamiques de plusieurs de ses r\u00e9gions, au fil du temps, les habitants de ce pays sont demeur\u00e9s musulmans. (Source <a href=\"http:\/\/www.islamreligion.com\/fr\/articles\/677\/l-islam-s-est-il-propage-par-l-epee\/\">ici<\/a>)<\/p>\n<p>En fait, lorsqu\u2019on parcourt l&rsquo;histoire, on remarque que les soci\u00e9t\u00e9s islamiques n\u2019ont pas trait\u00e9 avec les conqu\u00e9rants Musulmans comme des envahisseurs, dans lesquels ils retournent \u00e0 leurs cultures d\u00e8s que les Musulmans partent leur pays. Mais plut\u00f4t l\u2019Islam est devenu leur culture m\u00eame quand les conqu\u00e9rants Musulmans n\u2019ont plus de pouvoir ou d\u2019autorit\u00e9. Par exemple, on voit que la plupart des soci\u00e9t\u00e9s Islamiques furent occup\u00e9es par les arm\u00e9es Europ\u00e9ennes dans le 19e et le 20e si\u00e8cles, les communaut\u00e9s Musulmanes ne saisirent pas l\u2019occasion et partirent l\u2019Islam. Mais ils trait\u00e8rent les arm\u00e9es Europ\u00e9ennes comme des\u00a0envahisseurs non comme des sauveurs. Si les Musulmans \u00e9taient forc\u00e9s au d\u00e9but d\u2019\u00eatre Musulmans, \u00e7a ne serait pas leur attitude, et c&rsquo;est la diff\u00e9rence entre les conqu\u00eates islamiques qui sont venues pour lib\u00e9rer les peuples et les autres invasions qui sont venues pour asservir les gens et pour voler les\u00a0ressources des pays.<\/p>\n","protected":false},"excerpt":{"rendered":"<p>L\u2019une des id\u00e9es fausses communes de l\u2019Islam c&rsquo;est que l\u2019Islam fut r\u00e9pandu par l\u2019\u00e9p\u00e9e. Beaucoup croient que les Musulmans utilis\u00e8rent des conversions forc\u00e9es contre les gens, alors c\u2019est la raison que beaucoup de gens se convertirent \u00e0 l\u2019Islam. Cet article montrera que c\u2019est totalement faux \u00e0 l&rsquo;\u00e9gard des enseignements de l&rsquo;Islam et \u00e0 l&rsquo;\u00e9gard de [&hellip;]<\/p>\n","protected":false},"author":1,"featured_media":1536,"parent":829,"menu_order":0,"comment_status":"closed","ping_status":"closed","template":"","meta":{"om_disable_all_campaigns":false,"_monsterinsights_skip_tracking":false,"_monsterinsights_sitenote_active":false,"_monsterinsights_sitenote_note":"","_monsterinsights_sitenote_category":0,"_uf_show_specific_survey":0,"_uf_disable_surveys":false,"footnotes":""},"categories":[30],"tags":[],"class_list":["post-891","page","type-page","status-publish","has-post-thumbnail","hentry","category-les-musulmans-et-les-non-musulmans"],"aioseo_notices":[],"_links":{"self":[{"href":"https:\/\/jesus-is-muslim.net\/fr\/wp-json\/wp\/v2\/pages\/891","targetHints":{"allow":["GET"]}}],"collection":[{"href":"https:\/\/jesus-is-muslim.net\/fr\/wp-json\/wp\/v2\/pages"}],"about":[{"href":"https:\/\/jesus-is-muslim.net\/fr\/wp-json\/wp\/v2\/types\/page"}],"author":[{"embeddable":true,"href":"https:\/\/jesus-is-muslim.net\/fr\/wp-json\/wp\/v2\/users\/1"}],"replies":[{"embeddable":true,"href":"https:\/\/jesus-is-muslim.net\/fr\/wp-json\/wp\/v2\/comments?post=891"}],"version-history":[{"count":0,"href":"https:\/\/jesus-is-muslim.net\/fr\/wp-json\/wp\/v2\/pages\/891\/revisions"}],"up":[{"embeddable":true,"href":"https:\/\/jesus-is-muslim.net\/fr\/wp-json\/wp\/v2\/pages\/829"}],"wp:featuredmedia":[{"embeddable":true,"href":"https:\/\/jesus-is-muslim.net\/fr\/wp-json\/wp\/v2\/media\/1536"}],"wp:attachment":[{"href":"https:\/\/jesus-is-muslim.net\/fr\/wp-json\/wp\/v2\/media?parent=891"}],"wp:term":[{"taxonomy":"category","embeddable":true,"href":"https:\/\/jesus-is-muslim.net\/fr\/wp-json\/wp\/v2\/categories?post=891"},{"taxonomy":"post_tag","embeddable":true,"href":"https:\/\/jesus-is-muslim.net\/fr\/wp-json\/wp\/v2\/tags?post=891"}],"curies":[{"name":"wp","href":"https:\/\/api.w.org\/{rel}","templated":true}]}}