{"id":893,"date":"2015-12-19T06:57:39","date_gmt":"2015-12-19T04:57:39","guid":{"rendered":"https:\/\/jesus-is-muslim.net\/fr\/?page_id=893"},"modified":"2017-07-22T15:00:36","modified_gmt":"2017-07-22T13:00:36","slug":"est-jesus-vraiment-crucifie","status":"publish","type":"page","link":"https:\/\/jesus-is-muslim.net\/fr\/accueil\/jesus\/est-jesus-vraiment-crucifie\/","title":{"rendered":"Fut-J\u00e9sus Vraiment Crucifi\u00e9?"},"content":{"rendered":"<p>La crucifixion de J\u00e9sus \u00e9tait l\u2019une des d\u00e9bats plus c\u00e9l\u00e8bres et plus anciens entre les Musulmans et les Chr\u00e9tiens. Les Chr\u00e9tiens croient que J\u00e9sus fut crucifi\u00e9, tandis que les Musulmans croient qu\u2019il ne fut pas crucifi\u00e9. Le Coran dit:<\/p>\n<blockquote><p>157. et \u00e0 cause leur parole: \u2039Nous avons vraiment tu\u00e9 le Christ, J\u00e9sus, fils de Marie, le Messager d\u2019Allah\u203a\u2026 Or, ils ne l\u2019ont ni tu\u00e9 ni crucifi\u00e9; Mais quelqu\u2019un lui ressemblant l\u2019a \u00e9t\u00e9 \u00e0 sa place. Et ceux qui ont discut\u00e9 sur son sujet sont vraiment dans l\u2019incertitude: ils n\u2019en ont aucune connaissance certaine, ils ne font que suivre des conjectures et ils ne l\u2019ont certainement pas tu\u00e9. (Le Saint Coran 4:157)<\/p><\/blockquote>\n<h3>Y-a-t-il une \u00e9vidence historique que J\u00e9sus est crucifi\u00e9?<\/h3>\n<p>Au d\u00e9but, les Musulmans n\u2019ont pas besoin de donner une \u00e9vidence historique que J\u00e9sus ne fut pas crucifi\u00e9 puisque le verset dit que \u00abquelqu\u2019un lui ressemblant l\u2019a \u00e9t\u00e9 \u00e0 sa place\u00bb. \u00c7a veut dire que l\u2019un crucifi\u00e9 avait l\u2019apparence de J\u00e9sus qui signifie qu\u2019ils pens\u00e8rent qu\u2019ils crucifient J\u00e9sus. De plus, si un Chr\u00e9tien veut une \u00e9vidence historique que J\u00e9sus ne fut pas crucifi\u00e9, il faut aussi qu\u2019il apporte une \u00e9vidence de ces \u00e9v\u00e9nements survenant lors de crucifixion dans la Bible:<\/p>\n<blockquote><p><span id=\"fr-NEG1979-24248\">Matthieu 27:51\u00a0<\/span><em><span id=\"fr-NEG1979-24248\" class=\"text Matt-27-51\">Et voici, le voile du temple se d\u00e9chira en deux, depuis le haut jusqu\u2019en bas, la terre trembla, les rochers se fendirent, <\/span><span id=\"fr-NEG1979-24249\" class=\"text Matt-27-52\"><sup class=\"versenum\">52\u00a0<\/sup>les s\u00e9pulcres s\u2019ouvrirent, et plusieurs corps des saints qui \u00e9taient morts ressuscit\u00e8rent. <\/span><span id=\"fr-NEG1979-24250\" class=\"text Matt-27-53\"><sup class=\"versenum\">53\u00a0<\/sup>Etant sortis des s\u00e9pulcres, apr\u00e8s la r\u00e9surrection de J\u00e9sus, ils entr\u00e8rent dans la ville sainte, et apparurent \u00e0 un grand nombre de personnes.<\/span><\/em><\/p><\/blockquote>\n<p>Ces \u00e9v\u00e9nements sont trop grands pour \u00eatre oubli\u00e9s par les historiens, d\u2019autant qu\u2019ils accompagnent la crucifixion elle-m\u00eame. La seule r\u00e9f\u00e9rence donn\u00e9e par quelques Chr\u00e9tiens c&rsquo;est le compte de Thalle, un historien Romain qui mentionna selon Julius Africanus qui est v\u00e9cu apr\u00e8s Thalle et qui cita des citations vagues concernant une \u00e9clipse solaire seulement. Cependant on n\u2019a pas cette citation parmi les \u00e9crits originaux de Thalle. De plus, personne ne mentionna les autres \u00e9v\u00e9nements mentionn\u00e9s dans Matthieu 27:51-53.<\/p>\n<h4>Des Anciennes Sectes et des \u00c9crits Chr\u00e9tiens Disent que J\u00e9sus ne fut pas Crucifi\u00e9<\/h4>\n<p>Il n&rsquo;y avait pas de consensus entre les sectes anciennes Chr\u00e9tiennes \u00a0que J\u00e9sus fut crucifi\u00e9. On trouve que quelques sectes croient qu\u2019il ne fut pas crucifi\u00e9. \u00c7a ne signifie pas que les Musulmans sont d\u2019accord avec tous ce que ces sectes disent, mais les Musulmans croient que ces sectes, autant que les sectes Chr\u00e9tiennes actuelles\u00a0se sont \u00e9gar\u00e9es de la vraie voie de Dieu, bien qu\u2019ils puissent avoir peu de v\u00e9rit\u00e9.<\/p>\n<p>Les\u00a0<a href=\"https:\/\/fr.wikipedia.org\/wiki\/Basilidiens\">Basilidiens<\/a> sont une des sectes qui croient J\u00e9sus ne fut pas crucifi\u00e9, et\u00a0c\u2019est Simon qui, par ignorance et par erreur, fut crucifi\u00e9, apr\u00e8s avoir \u00e9t\u00e9 m\u00e9tamorphos\u00e9 par lui pour qu\u2019on le pr\u00eet pour J\u00e9sus\u00a0; quant \u00e0 J\u00e9sus lui-m\u00eame, il prit les traits de Simon et, se tenant l\u00e0, se moqua des Archontes. (<a href=\"https:\/\/en.wikipedia.org\/wiki\/Gospel_of_Basilides\">Source ici<\/a> en anglais)<\/p>\n<p>Un \u00e9vangile d\u00e9couvert r\u00e9cemment \u00e0 Nag Hammadi en \u00c9gypte, c\u2019est l\u2019\u00e9vangile de Judas datant le 2e si\u00e8cle. Dans cet \u00e9vangile traduit, on trouve ce passage int\u00e9ressant:<\/p>\n<blockquote><p>\u00abTu sacrifieras l\u2019homme qui me sert d\u2019enveloppe charnelle.\u00bb. (<a href=\"https:\/\/fr.wikipedia.org\/wiki\/%C3%89vangile_de_Judas\">Source ici<\/a>)<\/p><\/blockquote>\n<p>Donc Judas fut sacrifi\u00e9 en lieu de J\u00e9sus selon l&rsquo;\u00e9vangile de Judas.<\/p>\n<h3>R\u00e9pondant l\u2019\u00c9vidence Utilis\u00e9e par les Chr\u00e9tiens pour Prouver que J\u00e9sus fut\u00a0Crucifi\u00e9<\/h3>\n<p>En examinant l\u2019\u00e9vidence adopt\u00e9e par les Chr\u00e9tiens, on trouve qu&rsquo;on parle des trois types d\u2019\u00e9vidence: la Bible, les Juifs et les Romains. Quant \u00e0 la Bible, l\u2019histoire de crucifixion est pleine des contradictions comme on peut voir dans l&rsquo;article \u00ab\u00a0<a href=\"https:\/\/jesus-is-muslim.net\/fr\/accueil\/la-bible\/les-difficultes-de-la-bible\/histoire-de-la-crucifixion\/\">l&rsquo;histoire de la crucifixion<\/a>\u00a0\u00bb la fa\u00e7on utilis\u00e9e par Judas pour soumettre J\u00e9sus, qui alla \u00e0 la tombe apr\u00e8s la crucifixion et l&rsquo;heure o\u00f9 la crucifixion se passa. Si les t\u00e9moignages ont tous ces contradictions, comment on est s\u00fbr que J\u00e9sus \u00e9tait vraiment crucifi\u00e9? Les manuscrits les plus anciens de la Bible parlant de la crucifixion de J\u00e9sus sont trop tard puisqu\u2019ils datent au 4e si\u00e8cle (l&rsquo;\u00e9vangile de Judas a des manuscrits plus anciens). Donc\u00a0ce n\u2019est pas une r\u00e9f\u00e9rence accept\u00e9e.<\/p>\n<p>Quant aux Juifs, le Coran d\u00e9j\u00e0 dit qu\u2019ils disent qu\u2019ils tu\u00e8rent J\u00e9sus, mais ils ne savent pas que cet homme crucifi\u00e9 n&rsquo;est pas J\u00e9sus. Les t\u00e9moignages Romains sont tr\u00e8s tard aussi. On trouve que Tacite est n\u00e9 en 56 ap. J.-C et Lucien de Samosate est n\u00e9 en 125, les deux ne v\u00e9curent pas dans le temps de la crucifixion, mais plut\u00f4t ils juste racont\u00e8rent ce qu\u2019ils ont entendu \u00e0 partir de quelques gens. De plus, ils ne racont\u00e8rent pas les \u00e9v\u00e9nements survenant selon Matthieu 27:51-53. Cela preuve ce que le Coran dit:<\/p>\n<p>\u00abEt ceux qui ont discut\u00e9 sur son sujet sont vraiment dans l&rsquo;incertitude: ils n&rsquo;en ont aucune connaissance certaine, ils ne font que suivre des conjectures et ils ne l&rsquo;ont certainement pas tu\u00e9.\u00bb<\/p>\n","protected":false},"excerpt":{"rendered":"<p>La crucifixion de J\u00e9sus \u00e9tait l\u2019une des d\u00e9bats plus c\u00e9l\u00e8bres et plus anciens entre les Musulmans et les Chr\u00e9tiens. Les Chr\u00e9tiens croient que J\u00e9sus fut crucifi\u00e9, tandis que les Musulmans croient qu\u2019il ne fut pas crucifi\u00e9. Le Coran dit: 157. et \u00e0 cause leur parole: \u2039Nous avons vraiment tu\u00e9 le Christ, J\u00e9sus, fils de Marie, [&hellip;]<\/p>\n","protected":false},"author":1,"featured_media":1431,"parent":845,"menu_order":0,"comment_status":"closed","ping_status":"closed","template":"","meta":{"om_disable_all_campaigns":false,"_monsterinsights_skip_tracking":false,"_monsterinsights_sitenote_active":false,"_monsterinsights_sitenote_note":"","_monsterinsights_sitenote_category":0,"_uf_show_specific_survey":0,"_uf_disable_surveys":false,"footnotes":""},"categories":[39],"tags":[],"class_list":["post-893","page","type-page","status-publish","has-post-thumbnail","hentry","category-jesus-fr"],"aioseo_notices":[],"_links":{"self":[{"href":"https:\/\/jesus-is-muslim.net\/fr\/wp-json\/wp\/v2\/pages\/893","targetHints":{"allow":["GET"]}}],"collection":[{"href":"https:\/\/jesus-is-muslim.net\/fr\/wp-json\/wp\/v2\/pages"}],"about":[{"href":"https:\/\/jesus-is-muslim.net\/fr\/wp-json\/wp\/v2\/types\/page"}],"author":[{"embeddable":true,"href":"https:\/\/jesus-is-muslim.net\/fr\/wp-json\/wp\/v2\/users\/1"}],"replies":[{"embeddable":true,"href":"https:\/\/jesus-is-muslim.net\/fr\/wp-json\/wp\/v2\/comments?post=893"}],"version-history":[{"count":0,"href":"https:\/\/jesus-is-muslim.net\/fr\/wp-json\/wp\/v2\/pages\/893\/revisions"}],"up":[{"embeddable":true,"href":"https:\/\/jesus-is-muslim.net\/fr\/wp-json\/wp\/v2\/pages\/845"}],"wp:featuredmedia":[{"embeddable":true,"href":"https:\/\/jesus-is-muslim.net\/fr\/wp-json\/wp\/v2\/media\/1431"}],"wp:attachment":[{"href":"https:\/\/jesus-is-muslim.net\/fr\/wp-json\/wp\/v2\/media?parent=893"}],"wp:term":[{"taxonomy":"category","embeddable":true,"href":"https:\/\/jesus-is-muslim.net\/fr\/wp-json\/wp\/v2\/categories?post=893"},{"taxonomy":"post_tag","embeddable":true,"href":"https:\/\/jesus-is-muslim.net\/fr\/wp-json\/wp\/v2\/tags?post=893"}],"curies":[{"name":"wp","href":"https:\/\/api.w.org\/{rel}","templated":true}]}}