{"id":895,"date":"2015-12-25T06:59:27","date_gmt":"2015-12-25T06:59:27","guid":{"rendered":"https:\/\/jesus-is-muslim.net\/fr\/?page_id=895"},"modified":"2018-02-20T21:32:40","modified_gmt":"2018-02-20T19:32:40","slug":"jesus-islam","status":"publish","type":"page","link":"https:\/\/jesus-is-muslim.net\/fr\/accueil\/jesus\/jesus-islam\/","title":{"rendered":"J\u00e9sus dans l\u2019Islam"},"content":{"rendered":"<h3>Le statut de J\u00e9sus dans l\u2019Islam<\/h3>\n<p>Dieu envoya beaucoup de Proph\u00e8tes pour parler de Lui et pour enseigner les gens qui est Dieu qui les a cr\u00e9\u00e9s, qui sont Ses attributs comme Sa puissance et Sa mis\u00e9ricorde et qu\u2019Il est le seul Dieu qui l&rsquo;on doit l\u2019adorer. Tous les proph\u00e8tes avertirent d\u2019adorer n&rsquo;importe quoi d&rsquo;autre car tous sont des cr\u00e9ations impuissantes. J\u00e9sus (Paix sur lui) \u00e9tait l\u2019un de ces proph\u00e8tes.<\/p>\n<p>Les Musulmans croient que J\u00e9sus est un proph\u00e8te envoy\u00e9 de Dieu. Sa naissance a eu un miracle car il n\u2019avait pas un p\u00e8re.<\/p>\n<blockquote><p><a name=\"91\"><\/a>91. Et celle [la vierge Marie] qui avait pr\u00e9serv\u00e9 sa chastet\u00e9! Nous insuffl\u00e2mes en elle un souffle (de vie) venant de Nous et f\u00eemes d\u2019elle ainsi que de son fils, un signe [miracle] pour l\u2019univers. (Le Saint Coran 21:91)<\/p><\/blockquote>\n<p>Il y a un chapitre dans le Coran appel\u00e9 \u00ab\u00a0le chapitre de Marie\u00a0\u00bb, on peut le lire <a href=\"http:\/\/www.centreislamique.be\/bstatic\/coran\/19.htm\">ici<\/a>. Ce chapitre parle de la naissance de J\u00e9sus (Paix sur lui). Le Coran parle des miracles de J\u00e9sus comme parler aux gens dans le berceau, gu\u00e9rir les aveugles et les l\u00e9preux, ressusciter les morts, et des autre miracles. Ces miracles sont tous appliqu\u00e9s par la permission de Dieu. Tous les Musulmans aiment J\u00e9sus (Paix sur lui) et le Coran d\u00e9fendait J\u00e9sus et Marie contre les juifs. Le Coran dit \u00e0 propos des juifs:<\/p>\n<blockquote><p>156. Et \u00e0 cause de leur m\u00e9cr\u00e9ance et de l\u2019\u00e9norme calomnie qu\u2019ils prononcent contre Marie. (Le Saint Coran 4:156)<\/p>\n<p><a name=\"78\"><\/a>78. Ceux des Enfants d\u2019Isra\u00ebl qui n\u2019avaient pas cru ont \u00e9t\u00e9 maudits par la bouche de David et de J\u00e9sus fils de Marie, parce qu\u2019ils d\u00e9sob\u00e9issaient et transgressaient.\u00a0(Le Saint Coran 5:78)<\/p><\/blockquote>\n<p><a href=\"https:\/\/jesus-is-muslim.net\/wp-content\/uploads\/2015\/12\/Les-Chretiens-suivent-les-enseignments-de-Jesus-ou-ceux-de-leglise.png\" rel=\"attachment wp-att-1438\"><img loading=\"lazy\" decoding=\"async\" class=\"alignnone size-full wp-image-1438\" src=\"https:\/\/jesus-is-muslim.net\/wp-content\/uploads\/2015\/12\/Les-Chretiens-suivent-les-enseignments-de-Jesus-ou-ceux-de-leglise.png\" alt=\"J\u00e9sus n'a jamais dit qu'il soit Dieu\" width=\"660\" height=\"330\" srcset=\"https:\/\/jesus-is-muslim.net\/wp-content\/uploads\/2015\/12\/Les-Chretiens-suivent-les-enseignments-de-Jesus-ou-ceux-de-leglise.png 660w, https:\/\/jesus-is-muslim.net\/wp-content\/uploads\/2015\/12\/Les-Chretiens-suivent-les-enseignments-de-Jesus-ou-ceux-de-leglise-300x150.png 300w\" sizes=\"auto, (max-width: 660px) 100vw, 660px\" \/><\/a><\/p>\n<h3>J\u00e9sus n\u2019est ni Dieu ni le fils de Dieu<\/h3>\n<p>D\u2019autre part, l\u2019Islam est clair que J\u00e9sus n\u2019est ni Dieu ni le fils de Dieu. Dieu est Puissant, Il n\u2019a pas besoin de se faire un homme dans le sein de sa m\u00e8re, d&rsquo;avoir faim ou soif\u00a0ou d\u2019aller \u00e0 la toilette, \u2026.etc. Ce sont tous des croyances fabriqu\u00e9es apr\u00e8s J\u00e9sus. Dieu n\u2019a pas besoin de se faire\u00a0un homme et mourir pour \u00eatre capable de pardonner nos p\u00e9ch\u00e9s, mais Il est le plus Pardonneur et le plus Mis\u00e8ricordieux puisqu&rsquo;Il nous pardonne si nous repentissons fid\u00e8lement \u00e0 Lui.<\/p>\n<p>J\u00e9sus n\u2019est pas le fils de Dieu. En disant que Dieu a un fils, \u00e7a signifie que Dieu a une famille, un claire polyth\u00e9isme comme celui des\u00a0pa\u00efens qui croyaient des croyances similaires. Il y a un seule Dieu, non une famille de dieux, c\u2019est le message de tous les proph\u00e8tes dont J\u00e9sus lui-m\u00eame.<\/p>\n<p>J\u00e9sus lui-m\u00eame n\u2019a pas enseign\u00e9 ses disciples ces enseignements. Le Coran dit:<\/p>\n<blockquote><p>116. (Rappelle-leur) le moment o\u00f9 Allah dira: \u2039\u00d4 J\u00e9sus, fils de Marie, est-ce toi qui as dit aux gens: \u2039Prenez-moi, ainsi que ma m\u00e8re, pour deux divinit\u00e9s en dehors d\u2019Allah?\u203a Il dira: \u2039Gloire et puret\u00e9 \u00e0 Toi! Il ne m\u2019appartient pas de d\u00e9clarer ce que je n\u2019ai pas le droit de dire! Si je l\u2019avais dit, Tu l\u2019aurais su, certes. Tu sais ce qu\u2019il y a en moi, et je ne sais pas ce qu\u2019il y a en Toi. Tu es, en v\u00e9rit\u00e9, le grand connaisseur de tout ce qui est inconnu. (Le Saint Coran 5:116)<\/p><\/blockquote>\n<p>Note: le verset en disant que les Chr\u00e9tiens prennent Marie comme d\u00e9esse, c\u2019est-\u00e0-dire les Catholiques qui prient \u00e0 elle et la demandent l\u2019intercession et l\u2019appellent comme la m\u00e8re de Dieu. C\u2019est un type de culte \u00e0 elle car ils croient qu\u2019elle peut les b\u00e9n\u00e9ficier et les nuire m\u00eame qu\u2019ils ne disent pas qu\u2019elle est Dieu le Cr\u00e9ateur. De plus, Il y avait une secte ancienne qui a consid\u00e9r\u00e9 Marie comme d\u00e9esse. C\u2019est une secte en Arabie appel\u00e9 Collyridianisme.<\/p>\n<h3>R\u00e9pondant aux questions des\u00a0\u00c9vangelistes<\/h3>\n<h4><strong>J\u00e9sus est la Parole de Dieu<\/strong><\/h4>\n<p>Dieu\u00a0dit dans le Coran:<\/p>\n<blockquote><p>171. \u00d4 gens du Livre (Chr\u00e9tiens), n\u2019exag\u00e9rez pas dans votre religion, et ne dites d\u2019Allah que la v\u00e9rit\u00e9. Le Messie J\u00e9sus, fils de Marie, n\u2019est qu\u2019un Messager d\u2019Allah, Sa parole qu\u2019Il envoya \u00e0 Marie, et un souffle (de vie) venant de Lui. Croyez donc en Allah et en Ses messagers. Et ne dites pas \u2039Trois\u203a. Cessez! Ce sera meilleur pour vous. Allah n\u2019est qu\u2019un Dieu unique. Il est trop glorieux pour avoir un enfant. C\u2019est \u00e0 Lui qu\u2019appartient tout ce qui est dans les cieux et sur la terre et Allah suffit comme protecteur.<a name=\"172\"><\/a>172. Jamais le Messie ne trouve indigne d\u2019\u00eatre un serviteur d\u2019Allah, ni les Anges rapproch\u00e9s [de Lui]. (Le Coran 4:171-172)<\/p><\/blockquote>\n<p>Bien que ce verset soit claire en disant que J\u00e9sus n\u2019est pas Dieu et que Dieu n\u2019est pas un trinit\u00e9, quelques evangelistes utilisent ce verset\u00a0pour prouver que J\u00e9sus est Dieu car il est la parole de Dieu et un esprit de Dieu, et que ce verset signifie le\u00a0trinit\u00e9 puisqu\u2019il parle de Dieu, sa parole et son esprit. En fait,\u00a0J\u00e9sus n\u2019est pas la parole de Dieu mais il est le r\u00e9sultat de la parole de Dieu \u00ab\u00a0Sois\u00a0\u00bb, ainsi J\u00e9sus fut cr\u00e9\u00e9 comme le cas d\u2019Adam. Le Saint Coran dit:<\/p>\n<blockquote><p>\n59.\u00a0Pour Allah, J\u00e9sus est comme Adam qu\u2019Il cr\u00e9a de poussi\u00e8re, puis Il lui dit \u2039Sois\u203a: et il fut. (Le Saint Coran 3:59)<\/p><\/blockquote>\n<p>Concernant l\u2019esprit, c\u2019est-\u00e0-dire un esprit cr\u00e9\u00e9 par Dieu comme Adam:<\/p>\n<blockquote><p>\n71. Quand ton Seigneur dit aux Anges: \u2039Je vais cr\u00e9er d\u2019argile un \u00eatre humain.\u00a072. Quand Je l\u2019aurai bien form\u00e9 et lui aurai insuffl\u00e9 de Mon Esprit, jetez-vous devant lui, prostern\u00e9s\u203a. (Le Saint Coran 38:71-72)<\/p><\/blockquote>\n<p>C\u2019est le m\u00eame cas concernant J\u00e9sus:<\/p>\n<blockquote><p>\n91. Et celle [la vierge Marie] qui avait pr\u00e9serv\u00e9 sa chastet\u00e9! Nous insuffl\u00e2mes en elle un souffle (de vie) venant de Nous et f\u00eemes d\u2019elle ainsi que de son fils, un signe [miracle] pour l\u2019univers. (Le Saint Coran 21:91)<\/p><\/blockquote>\n<p>Alors, ces versets ne disent pas que J\u00e9sus est Dieu.<\/p>\n<h3>J\u00e9sus n\u2019est pas Crucifi\u00e9<\/h3>\n<p>Les Musulmans croient que J\u00e9sus n\u2019est pas crucifi\u00e9, le Coran dit:<\/p>\n<blockquote><p>157. et \u00e0 cause leur parole: \u2039Nous avons vraiment tu\u00e9 le Christ, J\u00e9sus, fils de Marie, le Messager d\u2019Allah\u203a\u2026 Or, ils ne l\u2019ont ni tu\u00e9 ni crucifi\u00e9; mais ce n\u2019\u00e9tait qu\u2019un faux semblant! Et ceux qui ont discut\u00e9 sur son sujet sont vraiment dans l\u2019incertitude: ils n\u2019en ont aucune connaissance certaine, ils ne font que suivre des conjectures et ils ne l\u2019ont certainement pas tu\u00e9. (Le Saint Coran 4:157)<\/p><\/blockquote>\n","protected":false},"excerpt":{"rendered":"<p>Le statut de J\u00e9sus dans l\u2019Islam Dieu envoya beaucoup de Proph\u00e8tes pour parler de Lui et pour enseigner les gens qui est Dieu qui les a cr\u00e9\u00e9s, qui sont Ses attributs comme Sa puissance et Sa mis\u00e9ricorde et qu\u2019Il est le seul Dieu qui l&rsquo;on doit l\u2019adorer. Tous les proph\u00e8tes avertirent d\u2019adorer n&rsquo;importe quoi d&rsquo;autre [&hellip;]<\/p>\n","protected":false},"author":1,"featured_media":1436,"parent":845,"menu_order":0,"comment_status":"closed","ping_status":"closed","template":"","meta":{"om_disable_all_campaigns":false,"_monsterinsights_skip_tracking":false,"_monsterinsights_sitenote_active":false,"_monsterinsights_sitenote_note":"","_monsterinsights_sitenote_category":0,"_uf_show_specific_survey":0,"_uf_disable_surveys":false,"footnotes":""},"categories":[39],"tags":[],"class_list":["post-895","page","type-page","status-publish","has-post-thumbnail","hentry","category-jesus-fr"],"aioseo_notices":[],"_links":{"self":[{"href":"https:\/\/jesus-is-muslim.net\/fr\/wp-json\/wp\/v2\/pages\/895","targetHints":{"allow":["GET"]}}],"collection":[{"href":"https:\/\/jesus-is-muslim.net\/fr\/wp-json\/wp\/v2\/pages"}],"about":[{"href":"https:\/\/jesus-is-muslim.net\/fr\/wp-json\/wp\/v2\/types\/page"}],"author":[{"embeddable":true,"href":"https:\/\/jesus-is-muslim.net\/fr\/wp-json\/wp\/v2\/users\/1"}],"replies":[{"embeddable":true,"href":"https:\/\/jesus-is-muslim.net\/fr\/wp-json\/wp\/v2\/comments?post=895"}],"version-history":[{"count":0,"href":"https:\/\/jesus-is-muslim.net\/fr\/wp-json\/wp\/v2\/pages\/895\/revisions"}],"up":[{"embeddable":true,"href":"https:\/\/jesus-is-muslim.net\/fr\/wp-json\/wp\/v2\/pages\/845"}],"wp:featuredmedia":[{"embeddable":true,"href":"https:\/\/jesus-is-muslim.net\/fr\/wp-json\/wp\/v2\/media\/1436"}],"wp:attachment":[{"href":"https:\/\/jesus-is-muslim.net\/fr\/wp-json\/wp\/v2\/media?parent=895"}],"wp:term":[{"taxonomy":"category","embeddable":true,"href":"https:\/\/jesus-is-muslim.net\/fr\/wp-json\/wp\/v2\/categories?post=895"},{"taxonomy":"post_tag","embeddable":true,"href":"https:\/\/jesus-is-muslim.net\/fr\/wp-json\/wp\/v2\/tags?post=895"}],"curies":[{"name":"wp","href":"https:\/\/api.w.org\/{rel}","templated":true}]}}