{"id":897,"date":"2015-12-25T07:01:38","date_gmt":"2015-12-25T07:01:38","guid":{"rendered":"https:\/\/jesus-is-muslim.net\/fr\/?page_id=897"},"modified":"2018-02-15T12:10:57","modified_gmt":"2018-02-15T10:10:57","slug":"les-morales-islamiques","status":"publish","type":"page","link":"https:\/\/jesus-is-muslim.net\/fr\/accueil\/l-islam\/les-morales-islamiques\/","title":{"rendered":"Les Morales Islamiques"},"content":{"rendered":"<p>Les morales Islamiques sont les morales les plus sublimes.\u00a0Si les gens s&rsquo;y conforment, ils conna\u00eetront\u00a0les moments les plus heureux dans cette vie et dans l\u2019au-del\u00e0. Dieu\u00a0dit dans le Coran:<\/p>\n<blockquote><p>90. Certes, Allah commande l\u2019\u00e9quit\u00e9, la bienfaisance et l\u2019assistance aux proches. Et Il interdit la turpitude, l\u2019acte r\u00e9pr\u00e9hensible et la r\u00e9bellion. Il vous exhorte afin que vous vous souveniez. (Le Saint Coran 16:90)<\/p><\/blockquote>\n<h3>L\u2019Islam contre le racisme<\/h3>\n<p>L\u2019Islam nous enseigne que tous les gens sont \u00e9gaux face \u00e0 Dieu. Allah dit dans le Coran:<\/p>\n<blockquote><p>13. \u00d4 hommes! Nous vous avons cr\u00e9\u00e9s d\u2019un m\u00e2le et d\u2019une femelle, et Nous avons fait de vous des nations et des tribus, pour que vous vous entreconnaissiez. Le plus noble d\u2019entre vous, aupr\u00e8s d\u2019Allah, est le plus pieux. Allah est certes Omniscient et Grand- Connaisseur. (Le Saint Coran 49:13)<\/p><\/blockquote>\n<p>Le Proph\u00e8te Muhammad \ufdfa a dit:<\/p>\n<blockquote><p>\u00ab\u00a0<em>Sache qu\u2019un blanc ne peut \u00eatre mieux qu\u2019un noir si ce n\u2019est par la pi\u00e9t\u00e9.<\/em>\u00a0\u00bb (Rapport\u00e9 par Ahmed)<\/p><\/blockquote>\n<p>Le Proph\u00e8te Muhammad \ufdfa a dit aussi:<\/p>\n<blockquote><p>Dieu ne vous juge pas en fonction de votre apparence et de vos richesses, mais Il regarde vos coeurs et observe vos actions. (Rapport\u00e9 par Muslim)<\/p><\/blockquote>\n<h3><a href=\"https:\/\/jesus-is-muslim.net\/wp-content\/uploads\/2013\/05\/morals-of-islam.jpg\" rel=\"attachment wp-att-1331\"><img loading=\"lazy\" decoding=\"async\" class=\"alignnone wp-image-1331\" src=\"https:\/\/jesus-is-muslim.net\/wp-content\/uploads\/2013\/05\/morals-of-islam.jpg\" alt=\"Morals of Islam\" width=\"660\" height=\"294\" srcset=\"https:\/\/jesus-is-muslim.net\/wp-content\/uploads\/2013\/05\/morals-of-islam.jpg 1800w, https:\/\/jesus-is-muslim.net\/wp-content\/uploads\/2013\/05\/morals-of-islam-300x134.jpg 300w, https:\/\/jesus-is-muslim.net\/wp-content\/uploads\/2013\/05\/morals-of-islam-768x342.jpg 768w, https:\/\/jesus-is-muslim.net\/wp-content\/uploads\/2013\/05\/morals-of-islam-1024x456.jpg 1024w\" sizes=\"auto, (max-width: 660px) 100vw, 660px\" \/><\/a><\/h2>\n<h3>Les Parents en\u00a0Islam<\/h3>\n<p>L\u2019Islam nous enseigne de bien traiter nos parents. Le Coran dit:<\/p>\n<blockquote><p>23. et ton Seigneur a d\u00e9cr\u00e9t\u00e9: \u2039n\u2019adorez que Lui; et (marquez) de la bont\u00e9 envers les p\u00e8re et m\u00e8re: si l\u2019un d\u2019eux ou tous deux doivent atteindre la vieillesse aupr\u00e8s de toi; alors ne leur dis point: \u2039Fi!\u203a et ne les brusque pas, mais adresse-leur des paroles respectueuses.24. et par mis\u00e9ricorde; abaisse pour eux l\u2019aile de l\u2019humilit\u00e9; et dis : \u2039\u00d4 mon Seigneur, fais-leur; \u00e0 tous deux; mis\u00e9ricorde comme ils m\u2019ont \u00e9lev\u00e9 tout petit\u203a. (Le Coran 17:23-24)<\/p><\/blockquote>\n<p>Les parents occupent une place particuli\u00e8re en Islam. C\u2019est pourquoi quand le Proph\u00e8te Muhammad (Paix sur lui) a \u00e9t\u00e9 demand\u00e9 au \u00e0\u00a0propos des meilleures \u0153uvres, il signale\u00a0le bon comportement envers\u00a0les parents parmi les \u0153uvres les plus aim\u00e9es par Dieu. Le Proph\u00e8te\u00a0\ufdfa a dit:<\/p>\n<blockquote><p>\u00abQu\u2019il soit humili\u00e9, puis qu\u2019il soit humili\u00e9 puis qu\u2019il soit humili\u00e9! \u00bb<\/p><\/blockquote>\n<p>Quelqu\u2019un a dit: Qui donc \u00d4 Messager d\u2019Allah?<\/p>\n<p>Le Proph\u00e8te (que la pri\u00e8re d\u2019Allah et son salut soient sur lui) a dit:<\/p>\n<blockquote><p>\u00ab Celui qui atteint l\u2019un de ses parents ou les deux alors qu\u2019ils sont vieux puis ne rentre pas dans le paradis \u00bb. (Rapport\u00e9 par Muslim)<\/p><\/blockquote>\n<p>L\u2019Islam nous ordonne de bien nous\u00a0comporter \u00e0 l&rsquo;\u00e9gard de\u00a0nos parents m\u00eame s&rsquo;ils ne sont pas musulmans. Dieu\u00a0dit dans le Coran:<\/p>\n<blockquote><p>14. Nous avons command\u00e9 \u00e0 l\u2019homme [la bienfaisance envers] ses p\u00e8re et m\u00e8re; sa m\u00e8re l\u2019a port\u00e9 [subissant pour lui] peine sur peine: son sevrage a lieu \u00e0 deux ans.\u203a Sois reconnaissant envers Moi ainsi qu\u2019envers tes parents. Vers Moi est la destination.15. Et si tous deux te forcent \u00e0\u00a0M\u2019associer ce dont tu n\u2019as aucune connaissance, alors ne leur ob\u00e9is pas; mais reste avec eux ici-bas de fa\u00e7on convenable. Et suis le sentier de celui qui se tourne vers Moi. Vers Moi, ensuite, est votre retour, et alors Je vous informerai de ce que vous faisiez\u203a. (Le Coran 31:14-15)<\/p><\/blockquote>\n<h3>La Bont\u00e9\u00a0envers les Proches<\/h3>\n<p>L\u2019islam reconna\u00eet les droits des proches et l\u2019importance du bon comportement envers eux. Dieu\u00a0dit dans le Coran:<\/p>\n<blockquote><p>36. Adorez Allah et ne Lui donnez aucun associ\u00e9. Agissez avec bont\u00e9 envers (vos) p\u00e8re et m\u00e8re, les proches, les orphelins, les pauvres, le proche voisin, le voisin lointain, le coll\u00e8gue et le voyageur, et les esclaves en votre possession, car Allah n\u2019aime pas, en v\u00e9rit\u00e9, le pr\u00e9somptueux, l\u2019arrogant. (Le Saint Coran 4:36)<\/p><\/blockquote>\n<p>le Proph\u00e8te\u00a0d\u2019Allah \ufdfa a dit:<\/p>\n<blockquote><p>\u00abCertes, Allah cr\u00e9a les cr\u00e9atures. Quand Il les acheva, la parent\u00e9 se mit debout et dit:<\/p>\n<p>-\u00abVoil\u00e0 une position dont l\u2019occupant\u00a0 sollicite Ta protection contre\u00a0 la rupture! \u00bb<\/p>\n<p>\u2013 \u00abOui! N\u2019es-tu pas contente que Je maintiens celui qui te maintient et romps avec celui qui te rompt? \u00bb<\/p>\n<p>\u2013 \u00abSi! \u00bb<\/p>\n<p>-\u00ab Je te l\u2019accorde. \u00bb (Rapport\u00e9 par Muslim)<\/p><\/blockquote>\n<p>En effet, figurent parmi les plus importants objectifs de la loi Islamique le renforcement de la coh\u00e9sion sociale et la consolidation des liens de fraternit\u00e9.<\/p>\n<h3>Les bon voisinage\u00a0en Islam<\/h3>\n<p>Selon l\u2019Islam, le voisin a beaucoup de droits comme mentionn\u00e9 dans le verset 4:36 cit\u00e9 ci-dessus. Un exemple de la sauvegarde du\u00a0droit du voisin par l&rsquo;Islam set cette histoire de l\u2019un compagnons du Proph\u00e8te Muhammad (Paix sur lui):<\/p>\n<blockquote><p>Ayant un jour abattu un animal, Abdull\u00e2h ibn Amr dit aux gens de sa famille :\u00a0<em>\u00ab\u00a0En avez-vous offert une part \u00e0 notre voisin juif ? En avez-vous offert une part \u00e0 notre voisin juif ? J\u2019ai entendu le Proph\u00e8te dire :\u00a0\u00ab\u00a0L\u2019Ange Gabriel m\u2019a tellement recommand\u00e9 de bien agir envers le voisin que j\u2019ai pens\u00e9 qu\u2019un jour le voisin pourrait avoir une part d\u2019h\u00e9ritage\u00a0\u00bb\u00a0\u00bb<\/em>\u00a0(Rapport\u00e9 par at-Tirmidh\u00ee\u00a0et Abu Dawood).<\/p><\/blockquote>\n<h3>L\u2019Islam est la Religion de Mis\u00e9ricorde<\/h3>\n<p>Dieu est le plus Mis\u00e9ricordieux et le tr\u00e8s Mis\u00e9ricordieux. C\u2019est pourquoi Il nous ordonne d\u2019\u00eatre mis\u00e9ricordieux les uns envers les autres. Le Proph\u00e8te Muhammad \ufdfa dit:<\/p>\n<blockquote><p>\u00ab\u00a0Le Tout-Mis\u00e9ricordieux est cl\u00e9ment avec ceux qui sont cl\u00e9ments.\u00a0 Soyez cl\u00e9ment envers votre prochain, et Dieu sera cl\u00e9ment envers vous.\u00a0\u00bb (Rapport\u00e9 par Abu Dawood)<\/p><\/blockquote>\n<p>Cette mis\u00e9ricorde est m\u00eame recommmand\u00e9e avec les animaux. Le Proph\u00e8te Muhammad \ufdfa\u00a0a dit:<\/p>\n<blockquote><p>\u00a0\u00abPour toute cr\u00e9ature vivante, il y a une r\u00e9compense \u00e0 qui leur fait du bien\u00bb\u00a0(Rapport\u00e9 par Bukhari)<\/p><\/blockquote>\n<p>Le Proph\u00e8te\u00a0 \ufdfa raconta aussi:<\/p>\n<blockquote><p>Un homme qui marchait sur un chemin ressentit une grande soif.\u00a0 Il atteignit un puits, y descendit, but, et en ressortit.\u00a0 C\u2019est alors qu\u2019il aper\u00e7ut un chien haletant et l\u00e9chant la terre humide tellement il avait soif.\u00a0 L\u2019homme se dit: \u00ab\u00a0Ce chien souffre de la soif autant que j\u2019en souffrais moi-m\u00eame.\u00a0\u00bb\u00a0 Alors il redescendit dans le puits, remplit d\u2019eau sa chaussure et en abreuva le chien.\u00a0 Dieu le remercia et lui pardonna ses p\u00e9ch\u00e9s.\u00a0(Rapport\u00e9 par Bukhari et Muslim)<\/p><\/blockquote>\n<h3>La Justice en Islam<\/h3>\n<p>L\u2019Islam nous ordonne d\u2019\u00eatre justes, un verset\u00a0corannique dit:<\/p>\n<blockquote><p>135. \u00d4 les croyants! Observez strictement la justice et soyez des t\u00e9moins (v\u00e9ridiques) comme Allah l\u2019ordonne, f\u00fbt-ce contre vous m\u00eames, contre vos p\u00e8re et m\u00e8re ou proches parents. Qu\u2019il s\u2019agisse d\u2019un riche ou d\u2019un besogneux, Allah a priorit\u00e9 sur eux deux (et Il est plus connaisseur de leur int\u00e9r\u00eat que vous). Ne suivez donc pas les passions, afin de ne pas d\u00e9vier de la justice. Si vous portez un faux t\u00e9moignage ou si vous le refusez, [sachez qu\u2019] Allah est Parfaitement Connaisseur de ce que vous faites. (Le Saint Coran 4:135)<\/p><\/blockquote>\n<p>L\u2019histoire relat\u00e9e dans la vid\u00e9o donne un exemple de\u00a0la justice en\u00a0Islam lorsque le juge d\u00e9cr\u00e9ta pour un verdict en faveur d&rsquo;un Juif contre le calife\u00a0des Musulmans Ali ibn Abi Taleb.<\/p>\n<p><iframe loading=\"lazy\" title=\"La justice du compagnon Ali face \u00e0 un juif\" width=\"500\" height=\"281\" src=\"https:\/\/www.youtube.com\/embed\/Tdiu3S4X4UA?feature=oembed\" frameborder=\"0\" allow=\"accelerometer; autoplay; clipboard-write; encrypted-media; gyroscope; picture-in-picture; web-share\" referrerpolicy=\"strict-origin-when-cross-origin\" allowfullscreen><\/iframe><\/p>\n","protected":false},"excerpt":{"rendered":"<p>Les morales Islamiques sont les morales les plus sublimes.\u00a0Si les gens s&rsquo;y conforment, ils conna\u00eetront\u00a0les moments les plus heureux dans cette vie et dans l\u2019au-del\u00e0. Dieu\u00a0dit dans le Coran: 90. Certes, Allah commande l\u2019\u00e9quit\u00e9, la bienfaisance et l\u2019assistance aux proches. Et Il interdit la turpitude, l\u2019acte r\u00e9pr\u00e9hensible et la r\u00e9bellion. Il vous exhorte afin que [&hellip;]<\/p>\n","protected":false},"author":1,"featured_media":1331,"parent":917,"menu_order":0,"comment_status":"closed","ping_status":"closed","template":"","meta":{"om_disable_all_campaigns":false,"_monsterinsights_skip_tracking":false,"_monsterinsights_sitenote_active":false,"_monsterinsights_sitenote_note":"","_monsterinsights_sitenote_category":0,"_uf_show_specific_survey":0,"_uf_disable_surveys":false,"footnotes":""},"categories":[38],"tags":[],"class_list":["post-897","page","type-page","status-publish","has-post-thumbnail","hentry","category-lislam"],"aioseo_notices":[],"_links":{"self":[{"href":"https:\/\/jesus-is-muslim.net\/fr\/wp-json\/wp\/v2\/pages\/897","targetHints":{"allow":["GET"]}}],"collection":[{"href":"https:\/\/jesus-is-muslim.net\/fr\/wp-json\/wp\/v2\/pages"}],"about":[{"href":"https:\/\/jesus-is-muslim.net\/fr\/wp-json\/wp\/v2\/types\/page"}],"author":[{"embeddable":true,"href":"https:\/\/jesus-is-muslim.net\/fr\/wp-json\/wp\/v2\/users\/1"}],"replies":[{"embeddable":true,"href":"https:\/\/jesus-is-muslim.net\/fr\/wp-json\/wp\/v2\/comments?post=897"}],"version-history":[{"count":0,"href":"https:\/\/jesus-is-muslim.net\/fr\/wp-json\/wp\/v2\/pages\/897\/revisions"}],"up":[{"embeddable":true,"href":"https:\/\/jesus-is-muslim.net\/fr\/wp-json\/wp\/v2\/pages\/917"}],"wp:featuredmedia":[{"embeddable":true,"href":"https:\/\/jesus-is-muslim.net\/fr\/wp-json\/wp\/v2\/media\/1331"}],"wp:attachment":[{"href":"https:\/\/jesus-is-muslim.net\/fr\/wp-json\/wp\/v2\/media?parent=897"}],"wp:term":[{"taxonomy":"category","embeddable":true,"href":"https:\/\/jesus-is-muslim.net\/fr\/wp-json\/wp\/v2\/categories?post=897"},{"taxonomy":"post_tag","embeddable":true,"href":"https:\/\/jesus-is-muslim.net\/fr\/wp-json\/wp\/v2\/tags?post=897"}],"curies":[{"name":"wp","href":"https:\/\/api.w.org\/{rel}","templated":true}]}}