{"id":899,"date":"2015-12-25T07:03:22","date_gmt":"2015-12-25T07:03:22","guid":{"rendered":"https:\/\/jesus-is-muslim.net\/fr\/?page_id=899"},"modified":"2018-02-14T21:28:59","modified_gmt":"2018-02-14T19:28:59","slug":"quest-ce-que-lislam","status":"publish","type":"page","link":"https:\/\/jesus-is-muslim.net\/fr\/accueil\/l-islam\/quest-ce-que-lislam\/","title":{"rendered":"Qu\u2019est-ce que l\u2019Islam?"},"content":{"rendered":"<div id=\"main\" class=\"site-main\">\n<div id=\"primary\" class=\"content-area\">\n<div id=\"content\" class=\"site-content\">\n<article id=\"post-6\" class=\"post-6 page type-page status-publish hentry\">\n<div class=\"entry-content\">\n<h3>\u00a0Le Sens de l\u2019Islam<\/h3>\n<p>L\u2019Islam est un mot arabe qui veut dire \u00ab\u00a0la soumission\u00a0\u00bb, c\u2019est-\u00e0-dire la soumission \u00e0\u00a0Dieu comme\u00a0le seul et vrai Dieu \u00e0 \u00eatre ador\u00e9.\u00a0On\u00a0ne doit \u00a0pas adorer des faux dieux,\u00a0des anges ou des \u00eatres humains mais plut\u00f4t Dieu seulement.<\/p>\n<p>Dieu est le\u00a0Cr\u00e9ateur de l\u2019univers, le Tout Puissant et le Tout Omniscient. Donc, on ne doit pas adorer ni rendre un culte \u00e0 personne d&rsquo;autre\u00a0car ce sont tous des faibles cr\u00e9ations comme nous. Adorer Dieu seulement signifie qu\u2019on ne doit pas compter sur n\u2019importe qui \u00e0 part\u00a0Lui. Adorer Dieu signifie aussi qu\u2019on ne doit pas aimer ou craindre quoi que ce soit, plus que Dieu.<\/p>\n<div>\n<blockquote><p><a name=\"21\"><\/a>21. \u00d4 hommes! Adorez votre Seigneur, qui vous a cr\u00e9\u00e9s vous et ceux qui vous ont pr\u00e9c\u00e9d\u00e9s. Ainsi atteindriez-vous \u00e0 la pi\u00e9t\u00e9.\u00a0(Le Saint Coran 25:3)<\/p><\/blockquote>\n<\/div>\n<div>\n<blockquote><p><a name=\"3\"><\/a>3. Mais ils ont adopt\u00e9 en dehors de Lui des divinit\u00e9s qui, \u00e9tant elles-m\u00eames cr\u00e9\u00e9es, ne cr\u00e9ent rien, et qui ne poss\u00e8dent la facult\u00e9 de faire ni le mal ni le bien pour elles-m\u00eames, et qui ne sont ma\u00eetresses ni de la mort, ni de la vie, ni de la r\u00e9surrection. (Le Saint Coran 25:3)<\/p><\/blockquote>\n<\/div>\n<p>Les Musulmans croient que Dieu n\u2019a pas de\u00a0fils parce qu&rsquo;engendrer est un des caract\u00e8res des \u00eatres humains et des cr\u00e9atures non Dieu. Le Saint Coran dit:<\/p>\n<div>\n<blockquote><p>1. Dis: \u2039Il est Allah, Unique.\u00a02. Allah, Le Seul \u00e0 \u00eatre implor\u00e9 pour ce que nous d\u00e9sirons.\u00a03. Il n\u2019a jamais engendr\u00e9, n\u2019a pas \u00e9t\u00e9 engendr\u00e9 non plus.\u00a04. Et nul n\u2019est \u00e9gal \u00e0 Lui\u203a. (Le Saint Coran 112)<\/p><\/blockquote>\n<p><a href=\"https:\/\/jesus-is-muslim.net\/wp-content\/uploads\/2016\/01\/710-Vector-mosque-on-blue-card.jpg\" rel=\"attachment wp-att-1278\"><img loading=\"lazy\" decoding=\"async\" class=\"alignnone size-full wp-image-1278\" src=\"https:\/\/jesus-is-muslim.net\/wp-content\/uploads\/2016\/01\/710-Vector-mosque-on-blue-card.jpg\" alt=\"What is Islam?\" width=\"660\" height=\"660\" srcset=\"https:\/\/jesus-is-muslim.net\/wp-content\/uploads\/2016\/01\/710-Vector-mosque-on-blue-card.jpg 660w, https:\/\/jesus-is-muslim.net\/wp-content\/uploads\/2016\/01\/710-Vector-mosque-on-blue-card-150x150.jpg 150w, https:\/\/jesus-is-muslim.net\/wp-content\/uploads\/2016\/01\/710-Vector-mosque-on-blue-card-300x300.jpg 300w\" sizes=\"auto, (max-width: 660px) 100vw, 660px\" \/><\/a><\/p>\n<\/div>\n<h3>Les Proph\u00e8tes en Islam<\/h3>\n<p>Dieu a envoy\u00e9 des Proph\u00e8tes pour faire savoir\u00a0aux gens qui est Dieu. Parmi\u00a0ces proph\u00e8tes sont Adam, No\u00e9, Mo\u00efse, David, Salomon, J\u00e9sus et Muhammad (Paix sur tous). \u00a0Le Coran dit:<\/p>\n<blockquote><p>84. Dis: \u2039Nous croyons en Allah, \u00e0 ce qu\u2019on a fait descendre sur nous, \u00e0 ce qu\u2019on a fait descendre sur Abraham, Isma\u00ebl, Isaac, Jacob et les Tribus, et \u00e0 ce qui a \u00e9t\u00e9 apport\u00e9 \u00e0 Mo\u00efse, \u00e0 J\u00e9sus et aux proph\u00e8tes, de la part de leur Seigneur: nous ne faisons aucune diff\u00e9rence entre eux; et c\u2019est \u00e0 Lui que nous sommes Soumis\u203a.\u00a0(Le Saint Coran 3:84)<\/p><\/blockquote>\n<p>Le message de tous les Proph\u00e8tes est le m\u00eame, \u00e0 savoir adorer Dieu Seul:<\/p>\n<blockquote><p><a name=\"25\"><\/a>25. Et Nous n\u2019avons envoy\u00e9 avant toi aucun Messager \u00e0 qui Nous n\u2019ayons r\u00e9v\u00e9l\u00e9: \u2039Point de divinit\u00e9 en dehors de Moi. Adorez-Moi donc\u203a. (Le Saint Coran 21:25)<\/p><\/blockquote>\n<p>L\u2019Islam n\u2019est pas une religion invent\u00e9e par le Proph\u00e8te Muhammad \ufdfa. En fait, c\u2019est la religion de tous les Proph\u00e8tes qui ont appel\u00e9 au\u00a0m\u00eame message. Ces proph\u00e8tes \u00e9taient des \u00eatres humains , et et nul parmi\u00a0eux n\u2019a appel\u00e9 \u00e0 l\u2019adorer \u00e0 la place de Dieu:<\/p>\n<div>\n<blockquote><p><a name=\"79\"><\/a>79. Il ne conviendrait pas \u00e0 un \u00eatre humain \u00e0 qui Allah a donn\u00e9 le Livre, la Compr\u00e9hension et la Proph\u00e9tie, de dire ensuite aux gens: \u2039Soyez mes adorateurs, \u00e0 l\u2019exclusion d\u2019Allah\u203a; mais au contraire, [il devra dire]: \u2039Devenez des savants, ob\u00e9issant au Seigneur, puisque vous enseignez le Livre et vous l\u2019\u00e9tudiez\u203a. (Le Saint Coran 3:79)<\/p><\/blockquote>\n<\/div>\n<\/div>\n<\/article>\n<\/div>\n<\/div>\n<\/div>\n","protected":false},"excerpt":{"rendered":"<p>\u00a0Le Sens de l\u2019Islam L\u2019Islam est un mot arabe qui veut dire \u00ab\u00a0la soumission\u00a0\u00bb, c\u2019est-\u00e0-dire la soumission \u00e0\u00a0Dieu comme\u00a0le seul et vrai Dieu \u00e0 \u00eatre ador\u00e9.\u00a0On\u00a0ne doit \u00a0pas adorer des faux dieux,\u00a0des anges ou des \u00eatres humains mais plut\u00f4t Dieu seulement. Dieu est le\u00a0Cr\u00e9ateur de l\u2019univers, le Tout Puissant et le Tout Omniscient. Donc, on [&hellip;]<\/p>\n","protected":false},"author":1,"featured_media":1278,"parent":917,"menu_order":0,"comment_status":"closed","ping_status":"closed","template":"","meta":{"om_disable_all_campaigns":false,"_monsterinsights_skip_tracking":false,"_monsterinsights_sitenote_active":false,"_monsterinsights_sitenote_note":"","_monsterinsights_sitenote_category":0,"_uf_show_specific_survey":0,"_uf_disable_surveys":false,"footnotes":""},"categories":[38],"tags":[],"class_list":["post-899","page","type-page","status-publish","has-post-thumbnail","hentry","category-lislam"],"aioseo_notices":[],"_links":{"self":[{"href":"https:\/\/jesus-is-muslim.net\/fr\/wp-json\/wp\/v2\/pages\/899","targetHints":{"allow":["GET"]}}],"collection":[{"href":"https:\/\/jesus-is-muslim.net\/fr\/wp-json\/wp\/v2\/pages"}],"about":[{"href":"https:\/\/jesus-is-muslim.net\/fr\/wp-json\/wp\/v2\/types\/page"}],"author":[{"embeddable":true,"href":"https:\/\/jesus-is-muslim.net\/fr\/wp-json\/wp\/v2\/users\/1"}],"replies":[{"embeddable":true,"href":"https:\/\/jesus-is-muslim.net\/fr\/wp-json\/wp\/v2\/comments?post=899"}],"version-history":[{"count":0,"href":"https:\/\/jesus-is-muslim.net\/fr\/wp-json\/wp\/v2\/pages\/899\/revisions"}],"up":[{"embeddable":true,"href":"https:\/\/jesus-is-muslim.net\/fr\/wp-json\/wp\/v2\/pages\/917"}],"wp:featuredmedia":[{"embeddable":true,"href":"https:\/\/jesus-is-muslim.net\/fr\/wp-json\/wp\/v2\/media\/1278"}],"wp:attachment":[{"href":"https:\/\/jesus-is-muslim.net\/fr\/wp-json\/wp\/v2\/media?parent=899"}],"wp:term":[{"taxonomy":"category","embeddable":true,"href":"https:\/\/jesus-is-muslim.net\/fr\/wp-json\/wp\/v2\/categories?post=899"},{"taxonomy":"post_tag","embeddable":true,"href":"https:\/\/jesus-is-muslim.net\/fr\/wp-json\/wp\/v2\/tags?post=899"}],"curies":[{"name":"wp","href":"https:\/\/api.w.org\/{rel}","templated":true}]}}