{"id":901,"date":"2015-12-24T07:04:50","date_gmt":"2015-12-24T05:04:50","guid":{"rendered":"https:\/\/jesus-is-muslim.net\/fr\/?page_id=901"},"modified":"2018-02-22T21:10:26","modified_gmt":"2018-02-22T19:10:26","slug":"jesus-dit-je-ne-suis-pas-dieu","status":"publish","type":"page","link":"https:\/\/jesus-is-muslim.net\/fr\/accueil\/jesus\/jesus-dit-je-ne-suis-pas-dieu\/","title":{"rendered":"J\u00e9sus dit: \u00abJe ne suis pas Dieu\u00bb"},"content":{"rendered":"<p>Est-J\u00e9sus Dieu? C\u2019\u00e9tait une question commune qui \u00e9tait un point de conflit tout au long des \u00e9poques entre les Musulmans et les Chr\u00e9tiens. Les Chr\u00e9tiens croient qu\u2019il est Dieu. Les Musulmans croient qu\u2019il n&rsquo;est pas Dieu mais un proph\u00e8te. Alors, on a besoin de chercher ce que J\u00e9sus lui-m\u00eame dit. Bien s\u00fbr, il sait lui-m\u00eame plus que quelqu\u2019un d\u2019autre. J\u00e9sus n\u2019a jamais dit qu\u2019il est Dieu, mais ce qu\u2019il dit \u00e9tait contre cette croyance.\u00a0Dans cet article, on montrera\u00a0ce que J\u00e9sus lui-m\u00eame a dit dans la Bible.<\/p>\n<p><a href=\"https:\/\/jesus-is-muslim.net\/wp-content\/uploads\/2015\/12\/Jesus-nest-pas-Dieu.png\" rel=\"attachment wp-att-1437\"><img loading=\"lazy\" decoding=\"async\" class=\"alignnone size-full wp-image-1437\" src=\"https:\/\/jesus-is-muslim.net\/wp-content\/uploads\/2015\/12\/Jesus-nest-pas-Dieu.png\" alt=\"J\u00e9sus dit: &quot;je ne suis pas Dieu&quot;\" width=\"1040\" height=\"570\" srcset=\"https:\/\/jesus-is-muslim.net\/wp-content\/uploads\/2015\/12\/Jesus-nest-pas-Dieu.png 1040w, https:\/\/jesus-is-muslim.net\/wp-content\/uploads\/2015\/12\/Jesus-nest-pas-Dieu-300x164.png 300w, https:\/\/jesus-is-muslim.net\/wp-content\/uploads\/2015\/12\/Jesus-nest-pas-Dieu-768x421.png 768w, https:\/\/jesus-is-muslim.net\/wp-content\/uploads\/2015\/12\/Jesus-nest-pas-Dieu-1024x561.png 1024w\" sizes=\"auto, (max-width: 1040px) 100vw, 1040px\" \/><\/a><\/p>\n<h3>Dieu n\u2019est ni\u00a0un homme ni le fils d\u2019un homme<\/h4>\n<p>La Bible dit:<\/p>\n<blockquote><p><em>Nombres 23:19<sup>\u00a0<\/sup>Dieu n\u2019est pas un homme pour mentir, ni le fils d\u2019un homme pour revenir sur sa d\u00e9cision.<\/em><\/p><\/blockquote>\n<p>On voit ici comment l\u2019Ancien Testament clairement dit que Dieu n\u2019est ni\u00a0un homme ni le fils d\u2019un homme. J\u00e9sus dit qu\u2019il est un homme et le fils d\u2019un homme:<\/p>\n<blockquote><p><em>Jean 8:40\u00a0Mais en r\u00e9alit\u00e9, vous cherchez \u00e0 me faire mourir, moi qui, <strong>en tant qu\u2019\u00eatre humain,<\/strong>vous ai dit la v\u00e9rit\u00e9 que j\u2019ai entendue de Dieu. Cela, Abraham ne l\u2019a pas fait.<\/em><\/p><\/blockquote>\n<p>De plus, J\u00e9sus dit fr\u00e9quemment qu\u2019il est le fils de l\u2019homme comme on trouve en Luc 17:22, 7:34 et dans beaucoup des autres versets.\u00a0\u00c7a signifie que J\u00e9sus n\u2019est pas Dieu car Dieu n\u2019est ni un homme ni un fils de l\u2019homme.<\/p>\n<p>L\u2019un peut dire que ce verset veut dire que Dieu ne ment pas et qu\u2019Il ne changent pas sa d\u00e9cision mais \u00e7a ne veut dire pas qu\u2019Il ne deviendrait pas un homme. Alors, si l&rsquo;on dit: \u00ab\u00a0Je ne suis pas une femme que je porte une jupe\u00a0\u00bb cela signifie que si une femme ne porte pas de jupe, elle ne serait plus une femme? \u00a0Si un homme ne ment pas, serait-il Dieu? Tout \u00e0 fait non! Le verset totalement nie que Dieu est un homme. J\u00e9sus dit clairement que le P\u00e8re est le seul vrai Dieu et que le P\u00e8re est son Dieu comme on montrera ci-dessous.<br \/>\nL\u2019un peut aussi citer Daniel 7 qui parle d\u2019un fils de Dieu qui serait servi et alors il serait Dieu. En fait, ces versets en Daniel 7 ne disent pas que ce fils de l&rsquo;homme est Dieu, mais il serait seulement un grand chef qui aurait de la gloire et de la domination. Cela ne veut pas dire qu\u2019il sera Dieu. David est servi aussi et des gens se prostern\u00e8rent aupr\u00e8s de\u00a0lui comme en 2 Samuel 1:2.<\/p>\n<h3>Le P\u00e8re est le Vrai Seul Dieu<\/h4>\n<p>J\u00e9sus dit que la vie \u00e9ternelle s&rsquo;agit de conna\u00eetre le P\u00e8re comme le seul vrai Dieu et que J\u00e9sus est envoy\u00e9 de Lui,c\u2019est-\u00e0-dire qu&rsquo;il n\u2019y a pas de Dieu sauf le P\u00e8re et que J\u00e9sus est un proph\u00e8te envoy\u00e9 de Lui.<\/p>\n<blockquote><p><em><span id=\"fr-LSG-26761\">Jean 17:1\u00a0Apr\u00e8s avoir ainsi parl\u00e9, J\u00e9sus leva les yeux au ciel, et dit: P\u00e8re, l\u2019heure est venue! Glorifie ton Fils, afin que ton Fils te glorifie,\u00a0<\/span>2\u00a0selon que tu lui as donn\u00e9 pouvoir sur toute chair, afin qu\u2019il accorde la vie \u00e9ternelle \u00e0 tous ceux que tu lui as donn\u00e9s.\u00a0<\/span>3\u00a0Or, la vie \u00e9ternelle, c\u2019est qu\u2019ils te connaissent, toi, le seul vrai Dieu, et celui que tu as envoy\u00e9, J\u00e9sus Christ.<\/span><\/em><\/p><\/blockquote>\n<p>J\u00e9sus dit ici que le P\u00e8re est le vrai seul Dieu. \u00c7a veut dire que J\u00e9sus n\u2019est pas Dieu car J\u00e9sus n\u2019est pas le P\u00e8re comme d\u00e9clare la trinit\u00e9. Si J\u00e9sus utilise le mot \u00ab\u00a0Dieu\u00a0\u00bb au lieu de P\u00e8re en verset 1, cela ne serait pas une \u00e9vidence contre la trinit\u00e9 puisque le mot Dieu peut signifier les trois personnes de la trinit\u00e9 ensemble. Mais en utilisant le mot P\u00e8re, J\u00e9sus d\u00e9clare clairement que le P\u00e8re est le seul Dieu, \u00e7a n\u2019inclue ni J\u00e9sus ni le saint esprit.<\/p>\n<h3>Le P\u00e8re est le Dieu de J\u00e9sus<\/h4>\n<p>J\u00e9sus confirme ce fait dans plus d\u2019un verset. J\u00e9sus appelle le P\u00e8re comme son Dieu comme on peut le constate dans les versets suivants:<\/p>\n<blockquote><p><em>Jean 20:17\u00a0J\u00e9sus lui dit: \u00abNe me retiens pas, car je ne suis pas encore mont\u00e9 vers mon P\u00e8re, mais va trouver mes fr\u00e8res et dis-leur que je monte vers <strong>mon P\u00e8re et votre P\u00e8re, vers mon Dieu et votre Dieu.<\/strong>\u00bb<\/em><\/p>\n<p><em><span>Marc 12:28\u00a0Un des scribes, qui les avait entendus discuter, sachant que J\u00e9sus avait bien r\u00e9pondu aux sadduc\u00e9ens, s\u2019approcha, et lui demanda: Quel est le premier de tous les commandements?\u00a029\u00a0J\u00e9sus r\u00e9pondit: Voici le premier: \u00c9coute, Isra\u00ebl, le Seigneur,<strong> notre Dieu, est l\u2019unique Seigneur;<\/strong><\/span><\/em><\/p><\/blockquote>\n<p>J\u00e9sus utilise le mot \u00ab\u00a0notre\u00a0\u00bb ici en citant le commandement sans le modifier au \u00able Seigneur, ton Dieu, est l\u2019unique Seigneur\u00bb. \u00c7a inclut J\u00e9sus lui-m\u00eame qui est le serviteur de Dieu. J\u00e9sus dit aussi:<\/p>\n<blockquote><p>\nMatthieu 27:46 Et vers la neuvi\u00e8me heure, J\u00e9sus s\u2019\u00e9cria d\u2019une voix forte: \u00c9li, \u00c9li, lama sabachthani? c\u2019est-\u00e0-dire: <strong>Mon Dieu, mon Dieu<\/strong>, pourquoi m\u2019as-tu abandonn\u00e9?\n<\/p><\/blockquote>\n<p>J\u00e9sus confirme que le P\u00e8re est son Dieu, comment l\u2019un dit qu\u2019il est \u00e9gal \u00e0 Dieu? Dieu a-t-il un autre Dieu sur Lui?<\/p>\n<h3>Le P\u00e8re est plus grand que\u00a0J\u00e9sus<\/h4>\n<p>J\u00e9sus clairement dit que le P\u00e8re est plus grand que lui.\u00a0\u00c7a signifie qu\u2019il n\u2019est pas \u00e9quivalent \u00e0 Dieu. Alors, il contredit avec Paul qui a dit en\u00a0<span class=\"passage-display-bcv\">Philippiens 2:6<\/span>\u00a0que J\u00e9sus est \u00e9quivalent \u00e0 Dieu. J\u00e9sus dit:<\/p>\n<blockquote><p><em>Jean 14:28\u00a0Vous avez entendu que je vous ai dit: \u2018Je m\u2019en vais et je reviens vers vous.\u2019 Si vous m\u2019aimiez, vous vous r\u00e9jouiriez de ce que je vais aupr\u00e8s du P\u00e8re, <strong>car mon P\u00e8re est plus grand que moi.<\/strong><\/em><\/p><\/blockquote>\n<h3>J\u00e9sus manque les attributs de Dieu<\/h4>\n<h4>J\u00e9sus ne sait pas tout<\/h4>\n<p>Dieu est omniscient, Il sait toutes les choses. J\u00e9sus affirme \u00e7a concernant le P\u00e8re,\u00a0tandis qu\u2019il nie qu&rsquo;il sait le temps de l\u2019heure. J\u00e9sus dit:<\/p>\n<blockquote><p><em>Marc 13:32<sup>\u00a0<\/sup>Quant au jour et \u00e0 l\u2019heure, <strong>personne ne les conna\u00eet<\/strong>, pas m\u00eame les anges dans le ciel <strong>ni le Fils: le P\u00e8re seul les conna\u00eet.<\/strong><\/em><\/p><\/blockquote>\n<p>Puisque J\u00e9sus ne sait pas ce jour et cette heure, \u00e7a signifie qu\u2019il n\u2019est pas omniscient. Donc J\u00e9sus n\u2019est pas Dieu.<\/p>\n<h4>J\u00e9sus n\u2019est pas Omnipotent<\/h4>\n<p>Dieu est omnipotent et Il est le tout Puissant. Il peut faire n\u2019importe quoi. Il n\u2019a pas besoin de ses cr\u00e9atures. J\u00e9sus affirme qu\u2019il ne peut rien faire de lui-m\u00eame:<\/p>\n<blockquote><p><em>Jean 5:30\u00a0<strong>Je ne peux rien faire de moi-m\u00eame<\/strong>: je juge d\u2019apr\u00e8s ce que j\u2019entends, et mon jugement est juste parce que <strong>je ne cherche pas \u00e0 faire ma volont\u00e9, mais celle du P\u00e8re qui m\u2019a envoy\u00e9.<\/strong><\/em><\/p><\/blockquote>\n<p>J\u00e9sus ici nie son omnipotence, et sa volont\u00e9 car la volont\u00e9 de Dieu est au-dessus de n\u2019importe quoi d\u2019autre. C\u2019est aussi une r\u00e9ponse des citations Chr\u00e9tiennes concernant les miracles et les \u0153uvres de J\u00e9sus. J\u00e9sus ici dit clairement qu\u2019il ne peut rien faire de lui-m\u00eame. Alors, tous les miracles de J\u00e9sus sont faits par la puissance du P\u00e8re non par sa puissance comme les miracles de tous les Proph\u00e8tes.<\/p>\n<p>Si J\u00e9sus est Dieu, a-t-il besoin d\u2019un ange pour le fortifier?<\/p>\n<blockquote><p><em><span id=\"fr-LSG-25907\">Luc 22:42 disant: P\u00e8re, si tu voulais \u00e9loigner de moi cette coupe! Toutefois, que ma volont\u00e9 ne se fasse pas, mais la tienne.\u00a0<\/span><span id=\"fr-LSG-25908\">43\u00a0Alors un ange lui apparut du ciel, pour le fortifier.<\/span><\/em><em><br \/>\n<\/em><\/p><\/blockquote>\n<p>Dieu est le Cr\u00e9ateur, Il cr\u00e9a tout, dont les anges. Si J\u00e9sus est Dieu qui cr\u00e9a cet ange, pourquoi a-t-il besoin de lui si Dieu est plus Puissant que ses anges \u00e0 moins que J\u00e9sus ne soit pas Dieu?<\/p>\n<p>Ce sont quelques versets qui prouvent que J\u00e9sus ne soit pas Dieu. L\u2019article suivant r\u00e9pondra les versets utilis\u00e9s par Chr\u00e9tiens pour prouver que J\u00e9sus est Dieu.<\/p>\n","protected":false},"excerpt":{"rendered":"<p>Est-J\u00e9sus Dieu? C\u2019\u00e9tait une question commune qui \u00e9tait un point de conflit tout au long des \u00e9poques entre les Musulmans et les Chr\u00e9tiens. Les Chr\u00e9tiens croient qu\u2019il est Dieu. Les Musulmans croient qu\u2019il n&rsquo;est pas Dieu mais un proph\u00e8te. Alors, on a besoin de chercher ce que J\u00e9sus lui-m\u00eame dit. Bien s\u00fbr, il sait lui-m\u00eame [&hellip;]<\/p>\n","protected":false},"author":1,"featured_media":1437,"parent":845,"menu_order":0,"comment_status":"closed","ping_status":"closed","template":"","meta":{"om_disable_all_campaigns":false,"_monsterinsights_skip_tracking":false,"_monsterinsights_sitenote_active":false,"_monsterinsights_sitenote_note":"","_monsterinsights_sitenote_category":0,"_uf_show_specific_survey":0,"_uf_disable_surveys":false,"footnotes":""},"categories":[39],"tags":[],"class_list":["post-901","page","type-page","status-publish","has-post-thumbnail","hentry","category-jesus-fr"],"aioseo_notices":[],"_links":{"self":[{"href":"https:\/\/jesus-is-muslim.net\/fr\/wp-json\/wp\/v2\/pages\/901","targetHints":{"allow":["GET"]}}],"collection":[{"href":"https:\/\/jesus-is-muslim.net\/fr\/wp-json\/wp\/v2\/pages"}],"about":[{"href":"https:\/\/jesus-is-muslim.net\/fr\/wp-json\/wp\/v2\/types\/page"}],"author":[{"embeddable":true,"href":"https:\/\/jesus-is-muslim.net\/fr\/wp-json\/wp\/v2\/users\/1"}],"replies":[{"embeddable":true,"href":"https:\/\/jesus-is-muslim.net\/fr\/wp-json\/wp\/v2\/comments?post=901"}],"version-history":[{"count":0,"href":"https:\/\/jesus-is-muslim.net\/fr\/wp-json\/wp\/v2\/pages\/901\/revisions"}],"up":[{"embeddable":true,"href":"https:\/\/jesus-is-muslim.net\/fr\/wp-json\/wp\/v2\/pages\/845"}],"wp:featuredmedia":[{"embeddable":true,"href":"https:\/\/jesus-is-muslim.net\/fr\/wp-json\/wp\/v2\/media\/1437"}],"wp:attachment":[{"href":"https:\/\/jesus-is-muslim.net\/fr\/wp-json\/wp\/v2\/media?parent=901"}],"wp:term":[{"taxonomy":"category","embeddable":true,"href":"https:\/\/jesus-is-muslim.net\/fr\/wp-json\/wp\/v2\/categories?post=901"},{"taxonomy":"post_tag","embeddable":true,"href":"https:\/\/jesus-is-muslim.net\/fr\/wp-json\/wp\/v2\/tags?post=901"}],"curies":[{"name":"wp","href":"https:\/\/api.w.org\/{rel}","templated":true}]}}