{"id":903,"date":"2015-12-24T07:06:50","date_gmt":"2015-12-24T05:06:50","guid":{"rendered":"https:\/\/jesus-is-muslim.net\/fr\/?page_id=903"},"modified":"2017-07-19T20:36:13","modified_gmt":"2017-07-19T18:36:13","slug":"quand-abraham-quitta-charan","status":"publish","type":"page","link":"https:\/\/jesus-is-muslim.net\/fr\/accueil\/la-bible\/les-difficultes-de-la-bible\/quand-abraham-quitta-charan\/","title":{"rendered":"Quand Abraham quitta Charan?"},"content":{"rendered":"<p>Quand Abraham est parti de Charan? Cela\u00a0fut avant ou apr\u00e8s le d\u00e9c\u00e8s de son p\u00e8re? C\u2019est une difficult\u00e9 dans la Bible montrant une\u00a0incoh\u00e9rence entre l\u2019ancien testament et le nouveau testament.<\/p>\n<h3>Que dit l\u2019ancien testament?<\/h3>\n<p>Dans l\u2019ancien testament, on trouve que T\u00e9rach avait 70 ans lorsqu\u2019il engendra Abraham:<\/p>\n<blockquote><p><i>Gen\u00e8se<\/i><em>\u00a011:26 T\u00e9rach, \u00e2g\u00e9 de soixante-dix ans, engendra Abram, Nachor et Haran.<\/em><\/p><\/blockquote>\n<p>Dans un autre verset, la Bible dit qu\u2019Abraham quitta Charan lorsqu\u2019il avait 75 ans:<\/p>\n<blockquote><p><em><i>Gen\u00e8se<\/i>\u00a012:4 Abram partit conform\u00e9ment \u00e0 la parole de l\u2019Eternel, et Lot partit avec lui. Abram \u00e9tait \u00e2g\u00e9 de 75 ans lorsqu\u2019il quitta Charan.<\/em><\/p><\/blockquote>\n<p>T\u00e9rach avait 205 ans quand il est mort:<\/p>\n<blockquote><p><em>Gen 11:32 Les jours de T\u00e9rach furent de deux cent cinq ans; et T\u00e9rach mourut \u00e0 Charan.<\/em><\/p><\/blockquote>\n<p>\u00c7a signifie que T\u00e9rach avait 70+75=145 ans lorsqu&rsquo;Abraham quitta Charan. Donc, T\u00e9rach \u00e9tait\u00a0toujours vivant.<\/p>\n<h3>Que dit le Nouveau Testament?<\/h3>\n<p>Mais l\u2019\u00e9crivain du livre des Actes a un autre avis:<\/p>\n<blockquote><p><em>Actes 7:4\u00a0Il sortit alors du pays des Chald\u00e9ens, et s\u2019\u00e9tablit \u00e0 Charran. De l\u00e0, <strong>apr\u00e8s la mort de son p\u00e8re, Dieu le fit passer dans ce pays que vous habitez maintenant<\/strong>;<\/em><\/p><\/blockquote>\n<p>Alors on trouve ici une contradiction entre l\u2019ancien testament et le nouveau testament.<\/p>\n<h3>Les tentatives pour r\u00e9soudre cette difficult\u00e9<\/h3>\n<p>Les commentateurs Chr\u00e9tiens essay\u00e8rent \u00e0 r\u00e9soudre cette difficult\u00e9. Ils disent que T\u00e9rach n\u2019a pas engendr\u00e9 Abram sauf quand il avait 130 ans. Et Abram fut mentionn\u00e9 au d\u00e9but car il fut le meilleur de ses fr\u00e8res et ils citent des \u00e9critures o\u00f9 Sem le fils de No\u00e9 est mentionn\u00e9 avant ses fr\u00e8res bien qu\u2019il soit le plus jeune, un autre exemple c&rsquo;est lorsque Mo\u00efse fut mentionn\u00e9 avant Aaron, bien que Mo\u00efse soit plus jeune qu\u2019Aaron.<\/p>\n<h3>R\u00e9pondant aux commentateurs Chr\u00e9tiens<\/h3>\n<p>En fait, c\u2019est contre ce qu\u2019Abraham lui-m\u00eame dit:<\/p>\n<blockquote><p><em>Gen\u00e8se 17:17\u00a0Abraham tomba le visage contre terre; il rit et dit dans son c\u0153ur: \u00ab<strong>Un fils pourrait-il na\u00eetre \u00e0 un homme de 100 ans?<\/strong> Et Sara, \u00e2g\u00e9e de 90 ans, pourrait-elle mettre un enfant au monde?\u00bb<\/em><\/p><\/blockquote>\n<p>Si Abraham est n\u00e9 lorsque son p\u00e8re avait 130 ans, pourquoi il s\u2019\u00e9tonna parce qu\u2019il aura un fils \u00e0 100 ans?<\/p>\n<p>De plus, il y a un fragment d\u00e9couvert parmi les manuscrits de la Mer Morte\u00a0contredisant avec cette interpr\u00e9tation qui se trouve dans le fragment 4Q252 disant:<\/p>\n<blockquote><p>~Terah was~one hundred~and forty years old when he left 9Ur of the Chaldees and went to Haran and Ab[ram was s]eventy. And he dwet five years in Haran. <strong>Then [Terah died] six[ty years after Abram] went out [to] the land of Ganaan. \u201c <\/strong>(<a href=\"http:\/\/www.moellerhaus.com\/Dead%20Sea%20Scrs\/dsscomsGen.htm\">Source ici<\/a>)<\/p><\/blockquote>\n<p>C&rsquo;est la traduction en Fran\u00e7ais:<\/p>\n<p>\u00abT\u00e9rach avait 140 ans lorsqu\u2019il partit d\u2019Ur en Chald\u00e9e, il alla \u00e0 Charan et Abraham avait 70 ans. Abraham est rest\u00e9 pendant 5 ans en Charan. Ensuite, <strong>T\u00e9rach mourut 60 ans apr\u00e8s qu&rsquo;Abraham partit \u00a0\u00e0 la terre de Canaan.<\/strong>\u00bb<\/p>\n<p>Donc comme on le constate, en disant que T\u00e9rach engendra Abraham lorsqu\u2019il avait 130 ans, cela contredit avec la Bible et les manuscrits de la mer morte. Alors, il y a un probl\u00e8me avec le verset en Actes.<\/p>\n","protected":false},"excerpt":{"rendered":"<p>Quand Abraham est parti de Charan? Cela\u00a0fut avant ou apr\u00e8s le d\u00e9c\u00e8s de son p\u00e8re? C\u2019est une difficult\u00e9 dans la Bible montrant une\u00a0incoh\u00e9rence entre l\u2019ancien testament et le nouveau testament. Que dit l\u2019ancien testament? Dans l\u2019ancien testament, on trouve que T\u00e9rach avait 70 ans lorsqu\u2019il engendra Abraham: Gen\u00e8se\u00a011:26 T\u00e9rach, \u00e2g\u00e9 de soixante-dix ans, engendra Abram, [&hellip;]<\/p>\n","protected":false},"author":1,"featured_media":1523,"parent":809,"menu_order":0,"comment_status":"closed","ping_status":"closed","template":"","meta":{"om_disable_all_campaigns":false,"_monsterinsights_skip_tracking":false,"_monsterinsights_sitenote_active":false,"_monsterinsights_sitenote_note":"","_monsterinsights_sitenote_category":0,"_uf_show_specific_survey":0,"_uf_disable_surveys":false,"footnotes":""},"categories":[37],"tags":[],"class_list":["post-903","page","type-page","status-publish","has-post-thumbnail","hentry","category-les-difficultes-de-la-bible"],"aioseo_notices":[],"_links":{"self":[{"href":"https:\/\/jesus-is-muslim.net\/fr\/wp-json\/wp\/v2\/pages\/903","targetHints":{"allow":["GET"]}}],"collection":[{"href":"https:\/\/jesus-is-muslim.net\/fr\/wp-json\/wp\/v2\/pages"}],"about":[{"href":"https:\/\/jesus-is-muslim.net\/fr\/wp-json\/wp\/v2\/types\/page"}],"author":[{"embeddable":true,"href":"https:\/\/jesus-is-muslim.net\/fr\/wp-json\/wp\/v2\/users\/1"}],"replies":[{"embeddable":true,"href":"https:\/\/jesus-is-muslim.net\/fr\/wp-json\/wp\/v2\/comments?post=903"}],"version-history":[{"count":0,"href":"https:\/\/jesus-is-muslim.net\/fr\/wp-json\/wp\/v2\/pages\/903\/revisions"}],"up":[{"embeddable":true,"href":"https:\/\/jesus-is-muslim.net\/fr\/wp-json\/wp\/v2\/pages\/809"}],"wp:featuredmedia":[{"embeddable":true,"href":"https:\/\/jesus-is-muslim.net\/fr\/wp-json\/wp\/v2\/media\/1523"}],"wp:attachment":[{"href":"https:\/\/jesus-is-muslim.net\/fr\/wp-json\/wp\/v2\/media?parent=903"}],"wp:term":[{"taxonomy":"category","embeddable":true,"href":"https:\/\/jesus-is-muslim.net\/fr\/wp-json\/wp\/v2\/categories?post=903"},{"taxonomy":"post_tag","embeddable":true,"href":"https:\/\/jesus-is-muslim.net\/fr\/wp-json\/wp\/v2\/tags?post=903"}],"curies":[{"name":"wp","href":"https:\/\/api.w.org\/{rel}","templated":true}]}}