{"id":905,"date":"2015-12-25T07:08:12","date_gmt":"2015-12-25T07:08:12","guid":{"rendered":"https:\/\/jesus-is-muslim.net\/fr\/?page_id=905"},"modified":"2018-03-19T21:13:52","modified_gmt":"2018-03-19T19:13:52","slug":"qui-est-allah","status":"publish","type":"page","link":"https:\/\/jesus-is-muslim.net\/fr\/accueil\/questions-communes-lslam\/qui-est-allah\/","title":{"rendered":"Qui est Allah?"},"content":{"rendered":"<h3>Allah est Dieu ador\u00e9 par les Juifs et les Chr\u00e9tiens<\/h3>\n<p>Les Chr\u00e9tiens pensent souvent que les Musulmans adorent un Dieu autre que leurs Dieu. En fait, les Musulmans et les Chr\u00e9tiens\u00a0adorent le m\u00eame Dieu.\u00a0Allah est le Dieu d\u2019Adam,\u00a0No\u00e9, Abraham, Mo\u00efse, J\u00e9sus, Muhammad et de tous les proph\u00e8tes (Paix sur eux).\u00a0Allah est le Dieu que ces proph\u00e8tes ont nous pr\u00each\u00e9s \u00e0 adorer. Le Saint Coran a dit:<\/p>\n<blockquote><p>\n84.\u00a0Dis: \u2039Nous croyons en Allah, \u00e0 ce qu\u2019on a fait descendre sur nous, \u00e0 ce qu\u2019on a fait descendre sur Abraham, Isma\u00ebl, Isaac, Jacob et les Tribus, et \u00e0 ce qui a \u00e9t\u00e9 apport\u00e9 \u00e0 Mo\u00efse, \u00e0 J\u00e9sus et aux proph\u00e8tes, de la part de leur Seigneur: nous ne faisons aucune diff\u00e9rence entre eux; et c\u2019est \u00e0 Lui que nous sommes Soumis\u203a. (Le Saint Coran 3:84)<\/p><\/blockquote>\n<p>Le mot \u00ab\u00a0Allah\u00a0\u00bb se compose de deux mots Arabes \u00abAl Elah\u00bb, qui signifient \u00able Dieu\u00bb. Le mot \u00abElah\u00bb \u00e9tait utilis\u00e9 en Daniel 2: 20 en r\u00e9f\u00e9rant au Dieu en H\u00e9breu. En Aram\u00e9en, le mot qui sert au Dieu c&rsquo;est \u00abAlaaha\u00bb, qui est pareil \u00e0 \u00abAllah\u00bb comme montr\u00e9 dans ce site de l&rsquo;\u00e9glise assyrienne (<a href=\"http:\/\/learnassyrian.com\/aramaic\/church\/church.html\">site en anglais<\/a>). Ce mot \u00e9tait utilis\u00e9 dans le film \u00abla passion du Christ\u00bb en r\u00e9f\u00e9rant au Dieu comme montr\u00e9 dans le lien suivant. <a href=\"https:\/\/www.youtube.com\/watch?v=6U08Pnnd0Zg\">Cette vid\u00e9o<\/a>\u00a0est une portion du film \u00ab\u00a0Passion du Christ\u00a0\u00bb en Aram\u00e9en qui montre J\u00e9sus utilisant le mot \u00ab\u00a0Allah\u00a0\u00bb pour Dieu. De plus, les\u00a0Chr\u00e9tiens Arabes utilisent le mot \u00abAllah\u00bb dans leur Bible pour Dieu. Cela signifie qu&rsquo;ils adorent un autre dieu? Je ne crois pas!<\/p>\n<div style=\"width: 320px;\" class=\"wp-video\"><video class=\"wp-video-shortcode\" id=\"video-905-1\" width=\"320\" height=\"240\" preload=\"metadata\" controls=\"controls\"><source type=\"video\/mp4\" src=\"https:\/\/jesus-is-muslim.net\/wp-content\/uploads\/2015\/12\/Jesus-parle-dAllah-et-de-Mohamed.mp4?_=1\" \/><a href=\"https:\/\/jesus-is-muslim.net\/wp-content\/uploads\/2015\/12\/Jesus-parle-dAllah-et-de-Mohamed.mp4\">https:\/\/jesus-is-muslim.net\/wp-content\/uploads\/2015\/12\/Jesus-parle-dAllah-et-de-Mohamed.mp4<\/a><\/video><\/div>\n<h3>La R\u00e9ponse \u00e0 la\u00a0Revendication qu\u2019Allah est\u00a0le dieu de la lune<\/h3>\n<p>Il y a une id\u00e9e fausse commune parmi les Chr\u00e9tiens qu\u2019Allah est \u00ab\u00a0le dieu de la lune\u00a0\u00bb ador\u00e9 par quelques pa\u00efennes avant l\u2019Islam. En fait il n\u2019y a pas de preuves qu\u2019il y a de pa\u00efennes qui ador\u00e8rent un dieu de la lune et lui appel\u00e8rent comme \u00ab\u00a0Allah\u00a0\u00bb. Le Coran est clair concernant adorer le soleil ou la lune. Le Saint Coran dit:<\/p>\n<blockquote><p>\n37.\u00a0Parmi Ses merveilles, sont la nuit et le jour, le soleil et la lune: ne vous prosternez ni devant le soleil, ni devant la lune, mais prosternez-vous devant Allah qui les a cr\u00e9\u00e9s, si c\u2019est Lui que vous adorez. (Le Saint Coran 41:37)<\/p><\/blockquote>\n<p>Certains peuvent signaler que le croissant \u00e9tait le symbole de Musulmans. Ceci est montr\u00e9 sur quelques drapeaux Musulmans et sur les minarets de quelques \u00a0mosqu\u00e9es. Mais il n\u2019y a pas de preuve dans le Coran ou dans la Sunna qui consid\u00e8re le croissant comme un symbole de l\u2019Islam. Le Coran juste consid\u00e8re le croissant comme un outil pour d\u00e9terminer le d\u00e9but du mois dans le calendrier islamique. Le Coran dit:<\/p>\n<blockquote><p>\n189.\u00a0Ils t\u2019interrogent sur les nouvelles lunes \u2013 Dis: \u2039Elles servent aux gens pour compter le temps, et aussi pour le Hajj [p\u00e8lerinage]. (Le Saint Coran 2:189).<\/p><\/blockquote>\n<p>\u00c7a ne donne pas le croissant n&rsquo;importe sorte de v\u00e9n\u00e9ration, c\u2019est juste un outil. L\u2019utilisation de croissant comme un symbole c&rsquo;est une tradition ottomane, les Ottomans furent les premiers \u00e0 utiliser ce symbole dans le 14e si\u00e8cle. (c-a-d 800 ans apr\u00e8s le Proph\u00e8te Muhammad \ufdfa)<br \/>\nUne autre id\u00e9e fausse concernant cet argument de \u00ab\u00a0Dieu de la lune\u00a0\u00bb c&rsquo;est que les Arabes avant de l\u2019Islam priaient aux 360 idoles \u00e0 la Kaaba et qu&rsquo;ils consid\u00e8rent Allah comme le Dieu supr\u00eame. Il nous faut regarder l\u2019histoire de l\u2019Arabie pour comprendre \u00e7a. Quand Ishma\u00ebl vint en Arabie, il enseigna sa lign\u00e9e \u00e0 adorer Allah seulement, le dieu d\u2019Abraham et tous les proph\u00e8tes. Ishma\u00ebl et Abraham ont construit la Kaaba, la maison de Dieu afin que les gens y prient aux Allah. <a href=\"https:\/\/jesus-is-muslim.net\/fr\/pourquoi-prier-allah-vers-la-kaaba\/\">Cet article d\u00e9montre que la Kaaba est la maison de Bacca signal\u00e9e en Psaumes 84: 7 et en le Saint Coran 3: 96<\/a>.<\/p>\n<blockquote><p>\nPsaumes (84:7) Lorsqu\u2019ils traversent <strong>la vall\u00e9e de Baca<\/strong>, Ils la transforment en un lieu plein de sources, Et la pluie la couvre aussi de b\u00e9n\u00e9dictions. (Louis Segond)<\/p><\/blockquote>\n<p>Et Allah dit dans le saint Coran:<\/p>\n<blockquote><p>96.\u00a0La premi\u00e8re Maison qui a \u00e9t\u00e9 \u00e9difi\u00e9e pour les gens, <strong>c\u2019est bien celle de Bakka (la Mecque)<\/strong> b\u00e9nie et une bonne direction pour l\u2019univers. (Le Saint Coran 3)<\/p><\/blockquote>\n<p>Bien qu\u2019ils aient reconnu qu\u2019Allah est le seul Seigneur qui nous cr\u00e9a et qui dirige l\u2019univers, les Arabes avaient commenc\u00e9 \u00e0 associer des dieux \u00e0 les adorer \u00e0 c\u00f4t\u00e9 d\u2019Allah. Le Proph\u00e8te Muhammad \ufdfa\u00a0vint pour corriger leur croyance et pour les restaurer \u00e0 la vraie foi enseign\u00e9e par tous les proph\u00e8tes. Disant que l\u2019Islam a pris le nom Allah de pa\u00efennes Arabes cela signifie que les chr\u00e9tiens arabes y aram\u00e9ens l&rsquo;ont pris des pa\u00efennes Arabes aussi.\u00a0En fait l\u2019Islam vint pour restaurer les gens \u00e0 adorer Allah seulement qui est le Dieu d\u2019Abraham, Isma\u00ebl, Isaac et tous les proph\u00e8tes et pour rejeter autres idoles ador\u00e9es par les pa\u00efennes.<\/p>\n","protected":false},"excerpt":{"rendered":"<p>Allah est Dieu ador\u00e9 par les Juifs et les Chr\u00e9tiens Les Chr\u00e9tiens pensent souvent que les Musulmans adorent un Dieu autre que leurs Dieu. En fait, les Musulmans et les Chr\u00e9tiens\u00a0adorent le m\u00eame Dieu.\u00a0Allah est le Dieu d\u2019Adam,\u00a0No\u00e9, Abraham, Mo\u00efse, J\u00e9sus, Muhammad et de tous les proph\u00e8tes (Paix sur eux).\u00a0Allah est le Dieu que ces [&hellip;]<\/p>\n","protected":false},"author":1,"featured_media":0,"parent":837,"menu_order":0,"comment_status":"closed","ping_status":"closed","template":"","meta":{"om_disable_all_campaigns":false,"_monsterinsights_skip_tracking":false,"_monsterinsights_sitenote_active":false,"_monsterinsights_sitenote_note":"","_monsterinsights_sitenote_category":0,"_uf_show_specific_survey":0,"_uf_disable_surveys":false,"footnotes":""},"categories":[31],"tags":[],"class_list":["post-905","page","type-page","status-publish","hentry","category-des-questions-sur-lislam"],"aioseo_notices":[],"_links":{"self":[{"href":"https:\/\/jesus-is-muslim.net\/fr\/wp-json\/wp\/v2\/pages\/905","targetHints":{"allow":["GET"]}}],"collection":[{"href":"https:\/\/jesus-is-muslim.net\/fr\/wp-json\/wp\/v2\/pages"}],"about":[{"href":"https:\/\/jesus-is-muslim.net\/fr\/wp-json\/wp\/v2\/types\/page"}],"author":[{"embeddable":true,"href":"https:\/\/jesus-is-muslim.net\/fr\/wp-json\/wp\/v2\/users\/1"}],"replies":[{"embeddable":true,"href":"https:\/\/jesus-is-muslim.net\/fr\/wp-json\/wp\/v2\/comments?post=905"}],"version-history":[{"count":0,"href":"https:\/\/jesus-is-muslim.net\/fr\/wp-json\/wp\/v2\/pages\/905\/revisions"}],"up":[{"embeddable":true,"href":"https:\/\/jesus-is-muslim.net\/fr\/wp-json\/wp\/v2\/pages\/837"}],"wp:attachment":[{"href":"https:\/\/jesus-is-muslim.net\/fr\/wp-json\/wp\/v2\/media?parent=905"}],"wp:term":[{"taxonomy":"category","embeddable":true,"href":"https:\/\/jesus-is-muslim.net\/fr\/wp-json\/wp\/v2\/categories?post=905"},{"taxonomy":"post_tag","embeddable":true,"href":"https:\/\/jesus-is-muslim.net\/fr\/wp-json\/wp\/v2\/tags?post=905"}],"curies":[{"name":"wp","href":"https:\/\/api.w.org\/{rel}","templated":true}]}}