{"id":909,"date":"2015-12-25T07:18:38","date_gmt":"2015-12-25T05:18:38","guid":{"rendered":"https:\/\/jesus-is-muslim.net\/fr\/?page_id=909"},"modified":"2017-07-22T15:02:47","modified_gmt":"2017-07-22T13:02:47","slug":"qui-ecrit-le-coran-1","status":"publish","type":"page","link":"https:\/\/jesus-is-muslim.net\/fr\/accueil\/le-coran\/qui-ecrit-le-coran-1\/","title":{"rendered":"Qui \u00c9crit le Coran? (Partie 1)"},"content":{"rendered":"<p>L&rsquo;une des questions les plus communes parmi les non Musulmans c&rsquo;est: \u00abQui \u00e9crit le Coran? Le Coran est-il la parole de Dieu ou est-il fabriqu\u00e9 par le Proph\u00e8te Muhammad \ufdfa ?\u00bb. C\u2019\u00e9tait un point d\u2019argument entre les Musulmans et les non Musulmans. Dans cet article, la r\u00e9ponse de cette question serait surlign\u00e9e \u00e0 l&rsquo;\u00e9gard de la vie du Proph\u00e8te Muhammad \ufdfa.<\/p>\n<h3>Le Proph\u00e8te Muhammad Fabriqua le Coran pour \u00eatre un chef?<\/h3>\n<p>Pensons de cela. Si l\u2019un veut \u00eatre un grand chef et acqu\u00e9rir la c\u00e9l\u00e9brit\u00e9, l\u2019argent et l\u2019autorit\u00e9, et il a re\u00e7u beaucoup des offres \u00a0pour obtenir tous ce qu&rsquo;il souhaite \u00e0 condition qu&rsquo;il ne pr\u00eache aux gens des croyances contre leur croyances.\u00a0Cette personne\u00a0d\u00e9cida d\u2019\u00e9crire un livre et dire que ce livre est la parole de Dieu. Que sera le contenu de ce livre? Aurait-il essay\u00e9 \u00e0 glorifier son peuple? Ou aurait-il critiqu\u00e9 leurs croyances et serait soumis \u00e0 leur torture et \u00e0 leurs insultes? Probablement il choisirait la premi\u00e8re route afin de gagner le soutien de son peuple. Toutefois ce n\u2019\u00e9tait pas le contenu de Coran.<\/p>\n<p>Le message principal du Coran est le message de tous les proph\u00e8tes; adorer et v\u00e9n\u00e9rer Dieu seulement et croire en tous les proph\u00e8tes et laisser le culte des idoles et des faux dieux car ils les m\u00e8neront \u00e0 l\u2019enfer. \u00c7a pousse \u00e0 la collision avec les croyances pa\u00efennes en Arabie car le Coran critique leurs croyances et les croyances de leurs anc\u00eatres en Arabie pendant centaines des ann\u00e9es.<\/p>\n<p>Cela aussi rendait Proph\u00e8te Muhammad et ses disciples soumis \u00e0 la torture et \u00e0 la pers\u00e9cution pendant 13 ans et aux guerres pendant 10 ans bien qu\u2019il ait re\u00e7u des offres venant des Arabes d\u2019\u00eatre leur chef et de le donner de l\u2019argent s\u2019il veut pour arr\u00eater son appel. Cependant il rejeta tous ces offres comme montr\u00e9 dans l\u2019article parlant de <a href=\"https:\/\/jesus-is-muslim.net\/fr\/index.php\/prophete-muhammad-envoye-par-dieu\/\">Proph\u00e8te Muhammad<\/a> \ufdfa.<\/p>\n<p><a href=\"https:\/\/jesus-is-muslim.net\/wp-content\/uploads\/2015\/12\/Qui-a-ecrit-le-Coran-1.png\" rel=\"attachment wp-att-1465\"><img loading=\"lazy\" decoding=\"async\" class=\"alignnone size-full wp-image-1465\" src=\"https:\/\/jesus-is-muslim.net\/wp-content\/uploads\/2015\/12\/Qui-a-ecrit-le-Coran-1.png\" alt=\"Qui a ecrit le Coran-1\" width=\"1040\" height=\"570\" srcset=\"https:\/\/jesus-is-muslim.net\/wp-content\/uploads\/2015\/12\/Qui-a-ecrit-le-Coran-1.png 1040w, https:\/\/jesus-is-muslim.net\/wp-content\/uploads\/2015\/12\/Qui-a-ecrit-le-Coran-1-300x164.png 300w, https:\/\/jesus-is-muslim.net\/wp-content\/uploads\/2015\/12\/Qui-a-ecrit-le-Coran-1-768x421.png 768w, https:\/\/jesus-is-muslim.net\/wp-content\/uploads\/2015\/12\/Qui-a-ecrit-le-Coran-1-1024x561.png 1024w\" sizes=\"auto, (max-width: 1040px) 100vw, 1040px\" \/><\/a><\/p>\n<h3>Le Coran Reprocha\u00a0le Proph\u00e8te Muhammad \ufdfa\u00a0dans Quelques Situations<\/h3>\n<p>Si le Proph\u00e8te Muhammad \u00e9crit le Coran, aurait-il reproch\u00e9 lui-m\u00eame? Un jour, le Proph\u00e8te Muhammad \ufdfa\u00a0se concentrait sur les notables Qurayshites et souhaitait ardemment qu\u2019ils deviennent Musulmans.\u00a0Il commen\u00e7a \u00e0 s\u2019entretenir avec eux et \u00e0 leur pr\u00e9senter l\u2019Islam. \u00a0Tandis qu\u2019il leur parlait, `Abd All\u00e2h Ibn Umm Makt\u00fbm \u2014\u00a0l\u2019un des premiers\u00a0disciples du Proph\u00e8te Muhammad \ufdfa, il \u00e9tait aveugle\u2014 vint \u00e0 lui et lui demanda de lui lire un verset du Coran.<\/p>\n<p>Le Proph\u00e8te Muhammad \ufdfa\u00a0fron\u00e7a les sourcils et se retourna vers le groupe des Qurayshites, qu\u2019il souhaitait voir se convertir \u00e0 l\u2019Islam et ainsi ajouter \u00e0 la force des musulmans. Aussit\u00f4t qu\u2019il finit de leur parler et qu\u2019il quitta leur compagnie, la r\u00e9v\u00e9lation suivante lui vint\u00a0:<\/p>\n<blockquote><p><span class=\"coran\">1. Il a fronc\u00e9 les sourcils et il s\u2019est d\u00e9tourn\u00e9.\u00a02. Lorsque lui vint l\u2019aveugle.\u00a03. Que sais-tu\u00a0? Peut-\u00eatre cherche-t-il \u00e0 se purifier.\u00a04. Ou \u00e0 se rappeler et \u00e0 tirer profit de ce rappel.\u00a05. Quant \u00e0 celui qui se complait dans sa suffisance.\u00a06. Tu vas avec empressement \u00e0 sa rencontre. \u00a07. Quel grief encours-tu s\u2019il ne cherche pas \u00e0 se purifier (de sa m\u00e9cr\u00e9ance)\u00a0?\u00a08. Quant \u00e0 celui qui est venu \u00e0 toi plein de ferveur.\u00a09. Et plein de la crainte de Dieu.\u00a010. Tu le d\u00e9laisses pour t\u2019occuper des autres.\u00a011. N\u2019agis plus ainsi car c\u2019est une mission de rappel.\u00a0<\/span>(Le Saint Coran 80:1-11)<\/p><\/blockquote>\n<p>Une autre situation dans le jour de la bataille de Ouhod, une incisive du Proph\u00e8te -qu\u2019Allah le b\u00e9nisse et le salue- fut cass\u00e9e et son sourcil bless\u00e9, et le sang coula sur son visage. II dit:<\/p>\n<blockquote><p>\u00abComment un peuple peut-il r\u00e9ussir en maltraitant son Proph\u00e8te de la sorte alors qu\u2019il l\u2019appelle \u00e0 Dieu?\u00bb<\/p><\/blockquote>\n<p>Dieu alors lui r\u00e9v\u00e9la dans le Coran confirmant qu\u2019on ne juge pas sur\u00a0destin\u00a0n\u2019importe qui car c\u2019est \u00e0\u00a0Dieu seulement:<\/p>\n<blockquote><p><a name=\"128\"><\/a>128. Tu n\u2019as (Muhammad) aucune part dans l\u2019ordre (divin) \u2013 qu\u2019Il (Allah) accepte leur repentir (en embrassant l\u2019Islam) ou qu\u2019Il les ch\u00e2tie, car ils sont bien des injustes. (Le Saint Coran 3:128)<\/p><\/blockquote>\n<p>Abu Taleb, l\u2019oncle du Proph\u00e8te Muhammad \ufdfa, bien qu\u2019il lui prot\u00e9gea de son peuple jusqu\u2019\u00e0 sa mort, il ne s\u2019est pas convertit \u00e0 l\u2019Islam et il fut mort comme un pa\u00efenne. Le Proph\u00e8te Muhammad \ufdfa\u00a0\u00e9tait tr\u00e8s triste car il souhaitait que Dieu lui pardonner et qu\u2019il n\u2019irait pas \u00e0 l\u2019enfer. Le Proph\u00e8te Muhammad \ufdfa\u00a0dit:<\/p>\n<blockquote><p>\u00abJe ne cesserai de t\u2019implorer le pardon de Dieu \u00e0 moins de recevoir l\u2019ordre de ne plus le faire\u00bb<\/p><\/blockquote>\n<p>Mais les versets de Coran sont descendus en disant qu\u2019il n\u2019y a pas de favoritisme dans la croyance de Dieu, m\u00eame qu\u2019il soit l\u2019oncle du Proph\u00e8te Muhammad \ufdfa\u00a0plut\u00f4t c\u2019est la foi en Dieu qui sauve de l\u2019enfer:<\/p>\n<blockquote><p>113. Il n\u2019appartient pas au Proph\u00e8te et aux croyants d\u2019implorer le pardon en faveur des associateurs, fussent-ils des parents alors qu\u2019il leur est apparu clairement que ce sont les gens de l\u2019Enfer.\u00a0114. Abraham ne demanda pardon en faveur de son p\u00e8re qu\u2019\u00e0 cause d\u2019une promesse qu\u2019il lui avait faite. Mais, d\u00e8s qu\u2019il lui apparut clairement qu\u2019il \u00e9tait un ennemi d\u2019Allah, il le d\u00e9savoua. Abraham \u00e9tait certes plein de sollicitude et indulgent. (Le Saint Coran 9:113-114)<\/p><\/blockquote>\n<p>Si le Proph\u00e8te Muhammad \ufdfa\u00a0fabriqua le Coran pour sa faveur, aurait-il dit ces versets?<\/p>\n<h3>Le Proph\u00e8te Muhammad \ufdfa\u00a0Utilisa le Coran pour sa Faveur?<\/h3>\n<p>Imaginons que quelqu\u2019un vient et accuse la femme d\u2019un grand roi, et quelques gens commencent \u00e0 accepter ce que dit cet homme et \u00a0\u00e0 parler sur ce sujet. Le roi poss\u00e8de les m\u00e9dias et il peut facilement dire que cet homme est un menteur et il sait que tous les hommes font confiance en lui et ils iraient le croire, n\u2019utiliserait-il pas le m\u00e9dia tout de suite pour terminer ce probl\u00e8me? Ou aurait-il v\u00e9cu avec une douleur grande pendant un mois?<\/p>\n<p>\u00c7a s\u2019est pass\u00e9 avec le Proph\u00e8te Muhammad \ufdfa\u00a0lorsque Abdullah ibn Ubayy ibn Salul le chef des hypocrites (qui disent qu\u2019ils sont des Musulmans mais ils ne croient pas en Islam, ils entrent l\u2019Islam pour l\u2019attaquer de l\u2019int\u00e9rieur) fait \u00e7a avec A\u00efcha, la \u00e9pouse du Proph\u00e8te Muhammad \ufdfa.<\/p>\n<p>Si le Proph\u00e8te Muhammad \ufdfa fabriqua le Coran, il peut fabriquer tout de suite des versets montrant que cet homme est un menteur, mais ce n\u2019\u00e9tait pas le cas ici. La r\u00e9v\u00e9lation s\u2019arr\u00eata pendant un mois et le Proph\u00e8te Muhammad \ufdfa souffrit dans ce mois jusqu\u2019\u00e0 la descendre des versets montrant qu\u2019A\u00efcha est innocente et qu\u2019Abdullah ibn Salul est un menteur.<\/p>\n<p>Si le Proph\u00e8te Muhammad \ufdfa fabrique le Coran, il n\u2019aurait pas besoin d\u2019attendre pendant un mois souffrant tandis qu\u2019il sait que tous les Musulmans vont croire le Coran, on trouve que le Proph\u00e8te Muhammad \ufdfa \u00a0ne juge pas de lui-m\u00eame et il a attendu le d\u00e9cret de Dieu.<\/p>\n<p>Ce n\u2019est pas le fin de l\u2019histoire, il y avait un homme appel\u00e9 Mostah\u00a0parmi les gens qui parlait d\u2019A\u00efcha, le p\u00e8re de\u00a0A\u00efcha Abu Bakr Al Siddiq aidait Mostah. Tandis que les versets montrent qu&rsquo;A\u00efcha est innocente, Abu Bakr jura qu\u2019il n\u2019aidera jamais Mustah, mais les versets de Coran furent descendus ordonnant lui de ne pas faire \u00e7a\u00a0et donnant un grand exemple de pardon:<\/p>\n<blockquote><p><a name=\"22\"><\/a>22. Et que les d\u00e9tenteurs de richesse et d\u2019aisance parmi vous, ne jurent pas de ne plus faire des dons aux proches, aux pauvres, et \u00e0 ceux qui \u00e9migrent dans le sentier d\u2019Allah. Qu\u2019ils pardonnent et absolvent. N\u2019aimez-vous pas qu\u2019Allah vous pardonne? et Allah est Pardonneur et Mis\u00e9ricordieux! (Le Saint Coran 24:22)<\/p><\/blockquote>\n<p>Abu Bakr dit:<\/p>\n<blockquote><p>\u00abSi, j&rsquo;aime qu&rsquo;Allah me pardonne.\u00bb<\/p><\/blockquote>\n<h3><strong>Conclusion<\/strong><\/h3>\n<p>Si le Proph\u00e8te Muhammad \ufdfa\u00a0\u00e9crit le Coran de lui-m\u00eame, il aurait l\u2019utilis\u00e9 pour sa propre b\u00e9n\u00e9fice. Mais ce n\u2019\u00e9tait pas le cas comme montr\u00e9 ci-dessus puisque le Coran n\u2019\u00e9tait pas toujours avec le faveur de Proph\u00e8te Muhammad \ufdfa. C\u2019est parce que le Coran est une r\u00e9v\u00e9lation de Dieu Lui-m\u00eame.<\/p>\n","protected":false},"excerpt":{"rendered":"<p>L&rsquo;une des questions les plus communes parmi les non Musulmans c&rsquo;est: \u00abQui \u00e9crit le Coran? Le Coran est-il la parole de Dieu ou est-il fabriqu\u00e9 par le Proph\u00e8te Muhammad \ufdfa ?\u00bb. C\u2019\u00e9tait un point d\u2019argument entre les Musulmans et les non Musulmans. Dans cet article, la r\u00e9ponse de cette question serait surlign\u00e9e \u00e0 l&rsquo;\u00e9gard de [&hellip;]<\/p>\n","protected":false},"author":1,"featured_media":1465,"parent":883,"menu_order":0,"comment_status":"closed","ping_status":"closed","template":"","meta":{"om_disable_all_campaigns":false,"_monsterinsights_skip_tracking":false,"_monsterinsights_sitenote_active":false,"_monsterinsights_sitenote_note":"","_monsterinsights_sitenote_category":0,"_uf_show_specific_survey":0,"_uf_disable_surveys":false,"footnotes":""},"categories":[51],"tags":[],"class_list":["post-909","page","type-page","status-publish","has-post-thumbnail","hentry","category-le-coran"],"aioseo_notices":[],"_links":{"self":[{"href":"https:\/\/jesus-is-muslim.net\/fr\/wp-json\/wp\/v2\/pages\/909","targetHints":{"allow":["GET"]}}],"collection":[{"href":"https:\/\/jesus-is-muslim.net\/fr\/wp-json\/wp\/v2\/pages"}],"about":[{"href":"https:\/\/jesus-is-muslim.net\/fr\/wp-json\/wp\/v2\/types\/page"}],"author":[{"embeddable":true,"href":"https:\/\/jesus-is-muslim.net\/fr\/wp-json\/wp\/v2\/users\/1"}],"replies":[{"embeddable":true,"href":"https:\/\/jesus-is-muslim.net\/fr\/wp-json\/wp\/v2\/comments?post=909"}],"version-history":[{"count":0,"href":"https:\/\/jesus-is-muslim.net\/fr\/wp-json\/wp\/v2\/pages\/909\/revisions"}],"up":[{"embeddable":true,"href":"https:\/\/jesus-is-muslim.net\/fr\/wp-json\/wp\/v2\/pages\/883"}],"wp:featuredmedia":[{"embeddable":true,"href":"https:\/\/jesus-is-muslim.net\/fr\/wp-json\/wp\/v2\/media\/1465"}],"wp:attachment":[{"href":"https:\/\/jesus-is-muslim.net\/fr\/wp-json\/wp\/v2\/media?parent=909"}],"wp:term":[{"taxonomy":"category","embeddable":true,"href":"https:\/\/jesus-is-muslim.net\/fr\/wp-json\/wp\/v2\/categories?post=909"},{"taxonomy":"post_tag","embeddable":true,"href":"https:\/\/jesus-is-muslim.net\/fr\/wp-json\/wp\/v2\/tags?post=909"}],"curies":[{"name":"wp","href":"https:\/\/api.w.org\/{rel}","templated":true}]}}