{"id":911,"date":"2015-12-25T07:16:08","date_gmt":"2015-12-25T07:16:08","guid":{"rendered":"https:\/\/jesus-is-muslim.net\/fr\/?page_id=911"},"modified":"2017-07-14T14:51:06","modified_gmt":"2017-07-14T12:51:06","slug":"qui-ecrit-le-coran-partie-2","status":"publish","type":"page","link":"https:\/\/jesus-is-muslim.net\/fr\/accueil\/le-coran\/qui-ecrit-le-coran-partie-2\/","title":{"rendered":"Qui \u00c9crit le Coran? (Partie 2)"},"content":{"rendered":"<div id=\"main\" class=\"site-main\">\n<div id=\"primary\" class=\"content-area\">\n<div id=\"content\" class=\"site-content\">\n<article id=\"post-147\" class=\"post-147 page type-page status-publish hentry\">\n<div class=\"entry-content\">\n<p>Dans l\u2019article pr\u00e9c\u00e9dant, on a surlign\u00e9 que <a href=\"https:\/\/jesus-is-muslim.net\/fr\/index.php\/qui-ecrit-le-coran-1\/\">le Proph\u00e8te Muhammad \ufdfa n\u2019a pas \u00e9crit le Coran car il y a des versets \u00e9tant contre sa faveur<\/a>. Dans cet article, on prouvera que le Proph\u00e8te Muhammad \ufdfa n\u2019\u00e9tait pas capable d\u2019\u00e9crire le Coran car c\u2019est impossible qu\u2019il apporte le contenu du Coran par lui-m\u00eame.<\/p>\n<h3>Le Proph\u00e8te Muhammad \ufdfa ne Pouvait pas Lire ou\u00a0\u00c9crire<\/h3>\n<p>Le Proph\u00e8te Muhammad \ufdfa \u00e9tait\u00a0analphab\u00e8te, il ne pouvait pas lire ou \u00e9crire. Le Coran dit:<\/p>\n<blockquote><p>48. Et avant cela, tu ne r\u00e9citais aucun livre et tu n\u2019en n\u2019\u00e9crivais aucun de ta main droite. Sinon, ceux qui nient la v\u00e9rit\u00e9 auraient eu des doutes. (Le Saint Coran 29:43)<\/p><\/blockquote>\n<p>Le Coran est un chef d\u2019\u0153uvre de litt\u00e9rature arabe qui a \u00e9t\u00e9 et demeure in\u00e9gal\u00e9 en mati\u00e8re d\u2019\u00e9loquence.\u00a0 De par son style rythmique, ses rimes, la profondeur de ce qu\u2019il exprime \u2013 qui parfois nous tourmente presque \u2013 , sa majest\u00e9, son\u00a0inimitable symphonie, dont les sonorit\u00e9s m\u00eames \u00e9meuvent jusqu\u2019aux larmes et provoquent un \u00e9tat d\u2019extase, il a fait vaciller les fondations d\u2019une soci\u00e9t\u00e9 enorgueillie par sa po\u00e9sie et qui adorait se pr\u00e9valoir de ses talents oratoires. \u00a0Des concours annuels \u00e9taient organis\u00e9s \u00e0 La Mecque pour d\u00e9terminer qui pourrait r\u00e9citer, de m\u00e9moire, les po\u00e8mes les plus longs et les plus expressifs, et les concurrents rivalisaient d\u2019\u00e9loquence. \u00a0Lorsque le Coran fut r\u00e9v\u00e9l\u00e9, toutes ces comp\u00e9titions furent interrompues. \u00a0Les Arabes avaient compris que toute comp\u00e9tition serait d\u00e9sormais futile. (Source <a href=\"http:\/\/www.islamreligion.com\/fr\/articles\/16\/qui-est-l-auteur-du-coran-partie-2-de-3\/\">ici<\/a>). Cela s\u2019est pass\u00e9 bien que le Proph\u00e8te Muhammad \ufdfa n\u2019\u00e9tait jamais un po\u00e8te et il n\u2019a aucune dite de po\u00e9sie dans toute sa vie. Le Coran dit:<\/p>\n<blockquote><p><a name=\"69\"><\/a>69. Nous ne lui (\u00e0 Muhammad \ufdfa) avons pas enseign\u00e9 la po\u00e9sie; cela ne lui convient pas non plus. Ceci n\u2019est qu\u2019un rappel et une Lecture [Coran] claire, (Le Saint Coran 36:69)<\/p><\/blockquote>\n<p><a href=\"https:\/\/jesus-is-muslim.net\/wp-content\/uploads\/2015\/12\/Qui-a-ecrit-le-Coran-2.png\" rel=\"attachment wp-att-1466\"><img loading=\"lazy\" decoding=\"async\" class=\"alignnone size-full wp-image-1466\" src=\"https:\/\/jesus-is-muslim.net\/wp-content\/uploads\/2015\/12\/Qui-a-ecrit-le-Coran-2.png\" alt=\"Qui a ecrit le Coran-2\" width=\"1040\" height=\"570\" srcset=\"https:\/\/jesus-is-muslim.net\/wp-content\/uploads\/2015\/12\/Qui-a-ecrit-le-Coran-2.png 1040w, https:\/\/jesus-is-muslim.net\/wp-content\/uploads\/2015\/12\/Qui-a-ecrit-le-Coran-2-300x164.png 300w, https:\/\/jesus-is-muslim.net\/wp-content\/uploads\/2015\/12\/Qui-a-ecrit-le-Coran-2-768x421.png 768w, https:\/\/jesus-is-muslim.net\/wp-content\/uploads\/2015\/12\/Qui-a-ecrit-le-Coran-2-1024x561.png 1024w\" sizes=\"auto, (max-width: 1040px) 100vw, 1040px\" \/><\/a><\/p>\n<p>Le Coran fait appel \u00e0 apporter un chapitre comme les chapitres les plus petits de Coran. Mais personne ne pouvait pas relever le d\u00e9fi jusqu\u2019\u00e0 maintenant:<\/p>\n<blockquote><p>23. Si vous avez un doute sur ce que Nous avons r\u00e9v\u00e9l\u00e9 \u00e0 Notre Serviteur, t\u00e2chez donc de produire une sourate semblable et appelez vos t\u00e9moins, (les idoles) que vous adorez en dehors d\u2019Allah, si vous \u00eates v\u00e9ridiques. (Le Saint Coran 2:23)<\/p><\/blockquote>\n<p>L\u2019effet de Coran n\u2019\u00e9tait pas juste selon son langage. Mais l\u2019effet le plus majeur c&rsquo;est l\u2019effet spirituel. Par l\u2019emprise du Coran, les Arabes se sont convertis des tribus dispers\u00e9es et des soci\u00e9t\u00e9s pleines d\u2019injuste, d\u2019adult\u00e8re et des traditions mauvaises comme enterrer leurs filles vivants \u00e0 une soci\u00e9t\u00e9 pleine de justice, d\u2019amour et de civilisation et on voit plus tard comment la civilisation de Musulmans \u00e9tait une grande civilisation durant le moyen \u00c2ge tandis qu\u2019on trouve l&rsquo;Europe vivant sans aucune civilisation dans cette \u00e9poque. C\u2019est l\u2019effet du Coran.<\/p>\n<h3>Les Histoires des Peuples Anciens<\/h3>\n<p>Le Coran raconte un vaste compte sur les Proph\u00e8tes pr\u00e9c\u00e9dents et leurs histoires avec leurs peuples. Les histoires incluent ceux des proph\u00e8tes mentionn\u00e9s dans l\u2019ancien testament comme Adam, No\u00e9, Abraham, Mo\u00efse, David, Solomon et J\u00e9sus (Paix sur eux tous). Beaucoup de d\u00e9tails de ces histoires \u00e9taient mentionn\u00e9s dans la Bible. Il y a des autres d\u00e9tails qui ne sont pas mentionn\u00e9s dans la Bible comme le corps de pharaon qui \u00e9tait sauv\u00e9, J\u00e9sus parlant dans son berceau, et plus d\u00e9tails d\u2019autres. Le Coran parle aussi des proph\u00e8tes qui ne sont pas mentionn\u00e9s dans la Bible et qui n\u2019\u00e9taient pas Isra\u00e9lites comme Hud, Saleh et Shuaib.<\/p>\n<p>Le Proph\u00e8te Muhammad \ufdfa\u00a0\u00e9tait \u00e9lev\u00e9 dans un environnement pa\u00efen et il n\u2019avait pas beaucoup de conversation avec les Juifs et les Chr\u00e9tiens. Il ne pouvait pas conna\u00eetre tous ces d\u00e9tails par lui-m\u00eame. Le Coran reconna\u00eet les avantages des proph\u00e8tes anciens et de m\u00eame temps, il critique les croyances fausses fabriqu\u00e9es par les Juifs et les Chr\u00e9tiens.<\/p>\n<p>Il y a quelques objections que le Proph\u00e8te Muhammad \ufdfa\u00a0prit ces histoires de Waraqa, le cousin de son \u00e9pouse, Khadija. Mais c\u2019est faux puisque le Proph\u00e8te Muhammad \ufdfa\u00a0n\u2019est pas all\u00e9 \u00e0 Waraqa sauf quand la r\u00e9v\u00e9lation est venue \u00e0 lui, et Waraqa fut mort une p\u00e9riode tr\u00e8s courte apr\u00e8s cette r\u00e9union. Cette p\u00e9riode ne fut pas suffisante pour le Proph\u00e8te Muhammad \ufdfa\u00a0pour apprendre tous ces histoires. De plus, les Juifs demandaient le Proph\u00e8te Muhammad \ufdfa\u00a0sur quelques choses apr\u00e8s la mort de Waraqa, et il n\u2019a pas su la r\u00e9ponse tant que la r\u00e9v\u00e9lation s&rsquo;est descendue pour r\u00e9pondre ces points.<\/p>\n<p>Il y a aussi une autre objection, c\u2019est que le Proph\u00e8te Muhammad \ufdfa\u00a0a rencontr\u00e9 avec un moine appel\u00e9 Baheira lorsqu\u2019il \u00e9tait jeune et il lui a enseign\u00e9 toutes histoires des peuples pr\u00e9c\u00e9dents. Cependant c\u2019\u00e9tait une r\u00e9union quand le Proph\u00e8te Muhammad \ufdfa\u00a0avait 12 ans et il \u00e9tait sur le chemin avec une caravane en Syrie. C\u2019\u00e9tait une r\u00e9union tr\u00e8s courte et c\u2019\u00e9tait devant la tribu du Proph\u00e8te Muhammad \ufdfa. \u00a0Le Proph\u00e8te Muhammad ne pouvait pas apprendre tous ces histoires dans cette r\u00e9union et de se souvenir des enseignements apr\u00e8s 28 ans lorsque la r\u00e9v\u00e9lation fait descendre \u00e0 Proph\u00e8te Muhammad \ufdfa\u00a0et le Proph\u00e8te Muhammad \ufdfa\u00a0\u00e9tait assez jeune de retourner seul \u00e0 ce moine. La Simple et la Claire Foi en Dieu.<\/p>\n<h3>La Foi en Dieu est Simple et Claire<\/h3>\n<p>Le Coran enseigne la croyance simple en Dieu, Ses proph\u00e8tes et Ses livres. Le Coran rejette les intercessions aupr\u00e8s les saints ou les hommes car c&rsquo;est rien ne peut nous aider ou nous nuire sauf Dieu. Le Coran dit que le Proph\u00e8te Muhammad \ufdfa n\u2019est qu\u2019un proph\u00e8te et qu\u2019il n\u2019a aucun caract\u00e8re de divinit\u00e9, mais seulement un proph\u00e8te.<\/p>\n<h3>Les Lois D\u00e9taill\u00e9s \u00e0 propos des\u00a0Diff\u00e9rents Aspects de la Vie<\/h3>\n<p>Le Coran donne des lois concernant la politique, l\u2019\u00e9conomie, le mariage, le divorce et l\u2019h\u00e9ritage. Ces lois sont assez d\u00e9taill\u00e9es pour guider dans un \u00e9tat. Ces lois nombreuses dans beaucoup des domaines ne peuvent pas \u00eatre invent\u00e9es par un homme analphab\u00e8te vivant il y a 1400 ans. \u00c7a simplement montre que c\u2019est impossible de dire que le Proph\u00e8te Muhammad \ufdfa\u00a0fabriqua le Coran puisqu\u2019il ne peut pas savoir toutes ces informations.<\/p>\n<\/div>\n<\/article>\n<\/div>\n<\/div>\n<\/div>\n","protected":false},"excerpt":{"rendered":"<p>Dans l\u2019article pr\u00e9c\u00e9dant, on a surlign\u00e9 que le Proph\u00e8te Muhammad \ufdfa n\u2019a pas \u00e9crit le Coran car il y a des versets \u00e9tant contre sa faveur. Dans cet article, on prouvera que le Proph\u00e8te Muhammad \ufdfa n\u2019\u00e9tait pas capable d\u2019\u00e9crire le Coran car c\u2019est impossible qu\u2019il apporte le contenu du Coran par lui-m\u00eame. Le Proph\u00e8te [&hellip;]<\/p>\n","protected":false},"author":1,"featured_media":1466,"parent":883,"menu_order":0,"comment_status":"closed","ping_status":"closed","template":"","meta":{"om_disable_all_campaigns":false,"_monsterinsights_skip_tracking":false,"_monsterinsights_sitenote_active":false,"_monsterinsights_sitenote_note":"","_monsterinsights_sitenote_category":0,"_uf_show_specific_survey":0,"_uf_disable_surveys":false,"footnotes":""},"categories":[51],"tags":[],"class_list":["post-911","page","type-page","status-publish","has-post-thumbnail","hentry","category-le-coran"],"aioseo_notices":[],"_links":{"self":[{"href":"https:\/\/jesus-is-muslim.net\/fr\/wp-json\/wp\/v2\/pages\/911","targetHints":{"allow":["GET"]}}],"collection":[{"href":"https:\/\/jesus-is-muslim.net\/fr\/wp-json\/wp\/v2\/pages"}],"about":[{"href":"https:\/\/jesus-is-muslim.net\/fr\/wp-json\/wp\/v2\/types\/page"}],"author":[{"embeddable":true,"href":"https:\/\/jesus-is-muslim.net\/fr\/wp-json\/wp\/v2\/users\/1"}],"replies":[{"embeddable":true,"href":"https:\/\/jesus-is-muslim.net\/fr\/wp-json\/wp\/v2\/comments?post=911"}],"version-history":[{"count":0,"href":"https:\/\/jesus-is-muslim.net\/fr\/wp-json\/wp\/v2\/pages\/911\/revisions"}],"up":[{"embeddable":true,"href":"https:\/\/jesus-is-muslim.net\/fr\/wp-json\/wp\/v2\/pages\/883"}],"wp:featuredmedia":[{"embeddable":true,"href":"https:\/\/jesus-is-muslim.net\/fr\/wp-json\/wp\/v2\/media\/1466"}],"wp:attachment":[{"href":"https:\/\/jesus-is-muslim.net\/fr\/wp-json\/wp\/v2\/media?parent=911"}],"wp:term":[{"taxonomy":"category","embeddable":true,"href":"https:\/\/jesus-is-muslim.net\/fr\/wp-json\/wp\/v2\/categories?post=911"},{"taxonomy":"post_tag","embeddable":true,"href":"https:\/\/jesus-is-muslim.net\/fr\/wp-json\/wp\/v2\/tags?post=911"}],"curies":[{"name":"wp","href":"https:\/\/api.w.org\/{rel}","templated":true}]}}