{"id":913,"date":"2015-06-25T07:17:52","date_gmt":"2015-06-25T05:17:52","guid":{"rendered":"https:\/\/jesus-is-muslim.net\/fr\/?page_id=913"},"modified":"2017-07-21T15:35:09","modified_gmt":"2017-07-21T13:35:09","slug":"femmes-musulmanes-voile","status":"publish","type":"page","link":"https:\/\/jesus-is-muslim.net\/fr\/accueil\/questions-communes-lslam\/la-femme-dans-lislam\/femmes-musulmanes-voile\/","title":{"rendered":"Pourquoi les Femmes Musulmanes Portent une voile?"},"content":{"rendered":"<h3>Les Solutions de l\u2019Islam du Probl\u00e8me d\u2019adult\u00e8re<\/h3>\n<p>Beaucoup des non Musulmans posent une question: Pourquoi les femmes Musulmans portent des voiles? Pourquoi ils couvrent leurs t\u00eates? N\u2019est-ce pas une oppression de la femme? Pour r\u00e9pondre cette question, on doit au d\u00e9but comprendre comment l\u2019Islam traite avec le probl\u00e8me d\u2019adult\u00e8re et de la fornication. Dieu dit dans le Coran:<\/p>\n<blockquote><p>32. Et n\u2019approchez point la fornication. En v\u00e9rit\u00e9, c\u2019est une turpitude et quel mauvais chemin! (Le Saint Coran 17:32)<\/p><\/blockquote>\n<p>Dieu dit \u00e9galement:<\/p>\n<blockquote><p>21. \u00d4 vous qui avez cru! Ne suivez pas les pas du Diable. Quiconque suit les pas du Diable, [sachez que] celui-ci ordonne la turpitude et le bl\u00e2mable.\u00a0(Le Saint Coran 24:21)<\/p><\/blockquote>\n<p>Lorsque Dieu interdit l\u2019adult\u00e8re, Il sait qu\u2019il y a de nombreuses routes qui conduisent les humains vers ce p\u00e9ch\u00e9 horrible. Si Dieu laisse ces chemins ouverts, il sera difficile de r\u00e9duire les taux de l\u2019adult\u00e8re. Ces chemins d\u00e9pendent sur les attitudes des hommes autant que ceux des femmes. C\u2019est pourquoi Dieu interdit que les hommes de regarder les femmes. Allah dit dans le Coran:<\/p>\n<blockquote><p>30. Dis aux croyants de baisser leurs regards et de garder leur chastet\u00e9. C\u2019est plus pur pour eux. Allah est, certes, Parfaitement Connaisseur de ce qu\u2019ils font. (Le Saint Coran 24:30)<\/p><\/blockquote>\n<p>Ce n\u2019est pas la seule solution. Le Proph\u00e8te Muhammad \ufdfa dit \u00e9galement:<\/p>\n<blockquote><p>\u00abGardez-vous d\u2019entrer chez les femmes\u00bb\u00a0. Un homme des \u2018Ans\u00e2r interpella\u00a0alors le Proph\u00e8te en ces termes : \u00ab\u00a0\u00d4 Envoy\u00e9 de Dieu et que penses-tu des proches du mari\u00a0(autres ses parents et ses fils)?\u00a0\u00bb \u2013 \u00ab\u00a0Les proches du mari, autres ses parents et ses fils, r\u00e9pondit-il,\u00a0c\u2019est la mort\u00ab\u00a0. (Mouslim)<\/p><\/blockquote>\n<p>Le Proph\u00e8te Muhammad \ufdfa dit:<\/p>\n<blockquote><p>\u00ab\u00d4 jeunes gens! Quiconque parmi vous poss\u00e8de la capacit\u00e9 physique et les moyens<br \/>\nfinanciers n\u00e9cessaires au mariage, qu\u2019il se met en m\u00e9nage. Certes, le mariage contraint les\u00a0regards lascifs et pr\u00e9serve la chastet\u00e9. Quant \u00e0 celui qui n\u2019en poss\u00e8de pas les moyens, qu\u2019il\u00a0je\u00fbne, car le je\u00fbne le prot\u00e9gera contre la tentation\u00bb (Mouslim)<\/p><\/blockquote>\n<p>La voile n\u2019est pas juste la seule solution pour emp\u00eacher l\u2019adult\u00e8re, c\u2019est une solution parmi beaucoup des solutions. Et toutes ces solutions doivent \u00eatre consid\u00e9r\u00e9es. C\u2019est pourquoi l\u2019Islam ordonne de faciliter le mariage\u00a0et\u00a0de baisser les\u00a0regards sur les femmes. D\u2019autre part, les femmes doivent porter la voile. Allah dit dans le Coran:<\/p>\n<blockquote><p>31. Et dis aux croyantes de baisser leurs regards, de garder leur chastet\u00e9, et de ne montrer de leurs atours que ce qui en para\u00eet et qu\u2019elles rabattent leur voile sur leurs poitrines;\u00a0(Le Saint Coran\u00a024:31)<\/p><\/blockquote>\n<p><a href=\"https:\/\/jesus-is-muslim.net\/wp-content\/uploads\/2015\/12\/Pourquoi-le-hijab.png\" rel=\"attachment wp-att-1560\"><img loading=\"lazy\" decoding=\"async\" class=\"alignnone size-full wp-image-1560\" src=\"https:\/\/jesus-is-muslim.net\/wp-content\/uploads\/2015\/12\/Pourquoi-le-hijab.png\" alt=\"Pourquoi les femmes Musulmanes portent la voile?\" width=\"1040\" height=\"570\" srcset=\"https:\/\/jesus-is-muslim.net\/wp-content\/uploads\/2015\/12\/Pourquoi-le-hijab.png 1040w, https:\/\/jesus-is-muslim.net\/wp-content\/uploads\/2015\/12\/Pourquoi-le-hijab-300x164.png 300w, https:\/\/jesus-is-muslim.net\/wp-content\/uploads\/2015\/12\/Pourquoi-le-hijab-768x421.png 768w, https:\/\/jesus-is-muslim.net\/wp-content\/uploads\/2015\/12\/Pourquoi-le-hijab-1024x561.png 1024w\" sizes=\"auto, (max-width: 1040px) 100vw, 1040px\" \/><\/a><\/p>\n<p>Dieu dit dans un autre verset:<\/p>\n<blockquote><p>59.\u00d4 Proph\u00e8te! Dis \u00e0 tes \u00e9pouses, \u00e0 tes filles, et aux femmes des croyants, de ramener sur elles leurs grands voiles: elles en seront plus vite reconnues et \u00e9viteront d\u2019\u00eatre offens\u00e9es. Allah est Pardonneur et Mis\u00e9ricordieux.\u00a0(Le Saint Coran\u00a033:59)<\/p><\/blockquote>\n<p>La voile n\u2019est pas juste une\u00a0\u00e9charpe sur la t\u00eate.\u00a0Le voile Islamique, ou hijab, fait r\u00e9f\u00e9rence au v\u00eatement ample, opaque et simple qui couvre le corps de la femme Musulmane.\u00a0 Bien que pratiquement identique au v\u00eatement que l\u2019on voit souvent dans les tableaux chr\u00e9tiens traditionnels repr\u00e9sentant la vierge Marie (que Dieu les b\u00e9nisse, elle et son fils) et aux v\u00eatements port\u00e9s par les religieuses chr\u00e9tiennes qui ont cherch\u00e9 \u00e0 l\u2019imiter, le hijab est spontan\u00e9ment associ\u00e9 \u00e0 l\u2019extr\u00e9misme religieux et au pr\u00e9tendu statut inf\u00e9rieur de la femme en Islam. (Source <a href=\"http:\/\/www.islamreligion.com\/fr\/articles\/287\/le-voile-devoile\/\">ici<\/a>)<\/p>\n<p>On doit consid\u00e9rer ici la nature des femmes, Dieu cr\u00e9a les femmes avec un beau corps. Alors elles semblent\u00a0provocantes s\u2019elles ne couvrent pas leurs corps bien.\u00a0\u00c7a peut tirer l\u2019attention des hommes sur elles.\u00a0\u00a0La femme sait tr\u00e8s bien que le look joue un r\u00f4le tr\u00e8s important pour repr\u00e9senter sa personnalit\u00e9, tout comme elle sait que celle qui s\u2019exhibe avec une tenue attirante risque des agressions non seulement verbales, mais aussi physiques.\u00a0(Source <a href=\"http:\/\/www.firdaous.com\/00494-la-femme-musulmane-et-le-voile.htm\">ici<\/a>). Une femme Musulmane raconte pourquoi elle porta la voile:<\/p>\n<blockquote>\n<p class=\"w-body-text-1\">Mon corps n\u2019a pas \u00e9t\u00e9 cr\u00e9\u00e9 pour \u00eatre utilis\u00e9 par des compagnies qui cherchent \u00e0 mousser leurs produits, de la bi\u00e8re aux voitures, en passant par les produits alimentaires!\u00a0\u00c0 cause de la superficialit\u00e9 du monde dans lequel nous vivons, les apparences sont devenues si importantes que la valeur de l\u2019individu compte pour presque rien.\u00a0 La lib\u00e9ration de la femme n\u2019est rien d\u2019autre qu\u2019un mythe!\u00a0 De quel genre de libert\u00e9 la femme jouit-elle quand elle ne peut marcher sur la rue sans que chaque d\u00e9tail de son physique ne soit observ\u00e9?<\/p>\n<p class=\"w-body-text-1\">Lorsque je porte mon hijab, je me sens lib\u00e9r\u00e9e de tout cela. \u00a0Je suis certaine que personne ne se fait une id\u00e9e de moi bas\u00e9e sur la longueur de ma jupe.\u00a0 Ma tenue constitue une barri\u00e8re entre moi et ceux qui voudraient m\u2019exploiter.\u00a0 Je suis d\u2019abord et avant tout un \u00eatre humain au m\u00eame titre que n\u2019importe quel homme, et je ne me consid\u00e8re pas comme vuln\u00e9rable \u00e0 cause de mon sexe.\u00a0(Source <a href=\"http:\/\/www.islamreligion.com\/fr\/articles\/525\/pourquoi-je-porte-le-hijab\/\">ici<\/a>)<\/p>\n<\/blockquote>\n<h3>Les Hommes doivent porter une voile?<\/h3>\n<div id=\"t334890\" class=\"englishcontainer\">\n<div class=\"english_hadith_full\">\n<div class=\"clear\">L\u2019un peut poser une question; pourquoi les hommes Musulmans ne portent pas une voile comme les femmes? Les hommes et les femmes voient les uns les autres avec une fa\u00e7on diff\u00e9rente. Les hommes sont plus motiv\u00e9s par le d\u00e9sir sexuel plus que l\u2019amour et les \u00e9motions. D&rsquo;autre part, les femmes ne sont pas s\u00e9duites par un homme juste parce qu\u2019il a un beau corps, mais elles sont s\u00e9duites davantage par sa gentillesse et par sa personnalit\u00e9, ce sont des choses qui se passent pendant longtemps, non juste lorsqu\u2019une femme voit un homme dans la rue. Alors on ne peut pas voir une femme harasser ou violer un homme dans la rue car il semble beau, mais plut\u00f4t on peut voir cela se passant quand un homme voit une femme.<\/div>\n<\/div>\n<div class=\"english_hadith_full\">\n<h3 class=\"clear\">La Voile dans le Christianisme<\/h3>\n<div class=\"clear\">En fait la voile \u00e9tait\u00a0obligatoire selon la tradition Chr\u00e9tienne. Tertullien, l\u2019ancien p\u00e8re de l\u2019\u00e9glise a \u00e9crit un livre \u00e0 propos de <a href=\"http:\/\/www.tertullian.org\/french\/g3_09_de_virginibus_velandis.htm\">la voile des vierges<\/a>:<\/div>\n<div class=\"clear\"><\/div>\n<blockquote>\n<div class=\"clear\"><span class=\"chapterno\">I.<\/span>\u00a0Entra\u00een\u00e9 par la d\u00e9fense de mon opinion, je prouverai aussi en latin qu\u2019il faut voiler nos vierges d\u00e8s qu\u2019elles sortent de l\u2019enfance; qu\u2019ainsi le demande la v\u00e9rit\u00e9, contre laquelle rien ne peut prescrire, ni le temps ni la dignit\u00e9 des personnes, ni le privil\u00e8ge des contr\u00e9es; car le plus souvent la coutume n\u00e9e de l\u2019ignorance ou de la simplicit\u00e9 des hommes se fortifie par l\u2019usage dans la succession des temps, et par l\u00e0 pr\u00e9vaut contre la v\u00e9rit\u00e9.<\/div>\n<\/blockquote>\n<div class=\"clear\">On peut ici voir dans la didasclie des ap\u00f4tres ou\u00a0<i><a href=\"https:\/\/archive.org\/stream\/LaDidascalieDesApotres\/LaDidascalie#page\/n19\/mode\/2up\">Doctrine catholique des 12 Ap\u00f4tres et saints disciples de notre Sauveur<\/a>\u00bb:<\/i><\/div>\n<div class=\"clear\">\n<blockquote><p>\u00abToi donc qui es Chr\u00e9tienne [9], ne rassemble pas \u00e0 de telles femmes, mais si tu veux \u00eatre fid\u00e8le, ne plais qu\u2019\u00e0 ton mari, et quand tu marches sur la place publique, couvre-toi la t\u00eate avec ton habit, afin que le voile cache ta grande beaut\u00e9. N\u2019orne pas la face de tes yeux, mais baisse les yeux et marche voil\u00e9e.\u00bb<\/p><\/blockquote>\n<p>Donc, la voile n\u2019\u00e9tait pas juste un enseignement Islamique, elle existaient aussi dans les enseignements Chr\u00e9tiens.<\/p>\n<\/div>\n<\/div>\n<\/div>\n","protected":false},"excerpt":{"rendered":"<p>Les Solutions de l\u2019Islam du Probl\u00e8me d\u2019adult\u00e8re Beaucoup des non Musulmans posent une question: Pourquoi les femmes Musulmans portent des voiles? Pourquoi ils couvrent leurs t\u00eates? N\u2019est-ce pas une oppression de la femme? Pour r\u00e9pondre cette question, on doit au d\u00e9but comprendre comment l\u2019Islam traite avec le probl\u00e8me d\u2019adult\u00e8re et de la fornication. Dieu dit [&hellip;]<\/p>\n","protected":false},"author":1,"featured_media":1560,"parent":835,"menu_order":0,"comment_status":"closed","ping_status":"closed","template":"","meta":{"om_disable_all_campaigns":false,"_monsterinsights_skip_tracking":false,"_monsterinsights_sitenote_active":false,"_monsterinsights_sitenote_note":"","_monsterinsights_sitenote_category":0,"_uf_show_specific_survey":0,"_uf_disable_surveys":false,"footnotes":""},"categories":[54],"tags":[],"class_list":["post-913","page","type-page","status-publish","has-post-thumbnail","hentry","category-les-femmes-dans-lislam-des-questions-sur-lislam"],"aioseo_notices":[],"_links":{"self":[{"href":"https:\/\/jesus-is-muslim.net\/fr\/wp-json\/wp\/v2\/pages\/913","targetHints":{"allow":["GET"]}}],"collection":[{"href":"https:\/\/jesus-is-muslim.net\/fr\/wp-json\/wp\/v2\/pages"}],"about":[{"href":"https:\/\/jesus-is-muslim.net\/fr\/wp-json\/wp\/v2\/types\/page"}],"author":[{"embeddable":true,"href":"https:\/\/jesus-is-muslim.net\/fr\/wp-json\/wp\/v2\/users\/1"}],"replies":[{"embeddable":true,"href":"https:\/\/jesus-is-muslim.net\/fr\/wp-json\/wp\/v2\/comments?post=913"}],"version-history":[{"count":0,"href":"https:\/\/jesus-is-muslim.net\/fr\/wp-json\/wp\/v2\/pages\/913\/revisions"}],"up":[{"embeddable":true,"href":"https:\/\/jesus-is-muslim.net\/fr\/wp-json\/wp\/v2\/pages\/835"}],"wp:featuredmedia":[{"embeddable":true,"href":"https:\/\/jesus-is-muslim.net\/fr\/wp-json\/wp\/v2\/media\/1560"}],"wp:attachment":[{"href":"https:\/\/jesus-is-muslim.net\/fr\/wp-json\/wp\/v2\/media?parent=913"}],"wp:term":[{"taxonomy":"category","embeddable":true,"href":"https:\/\/jesus-is-muslim.net\/fr\/wp-json\/wp\/v2\/categories?post=913"},{"taxonomy":"post_tag","embeddable":true,"href":"https:\/\/jesus-is-muslim.net\/fr\/wp-json\/wp\/v2\/tags?post=913"}],"curies":[{"name":"wp","href":"https:\/\/api.w.org\/{rel}","templated":true}]}}