{"id":915,"date":"2015-12-25T07:19:48","date_gmt":"2015-12-25T07:19:48","guid":{"rendered":"https:\/\/jesus-is-muslim.net\/fr\/?page_id=915"},"modified":"2017-07-21T14:55:18","modified_gmt":"2017-07-21T12:55:18","slug":"les-droits-des-femmes-dans-lislam","status":"publish","type":"page","link":"https:\/\/jesus-is-muslim.net\/fr\/accueil\/questions-communes-lslam\/la-femme-dans-lislam\/les-droits-des-femmes-dans-lislam\/","title":{"rendered":"Les Droits des Femmes dans l\u2019Islam"},"content":{"rendered":"<p>Beaucoup de gens pensent \u00e0 tort que l\u2019Islam opprime les femmes. Ils\u00a0ont cette id\u00e9e car il semble que les hommes aient plus de droits que les femmes. Cet article prouvera que l\u2019Islam n\u2019a jamais opprim\u00e9 les femmes.\u00a0Au contraire, la femme s\u2019occupe d&rsquo;un haut statut dans l\u2019Islam puisqu\u2019elle joue un r\u00f4le important en \u00e9levant la soci\u00e9t\u00e9 Islamique.<\/p>\n<blockquote><p>D\u2019apr\u00e8s Abou Hourayra (que Dieu l\u2019agr\u00e9e), un homme vint trouver le Proph\u00e8te Muhammad\u00a0(paix et b\u00e9n\u00e9diction de Dieu sur lui) et lui dit : \u00ab\u00a0Quelle est la personne qui m\u00e9rite le plus ma\u00a0bonne compagnie?\u00a0\u00bb. \u2013 \u00ab\u00a0Ta m\u00e8re\u00bb\u00a0, r\u00e9pondit-il. \u2013 \u00ab\u00a0Et qui ensuite?\u00a0\u00bb. \u2013 \u00ab\u00a0Ta m\u00e8re\u00bb\u00a0. \u2013 \u00ab\u00a0Et qui\u00a0ensuite?\u00a0\u00bb. \u2013 \u00ab\u00a0Ta m\u00e8re\u00bb\u00a0. \u2013 \u00ab\u00a0Et qui ensuite?\u00a0\u00bb. \u2013 \u00ab\u00a0Ton p\u00e8re\u00bb\u00a0.<\/p><\/blockquote>\n<p>Concernant l\u2019\u00e9pouse,\u00a0le Proph\u00e8te (Paix sur lui)\u00a0dit :<\/p>\n<blockquote><p>\u00ab Le croyant qui a la foi la plus compl\u00e8te est celui qui a le meilleur comportement et les meilleurs d\u2019entre vous sont les meilleurs avec leurs femmes \u00bb (At-Tirmidhi)<\/p><\/blockquote>\n<p>Concernant les tantes,\u00a0un homme vint voir le Proph\u00e8te Muhammad \ufdfa et dit :<\/p>\n<blockquote>\n<p class=\"hadith\">\u00ab \u00d4 Messager d\u2019Allah ! J\u2019ai commis un grand p\u00e9ch\u00e9, comment puis-je me repentir ?\u00bb\u00a0Le Proph\u00e8te \ufdfa lui demanda:\u00a0\u00abTes deux parents sont-ils en vie?\u00bb Non, r\u00e9pondit-il.\u00a0\u00abAs-tu une tante maternelle, reprit le Proph\u00e8te \ufdfa?\u00bb -Oui, r\u00e9pliqua l\u2019homme. Sois donc bon envers elle,\u00a0conclut le Proph\u00e8te Muhammad \ufdfa\u00bb . (Ibn Hibbane)<\/p>\n<\/blockquote>\n<p>Concernant les filles et les s\u0153urs, le Proph\u00e8te Muhammad \ufdfa a dit :<\/p>\n<blockquote><p>\u00ab Celui qui a \u00e9lev\u00e9\u00a0 trois filles, deux filles ou deux s\u0153urs en craignant Allah dans sa fa\u00e7on de les traiter et en \u00e9tant bienfaisant envers elles, gagnera sans aucun doute le Paradis. \u00bb (At-Tirmidhi)<\/p><\/blockquote>\n<p><a href=\"https:\/\/jesus-is-muslim.net\/wp-content\/uploads\/2015\/12\/Le-Statut-des-femmes-en-Islam.png\" rel=\"attachment wp-att-1566\"><img loading=\"lazy\" decoding=\"async\" class=\"alignnone size-full wp-image-1566\" src=\"https:\/\/jesus-is-muslim.net\/wp-content\/uploads\/2015\/12\/Le-Statut-des-femmes-en-Islam.png\" alt=\"Le Statut des femmes en Islam\" width=\"1040\" height=\"570\" srcset=\"https:\/\/jesus-is-muslim.net\/wp-content\/uploads\/2015\/12\/Le-Statut-des-femmes-en-Islam.png 1040w, https:\/\/jesus-is-muslim.net\/wp-content\/uploads\/2015\/12\/Le-Statut-des-femmes-en-Islam-300x164.png 300w, https:\/\/jesus-is-muslim.net\/wp-content\/uploads\/2015\/12\/Le-Statut-des-femmes-en-Islam-768x421.png 768w, https:\/\/jesus-is-muslim.net\/wp-content\/uploads\/2015\/12\/Le-Statut-des-femmes-en-Islam-1024x561.png 1024w\" sizes=\"auto, (max-width: 1040px) 100vw, 1040px\" \/><\/a><\/p>\n<p>On voit ici le statut de la femme comme une m\u00e8re, une \u00e9pouse, une tante, une fille et une s\u0153ur. L\u2019Islam reconna\u00eet le r\u00f4le de la m\u00e8re dans la maison et sa responsabilit\u00e9 grande pour \u00e9lever les enfant des hommes et des femmes qui b\u00e2tissent la soci\u00e9t\u00e9. C\u2019est pourquoi la m\u00e8re est mentionn\u00e9e trois fois avant du p\u00e8re.<\/p>\n<p>L\u2019Islam donne les femmes beaucoup des droits, l\u2019un de ces droits c&rsquo;est le droit de chercher \u00e0 acqu\u00e9rir la\u00a0connaissance. Le hadith suivant r\u00e9pond l\u2019id\u00e9e fausse commune parmi les non Musulmans que l\u2019Islam interdit l\u2019\u00e9ducation de la femme, le Proph\u00e8te Muhammad \ufdfa dit:<\/p>\n<blockquote><p>\u00ab\u00a0Chercher \u00e0 acqu\u00e9rir le savoir est une obligation pour chaque Musulman (homme ou femme).\u00a0\u00bb (<i>at-Tirmidhi<\/i>)<\/p><\/blockquote>\n<p>Les femmes sont consult\u00e9es dans les cas importants, le Proph\u00e8te Muhammad \ufdfa entendait les avis de ses \u00e9pouses. Les femmes ont le droit de poss\u00e9der d\u2019argent et des atouts. Elles ont le droit de diriger des affaires et de travailler si ce travail n\u2019a pas une chose qui est contre le message de l\u2019Islam, c\u2019est bien qu\u2019elles ne soient pas demand\u00e9es de d\u00e9penser de l\u2019argent sur sa maison parce que c\u2019est le devoir de l\u2019homme. Allah dit dans le Coran:<\/p>\n<blockquote><p>19. \u00d4 les croyants! Il ne vous est pas licite d\u2019h\u00e9riter des femmes contre leur gr\u00e9. Ne les emp\u00eachez pas de se remarier dans le but de leur ravir une partie de ce que vous aviez donn\u00e9, \u00e0 moins qu\u2019elles ne viennent \u00e0 commettre un p\u00e9ch\u00e9 prouv\u00e9. Et comportez-vous convenablement envers elles. Si vous avez de l\u2019aversion envers elles durant la vie commune, il se peut que vous ayez de l\u2019aversion pour une chose o\u00f9 Allah a d\u00e9pos\u00e9 un grand bien. (Le Saint Coran 4:19)<\/p><\/blockquote>\n<p>Les femmes ont beaucoup de droits dans l\u2019Islam. Ces droits sont vus par l\u2019emprise de leurs r\u00f4les dans la soci\u00e9t\u00e9. L\u2019article suivant surlignera <a href=\"https:\/\/jesus-is-muslim.net\/fr\/accueil\/questions-communes-lslam\/la-femme-dans-lislam\/hommes-egaux-aux-femmes-islam\/\">comment ces r\u00f4les vont avec les r\u00f4les des hommes<\/a>.<\/p>\n","protected":false},"excerpt":{"rendered":"<p>Beaucoup de gens pensent \u00e0 tort que l\u2019Islam opprime les femmes. Ils\u00a0ont cette id\u00e9e car il semble que les hommes aient plus de droits que les femmes. Cet article prouvera que l\u2019Islam n\u2019a jamais opprim\u00e9 les femmes.\u00a0Au contraire, la femme s\u2019occupe d&rsquo;un haut statut dans l\u2019Islam puisqu\u2019elle joue un r\u00f4le important en \u00e9levant la soci\u00e9t\u00e9 [&hellip;]<\/p>\n","protected":false},"author":1,"featured_media":1566,"parent":835,"menu_order":0,"comment_status":"closed","ping_status":"closed","template":"","meta":{"om_disable_all_campaigns":false,"_monsterinsights_skip_tracking":false,"_monsterinsights_sitenote_active":false,"_monsterinsights_sitenote_note":"","_monsterinsights_sitenote_category":0,"_uf_show_specific_survey":0,"_uf_disable_surveys":false,"footnotes":""},"categories":[54],"tags":[],"class_list":["post-915","page","type-page","status-publish","has-post-thumbnail","hentry","category-les-femmes-dans-lislam-des-questions-sur-lislam"],"aioseo_notices":[],"_links":{"self":[{"href":"https:\/\/jesus-is-muslim.net\/fr\/wp-json\/wp\/v2\/pages\/915","targetHints":{"allow":["GET"]}}],"collection":[{"href":"https:\/\/jesus-is-muslim.net\/fr\/wp-json\/wp\/v2\/pages"}],"about":[{"href":"https:\/\/jesus-is-muslim.net\/fr\/wp-json\/wp\/v2\/types\/page"}],"author":[{"embeddable":true,"href":"https:\/\/jesus-is-muslim.net\/fr\/wp-json\/wp\/v2\/users\/1"}],"replies":[{"embeddable":true,"href":"https:\/\/jesus-is-muslim.net\/fr\/wp-json\/wp\/v2\/comments?post=915"}],"version-history":[{"count":0,"href":"https:\/\/jesus-is-muslim.net\/fr\/wp-json\/wp\/v2\/pages\/915\/revisions"}],"up":[{"embeddable":true,"href":"https:\/\/jesus-is-muslim.net\/fr\/wp-json\/wp\/v2\/pages\/835"}],"wp:featuredmedia":[{"embeddable":true,"href":"https:\/\/jesus-is-muslim.net\/fr\/wp-json\/wp\/v2\/media\/1566"}],"wp:attachment":[{"href":"https:\/\/jesus-is-muslim.net\/fr\/wp-json\/wp\/v2\/media?parent=915"}],"wp:term":[{"taxonomy":"category","embeddable":true,"href":"https:\/\/jesus-is-muslim.net\/fr\/wp-json\/wp\/v2\/categories?post=915"},{"taxonomy":"post_tag","embeddable":true,"href":"https:\/\/jesus-is-muslim.net\/fr\/wp-json\/wp\/v2\/tags?post=915"}],"curies":[{"name":"wp","href":"https:\/\/api.w.org\/{rel}","templated":true}]}}