{"id":929,"date":"2015-10-25T07:45:36","date_gmt":"2015-10-25T07:45:36","guid":{"rendered":"https:\/\/jesus-is-muslim.net\/fr\/?page_id=929"},"modified":"2018-02-20T20:44:30","modified_gmt":"2018-02-20T18:44:30","slug":"des-temoignages-du-prophete-muhammad","status":"publish","type":"page","link":"https:\/\/jesus-is-muslim.net\/fr\/accueil\/le-prophete-muhammad\/des-temoignages-du-prophete-muhammad\/","title":{"rendered":"Des T\u00e9moignages du Proph\u00e8te Muhammad"},"content":{"rendered":"<p>Il y a beaucoup des Juifs et des Chr\u00e9tiens avaient fait t\u00e9moignages pour le Proph\u00e8te Muhammad \ufdfa pendant sa vie. Cet article en surlignera quelques.<\/p>\n<p>Le Proph\u00e8te Muhammad \ufdfa est pr\u00e9dit dans les \u00e9critures pr\u00e9c\u00e9dentes et <a href=\"https:\/\/jesus-is-muslim.net\/fr\/index.php\/le-prophete-muhammad-dans-la-bible\/\">quelques proph\u00e9ties sont toujours\u00a0dans la Bible<\/a>. Ce fait \u00e9tait connu par les Juifs et les Chr\u00e9tiens contemporaines au Proph\u00e8te Muhammad (Paix sur lui). Beaucoup des histoires montrent que les Juifs \u00e0\u00a0M\u00e9dine attendaient un proph\u00e8te en Arabie.<\/p>\n<p><a href=\"https:\/\/jesus-is-muslim.net\/wp-content\/uploads\/2013\/05\/TESTIMIONIES.jpeg\" rel=\"attachment wp-att-1354\"><img loading=\"lazy\" decoding=\"async\" class=\"alignnone size-full wp-image-1354\" src=\"https:\/\/jesus-is-muslim.net\/wp-content\/uploads\/2013\/05\/TESTIMIONIES.jpeg\" alt=\"Testimonies of contemporary Jews and Christians for Prophet Muhammad\" width=\"630\" height=\"315\" srcset=\"https:\/\/jesus-is-muslim.net\/wp-content\/uploads\/2013\/05\/TESTIMIONIES.jpeg 630w, https:\/\/jesus-is-muslim.net\/wp-content\/uploads\/2013\/05\/TESTIMIONIES-300x150.jpeg 300w\" sizes=\"auto, (max-width: 630px) 100vw, 630px\" \/><\/a><\/p>\n<h3>Abdullah ibn Salam<\/h3>\n<p>Par exemple, l\u2019histoire de Abdullah ibn Salam, l\u2019un des rabbins Juifs en M\u00e9dine qui savait le Proph\u00e8te Muhammad et verifiait qu\u2019il soit le Proph\u00e8te pr\u00e9dit dans la Torah et enfin il\u00a0a cru qu&rsquo;il est un Proph\u00e8te envoy\u00e9 de Dieu et il fut devenu un Musulman.\u00a0Ce lien raconte <a href=\"http:\/\/www.sajidine.com\/vies\/compagnons\/abdallah_ibn_salam.htm\">l\u2019histoire d\u2019Abdullah ibn Salam<\/a> plus en detail.<\/p>\n<h3>Hoyayy ibn Akhtab<\/h3>\n<p>Au contraire, on trouve Hoyayy ibn Akhtab, un chef Juif qui a montr\u00e9 l\u2019hostilit\u00e9 au Proph\u00e8te Muhammad. Sa fille Safiyya raconte que lorsqu\u2019il fut revenu chez soi avec son fr\u00e8re apr\u00e8s qu\u2019ils ont rencontr\u00e9 avec le Proph\u00e8te Muhammad.<\/p>\n<blockquote><p>Son fr\u00e8re Abu Yasir demanda lui: \u00abEst-ce t-il vraiment le Proph\u00e8te?\u00bb<\/p>\n<p>Hoyayy r\u00e9pondit: \u00abOui\u00bb<\/p>\n<p>Abu Yasir lui demanda: \u00abQue feras-tu?\u00bb<\/p>\n<p>Hoyayy dit: \u00abJe serai son ennemi aussi longtemps que je sois vivant\u00bb (Rapport\u00e9 par Ibn Hisham)<\/p><\/blockquote>\n<h3>Salman de Perse<\/h3>\n<p>Parmi les Chr\u00e9tiens qui ont cru en le Proph\u00e8te Muhammad \ufdfa, il y avait Salman le Perse. C\u2019est une grande histoire d\u2019un Perse qui a commenc\u00e9 sa vie comme un Zoroastre, mais il trouva une \u00e9glise et il s&rsquo;est converti au Christianisme. Il est d\u00e9port\u00e9 \u00e0 Damas pour rejoindre l\u2019\u00e9glise existant l\u00e0-bas , mais il vit quelques formes de la corruption de l\u2019\u00e9v\u00eaque de l\u2019\u00e9glise qui fut mort apr\u00e8s une courte p\u00e9riode. L\u2019\u00e9v\u00eaque succ\u00e9dant \u00e9tait un pieux homme, mais il est mort apr\u00e8s une courte p\u00e9riode aussi. Cet \u00e9v\u00eaque a recommand\u00e9 Salman de rester avec un autre pieux homme \u00e0 Mosul en Irak. Salman est venu \u00e0 cet homme et il restait avec lui et lorsque cet homme \u00e9tait mort, il lui a recommand\u00e9 d\u2019un autre homme en Ammuriya en Turquie aujourd\u2019hui. Cet homme en Ammuriya dit \u00e0 Salman en mourant:<\/p>\n<blockquote><p>\u00ab\u00d4 mon fils ! Je ne vois personne ayant les qualit\u00e9s que tu recherches mais je sais qu\u2019un proph\u00e8te va appara\u00eetre, pr\u00eachant la religion d\u2019Abraham. Son av\u00e8nement est imminent. Il sortira du pays des Arabes et \u00e9migrera vers une terre plant\u00e9e de palmiers situ\u00e9e entre deux zones couvertes de pierres volcaniques.<\/p>\n<p>Cet homme poss\u00e8de des signes particuliers par lesquels tu peux le reconna\u00eetre. Il refuse les aum\u00f4nes mais accepte les cadeaux. Entre ses \u00e9paules, se trouve le sceau de la proph\u00e9tie. Si tu le vois, tu le reconna\u00eetras ais\u00e9ment. Si tu trouves le moyen de rejoindre ce pays, n\u2019h\u00e9site pas.\u00bb<\/p><\/blockquote>\n<p>Salman est parti en Arabie, lorsqu\u2019il \u00e9tait en cours de la route jusqu\u2019\u00e0 l\u2019Arabie, les Arabes menant le caravan le trahirent et ils le vendirent \u00e0 un Juif \u00e0 M\u00e9dine. Lorsque le Proph\u00e8te Muhammad \u00e9migra vers M\u00e9dine, il le rencontra et il v\u00e9rifia que le Proph\u00e8te Muhammad est le Proph\u00e8te dont le moine d\u2019Amourriya a d\u00e9crit. Salman a cru en Proph\u00e8te Muhammad \ufdfa et il devint un de ses disciples.<\/p>\n<h3>H\u00e9raclius, le Roi Byzantin<\/h3>\n<p>Lorsque H\u00e9raclius \u00e9tait en Syrie, il a entendu dire qu&rsquo;il y avait des \u00e9v\u00e9nements grands dans l\u2019Arabie, la venue du Proph\u00e8te Muhammad et son nouveau \u00e9tat. Il rappela les Arabes en Syrie pour lui raconter ce qui se passe. Dans ce temps, Abu Sufyan, le chef de La Mecque \u00e9tait en Syrie. Alors, Hieraclius fait une conversation longue avec lui sur le Proph\u00e8te Muhammad \ufdfa. Apr\u00e8s ce dialogue,\u00a0H\u00e9raclius \u00e9tait s\u00fbr que le Proph\u00e8te Muhammad est vraiment un proph\u00e8te venant de Dieu. On peut lire cette conversation en d\u00e9tail <a href=\"http:\/\/www.islamweb.net\/frh\/print.php?id=183837&amp;lang=F\">dans ce lien<\/a>.<\/p>\n","protected":false},"excerpt":{"rendered":"<p>Il y a beaucoup des Juifs et des Chr\u00e9tiens avaient fait t\u00e9moignages pour le Proph\u00e8te Muhammad \ufdfa pendant sa vie. Cet article en surlignera quelques. Le Proph\u00e8te Muhammad \ufdfa est pr\u00e9dit dans les \u00e9critures pr\u00e9c\u00e9dentes et quelques proph\u00e9ties sont toujours\u00a0dans la Bible. Ce fait \u00e9tait connu par les Juifs et les Chr\u00e9tiens contemporaines au Proph\u00e8te [&hellip;]<\/p>\n","protected":false},"author":1,"featured_media":1354,"parent":866,"menu_order":0,"comment_status":"closed","ping_status":"closed","template":"","meta":{"om_disable_all_campaigns":false,"_monsterinsights_skip_tracking":false,"_monsterinsights_sitenote_active":false,"_monsterinsights_sitenote_note":"","_monsterinsights_sitenote_category":0,"_uf_show_specific_survey":0,"_uf_disable_surveys":false,"footnotes":""},"categories":[40],"tags":[],"class_list":["post-929","page","type-page","status-publish","has-post-thumbnail","hentry","category-le-prophete-muhammad-"],"aioseo_notices":[],"_links":{"self":[{"href":"https:\/\/jesus-is-muslim.net\/fr\/wp-json\/wp\/v2\/pages\/929","targetHints":{"allow":["GET"]}}],"collection":[{"href":"https:\/\/jesus-is-muslim.net\/fr\/wp-json\/wp\/v2\/pages"}],"about":[{"href":"https:\/\/jesus-is-muslim.net\/fr\/wp-json\/wp\/v2\/types\/page"}],"author":[{"embeddable":true,"href":"https:\/\/jesus-is-muslim.net\/fr\/wp-json\/wp\/v2\/users\/1"}],"replies":[{"embeddable":true,"href":"https:\/\/jesus-is-muslim.net\/fr\/wp-json\/wp\/v2\/comments?post=929"}],"version-history":[{"count":0,"href":"https:\/\/jesus-is-muslim.net\/fr\/wp-json\/wp\/v2\/pages\/929\/revisions"}],"up":[{"embeddable":true,"href":"https:\/\/jesus-is-muslim.net\/fr\/wp-json\/wp\/v2\/pages\/866"}],"wp:featuredmedia":[{"embeddable":true,"href":"https:\/\/jesus-is-muslim.net\/fr\/wp-json\/wp\/v2\/media\/1354"}],"wp:attachment":[{"href":"https:\/\/jesus-is-muslim.net\/fr\/wp-json\/wp\/v2\/media?parent=929"}],"wp:term":[{"taxonomy":"category","embeddable":true,"href":"https:\/\/jesus-is-muslim.net\/fr\/wp-json\/wp\/v2\/categories?post=929"},{"taxonomy":"post_tag","embeddable":true,"href":"https:\/\/jesus-is-muslim.net\/fr\/wp-json\/wp\/v2\/tags?post=929"}],"curies":[{"name":"wp","href":"https:\/\/api.w.org\/{rel}","templated":true}]}}